{"id":9373,"date":"2026-04-13T10:09:56","date_gmt":"2026-04-13T06:09:56","guid":{"rendered":"https:\/\/groupecaille.com\/?page_id=9373"},"modified":"2026-04-13T10:09:57","modified_gmt":"2026-04-13T06:09:57","slug":"13avr26-cap-alternance-2026-conseillerere-commercial-services-automobile-le-port-saint-pierre","status":"publish","type":"page","link":"https:\/\/groupecaille.com\/index.php\/13avr26-cap-alternance-2026-conseillerere-commercial-services-automobile-le-port-saint-pierre\/","title":{"rendered":"13Avr26-CAP ALTERNANCE 2026 \u2013 CONSEILLERERE COMMERCIAL SERVICES AUTOMOBILE \u2013 LE PORT  SAINT-PIERRE"},"content":{"rendered":"<p>[et_pb_section fb_built=\u00a0\u00bb1&Prime; _builder_version=\u00a0\u00bb4.16&Prime; _module_preset=\u00a0\u00bbdefault\u00a0\u00bb min_height=\u00a0\u00bb947.4px\u00a0\u00bb da_disable_devices=\u00a0\u00bboff|off|off\u00a0\u00bb global_colors_info=\u00a0\u00bb{}\u00a0\u00bb theme_builder_area=\u00a0\u00bbpost_content\u00a0\u00bb da_is_popup=\u00a0\u00bboff\u00a0\u00bb da_exit_intent=\u00a0\u00bboff\u00a0\u00bb da_has_close=\u00a0\u00bbon\u00a0\u00bb da_alt_close=\u00a0\u00bboff\u00a0\u00bb da_dark_close=\u00a0\u00bboff\u00a0\u00bb da_not_modal=\u00a0\u00bbon\u00a0\u00bb da_is_singular=\u00a0\u00bboff\u00a0\u00bb da_with_loader=\u00a0\u00bboff\u00a0\u00bb da_has_shadow=\u00a0\u00bbon\u00a0\u00bb][et_pb_row _builder_version=\u00a0\u00bb4.16&Prime; _module_preset=\u00a0\u00bbdefault\u00a0\u00bb background_color=\u00a0\u00bb#a4326b\u00a0\u00bb global_colors_info=\u00a0\u00bb{}\u00a0\u00bb theme_builder_area=\u00a0\u00bbpost_content\u00a0\u00bb][et_pb_column type=\u00a0\u00bb4_4&Prime; _builder_version=\u00a0\u00bb4.16&Prime; _module_preset=\u00a0\u00bbdefault\u00a0\u00bb global_colors_info=\u00a0\u00bb{}\u00a0\u00bb theme_builder_area=\u00a0\u00bbpost_content\u00a0\u00bb][et_pb_text _builder_version=\u00a0\u00bb4.20.2&Prime; _module_preset=\u00a0\u00bbdefault\u00a0\u00bb header_font=\u00a0\u00bb|||on|||||\u00a0\u00bb header_text_align=\u00a0\u00bbcenter\u00a0\u00bb header_text_color=\u00a0\u00bb#ffffff\u00a0\u00bb header_2_text_align=\u00a0\u00bbcenter\u00a0\u00bb header_2_text_color=\u00a0\u00bb#FFFFFF\u00a0\u00bb header_2_font_size=\u00a0\u00bb24px\u00a0\u00bb hover_enabled=\u00a0\u00bb0&Prime; global_colors_info=\u00a0\u00bb{}\u00a0\u00bb theme_builder_area=\u00a0\u00bbpost_content\u00a0\u00bb sticky_enabled=\u00a0\u00bb0&Prime;]<\/p>\n<div class=\"page\" title=\"Page 1\">\n<div class=\"section\">\n<div class=\"layoutArea\">\n<div class=\"column\">\n<h2>CAP ALTERNANCE 2026 \u2013 CONSEILLER(\u00c8RE) COMMERCIAL SERVICES AUTOMOBILE\u00a0<br \/><strong>LE PORT \/ SAINT-PIERRE<\/strong><\/h2>\n<\/div>\n<\/div>\n<\/div>\n<\/div>\n<p>[\/et_pb_text][\/et_pb_column][\/et_pb_row][et_pb_row column_structure=\u00a0\u00bb1_2,1_2&Prime; _builder_version=\u00a0\u00bb4.20.2&Prime; _module_preset=\u00a0\u00bbdefault\u00a0\u00bb global_colors_info=\u00a0\u00bb{}\u00a0\u00bb theme_builder_area=\u00a0\u00bbpost_content\u00a0\u00bb][et_pb_column type=\u00a0\u00bb1_2&Prime; _builder_version=\u00a0\u00bb4.20.2&Prime; _module_preset=\u00a0\u00bbdefault\u00a0\u00bb global_colors_info=\u00a0\u00bb{}\u00a0\u00bb theme_builder_area=\u00a0\u00bbpost_content\u00a0\u00bb][\/et_pb_column][et_pb_column type=\u00a0\u00bb1_2&Prime; _builder_version=\u00a0\u00bb4.20.2&Prime; _module_preset=\u00a0\u00bbdefault\u00a0\u00bb global_colors_info=\u00a0\u00bb{}\u00a0\u00bb theme_builder_area=\u00a0\u00bbpost_content\u00a0\u00bb][et_pb_image src=\u00a0\u00bbhttps:\/\/groupecaille.com\/wp-content\/uploads\/2022\/06\/Logo-Caille-Groupe-def_1.png\u00a0\u00bb title_text=\u00a0\u00bbLogo-Caille-Groupe-def_1&Prime; align=\u00a0\u00bbright\u00a0\u00bb _builder_version=\u00a0\u00bb4.20.2&Prime; _module_preset=\u00a0\u00bbdefault\u00a0\u00bb width=\u00a0\u00bb40%\u00a0\u00bb global_colors_info=\u00a0\u00bb{}\u00a0\u00bb theme_builder_area=\u00a0\u00bbpost_content\u00a0\u00bb][\/et_pb_image][\/et_pb_column][\/et_pb_row][et_pb_row _builder_version=\u00a0\u00bb4.20.2&Prime; _module_preset=\u00a0\u00bbdefault\u00a0\u00bb global_colors_info=\u00a0\u00bb{}\u00a0\u00bb theme_builder_area=\u00a0\u00bbpost_content\u00a0\u00bb][et_pb_column type=\u00a0\u00bb4_4&Prime; _builder_version=\u00a0\u00bb4.16&Prime; _module_preset=\u00a0\u00bbdefault\u00a0\u00bb global_colors_info=\u00a0\u00bb{}\u00a0\u00bb theme_builder_area=\u00a0\u00bbpost_content\u00a0\u00bb][et_pb_text _builder_version=\u00a0\u00bb4.20.2&Prime; _module_preset=\u00a0\u00bbdefault\u00a0\u00bb background_enable_image=\u00a0\u00bboff\u00a0\u00bb background_size=\u00a0\u00bbcustom\u00a0\u00bb background_image_width=\u00a0\u00bb15%\u00a0\u00bb background_position=\u00a0\u00bbtop_right\u00a0\u00bb min_height=\u00a0\u00bb509.8px\u00a0\u00bb custom_margin=\u00a0\u00bb||0px||false|false\u00a0\u00bb custom_padding=\u00a0\u00bb38px||0px||false|false\u00a0\u00bb hover_enabled=\u00a0\u00bb0&Prime; global_colors_info=\u00a0\u00bb{}\u00a0\u00bb theme_builder_area=\u00a0\u00bbpost_content\u00a0\u00bb sticky_enabled=\u00a0\u00bb0&Prime;]<\/p>\n<p class=\"p1\">La branche Automobile du Groupe Caill\u00e9 recrute des Conseillers(\u00e8res) Commerciaux(iales) Services Automobile en alternance pour les concessions de l\u2019Ouest et du Sud.<\/p>\n<p class=\"p1\">Au c\u0153ur de l\u2019activit\u00e9 atelier, vous assurez la relation entre les clients et les \u00e9quipes techniques, en garantissant un accompagnement de qualit\u00e9 tout au long du parcours v\u00e9hicule.<\/p>\n<p class=\"p1\">Nous recherchons un(e) alternant(e) rigoureux(se), organis\u00e9(e) et orient\u00e9(e) client, souhaitant d\u00e9couvrir l\u2019ensemble des missions du service apr\u00e8s-vente dans un environnement structur\u00e9, dynamique et formateur.<\/p>\n<p class=\"p2\">\n<p class=\"p1\"><span class=\"s1\">\ud83e\udde9<\/span> <b>Votre r\u00f4le au quotidien<\/b><br \/><b>Votre objectif<\/b> : assurer une prise en charge client fluide et contribuer au bon fonctionnement du service apr\u00e8s-vente.<\/p>\n<p class=\"p1\">Encadr\u00e9(e) par l\u2019\u00e9quipe atelier, vous interviendrez sur les missions suivantes :<\/p>\n<p class=\"p3\"><span class=\"Apple-tab-span\"> <\/span>\u2022<span class=\"Apple-tab-span\"> <\/span>Accueillir, conseiller et accompagner les clients d\u00e8s leur arriv\u00e9e \u00e0 l\u2019atelier<\/p>\n<p class=\"p3\"><span class=\"Apple-tab-span\"> <\/span>\u2022<span class=\"Apple-tab-span\"> <\/span>R\u00e9diger les ordres de r\u00e9paration et organiser les interventions avec les \u00e9quipes techniques<\/p>\n<p class=\"p3\"><span class=\"Apple-tab-span\"> <\/span>\u2022<span class=\"Apple-tab-span\"> <\/span>Proposer des prestations compl\u00e9mentaires adapt\u00e9es aux besoins des clients<\/p>\n<p class=\"p3\"><span class=\"Apple-tab-span\"> <\/span>\u2022<span class=\"Apple-tab-span\"> <\/span>Assurer le suivi administratif des dossiers (facturation, encaissement\u2026)<\/p>\n<p class=\"p3\"><span class=\"Apple-tab-span\"> <\/span>\u2022<span class=\"Apple-tab-span\"> <\/span>G\u00e9rer la relation avec les experts et le suivi des expertises<\/p>\n<p class=\"p3\"><span class=\"Apple-tab-span\"> <\/span>\u2022<span class=\"Apple-tab-span\"> <\/span>Traiter les r\u00e9clamations clients dans une logique de satisfaction et de fid\u00e9lisation<\/p>\n<p class=\"p3\"><span class=\"Apple-tab-span\"> <\/span>\u2022<span class=\"Apple-tab-span\"> <\/span>Participer \u00e0 la promotion des offres de service<\/p>\n<p class=\"p3\"><span class=\"Apple-tab-span\"> <\/span>\u2022<span class=\"Apple-tab-span\"> <\/span>Restituer les v\u00e9hicules en garantissant une exp\u00e9rience client de qualit\u00e9<\/p>\n<p class=\"p2\">\n<p class=\"p1\"><span class=\"s1\">\ud83c\udfaf<\/span> <b>Le profil que nous recherchons<\/b><br \/>Au-del\u00e0 de votre formation, nous recherchons avant tout une personnalit\u00e9 engag\u00e9e et fiable.<\/p>\n<p class=\"p1\">Vous \u00eates :<\/p>\n<p class=\"p3\"><span class=\"Apple-tab-span\"> <\/span>\u2022<span class=\"Apple-tab-span\"> <\/span>Attir\u00e9(e) par l\u2019univers automobile et la relation client<\/p>\n<p class=\"p3\"><span class=\"Apple-tab-span\"> <\/span>\u2022<span class=\"Apple-tab-span\"> <\/span>Rigoureux(se), organis\u00e9(e) et r\u00e9actif(ve)<\/p>\n<p class=\"p3\"><span class=\"Apple-tab-span\"> <\/span>\u2022<span class=\"Apple-tab-span\"> <\/span>Dot\u00e9(e) d\u2019un excellent sens du service et du contact<\/p>\n<p class=\"p3\"><span class=\"Apple-tab-span\"> <\/span>\u2022<span class=\"Apple-tab-span\"> <\/span>Curieux(se) et motiv\u00e9(e) \u00e0 apprendre un m\u00e9tier terrain<\/p>\n<p class=\"p3\"><span class=\"Apple-tab-span\"> <\/span>\u2022<span class=\"Apple-tab-span\"> <\/span>Capable de travailler en \u00e9quipe dans un environnement exigeant<\/p>\n<p class=\"p2\">\n<p class=\"p4\"><span class=\"s2\">\ud83d\ude80<\/span><b> Pourquoi nous rejoindre ?<\/b><\/p>\n<p class=\"p4\">Rejoindre le<b> Groupe Caill\u00e9<\/b>, c\u2019est int\u00e9grer :<\/p>\n<p class=\"p5\"><span class=\"Apple-tab-span\"> <\/span>\u2022<span class=\"Apple-tab-span\"> <\/span>Un groupe r\u00e9unionnais majeur et en pleine \u00e9volution<\/p>\n<p class=\"p5\"><span class=\"Apple-tab-span\"> <\/span>\u2022<span class=\"Apple-tab-span\"> <\/span>Une entreprise ancr\u00e9e dans le territoire et proche de ses clients<\/p>\n<p class=\"p5\"><span class=\"Apple-tab-span\"> <\/span>\u2022<span class=\"Apple-tab-span\"> <\/span>Un environnement formateur o\u00f9 les comp\u00e9tences terrain sont valoris\u00e9es<\/p>\n<p class=\"p5\"><span class=\"Apple-tab-span\"> <\/span>\u2022<span class=\"Apple-tab-span\"> <\/span>Une culture d\u2019entreprise fond\u00e9e sur le respect, la solidarit\u00e9 et le partage<\/p>\n<p class=\"p1\"><span class=\"s1\">\ud83d\udc49<\/span> Le Groupe Caill\u00e9 est un employeur garantissant l\u2019\u00e9galit\u00e9 des chances et valorisant la diversit\u00e9 au sein de ses \u00e9quipes.<\/p>\n<p>[\/et_pb_text][\/et_pb_column][\/et_pb_row][et_pb_row _builder_version=\u00a0\u00bb4.20.2&Prime; _module_preset=\u00a0\u00bbdefault\u00a0\u00bb global_colors_info=\u00a0\u00bb{}\u00a0\u00bb theme_builder_area=\u00a0\u00bbpost_content\u00a0\u00bb][et_pb_column type=\u00a0\u00bb4_4&Prime; _builder_version=\u00a0\u00bb4.20.2&Prime; _module_preset=\u00a0\u00bbdefault\u00a0\u00bb global_colors_info=\u00a0\u00bb{}\u00a0\u00bb theme_builder_area=\u00a0\u00bbpost_content\u00a0\u00bb][et_pb_text _builder_version=\u00a0\u00bb4.20.2&Prime; _module_preset=\u00a0\u00bbdefault\u00a0\u00bb header_4_text_color=\u00a0\u00bb#a4326b\u00a0\u00bb global_colors_info=\u00a0\u00bb{}\u00a0\u00bb theme_builder_area=\u00a0\u00bbpost_content\u00a0\u00bb]<\/p>\n<h4><strong>O\u00f9 veux-tu postuler ? Choisis ta ville \ud83d\udc47<\/strong><\/h4>\n<p>[\/et_pb_text][\/et_pb_column][\/et_pb_row][et_pb_row column_structure=\u00a0\u00bb1_2,1_2&Prime; _builder_version=\u00a0\u00bb4.16&Prime; _module_preset=\u00a0\u00bbdefault\u00a0\u00bb global_colors_info=\u00a0\u00bb{}\u00a0\u00bb theme_builder_area=\u00a0\u00bbpost_content\u00a0\u00bb][et_pb_column type=\u00a0\u00bb1_2&Prime; _builder_version=\u00a0\u00bb4.16&Prime; _module_preset=\u00a0\u00bbdefault\u00a0\u00bb global_colors_info=\u00a0\u00bb{}\u00a0\u00bb theme_builder_area=\u00a0\u00bbpost_content\u00a0\u00bb][et_pb_button button_url=\u00a0\u00bbmailto:job-ref-wtznnw0so9@emploi.beetween.com\u00a0\u00bb button_text=\u00a0\u00bbLe Port\u00a0\u00bb button_alignment=\u00a0\u00bbcenter\u00a0\u00bb _builder_version=\u00a0\u00bb4.20.2&Prime; _module_preset=\u00a0\u00bbdefault\u00a0\u00bb custom_button=\u00a0\u00bbon\u00a0\u00bb button_text_color=\u00a0\u00bb#ffffff\u00a0\u00bb button_bg_color=\u00a0\u00bb#a4326b\u00a0\u00bb button_border_width=\u00a0\u00bb0px\u00a0\u00bb button_icon=\u00a0\u00bb&#x6c;||divi||400&Prime; button_icon_placement=\u00a0\u00bbleft\u00a0\u00bb hover_enabled=\u00a0\u00bb0&Prime; global_colors_info=\u00a0\u00bb{}\u00a0\u00bb theme_builder_area=\u00a0\u00bbpost_content\u00a0\u00bb sticky_enabled=\u00a0\u00bb0&Prime;][\/et_pb_button][\/et_pb_column][et_pb_column type=\u00a0\u00bb1_2&Prime; _builder_version=\u00a0\u00bb4.16&Prime; _module_preset=\u00a0\u00bbdefault\u00a0\u00bb global_colors_info=\u00a0\u00bb{}\u00a0\u00bb theme_builder_area=\u00a0\u00bbpost_content\u00a0\u00bb][et_pb_button button_url=\u00a0\u00bbmailto:job-ref-23zdzyj6cs@emploi.beetween.com\u00a0\u00bb button_text=\u00a0\u00bbSaint-Pierre\u00a0\u00bb button_alignment=\u00a0\u00bbcenter\u00a0\u00bb _builder_version=\u00a0\u00bb4.20.2&Prime; _module_preset=\u00a0\u00bbdefault\u00a0\u00bb custom_button=\u00a0\u00bbon\u00a0\u00bb button_text_color=\u00a0\u00bb#ffffff\u00a0\u00bb button_bg_color=\u00a0\u00bb#a4326b\u00a0\u00bb button_border_width=\u00a0\u00bb0px\u00a0\u00bb button_icon=\u00a0\u00bb&#x6c;||divi||400&Prime; button_icon_placement=\u00a0\u00bbleft\u00a0\u00bb hover_enabled=\u00a0\u00bb0&Prime; global_colors_info=\u00a0\u00bb{}\u00a0\u00bb theme_builder_area=\u00a0\u00bbpost_content\u00a0\u00bb sticky_enabled=\u00a0\u00bb0&Prime;][\/et_pb_button][\/et_pb_column][\/et_pb_row][et_pb_row _builder_version=\u00a0\u00bb4.20.2&Prime; _module_preset=\u00a0\u00bbdefault\u00a0\u00bb global_colors_info=\u00a0\u00bb{}\u00a0\u00bb theme_builder_area=\u00a0\u00bbpost_content\u00a0\u00bb][et_pb_column type=\u00a0\u00bb4_4&Prime; _builder_version=\u00a0\u00bb4.20.2&Prime; _module_preset=\u00a0\u00bbdefault\u00a0\u00bb global_colors_info=\u00a0\u00bb{}\u00a0\u00bb theme_builder_area=\u00a0\u00bbpost_content\u00a0\u00bb][et_pb_divider _builder_version=\u00a0\u00bb4.20.2&Prime; _module_preset=\u00a0\u00bbdefault\u00a0\u00bb global_colors_info=\u00a0\u00bb{}\u00a0\u00bb theme_builder_area=\u00a0\u00bbpost_content\u00a0\u00bb][\/et_pb_divider][\/et_pb_column][\/et_pb_row][et_pb_row _builder_version=\u00a0\u00bb4.16&Prime; _module_preset=\u00a0\u00bbdefault\u00a0\u00bb global_colors_info=\u00a0\u00bb{}\u00a0\u00bb theme_builder_area=\u00a0\u00bbpost_content\u00a0\u00bb][et_pb_column type=\u00a0\u00bb4_4&Prime; _builder_version=\u00a0\u00bb4.16&Prime; _module_preset=\u00a0\u00bbdefault\u00a0\u00bb global_colors_info=\u00a0\u00bb{}\u00a0\u00bb theme_builder_area=\u00a0\u00bbpost_content\u00a0\u00bb][et_pb_button button_url=\u00a0\u00bb@ET-DC@eyJkeW5hbWljIjp0cnVlLCJjb250ZW50IjoicG9zdF9saW5rX3VybF9wYWdlIiwic2V0dGluZ3MiOnsicG9zdF9pZCI6IjExMTkifX0=@\u00a0\u00bb button_text=\u00a0\u00bbRETOUR AUX OFFRES\u00a0\u00bb _builder_version=\u00a0\u00bb4.16&Prime; _dynamic_attributes=\u00a0\u00bbbutton_url\u00a0\u00bb _module_preset=\u00a0\u00bbdefault\u00a0\u00bb custom_button=\u00a0\u00bbon\u00a0\u00bb button_text_color=\u00a0\u00bb#ffffff\u00a0\u00bb button_bg_color=\u00a0\u00bb#a4326b\u00a0\u00bb button_border_width=\u00a0\u00bb0px\u00a0\u00bb button_icon=\u00a0\u00bb&#x34;||divi||400&Prime; button_icon_placement=\u00a0\u00bbleft\u00a0\u00bb global_colors_info=\u00a0\u00bb{}\u00a0\u00bb theme_builder_area=\u00a0\u00bbpost_content\u00a0\u00bb][\/et_pb_button][\/et_pb_column][\/et_pb_row][\/et_pb_section]<\/p>\n","protected":false},"excerpt":{"rendered":"<p>CAP ALTERNANCE 2026 \u2013 CONSEILLER(\u00c8RE) COMMERCIAL SERVICES AUTOMOBILE\u00a0LE PORT \/ SAINT-PIERRE La branche Automobile du Groupe Caill\u00e9 recrute des Conseillers(\u00e8res) Commerciaux(iales) Services Automobile en alternance pour les concessions de l\u2019Ouest et du Sud. Au c\u0153ur de l\u2019activit\u00e9 atelier, vous assurez la relation entre les clients et les \u00e9quipes techniques, en garantissant un accompagnement de qualit\u00e9 [&hellip;]<\/p>\n","protected":false},"author":21,"featured_media":0,"parent":0,"menu_order":0,"comment_status":"closed","ping_status":"closed","template":"","meta":{"_et_pb_use_builder":"on","_et_pb_old_content":"","_et_gb_content_width":""},"_links":{"self":[{"href":"https:\/\/groupecaille.com\/index.php\/wp-json\/wp\/v2\/pages\/9373"}],"collection":[{"href":"https:\/\/groupecaille.com\/index.php\/wp-json\/wp\/v2\/pages"}],"about":[{"href":"https:\/\/groupecaille.com\/index.php\/wp-json\/wp\/v2\/types\/page"}],"author":[{"embeddable":true,"href":"https:\/\/groupecaille.com\/index.php\/wp-json\/wp\/v2\/users\/21"}],"replies":[{"embeddable":true,"href":"https:\/\/groupecaille.com\/index.php\/wp-json\/wp\/v2\/comments?post=9373"}],"version-history":[{"count":2,"href":"https:\/\/groupecaille.com\/index.php\/wp-json\/wp\/v2\/pages\/9373\/revisions"}],"predecessor-version":[{"id":9375,"href":"https:\/\/groupecaille.com\/index.php\/wp-json\/wp\/v2\/pages\/9373\/revisions\/9375"}],"wp:attachment":[{"href":"https:\/\/groupecaille.com\/index.php\/wp-json\/wp\/v2\/media?parent=9373"}],"curies":[{"name":"wp","href":"https:\/\/api.w.org\/{rel}","templated":true}]}}