{"id":9339,"date":"2026-04-09T09:05:08","date_gmt":"2026-04-09T05:05:08","guid":{"rendered":"https:\/\/groupecaille.com\/?page_id=9339"},"modified":"2026-04-09T09:05:08","modified_gmt":"2026-04-09T05:05:08","slug":"09avr26-echnicienne-exploitation-informatique-cdd-caille-grande-distribution","status":"publish","type":"page","link":"https:\/\/groupecaille.com\/index.php\/09avr26-echnicienne-exploitation-informatique-cdd-caille-grande-distribution\/","title":{"rendered":"09Avr26-ECHNICIENNE EXPLOITATION INFORMATIQUE CDD\u00a0-CAILLE GRANDE DISTRIBUTION"},"content":{"rendered":"<p>[et_pb_section fb_built=\u00a0\u00bb1&Prime; _builder_version=\u00a0\u00bb4.16&Prime; _module_preset=\u00a0\u00bbdefault\u00a0\u00bb min_height=\u00a0\u00bb947.4px\u00a0\u00bb da_disable_devices=\u00a0\u00bboff|off|off\u00a0\u00bb global_colors_info=\u00a0\u00bb{}\u00a0\u00bb theme_builder_area=\u00a0\u00bbpost_content\u00a0\u00bb da_is_popup=\u00a0\u00bboff\u00a0\u00bb da_exit_intent=\u00a0\u00bboff\u00a0\u00bb da_has_close=\u00a0\u00bbon\u00a0\u00bb da_alt_close=\u00a0\u00bboff\u00a0\u00bb da_dark_close=\u00a0\u00bboff\u00a0\u00bb da_not_modal=\u00a0\u00bbon\u00a0\u00bb da_is_singular=\u00a0\u00bboff\u00a0\u00bb da_with_loader=\u00a0\u00bboff\u00a0\u00bb da_has_shadow=\u00a0\u00bbon\u00a0\u00bb][et_pb_row _builder_version=\u00a0\u00bb4.16&Prime; _module_preset=\u00a0\u00bbdefault\u00a0\u00bb background_color=\u00a0\u00bb#a4326b\u00a0\u00bb global_colors_info=\u00a0\u00bb{}\u00a0\u00bb theme_builder_area=\u00a0\u00bbpost_content\u00a0\u00bb][et_pb_column type=\u00a0\u00bb4_4&Prime; _builder_version=\u00a0\u00bb4.16&Prime; _module_preset=\u00a0\u00bbdefault\u00a0\u00bb global_colors_info=\u00a0\u00bb{}\u00a0\u00bb theme_builder_area=\u00a0\u00bbpost_content\u00a0\u00bb][et_pb_text _builder_version=\u00a0\u00bb4.20.2&Prime; _module_preset=\u00a0\u00bbdefault\u00a0\u00bb header_font=\u00a0\u00bb|||on|||||\u00a0\u00bb header_text_align=\u00a0\u00bbcenter\u00a0\u00bb header_text_color=\u00a0\u00bb#ffffff\u00a0\u00bb header_2_text_align=\u00a0\u00bbcenter\u00a0\u00bb header_2_text_color=\u00a0\u00bb#FFFFFF\u00a0\u00bb header_2_font_size=\u00a0\u00bb24px\u00a0\u00bb hover_enabled=\u00a0\u00bb0&Prime; global_colors_info=\u00a0\u00bb{}\u00a0\u00bb theme_builder_area=\u00a0\u00bbpost_content\u00a0\u00bb sticky_enabled=\u00a0\u00bb0&Prime;]<\/p>\n<div class=\"page\" title=\"Page 1\">\n<div class=\"section\">\n<div class=\"layoutArea\">\n<div class=\"column\">\n<h2><b>TECHNICIEN.NE EXPLOITATION INFORMATIQUE (CDD)<br \/><\/b>CAILLE GRANDE DISTRIBUTION<\/h2>\n<\/div>\n<\/div>\n<\/div>\n<\/div>\n<p>[\/et_pb_text][\/et_pb_column][\/et_pb_row][et_pb_row column_structure=\u00a0\u00bb1_2,1_2&Prime; _builder_version=\u00a0\u00bb4.20.2&Prime; _module_preset=\u00a0\u00bbdefault\u00a0\u00bb global_colors_info=\u00a0\u00bb{}\u00a0\u00bb theme_builder_area=\u00a0\u00bbpost_content\u00a0\u00bb][et_pb_column type=\u00a0\u00bb1_2&Prime; _builder_version=\u00a0\u00bb4.20.2&Prime; _module_preset=\u00a0\u00bbdefault\u00a0\u00bb global_colors_info=\u00a0\u00bb{}\u00a0\u00bb theme_builder_area=\u00a0\u00bbpost_content\u00a0\u00bb][\/et_pb_column][et_pb_column type=\u00a0\u00bb1_2&Prime; _builder_version=\u00a0\u00bb4.20.2&Prime; _module_preset=\u00a0\u00bbdefault\u00a0\u00bb global_colors_info=\u00a0\u00bb{}\u00a0\u00bb theme_builder_area=\u00a0\u00bbpost_content\u00a0\u00bb][\/et_pb_column][\/et_pb_row][et_pb_row _builder_version=\u00a0\u00bb4.20.2&Prime; _module_preset=\u00a0\u00bbdefault\u00a0\u00bb global_colors_info=\u00a0\u00bb{}\u00a0\u00bb theme_builder_area=\u00a0\u00bbpost_content\u00a0\u00bb][et_pb_column type=\u00a0\u00bb4_4&Prime; _builder_version=\u00a0\u00bb4.16&Prime; _module_preset=\u00a0\u00bbdefault\u00a0\u00bb global_colors_info=\u00a0\u00bb{}\u00a0\u00bb theme_builder_area=\u00a0\u00bbpost_content\u00a0\u00bb][et_pb_text _builder_version=\u00a0\u00bb4.20.2&Prime; _module_preset=\u00a0\u00bbdefault\u00a0\u00bb background_enable_image=\u00a0\u00bboff\u00a0\u00bb background_size=\u00a0\u00bbcustom\u00a0\u00bb background_image_width=\u00a0\u00bb15%\u00a0\u00bb background_position=\u00a0\u00bbtop_right\u00a0\u00bb min_height=\u00a0\u00bb509.8px\u00a0\u00bb custom_margin=\u00a0\u00bb||0px||false|false\u00a0\u00bb custom_padding=\u00a0\u00bb38px||0px||false|false\u00a0\u00bb hover_enabled=\u00a0\u00bb0&Prime; global_colors_info=\u00a0\u00bb{}\u00a0\u00bb theme_builder_area=\u00a0\u00bbpost_content\u00a0\u00bb sticky_enabled=\u00a0\u00bb0&Prime;]<\/p>\n<p class=\"p1\"><span class=\"s1\">Le Groupe Caill\u00e9 recrute un(e)\u00a0<\/span><span class=\"s2\"><b>Technicien(ne) Exploitation Informatique (CDD 6 mois)\u00a0<\/b><\/span><span class=\"s1\">pour sa branche Grande Distribution.<\/span><\/p>\n<p class=\"p2\"><span class=\"s1\"><\/span><\/p>\n<p class=\"p1\"><span class=\"s1\">Au sein de la Direction Organisation et Informatique, nous assurons le bon fonctionnement et l\u2019\u00e9volution du syst\u00e8me d\u2019information pour l\u2019ensemble de nos activit\u00e9s. Fiabilit\u00e9, performance et continuit\u00e9 de service sont au c\u0153ur de nos priorit\u00e9s.<\/span><\/p>\n<p class=\"p2\"><span class=\"s1\"><\/span><\/p>\n<p class=\"p1\"><span class=\"s1\">Dans ce cadre, nous recherchons un(e) Technicien(ne) Exploitation Informatique rigoureux(se), structur\u00e9(e) et orient\u00e9(e) am\u00e9lioration continue, capable de contribuer activement \u00e0 l\u2019optimisation de notre SI.<\/span><\/p>\n<p class=\"p2\"><span class=\"s1\"><\/span><\/p>\n<p class=\"p3\"><span class=\"s1\"><b>Votre mission principale ?<\/b><\/span><\/p>\n<p class=\"p2\"><span class=\"s1\"><\/span><\/p>\n<p class=\"p1\"><span class=\"s1\">En contribuant \u00e0 la performance et \u00e0 la fiabilit\u00e9 du syst\u00e8me d\u2019information, il vous appartiendra de :<\/span><\/p>\n<p class=\"p2\"><span class=\"s1\"><\/span><\/p>\n<ul class=\"ul1\">\n<li class=\"li1\"><span class=\"s1\">Participer \u00e0 la mise en place et au d\u00e9veloppement des outils de back office<\/span><\/li>\n<li class=\"li1\"><span class=\"s1\">Assurer l\u2019administration et la gestion des bases de donn\u00e9es<\/span><\/li>\n<li class=\"li1\"><span class=\"s1\">Veiller au bon fonctionnement des syst\u00e8mes et garantir leur disponibilit\u00e9<\/span><\/li>\n<li class=\"li1\"><span class=\"s1\">Intervenir en support aupr\u00e8s des utilisateurs et accompagner les \u00e9quipes au quotidien<\/span><\/li>\n<li class=\"li1\"><span class=\"s1\">Assurer la maintenance informatique et le suivi des incidents techniques<\/span><\/li>\n<li class=\"li1\"><span class=\"s1\">Contribuer \u00e0 l\u2019optimisation continue du syst\u00e8me d\u2019information<br \/><\/span><\/li>\n<\/ul>\n<p class=\"p2\"><span class=\"s1\"><\/span><\/p>\n<p class=\"p2\"><span class=\"s1\"><\/span><\/p>\n<p class=\"p3\"><span class=\"s1\"><b>Le profil que nous recherchons :<\/b><\/span><\/p>\n<p class=\"p2\"><span class=\"s1\"><\/span><\/p>\n<ul class=\"ul1\">\n<li class=\"li1\"><span class=\"s1\">Dipl\u00f4m\u00e9(e) d\u2019un Bac+2 (BTS ou DUT) en informatique, vous disposez de bases solides en exploitation SI.<\/span><\/li>\n<li class=\"li1\"><span class=\"s1\">Vous ma\u00eetrisez les environnements syst\u00e8mes et r\u00e9seaux, ainsi que les bases de donn\u00e9es (Oracle, SQL Server\u2026).<\/span><\/li>\n<li class=\"li1\"><span class=\"s1\">Des connaissances en scripting (Shell) et une compr\u00e9hension des environnements Grande Distribution sont appr\u00e9ci\u00e9es.<\/span><\/li>\n<li class=\"li1\"><span class=\"s1\">Rigoureux(se), organis\u00e9(e) et fiable, vous avez le sens du service, un bon relationnel et \u00eates force de proposition.<\/span><\/li>\n<\/ul>\n<p class=\"p2\"><span class=\"s1\"><\/span><\/p>\n<p class=\"p2\"><span class=\"s1\"><\/span><\/p>\n<p class=\"p3\"><span class=\"s1\"><b>Pourquoi nous rejoindre ?<\/b><\/span><\/p>\n<p class=\"p2\"><span class=\"s1\"><\/span><\/p>\n<p class=\"p3\"><span class=\"s3\">Int\u00e9grer\u00a0<\/span><span class=\"s1\"><b>le Groupe Caill\u00e9<\/b><\/span><span class=\"s3\">, c\u2019est rejoindre\u00a0<\/span><span class=\"s1\"><b>un acteur majeur de l\u2019\u00e9conomie r\u00e9unionnaise<\/b><\/span><span class=\"s3\">, solidement ancr\u00e9 dans des secteurs vari\u00e9s :\u00a0<\/span><span class=\"s1\"><b>l\u2019automobile<\/b><\/span><span class=\"s3\">,\u00a0<\/span><span class=\"s1\"><b>la grande distribution<\/b><\/span><span class=\"s3\">, et\u00a0<\/span><span class=\"s1\"><b>la restauration<\/b><\/span><span class=\"s3\">.<\/span><\/p>\n<p class=\"p1\"><span class=\"s1\">Un groupe reconnu pour son dynamisme, ses valeurs humaines et sa volont\u00e9 d\u2019offrir \u00e0 chacun un environnement de travail stimulant et \u00e9volutif.<\/span><\/p>\n<p class=\"p1\"><span class=\"s1\">Le Groupe Caill\u00e9 est un employeur garantissant l\u2019\u00e9galit\u00e9 des chances et valorisant la diversit\u00e9 au sein de ses \u00e9quipes.<\/span><\/p>\n<p>[\/et_pb_text][\/et_pb_column][\/et_pb_row][et_pb_row _builder_version=\u00a0\u00bb4.16&Prime; _module_preset=\u00a0\u00bbdefault\u00a0\u00bb global_colors_info=\u00a0\u00bb{}\u00a0\u00bb theme_builder_area=\u00a0\u00bbpost_content\u00a0\u00bb][et_pb_column type=\u00a0\u00bb4_4&Prime; _builder_version=\u00a0\u00bb4.16&Prime; _module_preset=\u00a0\u00bbdefault\u00a0\u00bb global_colors_info=\u00a0\u00bb{}\u00a0\u00bb theme_builder_area=\u00a0\u00bbpost_content\u00a0\u00bb][et_pb_button button_url=\u00a0\u00bbmailto:job-ref-7omm6axlxr@emploi.beetween.com\u00a0\u00bb button_text=\u00a0\u00bbPOSTULEZ ICI\u00a0\u00bb _builder_version=\u00a0\u00bb4.20.2&Prime; _module_preset=\u00a0\u00bbdefault\u00a0\u00bb custom_button=\u00a0\u00bbon\u00a0\u00bb button_text_color=\u00a0\u00bb#ffffff\u00a0\u00bb button_bg_color=\u00a0\u00bb#a4326b\u00a0\u00bb button_border_width=\u00a0\u00bb0px\u00a0\u00bb button_icon=\u00a0\u00bb&#x6c;||divi||400&Prime; button_icon_placement=\u00a0\u00bbleft\u00a0\u00bb hover_enabled=\u00a0\u00bb0&Prime; global_colors_info=\u00a0\u00bb{}\u00a0\u00bb theme_builder_area=\u00a0\u00bbpost_content\u00a0\u00bb sticky_enabled=\u00a0\u00bb0&Prime;][\/et_pb_button][\/et_pb_column][\/et_pb_row][et_pb_row _builder_version=\u00a0\u00bb4.16&Prime; _module_preset=\u00a0\u00bbdefault\u00a0\u00bb global_colors_info=\u00a0\u00bb{}\u00a0\u00bb theme_builder_area=\u00a0\u00bbpost_content\u00a0\u00bb][et_pb_column type=\u00a0\u00bb4_4&Prime; _builder_version=\u00a0\u00bb4.16&Prime; _module_preset=\u00a0\u00bbdefault\u00a0\u00bb global_colors_info=\u00a0\u00bb{}\u00a0\u00bb theme_builder_area=\u00a0\u00bbpost_content\u00a0\u00bb][et_pb_button button_url=\u00a0\u00bb@ET-DC@eyJkeW5hbWljIjp0cnVlLCJjb250ZW50IjoicG9zdF9saW5rX3VybF9wYWdlIiwic2V0dGluZ3MiOnsicG9zdF9pZCI6IjExMTkifX0=@\u00a0\u00bb button_text=\u00a0\u00bbRETOUR AUX OFFRES\u00a0\u00bb _builder_version=\u00a0\u00bb4.16&Prime; _dynamic_attributes=\u00a0\u00bbbutton_url\u00a0\u00bb _module_preset=\u00a0\u00bbdefault\u00a0\u00bb custom_button=\u00a0\u00bbon\u00a0\u00bb button_text_color=\u00a0\u00bb#ffffff\u00a0\u00bb button_bg_color=\u00a0\u00bb#a4326b\u00a0\u00bb button_border_width=\u00a0\u00bb0px\u00a0\u00bb button_icon=\u00a0\u00bb&#x34;||divi||400&Prime; button_icon_placement=\u00a0\u00bbleft\u00a0\u00bb global_colors_info=\u00a0\u00bb{}\u00a0\u00bb theme_builder_area=\u00a0\u00bbpost_content\u00a0\u00bb][\/et_pb_button][\/et_pb_column][\/et_pb_row][\/et_pb_section]<\/p>\n","protected":false},"excerpt":{"rendered":"<p>TECHNICIEN.NE EXPLOITATION INFORMATIQUE (CDD)CAILLE GRANDE DISTRIBUTION Le Groupe Caill\u00e9 recrute un(e)\u00a0Technicien(ne) Exploitation Informatique (CDD 6 mois)\u00a0pour sa branche Grande Distribution. Au sein de la Direction Organisation et Informatique, nous assurons le bon fonctionnement et l\u2019\u00e9volution du syst\u00e8me d\u2019information pour l\u2019ensemble de nos activit\u00e9s. Fiabilit\u00e9, performance et continuit\u00e9 de service sont au c\u0153ur de nos priorit\u00e9s. [&hellip;]<\/p>\n","protected":false},"author":21,"featured_media":0,"parent":0,"menu_order":0,"comment_status":"closed","ping_status":"closed","template":"","meta":{"_et_pb_use_builder":"on","_et_pb_old_content":"","_et_gb_content_width":""},"_links":{"self":[{"href":"https:\/\/groupecaille.com\/index.php\/wp-json\/wp\/v2\/pages\/9339"}],"collection":[{"href":"https:\/\/groupecaille.com\/index.php\/wp-json\/wp\/v2\/pages"}],"about":[{"href":"https:\/\/groupecaille.com\/index.php\/wp-json\/wp\/v2\/types\/page"}],"author":[{"embeddable":true,"href":"https:\/\/groupecaille.com\/index.php\/wp-json\/wp\/v2\/users\/21"}],"replies":[{"embeddable":true,"href":"https:\/\/groupecaille.com\/index.php\/wp-json\/wp\/v2\/comments?post=9339"}],"version-history":[{"count":2,"href":"https:\/\/groupecaille.com\/index.php\/wp-json\/wp\/v2\/pages\/9339\/revisions"}],"predecessor-version":[{"id":9341,"href":"https:\/\/groupecaille.com\/index.php\/wp-json\/wp\/v2\/pages\/9339\/revisions\/9341"}],"wp:attachment":[{"href":"https:\/\/groupecaille.com\/index.php\/wp-json\/wp\/v2\/media?parent=9339"}],"curies":[{"name":"wp","href":"https:\/\/api.w.org\/{rel}","templated":true}]}}