{"id":9331,"date":"2026-04-09T08:59:49","date_gmt":"2026-04-09T04:59:49","guid":{"rendered":"https:\/\/groupecaille.com\/?page_id=9331"},"modified":"2026-04-09T09:01:26","modified_gmt":"2026-04-09T05:01:26","slug":"09avr26-caissiere-gondoliere-leader-price-tampon","status":"publish","type":"page","link":"https:\/\/groupecaille.com\/index.php\/09avr26-caissiere-gondoliere-leader-price-tampon\/","title":{"rendered":"09Avr26-CAISSIERE GONDOLIERE\u00a0 &#8211; LEADER PRICE TAMPON"},"content":{"rendered":"<p>[et_pb_section fb_built=\u00a0\u00bb1&Prime; _builder_version=\u00a0\u00bb4.16&Prime; _module_preset=\u00a0\u00bbdefault\u00a0\u00bb min_height=\u00a0\u00bb947.4px\u00a0\u00bb da_disable_devices=\u00a0\u00bboff|off|off\u00a0\u00bb global_colors_info=\u00a0\u00bb{}\u00a0\u00bb da_is_popup=\u00a0\u00bboff\u00a0\u00bb da_exit_intent=\u00a0\u00bboff\u00a0\u00bb da_has_close=\u00a0\u00bbon\u00a0\u00bb da_alt_close=\u00a0\u00bboff\u00a0\u00bb da_dark_close=\u00a0\u00bboff\u00a0\u00bb da_not_modal=\u00a0\u00bbon\u00a0\u00bb da_is_singular=\u00a0\u00bboff\u00a0\u00bb da_with_loader=\u00a0\u00bboff\u00a0\u00bb da_has_shadow=\u00a0\u00bbon\u00a0\u00bb][et_pb_row _builder_version=\u00a0\u00bb4.16&Prime; _module_preset=\u00a0\u00bbdefault\u00a0\u00bb background_color=\u00a0\u00bb#a4326b\u00a0\u00bb global_colors_info=\u00a0\u00bb{}\u00a0\u00bb][et_pb_column type=\u00a0\u00bb4_4&Prime; _builder_version=\u00a0\u00bb4.16&Prime; _module_preset=\u00a0\u00bbdefault\u00a0\u00bb global_colors_info=\u00a0\u00bb{}\u00a0\u00bb][et_pb_text _builder_version=\u00a0\u00bb4.20.2&Prime; _module_preset=\u00a0\u00bbdefault\u00a0\u00bb header_font=\u00a0\u00bb|||on|||||\u00a0\u00bb header_text_align=\u00a0\u00bbcenter\u00a0\u00bb header_text_color=\u00a0\u00bb#ffffff\u00a0\u00bb header_2_text_align=\u00a0\u00bbcenter\u00a0\u00bb header_2_text_color=\u00a0\u00bb#FFFFFF\u00a0\u00bb header_2_font_size=\u00a0\u00bb24px\u00a0\u00bb global_colors_info=\u00a0\u00bb{}\u00a0\u00bb]<\/p>\n<div class=\"page\" title=\"Page 1\">\n<div class=\"section\">\n<div class=\"layoutArea\">\n<div class=\"column\">\n<h2><b>CAISSIER.E GONDOLIER.E\u00a0 <\/b><\/h2>\n<h2>\u00a0LEADER PRICE TAMPON<\/h2>\n<\/div>\n<\/div>\n<\/div>\n<\/div>\n<p>[\/et_pb_text][\/et_pb_column][\/et_pb_row][et_pb_row column_structure=\u00a0\u00bb1_2,1_2&Prime; _builder_version=\u00a0\u00bb4.20.2&Prime; _module_preset=\u00a0\u00bbdefault\u00a0\u00bb global_colors_info=\u00a0\u00bb{}\u00a0\u00bb][et_pb_column type=\u00a0\u00bb1_2&Prime; _builder_version=\u00a0\u00bb4.20.2&Prime; _module_preset=\u00a0\u00bbdefault\u00a0\u00bb global_colors_info=\u00a0\u00bb{}\u00a0\u00bb][\/et_pb_column][et_pb_column type=\u00a0\u00bb1_2&Prime; _builder_version=\u00a0\u00bb4.20.2&Prime; _module_preset=\u00a0\u00bbdefault\u00a0\u00bb global_colors_info=\u00a0\u00bb{}\u00a0\u00bb][et_pb_image src=\u00a0\u00bbhttps:\/\/groupecaille.com\/wp-content\/uploads\/2025\/07\/logolp.png\u00a0\u00bb title_text=\u00a0\u00bblogolp\u00a0\u00bb align=\u00a0\u00bbright\u00a0\u00bb _builder_version=\u00a0\u00bb4.20.2&Prime; _module_preset=\u00a0\u00bbdefault\u00a0\u00bb width=\u00a0\u00bb21%\u00a0\u00bb hover_enabled=\u00a0\u00bb0&Prime; global_colors_info=\u00a0\u00bb{}\u00a0\u00bb sticky_enabled=\u00a0\u00bb0&Prime;][\/et_pb_image][\/et_pb_column][\/et_pb_row][et_pb_row _builder_version=\u00a0\u00bb4.20.2&Prime; _module_preset=\u00a0\u00bbdefault\u00a0\u00bb global_colors_info=\u00a0\u00bb{}\u00a0\u00bb][et_pb_column type=\u00a0\u00bb4_4&Prime; _builder_version=\u00a0\u00bb4.16&Prime; _module_preset=\u00a0\u00bbdefault\u00a0\u00bb global_colors_info=\u00a0\u00bb{}\u00a0\u00bb][et_pb_text _builder_version=\u00a0\u00bb4.20.2&Prime; _module_preset=\u00a0\u00bbdefault\u00a0\u00bb background_enable_image=\u00a0\u00bboff\u00a0\u00bb background_size=\u00a0\u00bbcustom\u00a0\u00bb background_image_width=\u00a0\u00bb15%\u00a0\u00bb background_position=\u00a0\u00bbtop_right\u00a0\u00bb min_height=\u00a0\u00bb509.8px\u00a0\u00bb custom_margin=\u00a0\u00bb||0px||false|false\u00a0\u00bb custom_padding=\u00a0\u00bb38px||0px||false|false\u00a0\u00bb global_colors_info=\u00a0\u00bb{}\u00a0\u00bb]<\/p>\n<p class=\"p1\"><span class=\"s1\">La branche\u00a0<\/span><span class=\"s2\"><b>Grande Distribution<\/b><\/span><span class=\"s1\">\u00a0du Groupe Caill\u00e9 recrute\u00a0<\/span><span class=\"s2\"><b>un(e) Caissier(\u00e8re) Gondolier(\u00e8re)<\/b><\/span><span class=\"s1\">\u00a0pour son supermarch\u00e9 Leader Price Le Tampon.<\/span><\/p>\n<p class=\"p2\"><span class=\"s1\"><\/span><\/p>\n<p class=\"p3\"><span class=\"s1\">Chez\u00a0<\/span><span class=\"s2\"><b>Leader Price<\/b><\/span><span class=\"s1\">, nous pla\u00e7ons la satisfaction client au c\u0153ur de nos priorit\u00e9s.<\/span><\/p>\n<p class=\"p3\"><span class=\"s1\">En tant que\u00a0<\/span><span class=\"s2\"><b>Caissier(\u00e8re) Gondolier(\u00e8re)<\/b><\/span><span class=\"s1\">, vous jouez un r\u00f4le essentiel en magasin : vous \u00eates \u00e0 la fois l\u2019ambassadeur de l\u2019accueil, le garant d\u2019un passage en caisse fluide, et un acteur cl\u00e9 de la bonne tenue des rayons.<\/span><\/p>\n<p class=\"p4\"><span class=\"s1\"><\/span><\/p>\n<p class=\"p5\"><span class=\"s1\"><b>Votre mission principale ?<\/b><\/span><\/p>\n<p class=\"p4\"><span class=\"s1\"><\/span><\/p>\n<p class=\"p3\"><span class=\"s1\">Offrir \u00e0 nos clients une exp\u00e9rience d\u2019achat agr\u00e9able, fluide et efficace, tout en assurant le bon d\u00e9roulement des op\u00e9rations de caisse et la qualit\u00e9 de pr\u00e9sentation de votre rayon.<\/span><\/p>\n<p class=\"p4\"><span class=\"s1\"><\/span><\/p>\n<p class=\"p3\"><span class=\"s1\">Au-del\u00e0 de vos missions classiques en caisse ou en mise en rayon, vous interviendrez notamment sur :<\/span><\/p>\n<p class=\"p4\"><span class=\"s1\"><\/span><\/p>\n<ul class=\"ul1\">\n<li class=\"li3\"><span class=\"s1\">L\u2019accueil client chaleureux et les conseils personnalis\u00e9s,<\/span><\/li>\n<li class=\"li3\"><span class=\"s1\">Une mise en rayon rigoureuse et le respect des dates limites de consommation,<\/span><\/li>\n<li class=\"li3\"><span class=\"s1\">Le balisage clair et la qualit\u00e9 de pr\u00e9sentation des produits,<\/span><\/li>\n<li class=\"li3\"><span class=\"s1\">La propret\u00e9 et l\u2019organisation de votre espace de travail,<\/span><\/li>\n<li class=\"li3\"><span class=\"s1\">Un encaissement fiable, rapide et conforme aux proc\u00e9dures,<\/span><\/li>\n<li class=\"li3\"><span class=\"s1\">La promotion des services Leader Price (carte de fid\u00e9lit\u00e9, offres du moment\u2026).<\/span><\/li>\n<\/ul>\n<p class=\"p6\"><span class=\"s1\"><b><\/b><\/span><\/p>\n<p class=\"p5\"><span class=\"s1\"><b>Le profil que nous recherchons :<\/b><\/span><\/p>\n<p class=\"p4\"><span class=\"s1\"><\/span><\/p>\n<p class=\"p3\"><span class=\"s1\">Professionnel(le) du commerce de proximit\u00e9 ou passionn\u00e9(e) par la grande distribution, vous aimez le contact client, le travail en magasin et les missions vari\u00e9es entre caisse et mise en rayon.<\/span><\/p>\n<p class=\"p3\"><span class=\"s1\">Vous vous distinguerez par\u00a0:<\/span><\/p>\n<ul class=\"ul1\">\n<li class=\"li3\"><span class=\"s1\">Votre rigueur, votre sens de l\u2019organisation et votre fiabilit\u00e9,<\/span><\/li>\n<li class=\"li3\"><span class=\"s1\">Votre sourire, votre aisance relationnelle et votre go\u00fbt du contact client,<\/span><\/li>\n<li class=\"li3\"><span class=\"s1\">Votre esprit d\u2019\u00e9quipe et votre capacit\u00e9 \u00e0 travailler dans un environnement dynamique,<\/span><\/li>\n<li class=\"li3\"><span class=\"s1\">Votre implication, votre r\u00e9activit\u00e9 et votre capacit\u00e9 \u00e0 vous adapter rapidement aux besoins du magasin.<\/span><\/li>\n<\/ul>\n<p class=\"p3\"><span class=\"s1\">Une premi\u00e8re exp\u00e9rience en caisse ou en mise en rayon, ainsi que des connaissances en hygi\u00e8ne alimentaire ou manipulation de produits, seront un plus appr\u00e9ci\u00e9.<\/span><\/p>\n<p class=\"p4\"><span class=\"s1\"><\/span><\/p>\n<p class=\"p5\"><span class=\"s1\"><b>Pourquoi nous rejoindre ?<\/b><\/span><\/p>\n<p class=\"p4\"><span class=\"s1\"><\/span><\/p>\n<p class=\"p5\"><span class=\"s3\">Int\u00e9grer\u00a0<\/span><span class=\"s1\"><b>le Groupe Caill\u00e9<\/b><\/span><span class=\"s3\">, c\u2019est rejoindre\u00a0<\/span><span class=\"s1\"><b>un acteur majeur de l\u2019\u00e9conomie r\u00e9unionnaise<\/b><\/span><span class=\"s3\">, solidement ancr\u00e9 dans des secteurs vari\u00e9s :\u00a0<\/span><span class=\"s1\"><b>l\u2019automobile<\/b><\/span><span class=\"s3\">,\u00a0<\/span><span class=\"s1\"><b>la grande distribution<\/b><\/span><span class=\"s3\">, et\u00a0<\/span><span class=\"s1\"><b>la restauration<\/b><\/span><span class=\"s3\">.<\/span><\/p>\n<p class=\"p3\"><span class=\"s1\">Un groupe reconnu pour son dynamisme, ses valeurs humaines et sa volont\u00e9 d\u2019offrir \u00e0 chacun un environnement de travail stimulant et \u00e9volutif.<\/span><\/p>\n<p class=\"p3\"><span class=\"s1\">Le Groupe Caill\u00e9 est un employeur garantissant l\u2019\u00e9galit\u00e9 des chances et valorisant la diversit\u00e9 au sein de ses \u00e9quipes.<\/span><\/p>\n<p class=\"p4\"><span class=\"s1\"><\/span><\/p>\n<p class=\"p5\"><span class=\"s1\"><b>Ce que nous vous offrons :<\/b><\/span><\/p>\n<p class=\"p4\"><span class=\"s1\"><\/span><\/p>\n<ul class=\"ul1\">\n<li class=\"li3\"><span class=\"s1\">Un package d\u2019avantages collectifs complet, comprenant un\u00a013\u1d49 mois, des\u00a0titres-restaurant, un bon d\u2019achat en fin d\u2019ann\u00e9e, etc.<\/span><\/li>\n<li class=\"li3\"><span class=\"s1\">Un environnement professionnel\u00a0stimulant\u00a0et\u00a0s\u00e9curis\u00e9<\/span><\/li>\n<\/ul>\n<p>[\/et_pb_text][\/et_pb_column][\/et_pb_row][et_pb_row _builder_version=\u00a0\u00bb4.16&Prime; _module_preset=\u00a0\u00bbdefault\u00a0\u00bb global_colors_info=\u00a0\u00bb{}\u00a0\u00bb][et_pb_column type=\u00a0\u00bb4_4&Prime; _builder_version=\u00a0\u00bb4.16&Prime; _module_preset=\u00a0\u00bbdefault\u00a0\u00bb global_colors_info=\u00a0\u00bb{}\u00a0\u00bb][et_pb_button button_url=\u00a0\u00bbmailto:job-ref-eum956hfld@emploi.beetween.com\u00a0\u00bb button_text=\u00a0\u00bbPOSTULEZ ICI\u00a0\u00bb _builder_version=\u00a0\u00bb4.20.2&Prime; _module_preset=\u00a0\u00bbdefault\u00a0\u00bb custom_button=\u00a0\u00bbon\u00a0\u00bb button_text_color=\u00a0\u00bb#ffffff\u00a0\u00bb button_bg_color=\u00a0\u00bb#a4326b\u00a0\u00bb button_border_width=\u00a0\u00bb0px\u00a0\u00bb button_icon=\u00a0\u00bb&#x6c;||divi||400&Prime; button_icon_placement=\u00a0\u00bbleft\u00a0\u00bb global_colors_info=\u00a0\u00bb{}\u00a0\u00bb][\/et_pb_button][\/et_pb_column][\/et_pb_row][et_pb_row _builder_version=\u00a0\u00bb4.16&Prime; _module_preset=\u00a0\u00bbdefault\u00a0\u00bb global_colors_info=\u00a0\u00bb{}\u00a0\u00bb][et_pb_column type=\u00a0\u00bb4_4&Prime; _builder_version=\u00a0\u00bb4.16&Prime; _module_preset=\u00a0\u00bbdefault\u00a0\u00bb global_colors_info=\u00a0\u00bb{}\u00a0\u00bb][et_pb_button button_url=\u00a0\u00bb@ET-DC@eyJkeW5hbWljIjp0cnVlLCJjb250ZW50IjoicG9zdF9saW5rX3VybF9wYWdlIiwic2V0dGluZ3MiOnsicG9zdF9pZCI6IjExMTkifX0=@\u00a0\u00bb button_text=\u00a0\u00bbRETOUR AUX OFFRES\u00a0\u00bb _builder_version=\u00a0\u00bb4.16&Prime; _dynamic_attributes=\u00a0\u00bbbutton_url\u00a0\u00bb _module_preset=\u00a0\u00bbdefault\u00a0\u00bb custom_button=\u00a0\u00bbon\u00a0\u00bb button_text_color=\u00a0\u00bb#ffffff\u00a0\u00bb button_bg_color=\u00a0\u00bb#a4326b\u00a0\u00bb button_border_width=\u00a0\u00bb0px\u00a0\u00bb button_icon=\u00a0\u00bb&#x34;||divi||400&Prime; button_icon_placement=\u00a0\u00bbleft\u00a0\u00bb global_colors_info=\u00a0\u00bb{}\u00a0\u00bb][\/et_pb_button][\/et_pb_column][\/et_pb_row][\/et_pb_section]<\/p>\n","protected":false},"excerpt":{"rendered":"<p>CAISSIER.E GONDOLIER.E\u00a0 \u00a0LEADER PRICE TAMPON La branche\u00a0Grande Distribution\u00a0du Groupe Caill\u00e9 recrute\u00a0un(e) Caissier(\u00e8re) Gondolier(\u00e8re)\u00a0pour son supermarch\u00e9 Leader Price Le Tampon. Chez\u00a0Leader Price, nous pla\u00e7ons la satisfaction client au c\u0153ur de nos priorit\u00e9s. En tant que\u00a0Caissier(\u00e8re) Gondolier(\u00e8re), vous jouez un r\u00f4le essentiel en magasin : vous \u00eates \u00e0 la fois l\u2019ambassadeur de l\u2019accueil, le garant d\u2019un passage [&hellip;]<\/p>\n","protected":false},"author":21,"featured_media":0,"parent":0,"menu_order":0,"comment_status":"closed","ping_status":"closed","template":"","meta":{"_et_pb_use_builder":"on","_et_pb_old_content":"","_et_gb_content_width":""},"_links":{"self":[{"href":"https:\/\/groupecaille.com\/index.php\/wp-json\/wp\/v2\/pages\/9331"}],"collection":[{"href":"https:\/\/groupecaille.com\/index.php\/wp-json\/wp\/v2\/pages"}],"about":[{"href":"https:\/\/groupecaille.com\/index.php\/wp-json\/wp\/v2\/types\/page"}],"author":[{"embeddable":true,"href":"https:\/\/groupecaille.com\/index.php\/wp-json\/wp\/v2\/users\/21"}],"replies":[{"embeddable":true,"href":"https:\/\/groupecaille.com\/index.php\/wp-json\/wp\/v2\/comments?post=9331"}],"version-history":[{"count":3,"href":"https:\/\/groupecaille.com\/index.php\/wp-json\/wp\/v2\/pages\/9331\/revisions"}],"predecessor-version":[{"id":9337,"href":"https:\/\/groupecaille.com\/index.php\/wp-json\/wp\/v2\/pages\/9331\/revisions\/9337"}],"wp:attachment":[{"href":"https:\/\/groupecaille.com\/index.php\/wp-json\/wp\/v2\/media?parent=9331"}],"curies":[{"name":"wp","href":"https:\/\/api.w.org\/{rel}","templated":true}]}}