{"id":9318,"date":"2026-03-27T07:59:37","date_gmt":"2026-03-27T03:59:37","guid":{"rendered":"https:\/\/groupecaille.com\/?page_id=9318"},"modified":"2026-03-27T07:59:37","modified_gmt":"2026-03-27T03:59:37","slug":"27-mar-techniciennne-experte-h-f-midas-saint-pierre","status":"publish","type":"page","link":"https:\/\/groupecaille.com\/index.php\/27-mar-techniciennne-experte-h-f-midas-saint-pierre\/","title":{"rendered":"27 Mar &#8211; <strong>TECHNICIEN(NNE) EXPERT(E)\u00a0 H\/F &#8211; MIDAS SAINT-PIERRE<\/strong>"},"content":{"rendered":"<p>[et_pb_section fb_built=\u00a0\u00bb1&Prime; _builder_version=\u00a0\u00bb4.16&Prime; _module_preset=\u00a0\u00bbdefault\u00a0\u00bb min_height=\u00a0\u00bb947.4px\u00a0\u00bb da_disable_devices=\u00a0\u00bboff|off|off\u00a0\u00bb global_colors_info=\u00a0\u00bb{}\u00a0\u00bb theme_builder_area=\u00a0\u00bbpost_content\u00a0\u00bb da_is_popup=\u00a0\u00bboff\u00a0\u00bb da_exit_intent=\u00a0\u00bboff\u00a0\u00bb da_has_close=\u00a0\u00bbon\u00a0\u00bb da_alt_close=\u00a0\u00bboff\u00a0\u00bb da_dark_close=\u00a0\u00bboff\u00a0\u00bb da_not_modal=\u00a0\u00bbon\u00a0\u00bb da_is_singular=\u00a0\u00bboff\u00a0\u00bb da_with_loader=\u00a0\u00bboff\u00a0\u00bb da_has_shadow=\u00a0\u00bbon\u00a0\u00bb][et_pb_row _builder_version=\u00a0\u00bb4.16&Prime; _module_preset=\u00a0\u00bbdefault\u00a0\u00bb background_color=\u00a0\u00bb#a4326b\u00a0\u00bb global_colors_info=\u00a0\u00bb{}\u00a0\u00bb theme_builder_area=\u00a0\u00bbpost_content\u00a0\u00bb][et_pb_column type=\u00a0\u00bb4_4&Prime; _builder_version=\u00a0\u00bb4.16&Prime; _module_preset=\u00a0\u00bbdefault\u00a0\u00bb global_colors_info=\u00a0\u00bb{}\u00a0\u00bb theme_builder_area=\u00a0\u00bbpost_content\u00a0\u00bb][et_pb_text _builder_version=\u00a0\u00bb4.20.2&Prime; _module_preset=\u00a0\u00bbdefault\u00a0\u00bb header_font=\u00a0\u00bb|||on|||||\u00a0\u00bb header_text_align=\u00a0\u00bbcenter\u00a0\u00bb header_text_color=\u00a0\u00bb#ffffff\u00a0\u00bb header_2_text_align=\u00a0\u00bbcenter\u00a0\u00bb header_2_text_color=\u00a0\u00bb#FFFFFF\u00a0\u00bb header_2_font_size=\u00a0\u00bb24px\u00a0\u00bb hover_enabled=\u00a0\u00bb0&Prime; global_colors_info=\u00a0\u00bb{}\u00a0\u00bb theme_builder_area=\u00a0\u00bbpost_content\u00a0\u00bb sticky_enabled=\u00a0\u00bb0&Prime;]<\/p>\n<div class=\"page\" title=\"Page 1\">\n<div class=\"section\">\n<div class=\"layoutArea\">\n<div class=\"column\">\n<h2><b>TECHNICIEN(NNE) EXPERT(E)\u00a0 H\/F<br \/><\/b>MIDAS SAINT-PIERRE<\/h2>\n<\/div>\n<\/div>\n<\/div>\n<\/div>\n<p>[\/et_pb_text][\/et_pb_column][\/et_pb_row][et_pb_row _builder_version=\u00a0\u00bb4.20.2&Prime; _module_preset=\u00a0\u00bbdefault\u00a0\u00bb global_colors_info=\u00a0\u00bb{}\u00a0\u00bb theme_builder_area=\u00a0\u00bbpost_content\u00a0\u00bb][et_pb_column type=\u00a0\u00bb4_4&Prime; _builder_version=\u00a0\u00bb4.16&Prime; _module_preset=\u00a0\u00bbdefault\u00a0\u00bb global_colors_info=\u00a0\u00bb{}\u00a0\u00bb theme_builder_area=\u00a0\u00bbpost_content\u00a0\u00bb][et_pb_text _builder_version=\u00a0\u00bb4.20.2&Prime; _module_preset=\u00a0\u00bbdefault\u00a0\u00bb background_enable_image=\u00a0\u00bboff\u00a0\u00bb background_size=\u00a0\u00bbcustom\u00a0\u00bb background_image_width=\u00a0\u00bb15%\u00a0\u00bb background_position=\u00a0\u00bbtop_right\u00a0\u00bb min_height=\u00a0\u00bb509.8px\u00a0\u00bb custom_margin=\u00a0\u00bb||0px||false|false\u00a0\u00bb custom_padding=\u00a0\u00bb38px||0px||false|false\u00a0\u00bb hover_enabled=\u00a0\u00bb0&Prime; global_colors_info=\u00a0\u00bb{}\u00a0\u00bb theme_builder_area=\u00a0\u00bbpost_content\u00a0\u00bb sticky_enabled=\u00a0\u00bb0&Prime;]<\/p>\n<div class=\"elementToProof\">\n<div class=\"elementToProof\">\n<div class=\"elementToProof\">\n<div class=\"elementToProof\">\n<div class=\"elementToProof\">\n<div class=\"elementToProof\">\n<div class=\"elementToProof\">\n<div class=\"elementToProof\">\n<div class=\"elementToProof\">\n<div class=\"elementToProof\">\n<div class=\"elementToProof\">REJOIGNEZ UN GROUPE LEADER<br \/>A LA REUNION<br \/>Groupe Caill\u00e9 recrute pour Midas Saint Pierre!<\/div>\n<div class=\"elementToProof\"><\/div>\n<div class=\"elementToProof\" id=\"Signature\">\n<div class=\"elementToProof\">La branche automobile du Groupe Caill\u00e9 recrute un(e) <span>Technicien(nne) Expert(e)<\/span>\u00a0pour son centre <span>MIDAS<\/span>\u00a0Saint-Pierre.<\/div>\n<div class=\"elementToProof\">Chez <span>Midas<\/span>, nous nous effor\u00e7ons d\u2019assurer la tranquillit\u00e9 et la s\u00e9r\u00e9nit\u00e9 de nos clients lorsqu\u2019ils nous confient leur v\u00e9hicule. En faisant confiance aux hommes et aux femmes du r\u00e9seau Midas, les clients sont s\u00fbrs de disposer des comp\u00e9tences, de la technicit\u00e9 des produits et des services de haute qualit\u00e9.<\/div>\n<div class=\"elementToProof\">C\u2019est dans cet esprit que recherchons un <span>Technicien Expert H\/F<\/span>\u00a0capable de conjuguer ma\u00eetrise technique et excellence relationnelle, dans un environnement o\u00f9 l\u2019expertise est au service de la confiance.<\/div>\n<div class=\"elementToProof\"><span>Votre mission principale ?<\/span><\/div>\n<div class=\"elementToProof\">Relais du chef de centre, vous assurez les interventions les plus complexes et apportez votre soutien et votre savoir-faire \u00e0 votre \u00e9quipe. Aussi au contact direct de la client\u00e8le, vous serez amen\u00e9 \u00e0\u00a0:<\/div>\n<div class=\"elementToProof\">\u00b7\u00a0\u00a0\u00a0\u00a0\u00a0\u00a0\u00a0\u00a0 R\u00e9aliser des diagnostics approfondis sur tous types de v\u00e9hicules,<\/div>\n<div class=\"elementToProof\">\u00b7\u00a0\u00a0\u00a0\u00a0\u00a0\u00a0\u00a0\u00a0 Identifier les causes de dysfonctionnement et proposer des solutions techniques adapt\u00e9es,<\/div>\n<div class=\"elementToProof\">\u00b7\u00a0\u00a0\u00a0\u00a0\u00a0\u00a0\u00a0\u00a0 Organiser votre activit\u00e9 en toute autonomie, dans le respect des d\u00e9lais et des standards de qualit\u00e9,<\/div>\n<div class=\"elementToProof\">\u00b7\u00a0\u00a0\u00a0\u00a0\u00a0\u00a0\u00a0\u00a0 R\u00e9diger des devis clairs et pr\u00e9cis,<\/div>\n<div class=\"elementToProof\">\u00b7\u00a0\u00a0\u00a0\u00a0\u00a0\u00a0\u00a0\u00a0 Conseiller les clients avec p\u00e9dagogie et professionnalisme,<\/div>\n<div class=\"elementToProof\">\u00b7\u00a0\u00a0\u00a0\u00a0\u00a0\u00a0\u00a0\u00a0 Instaurer une relation de confiance durable avec la client\u00e8le.<\/div>\n<div class=\"elementToProof\"><\/div>\n<div class=\"elementToProof\"><span>Le profil que nous recherchons :<\/span><\/div>\n<div class=\"elementToProof\">Issu(e) d\u2019une formation en <span>m\u00e9canique automobile<\/span>\u00a0(CAP, Bac Pro, Bac+2 ou \u00e9quivalent), vous justifiez d\u2019une <span>exp\u00e9rience significative sur un poste similaire<\/span>, id\u00e9alement dans un environnement <span>multimarque<\/span>.<\/div>\n<div class=\"elementToProof\">Au-del\u00e0 de vos comp\u00e9tences techniques, vous vous distinguez par :<\/div>\n<div class=\"elementToProof\">\u00b7\u00a0\u00a0\u00a0\u00a0\u00a0\u00a0\u00a0\u00a0 Votre sens du service et votre capacit\u00e9 \u00e0 rassurer le client avec clart\u00e9 et transparence,<\/div>\n<div class=\"elementToProof\">\u00b7\u00a0\u00a0\u00a0\u00a0\u00a0\u00a0\u00a0\u00a0 Votre autonomie dans l\u2019organisation de votre travail et la gestion des priorit\u00e9s,<\/div>\n<div class=\"elementToProof\">\u00b7\u00a0\u00a0\u00a0\u00a0\u00a0\u00a0\u00a0\u00a0 Votre rigueur, votre esprit d\u2019analyse et votre souci du d\u00e9tail,<\/div>\n<div class=\"elementToProof\">\u00b7\u00a0\u00a0\u00a0\u00a0\u00a0\u00a0\u00a0\u00a0 Votre go\u00fbt pour le travail en \u00e9quipe, et \u00e9ventuellement votre app\u00e9tence pour l\u2019encadrement ou le r\u00f4le de r\u00e9f\u00e9rent technique.<\/div>\n<div class=\"elementToProof\"><span>Pourquoi nous rejoindre ?<\/span><\/div>\n<div class=\"elementToProof\">Int\u00e9grer <span>le Groupe Caill\u00e9<\/span>, c\u2019est rejoindre <span>un acteur majeur de l\u2019\u00e9conomie r\u00e9unionnaise<\/span>, solidement ancr\u00e9 dans des secteurs vari\u00e9s : <span>l\u2019automobile<\/span>, <span>la grande distribution<\/span>, et <span>la restauration<\/span>.<br \/>Un groupe reconnu pour son dynamisme, ses valeurs humaines et sa volont\u00e9 d\u2019offrir \u00e0 chacun un environnement de travail stimulant et \u00e9volutif.<\/div>\n<div class=\"elementToProof\">\n<p>Le Groupe Caill\u00e9 est un employeur garantissant l\u2019\u00e9galit\u00e9 des chances et valorisant la diversit\u00e9 au sein de ses \u00e9quipes.<\/p>\n<\/div>\n<div class=\"elementToProof\"><span>Ce que nous vous offrons :<\/span><\/div>\n<ul>\n<li>\n<div role=\"presentation\" class=\"elementToProof\">Un package d\u2019avantages collectifs complet\u00a0: des\u00a0titres-restaurant, int\u00e9ressement, etc.<\/div>\n<\/li>\n<li>\n<div role=\"presentation\" class=\"elementToProof\">Une\u00a0r\u00e9mun\u00e9ration variable\u00a0qui valorisera vos performances<\/div>\n<\/li>\n<li>\n<div role=\"presentation\" class=\"elementToProof\">Un environnement professionnel\u00a0stimulant\u00a0et\u00a0s\u00e9curis\u00e9<\/div>\n<\/li>\n<\/ul>\n<div class=\"elementToProof\"><\/div>\n<div class=\"elementToProof\">Adresse : <a href=\"mailto:job-ref-vm126mz9bo@emploi.beetween.com\">job-ref-vm126mz9bo@emploi.beetween.com<\/a>\u00a0<\/div>\n<\/div>\n<\/div>\n<div class=\"elementToProof\" id=\"Signature\"><\/div>\n<\/div>\n<\/div>\n<\/div>\n<\/div>\n<\/div>\n<\/div>\n<\/div>\n<\/div>\n<\/div>\n<p>[\/et_pb_text][\/et_pb_column][\/et_pb_row][et_pb_row _builder_version=\u00a0\u00bb4.16&Prime; _module_preset=\u00a0\u00bbdefault\u00a0\u00bb global_colors_info=\u00a0\u00bb{}\u00a0\u00bb theme_builder_area=\u00a0\u00bbpost_content\u00a0\u00bb][et_pb_column type=\u00a0\u00bb4_4&Prime; _builder_version=\u00a0\u00bb4.16&Prime; _module_preset=\u00a0\u00bbdefault\u00a0\u00bb global_colors_info=\u00a0\u00bb{}\u00a0\u00bb theme_builder_area=\u00a0\u00bbpost_content\u00a0\u00bb][et_pb_button button_url=\u00a0\u00bbmailto:job-ref-vm126mz9bo@emploi.beetween.com\u00a0\u00bb button_text=\u00a0\u00bbPOSTULEZ ICI\u00a0\u00bb _builder_version=\u00a0\u00bb4.20.2&Prime; _module_preset=\u00a0\u00bbdefault\u00a0\u00bb custom_button=\u00a0\u00bbon\u00a0\u00bb button_text_color=\u00a0\u00bb#ffffff\u00a0\u00bb button_bg_color=\u00a0\u00bb#a4326b\u00a0\u00bb button_border_width=\u00a0\u00bb0px\u00a0\u00bb button_icon=\u00a0\u00bb&#x6c;||divi||400&Prime; button_icon_placement=\u00a0\u00bbleft\u00a0\u00bb hover_enabled=\u00a0\u00bb0&Prime; global_colors_info=\u00a0\u00bb{}\u00a0\u00bb theme_builder_area=\u00a0\u00bbpost_content\u00a0\u00bb sticky_enabled=\u00a0\u00bb0&Prime;][\/et_pb_button][\/et_pb_column][\/et_pb_row][et_pb_row _builder_version=\u00a0\u00bb4.16&Prime; _module_preset=\u00a0\u00bbdefault\u00a0\u00bb global_colors_info=\u00a0\u00bb{}\u00a0\u00bb theme_builder_area=\u00a0\u00bbpost_content\u00a0\u00bb][et_pb_column type=\u00a0\u00bb4_4&Prime; _builder_version=\u00a0\u00bb4.16&Prime; _module_preset=\u00a0\u00bbdefault\u00a0\u00bb global_colors_info=\u00a0\u00bb{}\u00a0\u00bb theme_builder_area=\u00a0\u00bbpost_content\u00a0\u00bb][et_pb_button button_url=\u00a0\u00bb@ET-DC@eyJkeW5hbWljIjp0cnVlLCJjb250ZW50IjoicG9zdF9saW5rX3VybF9wYWdlIiwic2V0dGluZ3MiOnsicG9zdF9pZCI6IjExMTkifX0=@\u00a0\u00bb button_text=\u00a0\u00bbRETOUR AUX OFFRES\u00a0\u00bb _builder_version=\u00a0\u00bb4.16&Prime; _dynamic_attributes=\u00a0\u00bbbutton_url\u00a0\u00bb _module_preset=\u00a0\u00bbdefault\u00a0\u00bb custom_button=\u00a0\u00bbon\u00a0\u00bb button_text_color=\u00a0\u00bb#ffffff\u00a0\u00bb button_bg_color=\u00a0\u00bb#a4326b\u00a0\u00bb button_border_width=\u00a0\u00bb0px\u00a0\u00bb button_icon=\u00a0\u00bb&#x34;||divi||400&Prime; button_icon_placement=\u00a0\u00bbleft\u00a0\u00bb global_colors_info=\u00a0\u00bb{}\u00a0\u00bb theme_builder_area=\u00a0\u00bbpost_content\u00a0\u00bb][\/et_pb_button][\/et_pb_column][\/et_pb_row][\/et_pb_section]<\/p>\n","protected":false},"excerpt":{"rendered":"<p>TECHNICIEN(NNE) EXPERT(E)\u00a0 H\/FMIDAS SAINT-PIERRE REJOIGNEZ UN GROUPE LEADERA LA REUNIONGroupe Caill\u00e9 recrute pour Midas Saint Pierre! La branche automobile du Groupe Caill\u00e9 recrute un(e) Technicien(nne) Expert(e)\u00a0pour son centre MIDAS\u00a0Saint-Pierre. Chez Midas, nous nous effor\u00e7ons d\u2019assurer la tranquillit\u00e9 et la s\u00e9r\u00e9nit\u00e9 de nos clients lorsqu\u2019ils nous confient leur v\u00e9hicule. En faisant confiance aux hommes et aux [&hellip;]<\/p>\n","protected":false},"author":21,"featured_media":0,"parent":0,"menu_order":0,"comment_status":"closed","ping_status":"closed","template":"page-template-blank.php","meta":{"_et_pb_use_builder":"on","_et_pb_old_content":"","_et_gb_content_width":""},"_links":{"self":[{"href":"https:\/\/groupecaille.com\/index.php\/wp-json\/wp\/v2\/pages\/9318"}],"collection":[{"href":"https:\/\/groupecaille.com\/index.php\/wp-json\/wp\/v2\/pages"}],"about":[{"href":"https:\/\/groupecaille.com\/index.php\/wp-json\/wp\/v2\/types\/page"}],"author":[{"embeddable":true,"href":"https:\/\/groupecaille.com\/index.php\/wp-json\/wp\/v2\/users\/21"}],"replies":[{"embeddable":true,"href":"https:\/\/groupecaille.com\/index.php\/wp-json\/wp\/v2\/comments?post=9318"}],"version-history":[{"count":2,"href":"https:\/\/groupecaille.com\/index.php\/wp-json\/wp\/v2\/pages\/9318\/revisions"}],"predecessor-version":[{"id":9320,"href":"https:\/\/groupecaille.com\/index.php\/wp-json\/wp\/v2\/pages\/9318\/revisions\/9320"}],"wp:attachment":[{"href":"https:\/\/groupecaille.com\/index.php\/wp-json\/wp\/v2\/media?parent=9318"}],"curies":[{"name":"wp","href":"https:\/\/api.w.org\/{rel}","templated":true}]}}