{"id":9271,"date":"2026-03-11T08:23:26","date_gmt":"2026-03-11T04:23:26","guid":{"rendered":"https:\/\/groupecaille.com\/?page_id=9271"},"modified":"2026-03-11T08:23:26","modified_gmt":"2026-03-11T04:23:26","slug":"10-mars-chef-fe-dequipe-apres-vente-smci-mayotte","status":"publish","type":"page","link":"https:\/\/groupecaille.com\/index.php\/10-mars-chef-fe-dequipe-apres-vente-smci-mayotte\/","title":{"rendered":"10 Mars &#8211; CHEF.FE D&rsquo;EQUIPE APRES-VENTE\u00a0 &#8211; SMCI MAYOTTE"},"content":{"rendered":"<p>[et_pb_section fb_built=\u00a0\u00bb1&Prime; _builder_version=\u00a0\u00bb4.16&Prime; _module_preset=\u00a0\u00bbdefault\u00a0\u00bb min_height=\u00a0\u00bb947.4px\u00a0\u00bb da_disable_devices=\u00a0\u00bboff|off|off\u00a0\u00bb global_colors_info=\u00a0\u00bb{}\u00a0\u00bb theme_builder_area=\u00a0\u00bbpost_content\u00a0\u00bb da_is_popup=\u00a0\u00bboff\u00a0\u00bb da_exit_intent=\u00a0\u00bboff\u00a0\u00bb da_has_close=\u00a0\u00bbon\u00a0\u00bb da_alt_close=\u00a0\u00bboff\u00a0\u00bb da_dark_close=\u00a0\u00bboff\u00a0\u00bb da_not_modal=\u00a0\u00bbon\u00a0\u00bb da_is_singular=\u00a0\u00bboff\u00a0\u00bb da_with_loader=\u00a0\u00bboff\u00a0\u00bb da_has_shadow=\u00a0\u00bbon\u00a0\u00bb][et_pb_row _builder_version=\u00a0\u00bb4.16&Prime; _module_preset=\u00a0\u00bbdefault\u00a0\u00bb background_color=\u00a0\u00bb#a4326b\u00a0\u00bb global_colors_info=\u00a0\u00bb{}\u00a0\u00bb theme_builder_area=\u00a0\u00bbpost_content\u00a0\u00bb][et_pb_column type=\u00a0\u00bb4_4&Prime; _builder_version=\u00a0\u00bb4.16&Prime; _module_preset=\u00a0\u00bbdefault\u00a0\u00bb global_colors_info=\u00a0\u00bb{}\u00a0\u00bb theme_builder_area=\u00a0\u00bbpost_content\u00a0\u00bb][et_pb_text _builder_version=\u00a0\u00bb4.20.2&Prime; _module_preset=\u00a0\u00bbdefault\u00a0\u00bb header_font=\u00a0\u00bb|||on|||||\u00a0\u00bb header_text_align=\u00a0\u00bbcenter\u00a0\u00bb header_text_color=\u00a0\u00bb#ffffff\u00a0\u00bb header_2_text_align=\u00a0\u00bbcenter\u00a0\u00bb header_2_text_color=\u00a0\u00bb#FFFFFF\u00a0\u00bb header_2_font_size=\u00a0\u00bb24px\u00a0\u00bb hover_enabled=\u00a0\u00bb0&Prime; global_colors_info=\u00a0\u00bb{}\u00a0\u00bb theme_builder_area=\u00a0\u00bbpost_content\u00a0\u00bb sticky_enabled=\u00a0\u00bb0&Prime;]<\/p>\n<div class=\"page\" title=\"Page 1\">\n<div class=\"section\">\n<div class=\"layoutArea\">\n<div class=\"column\">\n<h2><b>CHEF.FE D&rsquo;EQUIPE APRES-VENTE\u00a0<br \/><\/b>SMCI MAYOTTE<\/h2>\n<\/div>\n<\/div>\n<\/div>\n<\/div>\n<p>[\/et_pb_text][\/et_pb_column][\/et_pb_row][et_pb_row _builder_version=\u00a0\u00bb4.20.2&Prime; _module_preset=\u00a0\u00bbdefault\u00a0\u00bb global_colors_info=\u00a0\u00bb{}\u00a0\u00bb theme_builder_area=\u00a0\u00bbpost_content\u00a0\u00bb][et_pb_column type=\u00a0\u00bb4_4&Prime; _builder_version=\u00a0\u00bb4.16&Prime; _module_preset=\u00a0\u00bbdefault\u00a0\u00bb global_colors_info=\u00a0\u00bb{}\u00a0\u00bb theme_builder_area=\u00a0\u00bbpost_content\u00a0\u00bb][et_pb_text _builder_version=\u00a0\u00bb4.20.2&Prime; _module_preset=\u00a0\u00bbdefault\u00a0\u00bb background_enable_image=\u00a0\u00bboff\u00a0\u00bb background_size=\u00a0\u00bbcustom\u00a0\u00bb background_image_width=\u00a0\u00bb15%\u00a0\u00bb background_position=\u00a0\u00bbtop_right\u00a0\u00bb min_height=\u00a0\u00bb509.8px\u00a0\u00bb custom_margin=\u00a0\u00bb||0px||false|false\u00a0\u00bb custom_padding=\u00a0\u00bb38px||0px||false|false\u00a0\u00bb hover_enabled=\u00a0\u00bb0&Prime; global_colors_info=\u00a0\u00bb{}\u00a0\u00bb theme_builder_area=\u00a0\u00bbpost_content\u00a0\u00bb sticky_enabled=\u00a0\u00bb0&Prime;]<\/p>\n<div class=\"elementToProof\">\n<div class=\"elementToProof\">\n<div class=\"elementToProof\">\n<div class=\"elementToProof\">\n<div class=\"elementToProof\">\n<div class=\"elementToProof\">Le Groupe Caill\u00e9 recrute\u00a0un.e Chef.fe d\u2019\u00c9quipe Apr\u00e8s-Vente\u00a0pour sa concession SMCI Mayotte, bas\u00e9e \u00e0 Mamoudzou.<\/div>\n<div class=\"elementToProof\">Chez SMCI Mayotte, concessionnaire des marques Peugeot, Kia, Citro\u00ebn et MG, l\u2019excellence se traduit par un service apr\u00e8s-vente irr\u00e9prochable et une exp\u00e9rience client de qualit\u00e9.<\/div>\n<div class=\"elementToProof\">C&rsquo;est dans cet esprit que nous recherchons\u00a0un.e Chef.fe d\u2019\u00c9quipe Apr\u00e8s-Vente\u00a0afin de garantir un service client irr\u00e9prochable en organisant l&rsquo;atelier, et en intervenant en renfort de l&rsquo;\u00e9quipe pr\u00e9sente.<\/div>\n<div class=\"elementToProof\">Votre mission principale ?<\/div>\n<div class=\"elementToProof\">Au-del\u00e0 des missions classiques d\u2019un.e Chef.fe d\u2019\u00c9quipe Apr\u00e8s-Vente, vous serez le garant d\u2019un service personnalis\u00e9 et de qualit\u00e9.<\/div>\n<div class=\"elementToProof\"><b>Vos principales responsabilit\u00e9s incluent :<\/b><\/div>\n<ul>\n<li>\n<div role=\"presentation\" class=\"elementToProof\"><span>Gestion op\u00e9rationnelle de l\u2019atelier<\/span>\u00a0: organisation et planification des interventions, suivi et contr\u00f4le des activit\u00e9s confi\u00e9es aux collaborateurs, appui technique et accompagnement au d\u00e9veloppement des comp\u00e9tences.<\/div>\n<\/li>\n<li>\n<div role=\"presentation\" class=\"elementToProof\"><span>Accueil et conseil \u00e0 la client\u00e8le<\/span>\u00a0: \u00e9tablissement de devis et d\u2019ordres de r\u00e9paration, r\u00e9alisation des interventions sur v\u00e9hicules, restitution et explication des prestations.<\/div>\n<\/li>\n<li>\n<div role=\"presentation\" class=\"elementToProof\"><span>Gestion de la relation client et qualit\u00e9<\/span>\u00a0: traitement des litiges, satisfaction et fid\u00e9lisation, participation \u00e0 la d\u00e9marche qualit\u00e9 et vente additionnelle de produits et services.<\/div>\n<\/li>\n<li>\n<div role=\"presentation\" class=\"elementToProof\"><span>Suivi et conformit\u00e9<\/span>\u00a0: respect des r\u00e8gles d\u2019hygi\u00e8ne, s\u00e9curit\u00e9 et tri s\u00e9lectif, gestion des fournitures et suivi du gaz de climatisation.<\/div>\n<\/li>\n<\/ul>\n<div class=\"elementToProof\"><b>\u00a0<\/b><\/div>\n<div class=\"elementToProof\"><span>Le profil que nous recherchons :<\/span><\/div>\n<div class=\"elementToProof\"><b>Vous \u00eates titulaire d\u2019un <\/b><span>BAC PRO \u00e0 BAC+2 en maintenance des v\u00e9hicules automobiles<\/span><b>\u00a0et justifiez <\/b><span>d\u20191 \u00e0 2 ans d\u2019exp\u00e9rience en management dans un atelier apr\u00e8s-vente<\/span><b>.<\/b><\/div>\n<div class=\"elementToProof\"><b>Au-del\u00e0 de votre expertise technique, nous valorisons vos qualit\u00e9s humaines et relationnelles :<\/b><\/div>\n<ul>\n<li>\n<div role=\"presentation\" class=\"elementToProof\">Leadership et capacit\u00e9 \u00e0 f\u00e9d\u00e9rer vos \u00e9quipes autour d\u2019objectifs communs,<\/div>\n<\/li>\n<li>\n<div role=\"presentation\" class=\"elementToProof\">Esprit d\u2019\u00e9quipe et aptitude \u00e0 travailler de mani\u00e8re collaborative,<\/div>\n<\/li>\n<li>\n<div role=\"presentation\" class=\"elementToProof\">Excellent sens de la relation client et go\u00fbt pour le service,<\/div>\n<\/li>\n<li>\n<div role=\"presentation\" class=\"elementToProof\">Permis B obligatoire<\/div>\n<div role=\"presentation\"><\/div>\n<\/li>\n<\/ul>\n<div class=\"elementToProof\"><span>Pourquoi nous rejoindre ?<\/span><\/div>\n<div class=\"elementToProof\">Int\u00e9grer le Groupe Caill\u00e9, c\u2019est rejoindre un acteur majeur de l\u2019\u00e9conomie r\u00e9unionnaise et mahoraise, solidement ancr\u00e9 dans des secteurs vari\u00e9s : l\u2019automobile, la grande distribution, et la restauration.<br \/>Un groupe reconnu pour son dynamisme, ses valeurs humaines et sa volont\u00e9 d\u2019offrir \u00e0 chacun un environnement de travail stimulant et \u00e9volutif.<\/div>\n<div class=\"elementToProof\">Le Groupe Caill\u00e9 est un employeur garantissant l\u2019\u00e9galit\u00e9 des chances et valorisant la diversit\u00e9 au sein de ses \u00e9quipes.<\/div>\n<div><b>\u00a0<\/b><\/div>\n<div class=\"elementToProof\"><span>Ce que nous vous offrons :<\/span><\/div>\n<ul>\n<li>\n<div role=\"presentation\" class=\"elementToProof\">Un package d\u2019avantages collectifs complet\u00a0: titres-restaurant,13\u00e8me mois, int\u00e9ressement, etc.<\/div>\n<\/li>\n<li>\n<div role=\"presentation\" class=\"elementToProof\">Une\u00a0r\u00e9mun\u00e9ration variable\u00a0qui valorisera vos performances<\/div>\n<\/li>\n<li>\n<div role=\"presentation\" class=\"elementToProof\">Un environnement professionnel\u00a0stimulant\u00a0et\u00a0s\u00e9curis\u00e9<\/div>\n<\/li>\n<\/ul>\n<div class=\"elementToProof\"><b>\u00a0<\/b><\/div>\n<div class=\"elementToProof\"><span>Adresse de recrutement : <a href=\"mailto:job-ref-x0r0ump13b@emploi.beetween.com\">job-ref-x0r0ump13b@emploi.beetween.com<\/a><\/span><\/div>\n<\/div>\n<\/div>\n<\/div>\n<\/div>\n<\/div>\n<p>[\/et_pb_text][\/et_pb_column][\/et_pb_row][et_pb_row _builder_version=\u00a0\u00bb4.16&Prime; _module_preset=\u00a0\u00bbdefault\u00a0\u00bb global_colors_info=\u00a0\u00bb{}\u00a0\u00bb theme_builder_area=\u00a0\u00bbpost_content\u00a0\u00bb][et_pb_column type=\u00a0\u00bb4_4&Prime; _builder_version=\u00a0\u00bb4.16&Prime; _module_preset=\u00a0\u00bbdefault\u00a0\u00bb global_colors_info=\u00a0\u00bb{}\u00a0\u00bb theme_builder_area=\u00a0\u00bbpost_content\u00a0\u00bb][et_pb_button button_url=\u00a0\u00bbmailto:job-ref-x0r0ump13b@emploi.beetween.com\u00a0\u00bb button_text=\u00a0\u00bbPOSTULEZ ICI\u00a0\u00bb _builder_version=\u00a0\u00bb4.20.2&Prime; _module_preset=\u00a0\u00bbdefault\u00a0\u00bb custom_button=\u00a0\u00bbon\u00a0\u00bb button_text_color=\u00a0\u00bb#ffffff\u00a0\u00bb button_bg_color=\u00a0\u00bb#a4326b\u00a0\u00bb button_border_width=\u00a0\u00bb0px\u00a0\u00bb button_icon=\u00a0\u00bb&#x6c;||divi||400&Prime; button_icon_placement=\u00a0\u00bbleft\u00a0\u00bb hover_enabled=\u00a0\u00bb0&Prime; global_colors_info=\u00a0\u00bb{}\u00a0\u00bb theme_builder_area=\u00a0\u00bbpost_content\u00a0\u00bb sticky_enabled=\u00a0\u00bb0&Prime;][\/et_pb_button][\/et_pb_column][\/et_pb_row][et_pb_row _builder_version=\u00a0\u00bb4.16&Prime; _module_preset=\u00a0\u00bbdefault\u00a0\u00bb global_colors_info=\u00a0\u00bb{}\u00a0\u00bb theme_builder_area=\u00a0\u00bbpost_content\u00a0\u00bb][et_pb_column type=\u00a0\u00bb4_4&Prime; _builder_version=\u00a0\u00bb4.16&Prime; _module_preset=\u00a0\u00bbdefault\u00a0\u00bb global_colors_info=\u00a0\u00bb{}\u00a0\u00bb theme_builder_area=\u00a0\u00bbpost_content\u00a0\u00bb][et_pb_button button_url=\u00a0\u00bb@ET-DC@eyJkeW5hbWljIjp0cnVlLCJjb250ZW50IjoicG9zdF9saW5rX3VybF9wYWdlIiwic2V0dGluZ3MiOnsicG9zdF9pZCI6IjExMTkifX0=@\u00a0\u00bb button_text=\u00a0\u00bbRETOUR AUX OFFRES\u00a0\u00bb _builder_version=\u00a0\u00bb4.16&Prime; _dynamic_attributes=\u00a0\u00bbbutton_url\u00a0\u00bb _module_preset=\u00a0\u00bbdefault\u00a0\u00bb custom_button=\u00a0\u00bbon\u00a0\u00bb button_text_color=\u00a0\u00bb#ffffff\u00a0\u00bb button_bg_color=\u00a0\u00bb#a4326b\u00a0\u00bb button_border_width=\u00a0\u00bb0px\u00a0\u00bb button_icon=\u00a0\u00bb&#x34;||divi||400&Prime; button_icon_placement=\u00a0\u00bbleft\u00a0\u00bb global_colors_info=\u00a0\u00bb{}\u00a0\u00bb theme_builder_area=\u00a0\u00bbpost_content\u00a0\u00bb][\/et_pb_button][\/et_pb_column][\/et_pb_row][\/et_pb_section]<\/p>\n","protected":false},"excerpt":{"rendered":"<p>CHEF.FE D&rsquo;EQUIPE APRES-VENTE\u00a0SMCI MAYOTTE Le Groupe Caill\u00e9 recrute\u00a0un.e Chef.fe d\u2019\u00c9quipe Apr\u00e8s-Vente\u00a0pour sa concession SMCI Mayotte, bas\u00e9e \u00e0 Mamoudzou. Chez SMCI Mayotte, concessionnaire des marques Peugeot, Kia, Citro\u00ebn et MG, l\u2019excellence se traduit par un service apr\u00e8s-vente irr\u00e9prochable et une exp\u00e9rience client de qualit\u00e9. C&rsquo;est dans cet esprit que nous recherchons\u00a0un.e Chef.fe d\u2019\u00c9quipe Apr\u00e8s-Vente\u00a0afin de garantir [&hellip;]<\/p>\n","protected":false},"author":21,"featured_media":0,"parent":0,"menu_order":0,"comment_status":"closed","ping_status":"closed","template":"page-template-blank.php","meta":{"_et_pb_use_builder":"on","_et_pb_old_content":"","_et_gb_content_width":""},"_links":{"self":[{"href":"https:\/\/groupecaille.com\/index.php\/wp-json\/wp\/v2\/pages\/9271"}],"collection":[{"href":"https:\/\/groupecaille.com\/index.php\/wp-json\/wp\/v2\/pages"}],"about":[{"href":"https:\/\/groupecaille.com\/index.php\/wp-json\/wp\/v2\/types\/page"}],"author":[{"embeddable":true,"href":"https:\/\/groupecaille.com\/index.php\/wp-json\/wp\/v2\/users\/21"}],"replies":[{"embeddable":true,"href":"https:\/\/groupecaille.com\/index.php\/wp-json\/wp\/v2\/comments?post=9271"}],"version-history":[{"count":3,"href":"https:\/\/groupecaille.com\/index.php\/wp-json\/wp\/v2\/pages\/9271\/revisions"}],"predecessor-version":[{"id":9274,"href":"https:\/\/groupecaille.com\/index.php\/wp-json\/wp\/v2\/pages\/9271\/revisions\/9274"}],"wp:attachment":[{"href":"https:\/\/groupecaille.com\/index.php\/wp-json\/wp\/v2\/media?parent=9271"}],"curies":[{"name":"wp","href":"https:\/\/api.w.org\/{rel}","templated":true}]}}