{"id":9267,"date":"2026-03-11T08:20:56","date_gmt":"2026-03-11T04:20:56","guid":{"rendered":"https:\/\/groupecaille.com\/?page_id=9267"},"modified":"2026-03-11T08:21:32","modified_gmt":"2026-03-11T04:21:32","slug":"comptable-cdd-h-f-peugeot-le-port","status":"publish","type":"page","link":"https:\/\/groupecaille.com\/index.php\/comptable-cdd-h-f-peugeot-le-port\/","title":{"rendered":"10 Mars &#8211; COMPTABLE (CDD) H\/F\u00a0 &#8211; PEUGEOT LE PORT"},"content":{"rendered":"\n[et_pb_section fb_built=\u00a0\u00bb1&Prime; _builder_version=\u00a0\u00bb4.16&Prime; _module_preset=\u00a0\u00bbdefault\u00a0\u00bb min_height=\u00a0\u00bb947.4px\u00a0\u00bb da_disable_devices=\u00a0\u00bboff|off|off\u00a0\u00bb global_colors_info=\u00a0\u00bb{}\u00a0\u00bb theme_builder_area=\u00a0\u00bbpost_content\u00a0\u00bb da_is_popup=\u00a0\u00bboff\u00a0\u00bb da_exit_intent=\u00a0\u00bboff\u00a0\u00bb da_has_close=\u00a0\u00bbon\u00a0\u00bb da_alt_close=\u00a0\u00bboff\u00a0\u00bb da_dark_close=\u00a0\u00bboff\u00a0\u00bb da_not_modal=\u00a0\u00bbon\u00a0\u00bb da_is_singular=\u00a0\u00bboff\u00a0\u00bb da_with_loader=\u00a0\u00bboff\u00a0\u00bb da_has_shadow=\u00a0\u00bbon\u00a0\u00bb][et_pb_row _builder_version=\u00a0\u00bb4.16&Prime; _module_preset=\u00a0\u00bbdefault\u00a0\u00bb background_color=\u00a0\u00bb#a4326b\u00a0\u00bb global_colors_info=\u00a0\u00bb{}\u00a0\u00bb theme_builder_area=\u00a0\u00bbpost_content\u00a0\u00bb][et_pb_column type=\u00a0\u00bb4_4&Prime; _builder_version=\u00a0\u00bb4.16&Prime; _module_preset=\u00a0\u00bbdefault\u00a0\u00bb global_colors_info=\u00a0\u00bb{}\u00a0\u00bb theme_builder_area=\u00a0\u00bbpost_content\u00a0\u00bb][et_pb_text _builder_version=\u00a0\u00bb4.20.2&Prime; _module_preset=\u00a0\u00bbdefault\u00a0\u00bb header_font=\u00a0\u00bb|||on|||||\u00a0\u00bb header_text_align=\u00a0\u00bbcenter\u00a0\u00bb header_text_color=\u00a0\u00bb#ffffff\u00a0\u00bb header_2_text_align=\u00a0\u00bbcenter\u00a0\u00bb header_2_text_color=\u00a0\u00bb#FFFFFF\u00a0\u00bb header_2_font_size=\u00a0\u00bb24px\u00a0\u00bb hover_enabled=\u00a0\u00bb0&Prime; global_colors_info=\u00a0\u00bb{}\u00a0\u00bb theme_builder_area=\u00a0\u00bbpost_content\u00a0\u00bb sticky_enabled=\u00a0\u00bb0&Prime;]<div class=\"page\" title=\"Page 1\">\n<div class=\"section\">\n<div class=\"layoutArea\">\n<div class=\"column\">\n<h2><b>COMPTABLE (CDD) H\/F<br \/><\/b>PEUGEOT LE PORT<\/h2>\n<\/div>\n<\/div>\n<\/div>\n<\/div>[\/et_pb_text][\/et_pb_column][\/et_pb_row][et_pb_row _builder_version=\u00a0\u00bb4.20.2&Prime; _module_preset=\u00a0\u00bbdefault\u00a0\u00bb global_colors_info=\u00a0\u00bb{}\u00a0\u00bb theme_builder_area=\u00a0\u00bbpost_content\u00a0\u00bb][et_pb_column type=\u00a0\u00bb4_4&Prime; _builder_version=\u00a0\u00bb4.16&Prime; _module_preset=\u00a0\u00bbdefault\u00a0\u00bb global_colors_info=\u00a0\u00bb{}\u00a0\u00bb theme_builder_area=\u00a0\u00bbpost_content\u00a0\u00bb][et_pb_text _builder_version=\u00a0\u00bb4.20.2&Prime; _module_preset=\u00a0\u00bbdefault\u00a0\u00bb background_enable_image=\u00a0\u00bboff\u00a0\u00bb background_size=\u00a0\u00bbcustom\u00a0\u00bb background_image_width=\u00a0\u00bb15%\u00a0\u00bb background_position=\u00a0\u00bbtop_right\u00a0\u00bb min_height=\u00a0\u00bb509.8px\u00a0\u00bb custom_margin=\u00a0\u00bb||0px||false|false\u00a0\u00bb custom_padding=\u00a0\u00bb38px||0px||false|false\u00a0\u00bb hover_enabled=\u00a0\u00bb0&Prime; global_colors_info=\u00a0\u00bb{}\u00a0\u00bb theme_builder_area=\u00a0\u00bbpost_content\u00a0\u00bb sticky_enabled=\u00a0\u00bb0&Prime;]<div class=\"elementToProof\">\n<div class=\"elementToProof\">\n<div class=\"elementToProof\">\n<div class=\"elementToProof\">\n<div class=\"elementToProof\">La branche automobile du Groupe Caill\u00e9 recrute un.e <span>Comptable en CDD, <\/span>pour son site du Port !<\/div>\n<div class=\"elementToProof\">Rattach\u00e9.e au service comptabilit\u00e9, vous intervenez sur l\u2019ensemble des op\u00e9rations comptables courantes et participez au bon suivi financier de l\u2019activit\u00e9. Vous \u00e9voluerez dans un environnement structur\u00e9, o\u00f9 rigueur, fiabilit\u00e9 et sens de l\u2019organisation sont essentiels.<\/div>\n<div class=\"elementToProof\"><span>Votre mission principale ?<\/span><br \/>Assurer la gestion des op\u00e9rations comptables quotidiennes et garantir la fiabilit\u00e9 des informations financi\u00e8res dans le respect des proc\u00e9dures internes.<\/div>\n<div class=\"elementToProof\">Au quotidien, vous aurez notamment pour missions :<\/div>\n<ul>\n<li>\n<div role=\"presentation\" class=\"elementToProof\"><span>Saisie et traitement comptable<\/span>\u00a0: codifier, saisir et classer les pi\u00e8ces comptables (factures, documents administratifs\u2026).<\/div>\n<\/li>\n<li>\n<div role=\"presentation\" class=\"elementToProof\"><span>Comptabilit\u00e9 fournisseurs<\/span>\u00a0: saisir et r\u00e9gler les factures, assurer le suivi et le lettrage des comptes fournisseurs.<\/div>\n<\/li>\n<li>\n<div role=\"presentation\" class=\"elementToProof\"><span>Comptabilit\u00e9 clients<\/span>\u00a0: suivre les comptes clients, g\u00e9rer la facturation, les encaissements et les relances.<\/div>\n<\/li>\n<li>\n<div role=\"presentation\" class=\"elementToProof\"><span>Tr\u00e9sorerie<\/span>\u00a0: r\u00e9aliser les rapprochements bancaires, suivre les mouvements de tr\u00e9sorerie et effectuer les remises en banque.<\/div>\n<\/li>\n<li>\n<div role=\"presentation\" class=\"elementToProof\"><span>D\u00e9clarations et reporting<\/span>\u00a0: participer \u00e0 l\u2019\u00e9tablissement des d\u00e9clarations sociales et fiscales ainsi qu\u2019au reporting financier.<\/div>\n<\/li>\n<li>\n<div role=\"presentation\" class=\"elementToProof\"><span>Qualit\u00e9 et proc\u00e9dures<\/span>\u00a0: veiller au respect des proc\u00e9dures internes et des r\u00e8gles comptables en vigueur.<\/div>\n<\/li>\n<\/ul>\n<div class=\"elementToProof\"><\/div>\n<div class=\"elementToProof\"><span>Le profil que nous recherchons :<\/span><\/div>\n<div class=\"elementToProof\">Issu\u00b7e d\u2019une formation <span>Bac Pro \u00e0 Bac+2 en comptabilit\u00e9 \/ gestion<\/span>, vous disposez de bonnes bases comptables et d\u2019une premi\u00e8re exp\u00e9rience dans un poste similaire.<\/div>\n<div class=\"elementToProof\">Vous vous distinguez par :<\/div>\n<ul>\n<li>\n<div role=\"presentation\" class=\"elementToProof\">Vos solides connaissances en comptabilit\u00e9,<\/div>\n<\/li>\n<li>\n<div role=\"presentation\" class=\"elementToProof\">Votre ma\u00eetrise des outils bureautiques,<\/div>\n<\/li>\n<li>\n<div role=\"presentation\" class=\"elementToProof\">Votre rigueur et votre sens de l\u2019organisation,<\/div>\n<\/li>\n<li>\n<div role=\"presentation\" class=\"elementToProof\">Votre esprit d\u2019analyse et de synth\u00e8se,<\/div>\n<\/li>\n<li>\n<div role=\"presentation\" class=\"elementToProof\">Votre autonomie et votre polyvalence<\/div>\n<\/li>\n<\/ul>\n<div><\/div>\n<div class=\"elementToProof\"><span>Pourquoi nous rejoindre ?<\/span><\/div>\n<div class=\"elementToProof\">Int\u00e9grer le Groupe Caill\u00e9, c\u2019est rejoindre un acteur majeur de l\u2019\u00e9conomie r\u00e9unionnaise et mahoraise, solidement ancr\u00e9 dans des secteurs vari\u00e9s : l\u2019automobile, la grande distribution, et la restauration.<br \/>Un groupe reconnu pour son dynamisme, ses valeurs humaines et sa volont\u00e9 d\u2019offrir \u00e0 chacun un environnement de travail stimulant et \u00e9volutif.<\/div>\n<div class=\"elementToProof\">Le Groupe Caill\u00e9 est un employeur garantissant l\u2019\u00e9galit\u00e9 des chances et valorisant la diversit\u00e9 au sein de ses \u00e9quipes.<\/div>\n<div>\n<\/div>\n<div class=\"elementToProof\">Le Groupe Caill\u00e9 est un employeur garantissant l\u2019\u00e9galit\u00e9 des chances et valorisant la diversit\u00e9 au sein de ses \u00e9quipes.<\/div>\n<div class=\"elementToProof\"><\/div>\n<div class=\"elementToProof\"><span>Adresse de recrutement : <a href=\"mailto:job-ref-g1sy3z35pr@emploi.beetween.com\">job-ref-g1sy3z35pr@emploi.beetween.com<\/a>\u00a0<\/span><\/div>\n<\/div>\n<\/div>\n<\/div>\n<\/div>[\/et_pb_text][\/et_pb_column][\/et_pb_row][et_pb_row _builder_version=\u00a0\u00bb4.16&Prime; _module_preset=\u00a0\u00bbdefault\u00a0\u00bb global_colors_info=\u00a0\u00bb{}\u00a0\u00bb theme_builder_area=\u00a0\u00bbpost_content\u00a0\u00bb][et_pb_column type=\u00a0\u00bb4_4&Prime; _builder_version=\u00a0\u00bb4.16&Prime; _module_preset=\u00a0\u00bbdefault\u00a0\u00bb global_colors_info=\u00a0\u00bb{}\u00a0\u00bb theme_builder_area=\u00a0\u00bbpost_content\u00a0\u00bb][et_pb_button button_url=\u00a0\u00bbmailto:job-ref-g1sy3z35pr@emploi.beetween.com \u00a0\u00bb button_text=\u00a0\u00bbPOSTULEZ ICI\u00a0\u00bb _builder_version=\u00a0\u00bb4.20.2&Prime; _module_preset=\u00a0\u00bbdefault\u00a0\u00bb custom_button=\u00a0\u00bbon\u00a0\u00bb button_text_color=\u00a0\u00bb#ffffff\u00a0\u00bb button_bg_color=\u00a0\u00bb#a4326b\u00a0\u00bb button_border_width=\u00a0\u00bb0px\u00a0\u00bb button_icon=\u00a0\u00bb&#x6c;||divi||400&Prime; button_icon_placement=\u00a0\u00bbleft\u00a0\u00bb hover_enabled=\u00a0\u00bb0&Prime; global_colors_info=\u00a0\u00bb{}\u00a0\u00bb theme_builder_area=\u00a0\u00bbpost_content\u00a0\u00bb sticky_enabled=\u00a0\u00bb0&Prime;][\/et_pb_button][\/et_pb_column][\/et_pb_row][et_pb_row _builder_version=\u00a0\u00bb4.16&Prime; _module_preset=\u00a0\u00bbdefault\u00a0\u00bb global_colors_info=\u00a0\u00bb{}\u00a0\u00bb theme_builder_area=\u00a0\u00bbpost_content\u00a0\u00bb][et_pb_column type=\u00a0\u00bb4_4&Prime; _builder_version=\u00a0\u00bb4.16&Prime; _module_preset=\u00a0\u00bbdefault\u00a0\u00bb global_colors_info=\u00a0\u00bb{}\u00a0\u00bb theme_builder_area=\u00a0\u00bbpost_content\u00a0\u00bb][et_pb_button button_url=\u00a0\u00bb@ET-DC@eyJkeW5hbWljIjp0cnVlLCJjb250ZW50IjoicG9zdF9saW5rX3VybF9wYWdlIiwic2V0dGluZ3MiOnsicG9zdF9pZCI6IjExMTkifX0=@\u00a0\u00bb button_text=\u00a0\u00bbRETOUR AUX OFFRES\u00a0\u00bb _builder_version=\u00a0\u00bb4.16&Prime; _dynamic_attributes=\u00a0\u00bbbutton_url\u00a0\u00bb _module_preset=\u00a0\u00bbdefault\u00a0\u00bb custom_button=\u00a0\u00bbon\u00a0\u00bb button_text_color=\u00a0\u00bb#ffffff\u00a0\u00bb button_bg_color=\u00a0\u00bb#a4326b\u00a0\u00bb button_border_width=\u00a0\u00bb0px\u00a0\u00bb button_icon=\u00a0\u00bb&#x34;||divi||400&Prime; button_icon_placement=\u00a0\u00bbleft\u00a0\u00bb global_colors_info=\u00a0\u00bb{}\u00a0\u00bb theme_builder_area=\u00a0\u00bbpost_content\u00a0\u00bb][\/et_pb_button][\/et_pb_column][\/et_pb_row][\/et_pb_section]\n","protected":false},"excerpt":{"rendered":"<p>COMPTABLE (CDD) H\/FPEUGEOT LE PORT La branche automobile du Groupe Caill\u00e9 recrute un.e Comptable en CDD, pour son site du Port ! Rattach\u00e9.e au service comptabilit\u00e9, vous intervenez sur l\u2019ensemble des op\u00e9rations comptables courantes et participez au bon suivi financier de l\u2019activit\u00e9. Vous \u00e9voluerez dans un environnement structur\u00e9, o\u00f9 rigueur, fiabilit\u00e9 et sens de l\u2019organisation [&hellip;]<\/p>\n","protected":false},"author":21,"featured_media":0,"parent":0,"menu_order":0,"comment_status":"closed","ping_status":"closed","template":"page-template-blank.php","meta":{"_et_pb_use_builder":"on","_et_pb_old_content":"","_et_gb_content_width":""},"_links":{"self":[{"href":"https:\/\/groupecaille.com\/index.php\/wp-json\/wp\/v2\/pages\/9267"}],"collection":[{"href":"https:\/\/groupecaille.com\/index.php\/wp-json\/wp\/v2\/pages"}],"about":[{"href":"https:\/\/groupecaille.com\/index.php\/wp-json\/wp\/v2\/types\/page"}],"author":[{"embeddable":true,"href":"https:\/\/groupecaille.com\/index.php\/wp-json\/wp\/v2\/users\/21"}],"replies":[{"embeddable":true,"href":"https:\/\/groupecaille.com\/index.php\/wp-json\/wp\/v2\/comments?post=9267"}],"version-history":[{"count":3,"href":"https:\/\/groupecaille.com\/index.php\/wp-json\/wp\/v2\/pages\/9267\/revisions"}],"predecessor-version":[{"id":9270,"href":"https:\/\/groupecaille.com\/index.php\/wp-json\/wp\/v2\/pages\/9267\/revisions\/9270"}],"wp:attachment":[{"href":"https:\/\/groupecaille.com\/index.php\/wp-json\/wp\/v2\/media?parent=9267"}],"curies":[{"name":"wp","href":"https:\/\/api.w.org\/{rel}","templated":true}]}}