{"id":9262,"date":"2026-03-10T10:58:07","date_gmt":"2026-03-10T06:58:07","guid":{"rendered":"https:\/\/groupecaille.com\/?page_id=9262"},"modified":"2026-03-10T10:58:07","modified_gmt":"2026-03-10T06:58:07","slug":"equipier-e-commercial-cash-oi-saint-pierre","status":"publish","type":"page","link":"https:\/\/groupecaille.com\/index.php\/equipier-e-commercial-cash-oi-saint-pierre\/","title":{"rendered":"<strong>EQUIPIER.E COMMERCIAL\u00a0 &#8211; CASH OI SAINT PIERRE<\/strong>"},"content":{"rendered":"<p>[et_pb_section fb_built=\u00a0\u00bb1&Prime; _builder_version=\u00a0\u00bb4.16&Prime; _module_preset=\u00a0\u00bbdefault\u00a0\u00bb min_height=\u00a0\u00bb947.4px\u00a0\u00bb da_disable_devices=\u00a0\u00bboff|off|off\u00a0\u00bb global_colors_info=\u00a0\u00bb{}\u00a0\u00bb theme_builder_area=\u00a0\u00bbpost_content\u00a0\u00bb da_is_popup=\u00a0\u00bboff\u00a0\u00bb da_exit_intent=\u00a0\u00bboff\u00a0\u00bb da_has_close=\u00a0\u00bbon\u00a0\u00bb da_alt_close=\u00a0\u00bboff\u00a0\u00bb da_dark_close=\u00a0\u00bboff\u00a0\u00bb da_not_modal=\u00a0\u00bbon\u00a0\u00bb da_is_singular=\u00a0\u00bboff\u00a0\u00bb da_with_loader=\u00a0\u00bboff\u00a0\u00bb da_has_shadow=\u00a0\u00bbon\u00a0\u00bb][et_pb_row _builder_version=\u00a0\u00bb4.16&Prime; _module_preset=\u00a0\u00bbdefault\u00a0\u00bb background_color=\u00a0\u00bb#a4326b\u00a0\u00bb global_colors_info=\u00a0\u00bb{}\u00a0\u00bb theme_builder_area=\u00a0\u00bbpost_content\u00a0\u00bb][et_pb_column type=\u00a0\u00bb4_4&Prime; _builder_version=\u00a0\u00bb4.16&Prime; _module_preset=\u00a0\u00bbdefault\u00a0\u00bb global_colors_info=\u00a0\u00bb{}\u00a0\u00bb theme_builder_area=\u00a0\u00bbpost_content\u00a0\u00bb][et_pb_text _builder_version=\u00a0\u00bb4.20.2&Prime; _module_preset=\u00a0\u00bbdefault\u00a0\u00bb header_font=\u00a0\u00bb|||on|||||\u00a0\u00bb header_text_align=\u00a0\u00bbcenter\u00a0\u00bb header_text_color=\u00a0\u00bb#ffffff\u00a0\u00bb header_2_text_align=\u00a0\u00bbcenter\u00a0\u00bb header_2_text_color=\u00a0\u00bb#FFFFFF\u00a0\u00bb header_2_font_size=\u00a0\u00bb24px\u00a0\u00bb hover_enabled=\u00a0\u00bb0&Prime; global_colors_info=\u00a0\u00bb{}\u00a0\u00bb theme_builder_area=\u00a0\u00bbpost_content\u00a0\u00bb sticky_enabled=\u00a0\u00bb0&Prime;]<\/p>\n<div class=\"page\" title=\"Page 1\">\n<div class=\"section\">\n<div class=\"layoutArea\">\n<div class=\"column\">\n<h2><b>EQUIPIER COMMERCIAL<\/b><\/h2>\n<h2>CASH OI SAINT-PIERRE<\/h2>\n<\/div>\n<\/div>\n<\/div>\n<\/div>\n<p>[\/et_pb_text][\/et_pb_column][\/et_pb_row][et_pb_row _builder_version=\u00a0\u00bb4.20.2&Prime; _module_preset=\u00a0\u00bbdefault\u00a0\u00bb global_colors_info=\u00a0\u00bb{}\u00a0\u00bb theme_builder_area=\u00a0\u00bbpost_content\u00a0\u00bb][et_pb_column type=\u00a0\u00bb4_4&Prime; _builder_version=\u00a0\u00bb4.16&Prime; _module_preset=\u00a0\u00bbdefault\u00a0\u00bb global_colors_info=\u00a0\u00bb{}\u00a0\u00bb theme_builder_area=\u00a0\u00bbpost_content\u00a0\u00bb][et_pb_text _builder_version=\u00a0\u00bb4.20.2&Prime; _module_preset=\u00a0\u00bbdefault\u00a0\u00bb background_enable_image=\u00a0\u00bboff\u00a0\u00bb background_size=\u00a0\u00bbcustom\u00a0\u00bb background_image_width=\u00a0\u00bb15%\u00a0\u00bb background_position=\u00a0\u00bbtop_right\u00a0\u00bb min_height=\u00a0\u00bb509.8px\u00a0\u00bb custom_margin=\u00a0\u00bb||0px||false|false\u00a0\u00bb custom_padding=\u00a0\u00bb38px||0px||false|false\u00a0\u00bb hover_enabled=\u00a0\u00bb0&Prime; global_colors_info=\u00a0\u00bb{}\u00a0\u00bb theme_builder_area=\u00a0\u00bbpost_content\u00a0\u00bb sticky_enabled=\u00a0\u00bb0&Prime;]<\/p>\n<div class=\"elementToProof\">\n<div class=\"elementToProof\">\n<div class=\"elementToProof\">\n<div class=\"elementToProof\">\n<div class=\"elementToProof\">\n<div class=\"elementToProof\">\n<div class=\"elementToProof\">\n<div class=\"elementToProof\">\n<div class=\"elementToProof\">\n<div class=\"elementToProof\">\n<div class=\"elementToProof\">\n<div class=\"elementToProof\">\n<div class=\"elementToProof\">\n<div class=\"elementToProof\">\n<div class=\"elementToProof\">\n<div class=\"elementToProof\">\n<div class=\"elementToProof\">\n<div class=\"elementToProof\">\n<div class=\"x_elementToProof\">\n<div class=\"elementToProof\">\n<div class=\"elementToProof\">\n<div class=\"elementToProof\">\n<div class=\"elementToProof\">\n<div class=\"elementToProof\">\n<div class=\"elementToProof\">\n<div class=\"elementToProof\">\n<div class=\"elementToProof\">La branche\u00a0<span>Grande Distribution<\/span>\u00a0du Groupe Caill\u00e9 recrute\u00a0<span>un.e Equipier.\u00e8re Commercial<\/span>\u00a0(en CDD) pour CASH OI Saint Pierre.<\/div>\n<div class=\"elementToProof\">Chez CASH OI, nous nous engageons \u00e0 offrir aux professionnels une exp\u00e9rience d\u2019achat rapide, efficace et adapt\u00e9e \u00e0 leurs besoins.<\/div>\n<div class=\"elementToProof\">Notre point de vente est organis\u00e9 pour r\u00e9pondre aux exigences d\u2019une client\u00e8le BtoB, dans un univers \u00e0 flux tendus, r\u00e9actif et op\u00e9rationnel.<\/div>\n<div class=\"elementToProof\">Nous recherchons\u00a0<span>un.e \u00c9quipier.\u00e8re Commercial<\/span> polyvalent.e, rigoureux.se et impliqu\u00e9.e, pour contribuer \u00e0 la bonne tenue de notre point de vente et \u00e0 la satisfaction de nos clients professionnels.<\/div>\n<div class=\"elementToProof\"><span>Votre mission principale ?<\/span><\/div>\n<div class=\"elementToProof\">Contribuer \u00e0 la fluidit\u00e9 des op\u00e9rations commerciales, en garantissant la disponibilit\u00e9 des produits, une pr\u00e9sentation soign\u00e9e des rayons et un passage en caisse efficace.<\/div>\n<div class=\"elementToProof\">Vous interviendrez notamment sur :<\/div>\n<ul>\n<li>\n<div role=\"presentation\" class=\"elementToProof\">La r\u00e9ception des marchandises et la mise en rayon dans le respect des proc\u00e9dures,<\/div>\n<\/li>\n<li>\n<div role=\"presentation\" class=\"elementToProof\">La rotation des stocks, la conformit\u00e9 des dates (DLC, DLUO) et le retrait des produits non conformes,<\/div>\n<\/li>\n<li>\n<div role=\"presentation\" class=\"elementToProof\">Le balisage rigoureux et l\u2019affichage des prix, conform\u00e9ment \u00e0 la r\u00e9glementation,<\/div>\n<\/li>\n<li>\n<div role=\"presentation\" class=\"elementToProof\">L\u2019entretien et l\u2019hygi\u00e8ne de votre poste de travail (rayon et zone de caisse),<\/div>\n<\/li>\n<li>\n<div role=\"presentation\" class=\"elementToProof\">La facturation rapide et fiable lors du passage en caisse,<\/div>\n<\/li>\n<li>\n<div role=\"presentation\" class=\"elementToProof\">La pr\u00e9paration des commandes Drive et le renseignement client (disponibilit\u00e9, qualit\u00e9, emplacement\u2026),<\/div>\n<\/li>\n<li>\n<div role=\"presentation\" class=\"elementToProof\">Et plus largement, la participation \u00e0 la bonne organisation de l\u2019activit\u00e9 du point de vente.<\/div>\n<\/li>\n<\/ul>\n<div class=\"elementToProof\"><span>Le profil que nous recherchons :<\/span><\/div>\n<div class=\"elementToProof\">Professionne.le polyvalent.e et op\u00e9rationnel.le, vous aimez le terrain, le rythme et le travail bien fait.<\/div>\n<div class=\"elementToProof\">Vous vous distinguerez par\u00a0:<\/div>\n<ul>\n<li>\n<div role=\"presentation\" class=\"elementToProof\">Votre aisance dans la manipulation de charges (CACES 1, 3 et R485 Gerbeur exig\u00e9s),<\/div>\n<\/li>\n<li>\n<div role=\"presentation\" class=\"elementToProof\">Votre sens du service, votre politesse et votre r\u00e9activit\u00e9 face aux clients,<\/div>\n<\/li>\n<li>\n<div role=\"presentation\" class=\"elementToProof\">Votre capacit\u00e9 \u00e0 travailler en \u00e9quipe et \u00e0 garder une attitude constructive, m\u00eame sous pression,<\/div>\n<\/li>\n<li>\n<div role=\"presentation\" class=\"elementToProof\">Votre fiabilit\u00e9, votre rigueur et votre implication au quotidien.<\/div>\n<\/li>\n<\/ul>\n<div class=\"elementToProof\">Une premi\u00e8re exp\u00e9rience dans un environnement cash &amp; carry ou logistique est un plus appr\u00e9ci\u00e9.<\/div>\n<div class=\"elementToProof\"><span>Pourquoi nous rejoindre ?<\/span><\/div>\n<div class=\"elementToProof\">Int\u00e9grer\u00a0<span>le Groupe Caill\u00e9<\/span>, c\u2019est rejoindre\u00a0<span>un acteur majeur de l\u2019\u00e9conomie r\u00e9unionnaise<\/span>, solidement ancr\u00e9 dans des secteurs vari\u00e9s :\u00a0<span>l\u2019automobile<\/span>,\u00a0<span>la grande distribution<\/span>, et\u00a0<span>la restauration<\/span>.<br \/>Un groupe reconnu pour son dynamisme, ses valeurs humaines et sa volont\u00e9 d\u2019offrir \u00e0 chacun un environnement de travail stimulant et \u00e9volutif.<\/div>\n<div class=\"elementToProof\">Le Groupe Caill\u00e9 est un employeur garantissant l\u2019\u00e9galit\u00e9 des chances et valorisant la diversit\u00e9 au sein de ses \u00e9quipes.<\/div>\n<div class=\"elementToProof\"><b>Adresse de recrutement <\/b>: <a href=\"mailto:job-ref-kqpwt5min4@emploi.beetween.com\">job-ref-kqpwt5min4@emploi.beetween.com<\/a>\u00a0<\/div>\n<\/div>\n<\/div>\n<\/div>\n<\/div>\n<\/div>\n<\/div>\n<\/div>\n<\/div>\n<\/div>\n<\/div>\n<\/div>\n<\/div>\n<\/div>\n<\/div>\n<\/div>\n<\/div>\n<\/div>\n<\/div>\n<\/div>\n<\/div>\n<\/div>\n<\/div>\n<\/div>\n<\/div>\n<\/div>\n<\/div>\n<p>[\/et_pb_text][\/et_pb_column][\/et_pb_row][et_pb_row _builder_version=\u00a0\u00bb4.16&Prime; _module_preset=\u00a0\u00bbdefault\u00a0\u00bb global_colors_info=\u00a0\u00bb{}\u00a0\u00bb theme_builder_area=\u00a0\u00bbpost_content\u00a0\u00bb][et_pb_column type=\u00a0\u00bb4_4&Prime; _builder_version=\u00a0\u00bb4.16&Prime; _module_preset=\u00a0\u00bbdefault\u00a0\u00bb global_colors_info=\u00a0\u00bb{}\u00a0\u00bb theme_builder_area=\u00a0\u00bbpost_content\u00a0\u00bb][et_pb_button button_url=\u00a0\u00bbmailto:job-ref-kqpwt5min4@emploi.beetween.com\u00a0\u00a0\u00bb button_text=\u00a0\u00bbPOSTULEZ ICI\u00a0\u00bb _builder_version=\u00a0\u00bb4.20.2&Prime; _module_preset=\u00a0\u00bbdefault\u00a0\u00bb custom_button=\u00a0\u00bbon\u00a0\u00bb button_text_color=\u00a0\u00bb#ffffff\u00a0\u00bb button_bg_color=\u00a0\u00bb#a4326b\u00a0\u00bb button_border_width=\u00a0\u00bb0px\u00a0\u00bb button_icon=\u00a0\u00bb&#x6c;||divi||400&Prime; button_icon_placement=\u00a0\u00bbleft\u00a0\u00bb hover_enabled=\u00a0\u00bb0&Prime; global_colors_info=\u00a0\u00bb{}\u00a0\u00bb theme_builder_area=\u00a0\u00bbpost_content\u00a0\u00bb sticky_enabled=\u00a0\u00bb0&Prime;][\/et_pb_button][\/et_pb_column][\/et_pb_row][et_pb_row _builder_version=\u00a0\u00bb4.16&Prime; _module_preset=\u00a0\u00bbdefault\u00a0\u00bb global_colors_info=\u00a0\u00bb{}\u00a0\u00bb theme_builder_area=\u00a0\u00bbpost_content\u00a0\u00bb][et_pb_column type=\u00a0\u00bb4_4&Prime; _builder_version=\u00a0\u00bb4.16&Prime; _module_preset=\u00a0\u00bbdefault\u00a0\u00bb global_colors_info=\u00a0\u00bb{}\u00a0\u00bb theme_builder_area=\u00a0\u00bbpost_content\u00a0\u00bb][et_pb_button button_url=\u00a0\u00bb@ET-DC@eyJkeW5hbWljIjp0cnVlLCJjb250ZW50IjoicG9zdF9saW5rX3VybF9wYWdlIiwic2V0dGluZ3MiOnsicG9zdF9pZCI6IjExMTkifX0=@\u00a0\u00bb button_text=\u00a0\u00bbRETOUR AUX OFFRES\u00a0\u00bb _builder_version=\u00a0\u00bb4.16&Prime; _dynamic_attributes=\u00a0\u00bbbutton_url\u00a0\u00bb _module_preset=\u00a0\u00bbdefault\u00a0\u00bb custom_button=\u00a0\u00bbon\u00a0\u00bb button_text_color=\u00a0\u00bb#ffffff\u00a0\u00bb button_bg_color=\u00a0\u00bb#a4326b\u00a0\u00bb button_border_width=\u00a0\u00bb0px\u00a0\u00bb button_icon=\u00a0\u00bb&#x34;||divi||400&Prime; button_icon_placement=\u00a0\u00bbleft\u00a0\u00bb global_colors_info=\u00a0\u00bb{}\u00a0\u00bb theme_builder_area=\u00a0\u00bbpost_content\u00a0\u00bb][\/et_pb_button][\/et_pb_column][\/et_pb_row][\/et_pb_section]<\/p>\n","protected":false},"excerpt":{"rendered":"<p>EQUIPIER COMMERCIAL CASH OI SAINT-PIERRE La branche\u00a0Grande Distribution\u00a0du Groupe Caill\u00e9 recrute\u00a0un.e Equipier.\u00e8re Commercial\u00a0(en CDD) pour CASH OI Saint Pierre. Chez CASH OI, nous nous engageons \u00e0 offrir aux professionnels une exp\u00e9rience d\u2019achat rapide, efficace et adapt\u00e9e \u00e0 leurs besoins. Notre point de vente est organis\u00e9 pour r\u00e9pondre aux exigences d\u2019une client\u00e8le BtoB, dans un univers [&hellip;]<\/p>\n","protected":false},"author":21,"featured_media":0,"parent":0,"menu_order":0,"comment_status":"closed","ping_status":"closed","template":"page-template-blank.php","meta":{"_et_pb_use_builder":"on","_et_pb_old_content":"","_et_gb_content_width":""},"_links":{"self":[{"href":"https:\/\/groupecaille.com\/index.php\/wp-json\/wp\/v2\/pages\/9262"}],"collection":[{"href":"https:\/\/groupecaille.com\/index.php\/wp-json\/wp\/v2\/pages"}],"about":[{"href":"https:\/\/groupecaille.com\/index.php\/wp-json\/wp\/v2\/types\/page"}],"author":[{"embeddable":true,"href":"https:\/\/groupecaille.com\/index.php\/wp-json\/wp\/v2\/users\/21"}],"replies":[{"embeddable":true,"href":"https:\/\/groupecaille.com\/index.php\/wp-json\/wp\/v2\/comments?post=9262"}],"version-history":[{"count":2,"href":"https:\/\/groupecaille.com\/index.php\/wp-json\/wp\/v2\/pages\/9262\/revisions"}],"predecessor-version":[{"id":9264,"href":"https:\/\/groupecaille.com\/index.php\/wp-json\/wp\/v2\/pages\/9262\/revisions\/9264"}],"wp:attachment":[{"href":"https:\/\/groupecaille.com\/index.php\/wp-json\/wp\/v2\/media?parent=9262"}],"curies":[{"name":"wp","href":"https:\/\/api.w.org\/{rel}","templated":true}]}}