{"id":9232,"date":"2026-03-04T11:13:54","date_gmt":"2026-03-04T07:13:54","guid":{"rendered":"https:\/\/groupecaille.com\/?page_id=9232"},"modified":"2026-03-04T11:14:00","modified_gmt":"2026-03-04T07:14:00","slug":"04-mars-vendeur-se-automobile-vehicules-neufs-peugeot-saint-pierre","status":"publish","type":"page","link":"https:\/\/groupecaille.com\/index.php\/04-mars-vendeur-se-automobile-vehicules-neufs-peugeot-saint-pierre\/","title":{"rendered":"04 Mrs &#8211; VENDEUR.SE AUTOMOBILE VEHICULES NEUFS\u00a0 &#8211; PEUGEOT SAINT PIERRE"},"content":{"rendered":"\n[et_pb_section fb_built=\u00a0\u00bb1&Prime; _builder_version=\u00a0\u00bb4.16&Prime; _module_preset=\u00a0\u00bbdefault\u00a0\u00bb min_height=\u00a0\u00bb947.4px\u00a0\u00bb da_disable_devices=\u00a0\u00bboff|off|off\u00a0\u00bb global_colors_info=\u00a0\u00bb{}\u00a0\u00bb theme_builder_area=\u00a0\u00bbpost_content\u00a0\u00bb da_is_popup=\u00a0\u00bboff\u00a0\u00bb da_exit_intent=\u00a0\u00bboff\u00a0\u00bb da_has_close=\u00a0\u00bbon\u00a0\u00bb da_alt_close=\u00a0\u00bboff\u00a0\u00bb da_dark_close=\u00a0\u00bboff\u00a0\u00bb da_not_modal=\u00a0\u00bbon\u00a0\u00bb da_is_singular=\u00a0\u00bboff\u00a0\u00bb da_with_loader=\u00a0\u00bboff\u00a0\u00bb da_has_shadow=\u00a0\u00bbon\u00a0\u00bb][et_pb_row _builder_version=\u00a0\u00bb4.16&Prime; _module_preset=\u00a0\u00bbdefault\u00a0\u00bb background_color=\u00a0\u00bb#a4326b\u00a0\u00bb global_colors_info=\u00a0\u00bb{}\u00a0\u00bb theme_builder_area=\u00a0\u00bbpost_content\u00a0\u00bb][et_pb_column type=\u00a0\u00bb4_4&Prime; _builder_version=\u00a0\u00bb4.16&Prime; _module_preset=\u00a0\u00bbdefault\u00a0\u00bb global_colors_info=\u00a0\u00bb{}\u00a0\u00bb theme_builder_area=\u00a0\u00bbpost_content\u00a0\u00bb][et_pb_text _builder_version=\u00a0\u00bb4.20.2&Prime; _module_preset=\u00a0\u00bbdefault\u00a0\u00bb header_font=\u00a0\u00bb|||on|||||\u00a0\u00bb header_text_align=\u00a0\u00bbcenter\u00a0\u00bb header_text_color=\u00a0\u00bb#ffffff\u00a0\u00bb header_2_text_align=\u00a0\u00bbcenter\u00a0\u00bb header_2_text_color=\u00a0\u00bb#FFFFFF\u00a0\u00bb header_2_font_size=\u00a0\u00bb24px\u00a0\u00bb hover_enabled=\u00a0\u00bb0&Prime; global_colors_info=\u00a0\u00bb{}\u00a0\u00bb theme_builder_area=\u00a0\u00bbpost_content\u00a0\u00bb sticky_enabled=\u00a0\u00bb0&Prime;]<div class=\"page\" title=\"Page 1\">\n<div class=\"section\">\n<div class=\"layoutArea\">\n<div class=\"column\">\n<h2><b>VENDEUR.SE AUTOMOBILE V\u00c9HICULES NEUFS<br \/><\/b>PEUGEOT SAINT PIERRE<\/h2>\n<\/div>\n<\/div>\n<\/div>\n<\/div>[\/et_pb_text][\/et_pb_column][\/et_pb_row][et_pb_row _builder_version=\u00a0\u00bb4.20.2&Prime; _module_preset=\u00a0\u00bbdefault\u00a0\u00bb global_colors_info=\u00a0\u00bb{}\u00a0\u00bb theme_builder_area=\u00a0\u00bbpost_content\u00a0\u00bb][et_pb_column type=\u00a0\u00bb4_4&Prime; _builder_version=\u00a0\u00bb4.16&Prime; _module_preset=\u00a0\u00bbdefault\u00a0\u00bb global_colors_info=\u00a0\u00bb{}\u00a0\u00bb theme_builder_area=\u00a0\u00bbpost_content\u00a0\u00bb][et_pb_text _builder_version=\u00a0\u00bb4.20.2&Prime; _module_preset=\u00a0\u00bbdefault\u00a0\u00bb background_enable_image=\u00a0\u00bboff\u00a0\u00bb background_size=\u00a0\u00bbcustom\u00a0\u00bb background_image_width=\u00a0\u00bb15%\u00a0\u00bb background_position=\u00a0\u00bbtop_right\u00a0\u00bb min_height=\u00a0\u00bb509.8px\u00a0\u00bb custom_margin=\u00a0\u00bb||0px||false|false\u00a0\u00bb custom_padding=\u00a0\u00bb38px||0px||false|false\u00a0\u00bb hover_enabled=\u00a0\u00bb0&Prime; global_colors_info=\u00a0\u00bb{}\u00a0\u00bb theme_builder_area=\u00a0\u00bbpost_content\u00a0\u00bb sticky_enabled=\u00a0\u00bb0&Prime;]<div class=\"elementToProof\">\n<div class=\"elementToProof\">\n<div class=\"elementToProof\"><span>La branche automobile du Groupe Caill\u00e9 recrute un.e <\/span><span><a rel=\"nofollow noopener noreferrer\" class=\"OWAAutoLink\" id=\"OWA7dc85baa-efde-0f49-6c1b-91713cc1162a\" href=\"http:\/\/vendeur.se\/\">Vendeur.se<\/a><\/span><span>\u00a0Automobile V\u00e9hicules Neufs<\/span><span>\u00a0pour la concession <\/span><span>Peugeot Saint Pierre<\/span><span>\u00a0!<\/span><\/div>\n<div class=\"elementToProof\"><span>Nous recherchons un.e <\/span><span><a rel=\"nofollow noopener noreferrer\" class=\"OWAAutoLink\" id=\"OWA48a1459e-bd98-9696-607f-ae453e26fb59\" href=\"http:\/\/vendeur.se\/\">Vendeur.se<\/a><\/span><span>\u00a0Automobile V\u00e9hicules Neufs<\/span><span>\u00a0passionn\u00e9.e, dynamique et engag\u00e9.e, capable d\u2019allier <\/span><span>excellence relationnelle<\/span><span>\u00a0et <\/span><span>sens du r\u00e9sultat<\/span><span>, dans un univers o\u00f9 <\/span><span>chaque vente est une exp\u00e9rience \u00e0 part enti\u00e8re.<\/span><\/div>\n<div class=\"elementToProof\"><span>Votre mission principale ?<\/span><\/div>\n<div class=\"elementToProof\">V\u00e9ritable ambassadeur.rice de nos marques, vous mettrez le client au c\u0153ur de votre action.<br \/>Votre r\u00f4le est de construire une <span>relation de confiance<\/span>\u00a0durable, tout en contribuant activement \u00e0 la dynamique commerciale de la concession. En faisant vivre \u00e0 votre client, une exp\u00e9rience de vente exclusive et adapt\u00e9e \u00e0 ses besoins.<\/div>\n<div class=\"elementToProof\">Il vous appartiendra de\u00a0:<\/div>\n<ul>\n<li>\n<div role=\"presentation\" class=\"elementToProof\">Prospecter et fid\u00e9liser le portefeuille existant avec professionnalisme,<\/div>\n<\/li>\n<li>\n<div role=\"presentation\" class=\"elementToProof\">Pr\u00e9senter l\u2019ensemble de nos offres : v\u00e9hicules neufs, solutions de financement, produits p\u00e9riph\u00e9riques et services associ\u00e9s,<\/div>\n<\/li>\n<li>\n<div role=\"presentation\" class=\"elementToProof\">Accompagner vos clients tout au long du parcours d\u2019achat, y compris dans les d\u00e9marches administratives,<\/div>\n<\/li>\n<\/ul>\n<div class=\"elementToProof\"><\/div>\n<div class=\"elementToProof\"><span>Le profil que nous recherchons :<\/span><\/div>\n<div class=\"elementToProof\">Issu.e d\u2019une formation commerciale ou dot\u00e9.e d\u2019une premi\u00e8re exp\u00e9rience r\u00e9ussie dans la <span>vente automobile<\/span>\u00a0ou dans un environnement <span>orient\u00e9 client<\/span>, vous avez l\u2019\u00e2me d\u2019un.e conqu\u00e9rant.e commercial.e.<\/div>\n<div class=\"elementToProof\">Mais plus encore, vous vous distinguez par :<\/div>\n<ul>\n<li>\n<div role=\"presentation\" class=\"elementToProof\">Votre sens du contact, votre diplomatie et votre aisance relationnelle,<\/div>\n<\/li>\n<li>\n<div role=\"presentation\" class=\"elementToProof\">Votre rigueur, votre organisation et votre autonomie dans la gestion quotidienne de votre activit\u00e9,<\/div>\n<\/li>\n<li>\n<div role=\"presentation\" class=\"elementToProof\">Votre pers\u00e9v\u00e9rance, votre go\u00fbt du challenge et votre orientation r\u00e9sultats,<\/div>\n<\/li>\n<li>\n<div role=\"presentation\" class=\"elementToProof\">Votre capacit\u00e9 \u00e0 incarner la marque et \u00e0 proposer un service sur-mesure.<\/div>\n<\/li>\n<\/ul>\n<div class=\"elementToProof\"><span>Ce que nous vous offrons :<\/span><\/div>\n<ul>\n<li>\n<div role=\"presentation\" class=\"elementToProof\">Un package d\u2019avantages collectifs attractif<\/div>\n<\/li>\n<li>\n<div role=\"presentation\" class=\"elementToProof\">Une\u00a0r\u00e9mun\u00e9ration variable\u00a0qui valorisera vos performances<\/div>\n<\/li>\n<li>\n<div role=\"presentation\" class=\"elementToProof\">Des moyens sp\u00e9cifiques pour mener \u00e0 bien votre mission\u00a0tels que\u00a0: v\u00e9hicule de fonction, t\u00e9l\u00e9phone, ordinateur portable, etc.<\/div>\n<\/li>\n<li>\n<div role=\"presentation\" class=\"elementToProof\">Un environnement professionnel dynamique, structur\u00e9 et propice \u00e0 la mont\u00e9e en comp\u00e9tences.<\/div>\n<\/li>\n<\/ul>\n<div class=\"elementToProof\"><span>Pourquoi nous rejoindre ?<\/span><\/div>\n<div class=\"elementToProof\">Int\u00e9grer le Groupe Caill\u00e9, c\u2019est rejoindre un acteur majeur de l\u2019\u00e9conomie r\u00e9unionnaise, solidement ancr\u00e9 dans des secteurs vari\u00e9s : l\u2019automobile, la grande distribution, et la restauration. Un groupe reconnu pour son dynamisme, ses valeurs humaines et sa volont\u00e9 d\u2019offrir \u00e0 chacun un environnement de travail stimulant et \u00e9volutif.<\/div>\n<div class=\"elementToProof\">Le Groupe Caill\u00e9 est un employeur garantissant l\u2019\u00e9galit\u00e9 des chances et valorisant la diversit\u00e9 au sein de ses \u00e9quipes.<\/div>\n<div class=\"elementToProof\"><b>Adresse de recrutement :<\/b>\u00a0<a href=\"mailto:job-ref-d0rve34878@emploi.beetween.com\">job-ref-d0rve34878@emploi.beetween.com<\/a><\/div>\n<\/div>\n<\/div>[\/et_pb_text][\/et_pb_column][\/et_pb_row][et_pb_row _builder_version=\u00a0\u00bb4.16&Prime; _module_preset=\u00a0\u00bbdefault\u00a0\u00bb global_colors_info=\u00a0\u00bb{}\u00a0\u00bb theme_builder_area=\u00a0\u00bbpost_content\u00a0\u00bb][et_pb_column type=\u00a0\u00bb4_4&Prime; _builder_version=\u00a0\u00bb4.16&Prime; _module_preset=\u00a0\u00bbdefault\u00a0\u00bb global_colors_info=\u00a0\u00bb{}\u00a0\u00bb theme_builder_area=\u00a0\u00bbpost_content\u00a0\u00bb][et_pb_button button_url=\u00a0\u00bbmailto:job-ref-d0rve34878@emploi.beetween.com\u00a0\u00bb button_text=\u00a0\u00bbPOSTULEZ ICI\u00a0\u00bb _builder_version=\u00a0\u00bb4.20.2&Prime; _module_preset=\u00a0\u00bbdefault\u00a0\u00bb custom_button=\u00a0\u00bbon\u00a0\u00bb button_text_color=\u00a0\u00bb#ffffff\u00a0\u00bb button_bg_color=\u00a0\u00bb#a4326b\u00a0\u00bb button_border_width=\u00a0\u00bb0px\u00a0\u00bb button_icon=\u00a0\u00bb&#x6c;||divi||400&Prime; button_icon_placement=\u00a0\u00bbleft\u00a0\u00bb hover_enabled=\u00a0\u00bb0&Prime; global_colors_info=\u00a0\u00bb{}\u00a0\u00bb theme_builder_area=\u00a0\u00bbpost_content\u00a0\u00bb sticky_enabled=\u00a0\u00bb0&Prime;][\/et_pb_button][\/et_pb_column][\/et_pb_row][et_pb_row _builder_version=\u00a0\u00bb4.16&Prime; _module_preset=\u00a0\u00bbdefault\u00a0\u00bb global_colors_info=\u00a0\u00bb{}\u00a0\u00bb theme_builder_area=\u00a0\u00bbpost_content\u00a0\u00bb][et_pb_column type=\u00a0\u00bb4_4&Prime; _builder_version=\u00a0\u00bb4.16&Prime; _module_preset=\u00a0\u00bbdefault\u00a0\u00bb global_colors_info=\u00a0\u00bb{}\u00a0\u00bb theme_builder_area=\u00a0\u00bbpost_content\u00a0\u00bb][et_pb_button button_url=\u00a0\u00bb@ET-DC@eyJkeW5hbWljIjp0cnVlLCJjb250ZW50IjoicG9zdF9saW5rX3VybF9wYWdlIiwic2V0dGluZ3MiOnsicG9zdF9pZCI6IjExMTkifX0=@\u00a0\u00bb button_text=\u00a0\u00bbRETOUR AUX OFFRES\u00a0\u00bb _builder_version=\u00a0\u00bb4.16&Prime; _dynamic_attributes=\u00a0\u00bbbutton_url\u00a0\u00bb _module_preset=\u00a0\u00bbdefault\u00a0\u00bb custom_button=\u00a0\u00bbon\u00a0\u00bb button_text_color=\u00a0\u00bb#ffffff\u00a0\u00bb button_bg_color=\u00a0\u00bb#a4326b\u00a0\u00bb button_border_width=\u00a0\u00bb0px\u00a0\u00bb button_icon=\u00a0\u00bb&#x34;||divi||400&Prime; button_icon_placement=\u00a0\u00bbleft\u00a0\u00bb global_colors_info=\u00a0\u00bb{}\u00a0\u00bb theme_builder_area=\u00a0\u00bbpost_content\u00a0\u00bb][\/et_pb_button][\/et_pb_column][\/et_pb_row][\/et_pb_section]\n","protected":false},"excerpt":{"rendered":"<p>VENDEUR.SE AUTOMOBILE V\u00c9HICULES NEUFSPEUGEOT SAINT PIERRE La branche automobile du Groupe Caill\u00e9 recrute un.e Vendeur.se\u00a0Automobile V\u00e9hicules Neufs\u00a0pour la concession Peugeot Saint Pierre\u00a0! Nous recherchons un.e Vendeur.se\u00a0Automobile V\u00e9hicules Neufs\u00a0passionn\u00e9.e, dynamique et engag\u00e9.e, capable d\u2019allier excellence relationnelle\u00a0et sens du r\u00e9sultat, dans un univers o\u00f9 chaque vente est une exp\u00e9rience \u00e0 part enti\u00e8re. Votre mission principale ? V\u00e9ritable [&hellip;]<\/p>\n","protected":false},"author":21,"featured_media":0,"parent":0,"menu_order":0,"comment_status":"closed","ping_status":"closed","template":"page-template-blank.php","meta":{"_et_pb_use_builder":"on","_et_pb_old_content":"","_et_gb_content_width":""},"_links":{"self":[{"href":"https:\/\/groupecaille.com\/index.php\/wp-json\/wp\/v2\/pages\/9232"}],"collection":[{"href":"https:\/\/groupecaille.com\/index.php\/wp-json\/wp\/v2\/pages"}],"about":[{"href":"https:\/\/groupecaille.com\/index.php\/wp-json\/wp\/v2\/types\/page"}],"author":[{"embeddable":true,"href":"https:\/\/groupecaille.com\/index.php\/wp-json\/wp\/v2\/users\/21"}],"replies":[{"embeddable":true,"href":"https:\/\/groupecaille.com\/index.php\/wp-json\/wp\/v2\/comments?post=9232"}],"version-history":[{"count":4,"href":"https:\/\/groupecaille.com\/index.php\/wp-json\/wp\/v2\/pages\/9232\/revisions"}],"predecessor-version":[{"id":9250,"href":"https:\/\/groupecaille.com\/index.php\/wp-json\/wp\/v2\/pages\/9232\/revisions\/9250"}],"wp:attachment":[{"href":"https:\/\/groupecaille.com\/index.php\/wp-json\/wp\/v2\/media?parent=9232"}],"curies":[{"name":"wp","href":"https:\/\/api.w.org\/{rel}","templated":true}]}}