{"id":9213,"date":"2026-02-16T09:15:53","date_gmt":"2026-02-16T05:15:53","guid":{"rendered":"https:\/\/groupecaille.com\/?page_id=9213"},"modified":"2026-02-16T09:16:15","modified_gmt":"2026-02-16T05:16:15","slug":"10fev26-gestionnaire-garantie-operations-apres-vente-hf-porsche-sainte-clotilde","status":"publish","type":"page","link":"https:\/\/groupecaille.com\/index.php\/10fev26-gestionnaire-garantie-operations-apres-vente-hf-porsche-sainte-clotilde\/","title":{"rendered":"10Fev26- GESTIONNAIRE GARANTIE &#038; OPERATIONS APRES-VENTE HF\u00a0 &#8211; PORSCHE SAINTE CLOTILDE"},"content":{"rendered":"<p>[et_pb_section fb_built=\u00a0\u00bb1&Prime; _builder_version=\u00a0\u00bb4.16&Prime; _module_preset=\u00a0\u00bbdefault\u00a0\u00bb min_height=\u00a0\u00bb947.4px\u00a0\u00bb da_disable_devices=\u00a0\u00bboff|off|off\u00a0\u00bb global_colors_info=\u00a0\u00bb{}\u00a0\u00bb theme_builder_area=\u00a0\u00bbpost_content\u00a0\u00bb da_is_popup=\u00a0\u00bboff\u00a0\u00bb da_exit_intent=\u00a0\u00bboff\u00a0\u00bb da_has_close=\u00a0\u00bbon\u00a0\u00bb da_alt_close=\u00a0\u00bboff\u00a0\u00bb da_dark_close=\u00a0\u00bboff\u00a0\u00bb da_not_modal=\u00a0\u00bbon\u00a0\u00bb da_is_singular=\u00a0\u00bboff\u00a0\u00bb da_with_loader=\u00a0\u00bboff\u00a0\u00bb da_has_shadow=\u00a0\u00bbon\u00a0\u00bb][et_pb_row _builder_version=\u00a0\u00bb4.16&Prime; _module_preset=\u00a0\u00bbdefault\u00a0\u00bb background_color=\u00a0\u00bb#a4326b\u00a0\u00bb global_colors_info=\u00a0\u00bb{}\u00a0\u00bb theme_builder_area=\u00a0\u00bbpost_content\u00a0\u00bb][et_pb_column type=\u00a0\u00bb4_4&Prime; _builder_version=\u00a0\u00bb4.16&Prime; _module_preset=\u00a0\u00bbdefault\u00a0\u00bb global_colors_info=\u00a0\u00bb{}\u00a0\u00bb theme_builder_area=\u00a0\u00bbpost_content\u00a0\u00bb][et_pb_text _builder_version=\u00a0\u00bb4.20.2&Prime; _module_preset=\u00a0\u00bbdefault\u00a0\u00bb header_font=\u00a0\u00bb|||on|||||\u00a0\u00bb header_text_align=\u00a0\u00bbcenter\u00a0\u00bb header_text_color=\u00a0\u00bb#ffffff\u00a0\u00bb header_2_text_align=\u00a0\u00bbcenter\u00a0\u00bb header_2_text_color=\u00a0\u00bb#FFFFFF\u00a0\u00bb header_2_font_size=\u00a0\u00bb24px\u00a0\u00bb hover_enabled=\u00a0\u00bb0&Prime; global_colors_info=\u00a0\u00bb{}\u00a0\u00bb theme_builder_area=\u00a0\u00bbpost_content\u00a0\u00bb sticky_enabled=\u00a0\u00bb0&Prime;]<\/p>\n<div class=\"page\" title=\"Page 1\">\n<div class=\"section\">\n<div class=\"layoutArea\">\n<div class=\"column\">\n<h2><b>GESTIONNAIRE GARANTIE &amp; OPERATIONS APRES-VENTE H\/F <\/b><\/h2>\n<h2>PORSCHE SAINTE CLOTILDE<\/h2>\n<\/div>\n<\/div>\n<\/div>\n<\/div>\n<p>[\/et_pb_text][\/et_pb_column][\/et_pb_row][et_pb_row column_structure=\u00a0\u00bb1_2,1_2&Prime; _builder_version=\u00a0\u00bb4.20.2&Prime; _module_preset=\u00a0\u00bbdefault\u00a0\u00bb custom_padding=\u00a0\u00bb14px||0px||false|false\u00a0\u00bb global_colors_info=\u00a0\u00bb{}\u00a0\u00bb theme_builder_area=\u00a0\u00bbpost_content\u00a0\u00bb][et_pb_column type=\u00a0\u00bb1_2&Prime; _builder_version=\u00a0\u00bb4.20.2&Prime; _module_preset=\u00a0\u00bbdefault\u00a0\u00bb global_colors_info=\u00a0\u00bb{}\u00a0\u00bb theme_builder_area=\u00a0\u00bbpost_content\u00a0\u00bb][\/et_pb_column][et_pb_column type=\u00a0\u00bb1_2&Prime; _builder_version=\u00a0\u00bb4.20.2&Prime; _module_preset=\u00a0\u00bbdefault\u00a0\u00bb global_colors_info=\u00a0\u00bb{}\u00a0\u00bb theme_builder_area=\u00a0\u00bbpost_content\u00a0\u00bb][et_pb_image src=\u00a0\u00bbhttps:\/\/groupecaille.com\/wp-content\/uploads\/2026\/02\/459126536_855005140065502_2274229306725045822_n.jpg\u00a0\u00bb title_text=\u00a0\u00bb459126536_855005140065502_2274229306725045822_n\u00a0\u00bb align=\u00a0\u00bbright\u00a0\u00bb _builder_version=\u00a0\u00bb4.20.2&Prime; _module_preset=\u00a0\u00bbdefault\u00a0\u00bb width=\u00a0\u00bb34%\u00a0\u00bb global_colors_info=\u00a0\u00bb{}\u00a0\u00bb theme_builder_area=\u00a0\u00bbpost_content\u00a0\u00bb][\/et_pb_image][\/et_pb_column][\/et_pb_row][et_pb_row _builder_version=\u00a0\u00bb4.20.2&Prime; _module_preset=\u00a0\u00bbdefault\u00a0\u00bb global_colors_info=\u00a0\u00bb{}\u00a0\u00bb theme_builder_area=\u00a0\u00bbpost_content\u00a0\u00bb][et_pb_column type=\u00a0\u00bb4_4&Prime; _builder_version=\u00a0\u00bb4.16&Prime; _module_preset=\u00a0\u00bbdefault\u00a0\u00bb global_colors_info=\u00a0\u00bb{}\u00a0\u00bb theme_builder_area=\u00a0\u00bbpost_content\u00a0\u00bb][et_pb_text _builder_version=\u00a0\u00bb4.20.2&Prime; _module_preset=\u00a0\u00bbdefault\u00a0\u00bb background_enable_image=\u00a0\u00bboff\u00a0\u00bb background_size=\u00a0\u00bbcustom\u00a0\u00bb background_image_width=\u00a0\u00bb15%\u00a0\u00bb background_position=\u00a0\u00bbtop_right\u00a0\u00bb min_height=\u00a0\u00bb509.8px\u00a0\u00bb custom_margin=\u00a0\u00bb||0px||false|false\u00a0\u00bb custom_padding=\u00a0\u00bb38px||0px||false|false\u00a0\u00bb hover_enabled=\u00a0\u00bb0&Prime; global_colors_info=\u00a0\u00bb{}\u00a0\u00bb theme_builder_area=\u00a0\u00bbpost_content\u00a0\u00bb sticky_enabled=\u00a0\u00bb0&Prime;]<\/p>\n<div class=\"elementToProof\">La branche automobile du Groupe Caill\u00e9 recrute <b>un.e Gestionnaire Garantie &amp; Op\u00e9rations Apr\u00e8s-Vente<\/b>\u00a0pour sa concession <b>PORSCHE <\/b>Sainte Clotilde.<\/div>\n<div class=\"elementToProof\">Chez Porsche, rejoignez une marque embl\u00e9matique de l\u2019automobile, synonyme de performance, de pr\u00e9cision et de passion pour la conduite. Porsche allie innovation technologique, design iconique et excellence m\u00e9canique pour offrir des v\u00e9hicules d\u2019exception. Repr\u00e9senter la marque Porsche, c\u2019est \u00e9voluer dans un environnement stimulant o\u00f9 expertise, esprit d\u2019\u00e9quipe et exigence de qualit\u00e9 sont au c\u0153ur de chaque projet.<\/div>\n<div class=\"elementToProof\">C\u2019est dans cet esprit que nous recherchons <b>un.e Gestionnaire Garantie &amp; Op\u00e9rations Apr\u00e8s-Vente<\/b>, dont la rigueur et la polyvalence contribuent directement \u00e0 la fluidit\u00e9 du service Apr\u00e8s-Vente et \u00e0 une exp\u00e9rience client conforme \u00e0 nos standards de qualit\u00e9.<\/div>\n<div class=\"elementToProof\">En contribuant \u00e0 la fluidit\u00e9 du service apr\u00e8s-vente et \u00e0 la satisfaction de nos clients, il vous appartiendra de :<\/div>\n<ul>\n<li>\n<div role=\"presentation\" class=\"elementToProof\">Assurer la gestion des dossiers de garantie : saisie sur les portails constructeur, facturation, suivi des remboursements et analyse des \u00e9tats mensuels chiffr\u00e9s.<\/div>\n<\/li>\n<li>\n<div role=\"presentation\" class=\"elementToProof\">Veiller \u00e0 la bonne conformit\u00e9 des dossiers, traiter les anomalies, mettre en place les corrections n\u00e9cessaires avec les techniciens et le r\u00e9ceptionnaire APV, et mettre \u00e0 jour l\u2019ensemble de la documentation.<\/div>\n<\/li>\n<li>\n<div role=\"presentation\" class=\"elementToProof\">Prendre en charge le traitement des pi\u00e8ces endommag\u00e9es et veiller au respect des proc\u00e9dures qualit\u00e9.<\/div>\n<\/li>\n<li>\n<div role=\"presentation\" class=\"elementToProof\">Participer<span>\u00a0<\/span>activement au fonctionnement du magasin pi\u00e8ces : R\u00e9ception, stockage, pr\u00e9\u2011picking et pr\u00e9paration des commandes, r\u00e9alisation de devis clients et devis atelier, gestion des commandes fournisseurs et suivi des livraisons, contr\u00f4le des pi\u00e8ces re\u00e7ues, rangement et participation aux inventaires.<\/div>\n<\/li>\n<li>\n<div role=\"presentation\" class=\"elementToProof\">Renforcer ponctuellement l\u2019accueil ou la r\u00e9ception<span>\u00a0<\/span>: prise d\u2019appels, accueil client, aide \u00e0 la prise de rendez\u2011vous, appui \u00e0 la facturation, etc.<\/div>\n<\/li>\n<\/ul>\n<div class=\"elementToProof\"><b>\u00a0<\/b><\/div>\n<div class=\"elementToProof\"><span>Le profil que nous recherchons<\/span><\/div>\n<div class=\"elementToProof\">Issu.e d\u2019une formation Bac \u00e0 Bac+2\u00a0en logistique, apr\u00e8s-vente, magasinage, qualit\u00e9 ou gestion de garantie, vous justifiez id\u00e9alement d\u2019une premi\u00e8re exp\u00e9rience (1 \u00e0 2 ans)\u00a0dans un environnement apr\u00e8s-vente automobile, logistique ou magasin.<\/div>\n<div class=\"elementToProof\"><b>Vous vous distinguez par :<\/b><\/div>\n<ul>\n<li>\n<div role=\"presentation\" class=\"elementToProof\">Votre rigueur, votre sens de l\u2019organisation et votre autonomie<\/div>\n<\/li>\n<li>\n<div role=\"presentation\" class=\"elementToProof\">Votre aisance avec les outils informatiques et plateformes constructeurs<\/div>\n<\/li>\n<li>\n<div role=\"presentation\" class=\"elementToProof\">Votre capacit\u00e9 \u00e0 g\u00e9rer plusieurs t\u00e2ches simultan\u00e9ment<\/div>\n<\/li>\n<li>\n<div role=\"presentation\" class=\"elementToProof\">Votre esprit d\u2019\u00e9quipe et votre sens du service client<\/div>\n<\/li>\n<li>\n<div role=\"presentation\" class=\"elementToProof\">Votre bon relationnel et votre adaptabilit\u00e9<\/div>\n<\/li>\n<li>\n<div role=\"presentation\" class=\"elementToProof\">La ma\u00eetrise de l&rsquo;anglais constitue un atout appr\u00e9ci\u00e9<\/div>\n<\/li>\n<\/ul>\n<div class=\"elementToProof\"><b><br \/>\ud83d\udccc <\/b><span>Permis B indispensable<\/span><\/div>\n<div>\n<p><b><\/p>\n<p><\/b><\/div>\n<div class=\"elementToProof\"><span>Pourquoi nous rejoindre ?<\/span><\/div>\n<div class=\"elementToProof\">Int\u00e9grer le Groupe Caill\u00e9, c\u2019est rejoindre un acteur majeur de l\u2019\u00e9conomie r\u00e9unionnaise, solidement ancr\u00e9 dans des secteurs vari\u00e9s : l\u2019automobile, la grande distribution, et la restauration.<br \/>Un groupe reconnu pour son dynamisme, ses valeurs humaines et sa volont\u00e9 d\u2019offrir \u00e0 chacun un environnement de travail stimulant et \u00e9volutif.<\/div>\n<div class=\"elementToProof\">Le Groupe Caill\u00e9 est un employeur garantissant l\u2019\u00e9galit\u00e9 des chances et valorisant la diversit\u00e9 au sein de ses \u00e9quipes.<\/div>\n<div><b>\u00a0<\/b><\/div>\n<div class=\"elementToProof\"><span>Ce que nous vous offrons :<\/span><\/div>\n<ul>\n<li>\n<div role=\"presentation\" class=\"elementToProof\">Un package d&rsquo;avantages collectifs complet : titres restaurant, 13\u00e8me mois, int\u00e9ressement, etc.<\/div>\n<\/li>\n<li>\n<div role=\"presentation\" class=\"elementToProof\">Un environnement professionnel\u00a0stimulant\u00a0et\u00a0s\u00e9curis\u00e9<\/div>\n<\/li>\n<\/ul>\n<p>[\/et_pb_text][\/et_pb_column][\/et_pb_row][et_pb_row _builder_version=\u00a0\u00bb4.16&Prime; _module_preset=\u00a0\u00bbdefault\u00a0\u00bb global_colors_info=\u00a0\u00bb{}\u00a0\u00bb theme_builder_area=\u00a0\u00bbpost_content\u00a0\u00bb][et_pb_column type=\u00a0\u00bb4_4&Prime; _builder_version=\u00a0\u00bb4.16&Prime; _module_preset=\u00a0\u00bbdefault\u00a0\u00bb global_colors_info=\u00a0\u00bb{}\u00a0\u00bb theme_builder_area=\u00a0\u00bbpost_content\u00a0\u00bb][et_pb_button button_url=\u00a0\u00bbmailto:job-ref-w7p3firf98@emploi.beetween.com\u00a0\u00bb button_text=\u00a0\u00bbPOSTULEZ ICI\u00a0\u00bb _builder_version=\u00a0\u00bb4.20.2&Prime; _module_preset=\u00a0\u00bbdefault\u00a0\u00bb custom_button=\u00a0\u00bbon\u00a0\u00bb button_text_color=\u00a0\u00bb#ffffff\u00a0\u00bb button_bg_color=\u00a0\u00bb#a4326b\u00a0\u00bb button_border_width=\u00a0\u00bb0px\u00a0\u00bb button_icon=\u00a0\u00bb&#x6c;||divi||400&Prime; button_icon_placement=\u00a0\u00bbleft\u00a0\u00bb hover_enabled=\u00a0\u00bb0&Prime; global_colors_info=\u00a0\u00bb{}\u00a0\u00bb theme_builder_area=\u00a0\u00bbpost_content\u00a0\u00bb sticky_enabled=\u00a0\u00bb0&Prime;][\/et_pb_button][\/et_pb_column][\/et_pb_row][et_pb_row _builder_version=\u00a0\u00bb4.16&Prime; _module_preset=\u00a0\u00bbdefault\u00a0\u00bb global_colors_info=\u00a0\u00bb{}\u00a0\u00bb theme_builder_area=\u00a0\u00bbpost_content\u00a0\u00bb][et_pb_column type=\u00a0\u00bb4_4&Prime; _builder_version=\u00a0\u00bb4.16&Prime; _module_preset=\u00a0\u00bbdefault\u00a0\u00bb global_colors_info=\u00a0\u00bb{}\u00a0\u00bb theme_builder_area=\u00a0\u00bbpost_content\u00a0\u00bb][et_pb_button button_url=\u00a0\u00bb@ET-DC@eyJkeW5hbWljIjp0cnVlLCJjb250ZW50IjoicG9zdF9saW5rX3VybF9wYWdlIiwic2V0dGluZ3MiOnsicG9zdF9pZCI6IjExMTkifX0=@\u00a0\u00bb button_text=\u00a0\u00bbRETOUR AUX OFFRES\u00a0\u00bb _builder_version=\u00a0\u00bb4.16&Prime; _dynamic_attributes=\u00a0\u00bbbutton_url\u00a0\u00bb _module_preset=\u00a0\u00bbdefault\u00a0\u00bb custom_button=\u00a0\u00bbon\u00a0\u00bb button_text_color=\u00a0\u00bb#ffffff\u00a0\u00bb button_bg_color=\u00a0\u00bb#a4326b\u00a0\u00bb button_border_width=\u00a0\u00bb0px\u00a0\u00bb button_icon=\u00a0\u00bb&#x34;||divi||400&Prime; button_icon_placement=\u00a0\u00bbleft\u00a0\u00bb global_colors_info=\u00a0\u00bb{}\u00a0\u00bb theme_builder_area=\u00a0\u00bbpost_content\u00a0\u00bb][\/et_pb_button][\/et_pb_column][\/et_pb_row][\/et_pb_section]<\/p>\n","protected":false},"excerpt":{"rendered":"<p>GESTIONNAIRE GARANTIE &amp; OPERATIONS APRES-VENTE H\/F PORSCHE SAINTE CLOTILDE La branche automobile du Groupe Caill\u00e9 recrute un.e Gestionnaire Garantie &amp; Op\u00e9rations Apr\u00e8s-Vente\u00a0pour sa concession PORSCHE Sainte Clotilde. Chez Porsche, rejoignez une marque embl\u00e9matique de l\u2019automobile, synonyme de performance, de pr\u00e9cision et de passion pour la conduite. Porsche allie innovation technologique, design iconique et excellence m\u00e9canique [&hellip;]<\/p>\n","protected":false},"author":21,"featured_media":0,"parent":0,"menu_order":0,"comment_status":"closed","ping_status":"closed","template":"","meta":{"_et_pb_use_builder":"on","_et_pb_old_content":"","_et_gb_content_width":""},"_links":{"self":[{"href":"https:\/\/groupecaille.com\/index.php\/wp-json\/wp\/v2\/pages\/9213"}],"collection":[{"href":"https:\/\/groupecaille.com\/index.php\/wp-json\/wp\/v2\/pages"}],"about":[{"href":"https:\/\/groupecaille.com\/index.php\/wp-json\/wp\/v2\/types\/page"}],"author":[{"embeddable":true,"href":"https:\/\/groupecaille.com\/index.php\/wp-json\/wp\/v2\/users\/21"}],"replies":[{"embeddable":true,"href":"https:\/\/groupecaille.com\/index.php\/wp-json\/wp\/v2\/comments?post=9213"}],"version-history":[{"count":2,"href":"https:\/\/groupecaille.com\/index.php\/wp-json\/wp\/v2\/pages\/9213\/revisions"}],"predecessor-version":[{"id":9215,"href":"https:\/\/groupecaille.com\/index.php\/wp-json\/wp\/v2\/pages\/9213\/revisions\/9215"}],"wp:attachment":[{"href":"https:\/\/groupecaille.com\/index.php\/wp-json\/wp\/v2\/media?parent=9213"}],"curies":[{"name":"wp","href":"https:\/\/api.w.org\/{rel}","templated":true}]}}