{"id":9181,"date":"2026-02-06T15:21:24","date_gmt":"2026-02-06T11:21:24","guid":{"rendered":"https:\/\/groupecaille.com\/?page_id=9181"},"modified":"2026-02-06T15:21:24","modified_gmt":"2026-02-06T11:21:24","slug":"06fev26-mecanicienne-operateurrice-service-rapide-midas-chaudron","status":"publish","type":"page","link":"https:\/\/groupecaille.com\/index.php\/06fev26-mecanicienne-operateurrice-service-rapide-midas-chaudron\/","title":{"rendered":"06Fev26-MECANICIENNE &#8211; OPERATEURRICE SERVICE RAPIDE\u00a0&#8211; MIDAS CHAUDRON"},"content":{"rendered":"<p>[et_pb_section fb_built=\u00a0\u00bb1&Prime; _builder_version=\u00a0\u00bb4.16&Prime; _module_preset=\u00a0\u00bbdefault\u00a0\u00bb min_height=\u00a0\u00bb947.4px\u00a0\u00bb da_disable_devices=\u00a0\u00bboff|off|off\u00a0\u00bb global_colors_info=\u00a0\u00bb{}\u00a0\u00bb theme_builder_area=\u00a0\u00bbpost_content\u00a0\u00bb da_is_popup=\u00a0\u00bboff\u00a0\u00bb da_exit_intent=\u00a0\u00bboff\u00a0\u00bb da_has_close=\u00a0\u00bbon\u00a0\u00bb da_alt_close=\u00a0\u00bboff\u00a0\u00bb da_dark_close=\u00a0\u00bboff\u00a0\u00bb da_not_modal=\u00a0\u00bbon\u00a0\u00bb da_is_singular=\u00a0\u00bboff\u00a0\u00bb da_with_loader=\u00a0\u00bboff\u00a0\u00bb da_has_shadow=\u00a0\u00bbon\u00a0\u00bb][et_pb_row _builder_version=\u00a0\u00bb4.16&Prime; _module_preset=\u00a0\u00bbdefault\u00a0\u00bb background_color=\u00a0\u00bb#a4326b\u00a0\u00bb global_colors_info=\u00a0\u00bb{}\u00a0\u00bb theme_builder_area=\u00a0\u00bbpost_content\u00a0\u00bb][et_pb_column type=\u00a0\u00bb4_4&Prime; _builder_version=\u00a0\u00bb4.16&Prime; _module_preset=\u00a0\u00bbdefault\u00a0\u00bb global_colors_info=\u00a0\u00bb{}\u00a0\u00bb theme_builder_area=\u00a0\u00bbpost_content\u00a0\u00bb][et_pb_text _builder_version=\u00a0\u00bb4.20.2&Prime; _module_preset=\u00a0\u00bbdefault\u00a0\u00bb header_font=\u00a0\u00bb|||on|||||\u00a0\u00bb header_text_align=\u00a0\u00bbcenter\u00a0\u00bb header_text_color=\u00a0\u00bb#ffffff\u00a0\u00bb header_2_text_align=\u00a0\u00bbcenter\u00a0\u00bb header_2_text_color=\u00a0\u00bb#FFFFFF\u00a0\u00bb header_2_font_size=\u00a0\u00bb24px\u00a0\u00bb hover_enabled=\u00a0\u00bb0&Prime; global_colors_info=\u00a0\u00bb{}\u00a0\u00bb theme_builder_area=\u00a0\u00bbpost_content\u00a0\u00bb sticky_enabled=\u00a0\u00bb0&Prime;]<\/p>\n<div class=\"page\" title=\"Page 1\">\n<div class=\"section\">\n<div class=\"layoutArea\">\n<div class=\"column\">\n<h2><b>MECANICIEN.NE &#8211; OPERATEUR.RICE SERVICE RAPIDE<br \/><\/b>MIDAS CHAUDRON<\/h2>\n<\/div>\n<\/div>\n<\/div>\n<\/div>\n<p>[\/et_pb_text][\/et_pb_column][\/et_pb_row][et_pb_row column_structure=\u00a0\u00bb1_2,1_2&Prime; _builder_version=\u00a0\u00bb4.20.2&Prime; _module_preset=\u00a0\u00bbdefault\u00a0\u00bb custom_padding=\u00a0\u00bb14px||0px||false|false\u00a0\u00bb global_colors_info=\u00a0\u00bb{}\u00a0\u00bb theme_builder_area=\u00a0\u00bbpost_content\u00a0\u00bb][et_pb_column type=\u00a0\u00bb1_2&Prime; _builder_version=\u00a0\u00bb4.20.2&Prime; _module_preset=\u00a0\u00bbdefault\u00a0\u00bb global_colors_info=\u00a0\u00bb{}\u00a0\u00bb theme_builder_area=\u00a0\u00bbpost_content\u00a0\u00bb][\/et_pb_column][et_pb_column type=\u00a0\u00bb1_2&Prime; _builder_version=\u00a0\u00bb4.20.2&Prime; _module_preset=\u00a0\u00bbdefault\u00a0\u00bb global_colors_info=\u00a0\u00bb{}\u00a0\u00bb theme_builder_area=\u00a0\u00bbpost_content\u00a0\u00bb][et_pb_image src=\u00a0\u00bbhttps:\/\/groupecaille.com\/wp-content\/uploads\/2025\/09\/Logo_MIDAS.png\u00a0\u00bb title_text=\u00a0\u00bbLogo_MIDAS\u00a0\u00bb align=\u00a0\u00bbright\u00a0\u00bb _builder_version=\u00a0\u00bb4.20.2&Prime; _module_preset=\u00a0\u00bbdefault\u00a0\u00bb width=\u00a0\u00bb34%\u00a0\u00bb global_colors_info=\u00a0\u00bb{}\u00a0\u00bb theme_builder_area=\u00a0\u00bbpost_content\u00a0\u00bb][\/et_pb_image][\/et_pb_column][\/et_pb_row][et_pb_row _builder_version=\u00a0\u00bb4.20.2&Prime; _module_preset=\u00a0\u00bbdefault\u00a0\u00bb global_colors_info=\u00a0\u00bb{}\u00a0\u00bb theme_builder_area=\u00a0\u00bbpost_content\u00a0\u00bb][et_pb_column type=\u00a0\u00bb4_4&Prime; _builder_version=\u00a0\u00bb4.16&Prime; _module_preset=\u00a0\u00bbdefault\u00a0\u00bb global_colors_info=\u00a0\u00bb{}\u00a0\u00bb theme_builder_area=\u00a0\u00bbpost_content\u00a0\u00bb][et_pb_text _builder_version=\u00a0\u00bb4.20.2&Prime; _module_preset=\u00a0\u00bbdefault\u00a0\u00bb background_enable_image=\u00a0\u00bboff\u00a0\u00bb background_size=\u00a0\u00bbcustom\u00a0\u00bb background_image_width=\u00a0\u00bb15%\u00a0\u00bb background_position=\u00a0\u00bbtop_right\u00a0\u00bb min_height=\u00a0\u00bb509.8px\u00a0\u00bb custom_margin=\u00a0\u00bb||0px||false|false\u00a0\u00bb custom_padding=\u00a0\u00bb38px||0px||false|false\u00a0\u00bb hover_enabled=\u00a0\u00bb0&Prime; global_colors_info=\u00a0\u00bb{}\u00a0\u00bb theme_builder_area=\u00a0\u00bbpost_content\u00a0\u00bb sticky_enabled=\u00a0\u00bb0&Prime;]<\/p>\n<div class=\"elementToProof\">\n<div class=\"elementToProof\">\n<div class=\"elementToProof\">\n<div class=\"elementToProof\">\n<div class=\"elementToProof\">\n<div class=\"elementToProof\">\n<div class=\"elementToProof\">\n<div class=\"elementToProof\">\n<div class=\"elementToProof\">\n<div class=\"elementToProof\">\n<div class=\"elementToProof\">\n<div class=\"elementToProof\">\n<div class=\"elementToProof\">\n<div class=\"elementToProof\">\n<div class=\"elementToProof\">\n<div class=\"elementToProof\">\n<div class=\"elementToProof\">\n<div class=\"elementToProof\">\n<div class=\"x_elementToProof\">\n<div class=\"elementToProof\">\n<div class=\"elementToProof\">\n<div class=\"elementToProof\">\n<div class=\"elementToProof\">\n<div class=\"elementToProof\">\n<div class=\"elementToProof\">\n<div class=\"elementToProof\">\n<p class=\"elementToProof\">La branche automobile du Groupe Caill\u00e9 recrute un.e <b>M\u00e9canicien.nne \u2013 Op\u00e9rateur.rice Service Rapide<\/b>\u00a0pour son centre <b>MIDAS CHAUDRON<\/b>.<\/p>\n<p>&nbsp;<\/p>\n<p>Chez <b>Midas<\/b>, nous nous effor\u00e7ons d\u2019assurer la tranquillit\u00e9 et la s\u00e9r\u00e9nit\u00e9 de nos clients lorsqu\u2019ils nous confient leur v\u00e9hicule. En faisant confiance aux hommes et aux femmes du r\u00e9seau Midas, les clients sont s\u00fbrs de disposer des comp\u00e9tences, de la technicit\u00e9 des produits et des services de haute qualit\u00e9.<\/p>\n<p class=\"elementToProof\"><span><br \/>C\u2019est dans cet esprit que recherchons <\/span><span>un.e <b>M\u00e9canicien.nne \u2013 Op\u00e9rateur.rice Service Rapide<\/b><\/span><span>\u00a0capable d\u2019allier savoir-faire technique et esprit de service, pour offrir \u00e0 nos clients une exp\u00e9rience fluide, rapide et de confiance.<\/span><\/p>\n<p>&nbsp;<\/p>\n<p><b>Si vous souhaitez rejoindre notre aventure :<\/b><\/p>\n<p><b>\u00a0<\/b><\/p>\n<p>Votre mission sera de r\u00e9aliser toutes les interventions classiques d\u2019entretien et de maintenance rapide telles que\u00a0:<\/p>\n<ul>\n<li>Les op\u00e9rations d\u2019entretien et de maintenance rapide : freinage, pneumatiques, \u00e9chappement, liaison au sol, climatisation, embrayage, distribution\u2026<\/li>\n<li>La pose d\u2019accessoires sur v\u00e9hicules pr\u00e9-\u00e9quip\u00e9s,<\/li>\n<li>Veiller \u00e0 la s\u00e9curit\u00e9, \u00e0 l\u2019ordre et \u00e0 la propret\u00e9 de votre poste de travail,<\/li>\n<\/ul>\n<p>Tout en respectant les proc\u00e9dures qualit\u00e9s et standards r\u00e9glementaires.<\/p>\n<p>&nbsp;<\/p>\n<p><b>Le profil que nous recherchons :<\/b><\/p>\n<p><b>\u00a0<\/b><\/p>\n<p>Au-del\u00e0 de votre <b>formation en m\u00e9canique ou maintenance automobile<\/b>, c\u2019est votre volont\u00e9 et votre engagement qui feront la diff\u00e9rence.<\/p>\n<p>Vous vous distinguerez notamment par\u00a0:<\/p>\n<ul>\n<li>Votre rigueur, votre pr\u00e9cision et votre efficacit\u00e9<\/li>\n<li>Votre esprit d\u2019\u00e9quipe et votre envie de contribuer \u00e0 une dynamique collective,<\/li>\n<\/ul>\n<p>Une premi\u00e8re exp\u00e9rience en atelier multimarque est appr\u00e9ci\u00e9e (1 \u00e0 2 ans minimum).<\/p>\n<p><b>\u00a0<\/b><\/p>\n<p><b>Pourquoi nous rejoindre ?<\/b><\/p>\n<p>&nbsp;<\/p>\n<p>Int\u00e9grer <b>le Groupe Caill\u00e9<\/b>, c\u2019est rejoindre <b>un acteur majeur de l\u2019\u00e9conomie r\u00e9unionnaise<\/b>, solidement ancr\u00e9 dans des secteurs vari\u00e9s : <b>l\u2019automobile<\/b>, <b>la grande distribution<\/b>, et <b>la restauration<\/b>.<br \/>Un groupe reconnu pour son dynamisme, ses valeurs humaines et sa volont\u00e9 d\u2019offrir \u00e0 chacun un environnement de travail stimulant et \u00e9volutif.<\/p>\n<p>&nbsp;<\/p>\n<p>Le Groupe Caill\u00e9 est un employeur garantissant l\u2019\u00e9galit\u00e9 des chances et valorisant la diversit\u00e9 au sein de ses \u00e9quipes.<\/p>\n<p>&nbsp;<\/p>\n<p><b>Ce que nous vous offrons :<\/b><\/p>\n<ul>\n<li>Un package d\u2019avantages collectifs complet\u00a0: des\u00a0titres-restaurant, int\u00e9ressement, etc.<\/li>\n<li>Une\u00a0r\u00e9mun\u00e9ration variable\u00a0qui valorisera vos performances<\/li>\n<li>Un environnement professionnel\u00a0stimulant\u00a0et\u00a0s\u00e9curis\u00e9<\/li>\n<\/ul>\n<\/div>\n<\/div>\n<\/div>\n<\/div>\n<\/div>\n<\/div>\n<\/div>\n<\/div>\n<\/div>\n<\/div>\n<\/div>\n<\/div>\n<\/div>\n<\/div>\n<\/div>\n<\/div>\n<\/div>\n<\/div>\n<\/div>\n<\/div>\n<\/div>\n<\/div>\n<\/div>\n<\/div>\n<\/div>\n<\/div>\n<p>[\/et_pb_text][\/et_pb_column][\/et_pb_row][et_pb_row _builder_version=\u00a0\u00bb4.16&Prime; _module_preset=\u00a0\u00bbdefault\u00a0\u00bb global_colors_info=\u00a0\u00bb{}\u00a0\u00bb theme_builder_area=\u00a0\u00bbpost_content\u00a0\u00bb][et_pb_column type=\u00a0\u00bb4_4&Prime; _builder_version=\u00a0\u00bb4.16&Prime; _module_preset=\u00a0\u00bbdefault\u00a0\u00bb global_colors_info=\u00a0\u00bb{}\u00a0\u00bb theme_builder_area=\u00a0\u00bbpost_content\u00a0\u00bb][et_pb_button button_url=\u00a0\u00bbmailto:job-ref-r0heoofbd9@emploi.beetween.com\u00a0\u00bb button_text=\u00a0\u00bbPOSTULEZ ICI\u00a0\u00bb _builder_version=\u00a0\u00bb4.20.2&Prime; _module_preset=\u00a0\u00bbdefault\u00a0\u00bb custom_button=\u00a0\u00bbon\u00a0\u00bb button_text_color=\u00a0\u00bb#ffffff\u00a0\u00bb button_bg_color=\u00a0\u00bb#a4326b\u00a0\u00bb button_border_width=\u00a0\u00bb0px\u00a0\u00bb button_icon=\u00a0\u00bb&#x6c;||divi||400&Prime; button_icon_placement=\u00a0\u00bbleft\u00a0\u00bb hover_enabled=\u00a0\u00bb0&Prime; global_colors_info=\u00a0\u00bb{}\u00a0\u00bb theme_builder_area=\u00a0\u00bbpost_content\u00a0\u00bb sticky_enabled=\u00a0\u00bb0&Prime;][\/et_pb_button][\/et_pb_column][\/et_pb_row][et_pb_row _builder_version=\u00a0\u00bb4.16&Prime; _module_preset=\u00a0\u00bbdefault\u00a0\u00bb global_colors_info=\u00a0\u00bb{}\u00a0\u00bb theme_builder_area=\u00a0\u00bbpost_content\u00a0\u00bb][et_pb_column type=\u00a0\u00bb4_4&Prime; _builder_version=\u00a0\u00bb4.16&Prime; _module_preset=\u00a0\u00bbdefault\u00a0\u00bb global_colors_info=\u00a0\u00bb{}\u00a0\u00bb theme_builder_area=\u00a0\u00bbpost_content\u00a0\u00bb][et_pb_button button_url=\u00a0\u00bb@ET-DC@eyJkeW5hbWljIjp0cnVlLCJjb250ZW50IjoicG9zdF9saW5rX3VybF9wYWdlIiwic2V0dGluZ3MiOnsicG9zdF9pZCI6IjExMTkifX0=@\u00a0\u00bb button_text=\u00a0\u00bbRETOUR AUX OFFRES\u00a0\u00bb _builder_version=\u00a0\u00bb4.16&Prime; _dynamic_attributes=\u00a0\u00bbbutton_url\u00a0\u00bb _module_preset=\u00a0\u00bbdefault\u00a0\u00bb custom_button=\u00a0\u00bbon\u00a0\u00bb button_text_color=\u00a0\u00bb#ffffff\u00a0\u00bb button_bg_color=\u00a0\u00bb#a4326b\u00a0\u00bb button_border_width=\u00a0\u00bb0px\u00a0\u00bb button_icon=\u00a0\u00bb&#x34;||divi||400&Prime; button_icon_placement=\u00a0\u00bbleft\u00a0\u00bb global_colors_info=\u00a0\u00bb{}\u00a0\u00bb theme_builder_area=\u00a0\u00bbpost_content\u00a0\u00bb][\/et_pb_button][\/et_pb_column][\/et_pb_row][\/et_pb_section]<\/p>\n","protected":false},"excerpt":{"rendered":"<p>MECANICIEN.NE &#8211; OPERATEUR.RICE SERVICE RAPIDEMIDAS CHAUDRON La branche automobile du Groupe Caill\u00e9 recrute un.e M\u00e9canicien.nne \u2013 Op\u00e9rateur.rice Service Rapide\u00a0pour son centre MIDAS CHAUDRON. &nbsp; Chez Midas, nous nous effor\u00e7ons d\u2019assurer la tranquillit\u00e9 et la s\u00e9r\u00e9nit\u00e9 de nos clients lorsqu\u2019ils nous confient leur v\u00e9hicule. En faisant confiance aux hommes et aux femmes du r\u00e9seau Midas, les [&hellip;]<\/p>\n","protected":false},"author":21,"featured_media":0,"parent":0,"menu_order":0,"comment_status":"closed","ping_status":"closed","template":"","meta":{"_et_pb_use_builder":"on","_et_pb_old_content":"","_et_gb_content_width":""},"_links":{"self":[{"href":"https:\/\/groupecaille.com\/index.php\/wp-json\/wp\/v2\/pages\/9181"}],"collection":[{"href":"https:\/\/groupecaille.com\/index.php\/wp-json\/wp\/v2\/pages"}],"about":[{"href":"https:\/\/groupecaille.com\/index.php\/wp-json\/wp\/v2\/types\/page"}],"author":[{"embeddable":true,"href":"https:\/\/groupecaille.com\/index.php\/wp-json\/wp\/v2\/users\/21"}],"replies":[{"embeddable":true,"href":"https:\/\/groupecaille.com\/index.php\/wp-json\/wp\/v2\/comments?post=9181"}],"version-history":[{"count":3,"href":"https:\/\/groupecaille.com\/index.php\/wp-json\/wp\/v2\/pages\/9181\/revisions"}],"predecessor-version":[{"id":9185,"href":"https:\/\/groupecaille.com\/index.php\/wp-json\/wp\/v2\/pages\/9181\/revisions\/9185"}],"wp:attachment":[{"href":"https:\/\/groupecaille.com\/index.php\/wp-json\/wp\/v2\/media?parent=9181"}],"curies":[{"name":"wp","href":"https:\/\/api.w.org\/{rel}","templated":true}]}}