{"id":9171,"date":"2026-02-06T15:17:30","date_gmt":"2026-02-06T11:17:30","guid":{"rendered":"https:\/\/groupecaille.com\/?page_id=9171"},"modified":"2026-02-06T15:17:30","modified_gmt":"2026-02-06T11:17:30","slug":"06fev26-mecanicienne-automobile-kolors-le-port","status":"publish","type":"page","link":"https:\/\/groupecaille.com\/index.php\/06fev26-mecanicienne-automobile-kolors-le-port\/","title":{"rendered":"06Fev26-MECANICIENNE AUTOMOBILE &#8211; KOLORS LE PORT"},"content":{"rendered":"<p>[et_pb_section fb_built=\u00a0\u00bb1&Prime; _builder_version=\u00a0\u00bb4.16&Prime; _module_preset=\u00a0\u00bbdefault\u00a0\u00bb min_height=\u00a0\u00bb947.4px\u00a0\u00bb da_disable_devices=\u00a0\u00bboff|off|off\u00a0\u00bb global_colors_info=\u00a0\u00bb{}\u00a0\u00bb theme_builder_area=\u00a0\u00bbpost_content\u00a0\u00bb da_is_popup=\u00a0\u00bboff\u00a0\u00bb da_exit_intent=\u00a0\u00bboff\u00a0\u00bb da_has_close=\u00a0\u00bbon\u00a0\u00bb da_alt_close=\u00a0\u00bboff\u00a0\u00bb da_dark_close=\u00a0\u00bboff\u00a0\u00bb da_not_modal=\u00a0\u00bbon\u00a0\u00bb da_is_singular=\u00a0\u00bboff\u00a0\u00bb da_with_loader=\u00a0\u00bboff\u00a0\u00bb da_has_shadow=\u00a0\u00bbon\u00a0\u00bb][et_pb_row _builder_version=\u00a0\u00bb4.16&Prime; _module_preset=\u00a0\u00bbdefault\u00a0\u00bb background_color=\u00a0\u00bb#a4326b\u00a0\u00bb global_colors_info=\u00a0\u00bb{}\u00a0\u00bb theme_builder_area=\u00a0\u00bbpost_content\u00a0\u00bb][et_pb_column type=\u00a0\u00bb4_4&Prime; _builder_version=\u00a0\u00bb4.16&Prime; _module_preset=\u00a0\u00bbdefault\u00a0\u00bb global_colors_info=\u00a0\u00bb{}\u00a0\u00bb theme_builder_area=\u00a0\u00bbpost_content\u00a0\u00bb][et_pb_text _builder_version=\u00a0\u00bb4.20.2&Prime; _module_preset=\u00a0\u00bbdefault\u00a0\u00bb header_font=\u00a0\u00bb|||on|||||\u00a0\u00bb header_text_align=\u00a0\u00bbcenter\u00a0\u00bb header_text_color=\u00a0\u00bb#ffffff\u00a0\u00bb header_2_text_align=\u00a0\u00bbcenter\u00a0\u00bb header_2_text_color=\u00a0\u00bb#FFFFFF\u00a0\u00bb header_2_font_size=\u00a0\u00bb24px\u00a0\u00bb hover_enabled=\u00a0\u00bb0&Prime; global_colors_info=\u00a0\u00bb{}\u00a0\u00bb theme_builder_area=\u00a0\u00bbpost_content\u00a0\u00bb sticky_enabled=\u00a0\u00bb0&Prime;]<\/p>\n<div class=\"page\" title=\"Page 1\">\n<div class=\"section\">\n<div class=\"layoutArea\">\n<div class=\"column\">\n<h2><b>MECANICIEN.NE AUTOMOBILE\u00a0<br \/><\/b>KOLORS LE PORT<\/h2>\n<\/div>\n<\/div>\n<\/div>\n<\/div>\n<p>[\/et_pb_text][\/et_pb_column][\/et_pb_row][et_pb_row column_structure=\u00a0\u00bb1_2,1_2&Prime; _builder_version=\u00a0\u00bb4.20.2&Prime; _module_preset=\u00a0\u00bbdefault\u00a0\u00bb custom_padding=\u00a0\u00bb14px||0px||false|false\u00a0\u00bb global_colors_info=\u00a0\u00bb{}\u00a0\u00bb theme_builder_area=\u00a0\u00bbpost_content\u00a0\u00bb][et_pb_column type=\u00a0\u00bb1_2&Prime; _builder_version=\u00a0\u00bb4.20.2&Prime; _module_preset=\u00a0\u00bbdefault\u00a0\u00bb global_colors_info=\u00a0\u00bb{}\u00a0\u00bb theme_builder_area=\u00a0\u00bbpost_content\u00a0\u00bb][\/et_pb_column][et_pb_column type=\u00a0\u00bb1_2&Prime; _builder_version=\u00a0\u00bb4.20.2&Prime; _module_preset=\u00a0\u00bbdefault\u00a0\u00bb global_colors_info=\u00a0\u00bb{}\u00a0\u00bb theme_builder_area=\u00a0\u00bbpost_content\u00a0\u00bb][et_pb_image src=\u00a0\u00bbhttps:\/\/groupecaille.com\/wp-content\/uploads\/2025\/09\/Logo_MIDAS.png\u00a0\u00bb title_text=\u00a0\u00bbLogo_MIDAS\u00a0\u00bb align=\u00a0\u00bbright\u00a0\u00bb _builder_version=\u00a0\u00bb4.20.2&Prime; _module_preset=\u00a0\u00bbdefault\u00a0\u00bb width=\u00a0\u00bb34%\u00a0\u00bb global_colors_info=\u00a0\u00bb{}\u00a0\u00bb theme_builder_area=\u00a0\u00bbpost_content\u00a0\u00bb][\/et_pb_image][\/et_pb_column][\/et_pb_row][et_pb_row _builder_version=\u00a0\u00bb4.20.2&Prime; _module_preset=\u00a0\u00bbdefault\u00a0\u00bb global_colors_info=\u00a0\u00bb{}\u00a0\u00bb theme_builder_area=\u00a0\u00bbpost_content\u00a0\u00bb][et_pb_column type=\u00a0\u00bb4_4&Prime; _builder_version=\u00a0\u00bb4.16&Prime; _module_preset=\u00a0\u00bbdefault\u00a0\u00bb global_colors_info=\u00a0\u00bb{}\u00a0\u00bb theme_builder_area=\u00a0\u00bbpost_content\u00a0\u00bb][et_pb_text _builder_version=\u00a0\u00bb4.20.2&Prime; _module_preset=\u00a0\u00bbdefault\u00a0\u00bb background_enable_image=\u00a0\u00bboff\u00a0\u00bb background_size=\u00a0\u00bbcustom\u00a0\u00bb background_image_width=\u00a0\u00bb15%\u00a0\u00bb background_position=\u00a0\u00bbtop_right\u00a0\u00bb min_height=\u00a0\u00bb509.8px\u00a0\u00bb custom_margin=\u00a0\u00bb||0px||false|false\u00a0\u00bb custom_padding=\u00a0\u00bb38px||0px||false|false\u00a0\u00bb hover_enabled=\u00a0\u00bb0&Prime; global_colors_info=\u00a0\u00bb{}\u00a0\u00bb theme_builder_area=\u00a0\u00bbpost_content\u00a0\u00bb sticky_enabled=\u00a0\u00bb0&Prime;]<\/p>\n<div class=\"elementToProof\">\n<div class=\"elementToProof\">\n<div class=\"elementToProof\">\n<div class=\"elementToProof\">\n<div class=\"elementToProof\">\n<div class=\"elementToProof\">\n<div class=\"elementToProof\">\n<div class=\"elementToProof\">\n<div class=\"elementToProof\">\n<div class=\"elementToProof\">\n<div class=\"elementToProof\">\n<div class=\"elementToProof\">\n<div class=\"elementToProof\">\n<div class=\"elementToProof\">\n<div class=\"elementToProof\">\n<div class=\"elementToProof\">\n<div class=\"elementToProof\">\n<div class=\"elementToProof\">\n<div class=\"x_elementToProof\">\n<div class=\"elementToProof\">\n<div class=\"elementToProof\">\n<div class=\"elementToProof\">\n<div class=\"elementToProof\">\n<div class=\"elementToProof\">\n<div class=\"elementToProof\">\n<div class=\"elementToProof\">\n<p class=\"elementToProof\">La branche automobile du Groupe Caill\u00e9 recrute un.e <b>M\u00e9cancien.nne<\/b>\u00a0pour la concession KOLORS LE PORT.<\/p>\n<p>&nbsp;<\/p>\n<p>Sur l\u2019\u00eele de La R\u00e9union, nous assurons la maintenance de 13 marques automobiles\u00a0: Peugeot, Opel, DS, etc.<\/p>\n<p>La qualit\u00e9 de nos interventions et la satisfaction de nos clients sont au c\u0153ur de notre engagement.<\/p>\n<p class=\"elementToProof\">C\u2019est dans cet esprit que nous recherchons un.e m\u00e9canicien.nne passionn\u00e9.e, <a href=\"http:\/\/rigoureux.se\/\">rigoureux.se<\/a> et autonome, capable de garantir un service technique pr\u00e9cis et fiable.<\/p>\n<p><b>\u00a0<\/b><\/p>\n<p><b>Votre mission principale ?<\/b><\/p>\n<p><b>\u00a0<\/b><\/p>\n<p>Vous r\u00e9aliserez toutes interventions m\u00e9caniques simples ou complexes sur les v\u00e9hicules qui vous seront confi\u00e9s par nos clients, telles que\u00a0:<\/p>\n<ul>\n<li>Les op\u00e9rations de maintenance pr\u00e9ventive et corrective sur tous types de v\u00e9hicules,<\/li>\n<li>Diagnostic de pannes de premier niveau<\/li>\n<li>Contr\u00f4le, r\u00e9paration ou remplacement des \u00e9l\u00e9ments m\u00e9caniques et \u00e9lectroniques : moteur, liaison au sol, freinage, etc.,<\/li>\n<li>La pose d\u2019accessoires et \u00e9quipements sp\u00e9cifiques,<\/li>\n<\/ul>\n<p>Et ce, dans le plus strict respect des normes r\u00e9glementaires et des standards constructeurs.<\/p>\n<p>&nbsp;<\/p>\n<p><b>Le profil que nous recherchons :<\/b><\/p>\n<p><b>\u00a0<\/b><\/p>\n<p>Dipl\u00f4m\u00e9(e) d\u2019un<b>\u00a0Bac Pro Maintenance Automobile<\/b>\u00a0(avec mention compl\u00e9mentaire \u00e9lectricit\u00e9\/\u00e9lectronique) ou d\u2019un <b>BTS MAVA<\/b>, vous disposez d\u2019une premi\u00e8re exp\u00e9rience r\u00e9ussie d\u2019au moins 2 ans en atelier ou en concession.<\/p>\n<p>Mais ce sont surtout vos qualit\u00e9s personnelles qui feront la diff\u00e9rence :<\/p>\n<ul>\n<li>Vous \u00eates <b>passionn\u00e9(e) d\u2019automobile<\/b>, avec un vrai sens de l\u2019analyse,<\/li>\n<li><b>Habile<\/b>, <b>pr\u00e9cis(e)<\/b>\u00a0et <b>rigoureux(se)<\/b>\u00a0dans vos interventions,<\/li>\n<li>Attach\u00e9(e) \u00e0 la <b>satisfaction client<\/b>\u00a0et soucieux(se) de livrer un travail de qualit\u00e9.<\/li>\n<\/ul>\n<p><b>\u00a0<\/b><\/p>\n<p><b>Pourquoi nous rejoindre ?<\/b><\/p>\n<p>&nbsp;<\/p>\n<p>Int\u00e9grer <b>le Groupe Caill\u00e9<\/b>, c\u2019est rejoindre <b>un acteur majeur de l\u2019\u00e9conomie r\u00e9unionnaise<\/b>, solidement ancr\u00e9 dans des secteurs vari\u00e9s : <b>l\u2019automobile<\/b>, <b>la grande distribution<\/b>, et <b>la restauration<\/b>.<br \/>Un groupe reconnu pour son dynamisme, ses valeurs humaines et sa volont\u00e9 d\u2019offrir \u00e0 chacun un environnement de travail stimulant et \u00e9volutif.<\/p>\n<p>&nbsp;<\/p>\n<p>Le Groupe Caill\u00e9 est un employeur garantissant l\u2019\u00e9galit\u00e9 des chances et valorisant la diversit\u00e9 au sein de ses \u00e9quipes.<\/p>\n<p>&nbsp;<\/p>\n<p><b>Ce que nous vous offrons :<\/b><\/p>\n<p><b>\u00a0<\/b><\/p>\n<ul>\n<li>Un package d\u2019avantages collectifs complet\u00a0: des\u00a0titres-restaurant, int\u00e9ressement, etc.<\/li>\n<li>Une\u00a0r\u00e9mun\u00e9ration variable\u00a0qui valorisera vos performances<\/li>\n<\/ul>\n<p>&nbsp;<\/p>\n<p>Un environnement professionnel\u00a0stimulant\u00a0et\u00a0s\u00e9curis\u00e9<\/p>\n<\/div>\n<\/div>\n<\/div>\n<\/div>\n<\/div>\n<\/div>\n<\/div>\n<\/div>\n<\/div>\n<\/div>\n<\/div>\n<\/div>\n<\/div>\n<\/div>\n<\/div>\n<\/div>\n<\/div>\n<\/div>\n<\/div>\n<\/div>\n<\/div>\n<\/div>\n<\/div>\n<\/div>\n<\/div>\n<\/div>\n<p>[\/et_pb_text][\/et_pb_column][\/et_pb_row][et_pb_row _builder_version=\u00a0\u00bb4.16&Prime; _module_preset=\u00a0\u00bbdefault\u00a0\u00bb global_colors_info=\u00a0\u00bb{}\u00a0\u00bb theme_builder_area=\u00a0\u00bbpost_content\u00a0\u00bb][et_pb_column type=\u00a0\u00bb4_4&Prime; _builder_version=\u00a0\u00bb4.16&Prime; _module_preset=\u00a0\u00bbdefault\u00a0\u00bb global_colors_info=\u00a0\u00bb{}\u00a0\u00bb theme_builder_area=\u00a0\u00bbpost_content\u00a0\u00bb][et_pb_button button_url=\u00a0\u00bbmailto:job-ref-9lob2j8e17@emploi.beetween.com\u00a0\u00bb button_text=\u00a0\u00bbPOSTULEZ ICI\u00a0\u00bb _builder_version=\u00a0\u00bb4.20.2&Prime; _module_preset=\u00a0\u00bbdefault\u00a0\u00bb custom_button=\u00a0\u00bbon\u00a0\u00bb button_text_color=\u00a0\u00bb#ffffff\u00a0\u00bb button_bg_color=\u00a0\u00bb#a4326b\u00a0\u00bb button_border_width=\u00a0\u00bb0px\u00a0\u00bb button_icon=\u00a0\u00bb&#x6c;||divi||400&Prime; button_icon_placement=\u00a0\u00bbleft\u00a0\u00bb hover_enabled=\u00a0\u00bb0&Prime; global_colors_info=\u00a0\u00bb{}\u00a0\u00bb theme_builder_area=\u00a0\u00bbpost_content\u00a0\u00bb sticky_enabled=\u00a0\u00bb0&Prime;][\/et_pb_button][\/et_pb_column][\/et_pb_row][et_pb_row _builder_version=\u00a0\u00bb4.16&Prime; _module_preset=\u00a0\u00bbdefault\u00a0\u00bb global_colors_info=\u00a0\u00bb{}\u00a0\u00bb theme_builder_area=\u00a0\u00bbpost_content\u00a0\u00bb][et_pb_column type=\u00a0\u00bb4_4&Prime; _builder_version=\u00a0\u00bb4.16&Prime; _module_preset=\u00a0\u00bbdefault\u00a0\u00bb global_colors_info=\u00a0\u00bb{}\u00a0\u00bb theme_builder_area=\u00a0\u00bbpost_content\u00a0\u00bb][et_pb_button button_url=\u00a0\u00bb@ET-DC@eyJkeW5hbWljIjp0cnVlLCJjb250ZW50IjoicG9zdF9saW5rX3VybF9wYWdlIiwic2V0dGluZ3MiOnsicG9zdF9pZCI6IjExMTkifX0=@\u00a0\u00bb button_text=\u00a0\u00bbRETOUR AUX OFFRES\u00a0\u00bb _builder_version=\u00a0\u00bb4.16&Prime; _dynamic_attributes=\u00a0\u00bbbutton_url\u00a0\u00bb _module_preset=\u00a0\u00bbdefault\u00a0\u00bb custom_button=\u00a0\u00bbon\u00a0\u00bb button_text_color=\u00a0\u00bb#ffffff\u00a0\u00bb button_bg_color=\u00a0\u00bb#a4326b\u00a0\u00bb button_border_width=\u00a0\u00bb0px\u00a0\u00bb button_icon=\u00a0\u00bb&#x34;||divi||400&Prime; button_icon_placement=\u00a0\u00bbleft\u00a0\u00bb global_colors_info=\u00a0\u00bb{}\u00a0\u00bb theme_builder_area=\u00a0\u00bbpost_content\u00a0\u00bb][\/et_pb_button][\/et_pb_column][\/et_pb_row][\/et_pb_section]<\/p>\n","protected":false},"excerpt":{"rendered":"<p>MECANICIEN.NE AUTOMOBILE\u00a0KOLORS LE PORT La branche automobile du Groupe Caill\u00e9 recrute un.e M\u00e9cancien.nne\u00a0pour la concession KOLORS LE PORT. &nbsp; Sur l\u2019\u00eele de La R\u00e9union, nous assurons la maintenance de 13 marques automobiles\u00a0: Peugeot, Opel, DS, etc. La qualit\u00e9 de nos interventions et la satisfaction de nos clients sont au c\u0153ur de notre engagement. C\u2019est dans [&hellip;]<\/p>\n","protected":false},"author":21,"featured_media":0,"parent":0,"menu_order":0,"comment_status":"closed","ping_status":"closed","template":"","meta":{"_et_pb_use_builder":"on","_et_pb_old_content":"","_et_gb_content_width":""},"_links":{"self":[{"href":"https:\/\/groupecaille.com\/index.php\/wp-json\/wp\/v2\/pages\/9171"}],"collection":[{"href":"https:\/\/groupecaille.com\/index.php\/wp-json\/wp\/v2\/pages"}],"about":[{"href":"https:\/\/groupecaille.com\/index.php\/wp-json\/wp\/v2\/types\/page"}],"author":[{"embeddable":true,"href":"https:\/\/groupecaille.com\/index.php\/wp-json\/wp\/v2\/users\/21"}],"replies":[{"embeddable":true,"href":"https:\/\/groupecaille.com\/index.php\/wp-json\/wp\/v2\/comments?post=9171"}],"version-history":[{"count":2,"href":"https:\/\/groupecaille.com\/index.php\/wp-json\/wp\/v2\/pages\/9171\/revisions"}],"predecessor-version":[{"id":9174,"href":"https:\/\/groupecaille.com\/index.php\/wp-json\/wp\/v2\/pages\/9171\/revisions\/9174"}],"wp:attachment":[{"href":"https:\/\/groupecaille.com\/index.php\/wp-json\/wp\/v2\/media?parent=9171"}],"curies":[{"name":"wp","href":"https:\/\/api.w.org\/{rel}","templated":true}]}}