{"id":9166,"date":"2026-02-06T15:15:29","date_gmt":"2026-02-06T11:15:29","guid":{"rendered":"https:\/\/groupecaille.com\/?page_id=9166"},"modified":"2026-02-06T15:15:29","modified_gmt":"2026-02-06T11:15:29","slug":"06fev26-cheffe-dequipe-technicienne-experte-midas-chaudron","status":"publish","type":"page","link":"https:\/\/groupecaille.com\/index.php\/06fev26-cheffe-dequipe-technicienne-experte-midas-chaudron\/","title":{"rendered":"06Fev26-CHEFFE DEQUIPE &#8211; TECHNICIENNE EXPERTE &#8211; MIDAS\u00a0CHAUDRON"},"content":{"rendered":"<p>[et_pb_section fb_built=\u00a0\u00bb1&Prime; _builder_version=\u00a0\u00bb4.16&Prime; _module_preset=\u00a0\u00bbdefault\u00a0\u00bb min_height=\u00a0\u00bb947.4px\u00a0\u00bb da_disable_devices=\u00a0\u00bboff|off|off\u00a0\u00bb global_colors_info=\u00a0\u00bb{}\u00a0\u00bb theme_builder_area=\u00a0\u00bbpost_content\u00a0\u00bb da_is_popup=\u00a0\u00bboff\u00a0\u00bb da_exit_intent=\u00a0\u00bboff\u00a0\u00bb da_has_close=\u00a0\u00bbon\u00a0\u00bb da_alt_close=\u00a0\u00bboff\u00a0\u00bb da_dark_close=\u00a0\u00bboff\u00a0\u00bb da_not_modal=\u00a0\u00bbon\u00a0\u00bb da_is_singular=\u00a0\u00bboff\u00a0\u00bb da_with_loader=\u00a0\u00bboff\u00a0\u00bb da_has_shadow=\u00a0\u00bbon\u00a0\u00bb][et_pb_row _builder_version=\u00a0\u00bb4.16&Prime; _module_preset=\u00a0\u00bbdefault\u00a0\u00bb background_color=\u00a0\u00bb#a4326b\u00a0\u00bb global_colors_info=\u00a0\u00bb{}\u00a0\u00bb theme_builder_area=\u00a0\u00bbpost_content\u00a0\u00bb][et_pb_column type=\u00a0\u00bb4_4&Prime; _builder_version=\u00a0\u00bb4.16&Prime; _module_preset=\u00a0\u00bbdefault\u00a0\u00bb global_colors_info=\u00a0\u00bb{}\u00a0\u00bb theme_builder_area=\u00a0\u00bbpost_content\u00a0\u00bb][et_pb_text _builder_version=\u00a0\u00bb4.20.2&Prime; _module_preset=\u00a0\u00bbdefault\u00a0\u00bb header_font=\u00a0\u00bb|||on|||||\u00a0\u00bb header_text_align=\u00a0\u00bbcenter\u00a0\u00bb header_text_color=\u00a0\u00bb#ffffff\u00a0\u00bb header_2_text_align=\u00a0\u00bbcenter\u00a0\u00bb header_2_text_color=\u00a0\u00bb#FFFFFF\u00a0\u00bb header_2_font_size=\u00a0\u00bb24px\u00a0\u00bb hover_enabled=\u00a0\u00bb0&Prime; global_colors_info=\u00a0\u00bb{}\u00a0\u00bb theme_builder_area=\u00a0\u00bbpost_content\u00a0\u00bb sticky_enabled=\u00a0\u00bb0&Prime;]<\/p>\n<div class=\"page\" title=\"Page 1\">\n<div class=\"section\">\n<div class=\"layoutArea\">\n<div class=\"column\">\n<h2><b>CHEF.FE D&rsquo;EQUIPE &#8211; TECHNICIEN.NE EXPERT.E\u00a0<\/b><\/h2>\n<h2>MIDAS CHAUDRON<\/h2>\n<\/div>\n<\/div>\n<\/div>\n<\/div>\n<p>[\/et_pb_text][\/et_pb_column][\/et_pb_row][et_pb_row column_structure=\u00a0\u00bb1_2,1_2&Prime; _builder_version=\u00a0\u00bb4.20.2&Prime; _module_preset=\u00a0\u00bbdefault\u00a0\u00bb custom_padding=\u00a0\u00bb14px||0px||false|false\u00a0\u00bb global_colors_info=\u00a0\u00bb{}\u00a0\u00bb theme_builder_area=\u00a0\u00bbpost_content\u00a0\u00bb][et_pb_column type=\u00a0\u00bb1_2&Prime; _builder_version=\u00a0\u00bb4.20.2&Prime; _module_preset=\u00a0\u00bbdefault\u00a0\u00bb global_colors_info=\u00a0\u00bb{}\u00a0\u00bb theme_builder_area=\u00a0\u00bbpost_content\u00a0\u00bb][\/et_pb_column][et_pb_column type=\u00a0\u00bb1_2&Prime; _builder_version=\u00a0\u00bb4.20.2&Prime; _module_preset=\u00a0\u00bbdefault\u00a0\u00bb global_colors_info=\u00a0\u00bb{}\u00a0\u00bb theme_builder_area=\u00a0\u00bbpost_content\u00a0\u00bb][et_pb_image src=\u00a0\u00bbhttps:\/\/groupecaille.com\/wp-content\/uploads\/2025\/09\/Logo_MIDAS.png\u00a0\u00bb title_text=\u00a0\u00bbLogo_MIDAS\u00a0\u00bb align=\u00a0\u00bbright\u00a0\u00bb _builder_version=\u00a0\u00bb4.20.2&Prime; _module_preset=\u00a0\u00bbdefault\u00a0\u00bb width=\u00a0\u00bb34%\u00a0\u00bb global_colors_info=\u00a0\u00bb{}\u00a0\u00bb theme_builder_area=\u00a0\u00bbpost_content\u00a0\u00bb][\/et_pb_image][\/et_pb_column][\/et_pb_row][et_pb_row _builder_version=\u00a0\u00bb4.20.2&Prime; _module_preset=\u00a0\u00bbdefault\u00a0\u00bb global_colors_info=\u00a0\u00bb{}\u00a0\u00bb theme_builder_area=\u00a0\u00bbpost_content\u00a0\u00bb][et_pb_column type=\u00a0\u00bb4_4&Prime; _builder_version=\u00a0\u00bb4.16&Prime; _module_preset=\u00a0\u00bbdefault\u00a0\u00bb global_colors_info=\u00a0\u00bb{}\u00a0\u00bb theme_builder_area=\u00a0\u00bbpost_content\u00a0\u00bb][et_pb_text _builder_version=\u00a0\u00bb4.20.2&Prime; _module_preset=\u00a0\u00bbdefault\u00a0\u00bb background_enable_image=\u00a0\u00bboff\u00a0\u00bb background_size=\u00a0\u00bbcustom\u00a0\u00bb background_image_width=\u00a0\u00bb15%\u00a0\u00bb background_position=\u00a0\u00bbtop_right\u00a0\u00bb min_height=\u00a0\u00bb509.8px\u00a0\u00bb custom_margin=\u00a0\u00bb||0px||false|false\u00a0\u00bb custom_padding=\u00a0\u00bb38px||0px||false|false\u00a0\u00bb hover_enabled=\u00a0\u00bb0&Prime; global_colors_info=\u00a0\u00bb{}\u00a0\u00bb theme_builder_area=\u00a0\u00bbpost_content\u00a0\u00bb sticky_enabled=\u00a0\u00bb0&Prime;]<\/p>\n<div class=\"elementToProof\">\n<div class=\"elementToProof\">\n<div class=\"elementToProof\">\n<div class=\"elementToProof\">\n<div class=\"elementToProof\">\n<div class=\"elementToProof\">\n<div class=\"elementToProof\">\n<div class=\"elementToProof\">\n<div class=\"elementToProof\">\n<div class=\"elementToProof\">\n<div class=\"elementToProof\">\n<div class=\"elementToProof\">\n<div class=\"elementToProof\">\n<div class=\"elementToProof\">\n<div class=\"elementToProof\">\n<div class=\"elementToProof\">\n<div class=\"elementToProof\">\n<div class=\"elementToProof\">\n<div class=\"x_elementToProof\">\n<div class=\"elementToProof\">\n<div class=\"elementToProof\">\n<div class=\"elementToProof\">\n<div class=\"elementToProof\">\n<div class=\"elementToProof\">\n<div class=\"elementToProof\">\n<div class=\"elementToProof\">\n<p class=\"elementToProof\">La branche automobile du Groupe Caill\u00e9 recrute un.e <b>Chef.fe d&rsquo;Equipe <\/b>&#8211; <b>Technicien.nne Expert.e<\/b>\u00a0pour son centre <b>MIDAS<\/b>\u00a0<b>Chaudron<\/b>.<\/p>\n<p>&nbsp;<\/p>\n<p>Chez <b>Midas<\/b>, nous nous effor\u00e7ons d\u2019assurer la tranquillit\u00e9 et la s\u00e9r\u00e9nit\u00e9 de nos clients lorsqu\u2019ils nous confient leur v\u00e9hicule. En faisant confiance aux hommes et aux femmes du r\u00e9seau Midas, les clients sont s\u00fbrs de disposer des comp\u00e9tences, de la technicit\u00e9 des produits et des services de haute qualit\u00e9.<\/p>\n<p class=\"elementToProof\">C\u2019est dans cet esprit que recherchons un.e <b>Chef.fe d&rsquo;Equipe &#8211; Technicien.ne Experte<\/b>\u00a0capable de conjuguer ma\u00eetrise technique et excellence relationnelle, dans un environnement o\u00f9 l\u2019expertise est au service de la confiance.<\/p>\n<p>&nbsp;<\/p>\n<p><b>Votre mission principale ?<\/b><\/p>\n<p><b>\u00a0<\/b><\/p>\n<p>Relais du chef de centre, vous assurez les interventions les plus complexes et apportez votre soutien et votre savoir-faire \u00e0 votre \u00e9quipe. Aussi au contact direct de la client\u00e8le, vous serez amen\u00e9 \u00e0\u00a0:<\/p>\n<ul>\n<li>R\u00e9aliser des diagnostics approfondis sur tous types de v\u00e9hicules,<\/li>\n<li>Identifier les causes de dysfonctionnement et proposer des solutions techniques adapt\u00e9es,<\/li>\n<li>Organiser votre activit\u00e9 en toute autonomie, dans le respect des d\u00e9lais et des standards de qualit\u00e9,<\/li>\n<li>R\u00e9diger des devis clairs et pr\u00e9cis,<\/li>\n<li>Conseiller les clients avec p\u00e9dagogie et professionnalisme,<\/li>\n<li>Instaurer une relation de confiance durable avec la client\u00e8le.<\/li>\n<\/ul>\n<p>&nbsp;<\/p>\n<p><b>Le profil que nous recherchons :<\/b><\/p>\n<p><b>\u00a0<\/b><\/p>\n<p class=\"elementToProof\">Issu.e d\u2019une formation en <b>m\u00e9canique automobile<\/b>\u00a0(CAP, Bac Pro, Bac+2 ou \u00e9quivalent), vous justifiez d\u2019une <b>exp\u00e9rience significative sur un poste similaire<\/b>, id\u00e9alement dans un environnement <b>multimarque<\/b>.<\/p>\n<p>&nbsp;<\/p>\n<p>Au-del\u00e0 de vos comp\u00e9tences techniques, vous vous distinguez par :<\/p>\n<ul>\n<li>Votre sens du service et votre capacit\u00e9 \u00e0 rassurer le client avec clart\u00e9 et transparence,<\/li>\n<li>Votre autonomie dans l\u2019organisation de votre travail et la gestion des priorit\u00e9s,<\/li>\n<li>Votre rigueur, votre esprit d\u2019analyse et votre souci du d\u00e9tail,<\/li>\n<li>Votre go\u00fbt pour le travail en \u00e9quipe, et \u00e9ventuellement votre app\u00e9tence pour l\u2019encadrement ou le r\u00f4le de r\u00e9f\u00e9rent technique.<\/li>\n<\/ul>\n<p>&nbsp;<\/p>\n<p><b>Pourquoi nous rejoindre ?<\/b><\/p>\n<p>&nbsp;<\/p>\n<p>Int\u00e9grer <b>le Groupe Caill\u00e9<\/b>, c\u2019est rejoindre <b>un acteur majeur de l\u2019\u00e9conomie r\u00e9unionnaise<\/b>, solidement ancr\u00e9 dans des secteurs vari\u00e9s : <b>l\u2019automobile<\/b>, <b>la grande distribution<\/b>, et <b>la restauration<\/b>.<br \/>Un groupe reconnu pour son dynamisme, ses valeurs humaines et sa volont\u00e9 d\u2019offrir \u00e0 chacun un environnement de travail stimulant et \u00e9volutif.<\/p>\n<p>Le Groupe Caill\u00e9 est un employeur garantissant l\u2019\u00e9galit\u00e9 des chances et valorisant la diversit\u00e9 au sein de ses \u00e9quipes.<\/p>\n<p>&nbsp;<\/p>\n<p><b>Ce que nous vous offrons :<\/b><\/p>\n<ul>\n<li>Un package d\u2019avantages collectifs complet\u00a0: des\u00a0titres-restaurant, int\u00e9ressement, etc.<\/li>\n<li>Une\u00a0r\u00e9mun\u00e9ration variable\u00a0qui valorisera vos performances<\/li>\n<li>Un environnement professionnel\u00a0stimulant\u00a0et\u00a0s\u00e9curis\u00e9<\/li>\n<\/ul>\n<p>&nbsp;<\/p>\n<\/div>\n<\/div>\n<\/div>\n<\/div>\n<\/div>\n<\/div>\n<\/div>\n<\/div>\n<\/div>\n<\/div>\n<\/div>\n<\/div>\n<\/div>\n<\/div>\n<\/div>\n<\/div>\n<\/div>\n<\/div>\n<\/div>\n<\/div>\n<\/div>\n<\/div>\n<\/div>\n<\/div>\n<\/div>\n<\/div>\n<p>[\/et_pb_text][\/et_pb_column][\/et_pb_row][et_pb_row _builder_version=\u00a0\u00bb4.16&Prime; _module_preset=\u00a0\u00bbdefault\u00a0\u00bb global_colors_info=\u00a0\u00bb{}\u00a0\u00bb theme_builder_area=\u00a0\u00bbpost_content\u00a0\u00bb][et_pb_column type=\u00a0\u00bb4_4&Prime; _builder_version=\u00a0\u00bb4.16&Prime; _module_preset=\u00a0\u00bbdefault\u00a0\u00bb global_colors_info=\u00a0\u00bb{}\u00a0\u00bb theme_builder_area=\u00a0\u00bbpost_content\u00a0\u00bb][et_pb_button button_url=\u00a0\u00bbmailto:job-ref-bh6g5zj9gh@emploi.beetween.com\u00a0\u00bb button_text=\u00a0\u00bbPOSTULEZ ICI\u00a0\u00bb _builder_version=\u00a0\u00bb4.20.2&Prime; _module_preset=\u00a0\u00bbdefault\u00a0\u00bb custom_button=\u00a0\u00bbon\u00a0\u00bb button_text_color=\u00a0\u00bb#ffffff\u00a0\u00bb button_bg_color=\u00a0\u00bb#a4326b\u00a0\u00bb button_border_width=\u00a0\u00bb0px\u00a0\u00bb button_icon=\u00a0\u00bb&#x6c;||divi||400&Prime; button_icon_placement=\u00a0\u00bbleft\u00a0\u00bb hover_enabled=\u00a0\u00bb0&Prime; global_colors_info=\u00a0\u00bb{}\u00a0\u00bb theme_builder_area=\u00a0\u00bbpost_content\u00a0\u00bb sticky_enabled=\u00a0\u00bb0&Prime;][\/et_pb_button][\/et_pb_column][\/et_pb_row][et_pb_row _builder_version=\u00a0\u00bb4.16&Prime; _module_preset=\u00a0\u00bbdefault\u00a0\u00bb global_colors_info=\u00a0\u00bb{}\u00a0\u00bb theme_builder_area=\u00a0\u00bbpost_content\u00a0\u00bb][et_pb_column type=\u00a0\u00bb4_4&Prime; _builder_version=\u00a0\u00bb4.16&Prime; _module_preset=\u00a0\u00bbdefault\u00a0\u00bb global_colors_info=\u00a0\u00bb{}\u00a0\u00bb theme_builder_area=\u00a0\u00bbpost_content\u00a0\u00bb][et_pb_button button_url=\u00a0\u00bb@ET-DC@eyJkeW5hbWljIjp0cnVlLCJjb250ZW50IjoicG9zdF9saW5rX3VybF9wYWdlIiwic2V0dGluZ3MiOnsicG9zdF9pZCI6IjExMTkifX0=@\u00a0\u00bb button_text=\u00a0\u00bbRETOUR AUX OFFRES\u00a0\u00bb _builder_version=\u00a0\u00bb4.16&Prime; _dynamic_attributes=\u00a0\u00bbbutton_url\u00a0\u00bb _module_preset=\u00a0\u00bbdefault\u00a0\u00bb custom_button=\u00a0\u00bbon\u00a0\u00bb button_text_color=\u00a0\u00bb#ffffff\u00a0\u00bb button_bg_color=\u00a0\u00bb#a4326b\u00a0\u00bb button_border_width=\u00a0\u00bb0px\u00a0\u00bb button_icon=\u00a0\u00bb&#x34;||divi||400&Prime; button_icon_placement=\u00a0\u00bbleft\u00a0\u00bb global_colors_info=\u00a0\u00bb{}\u00a0\u00bb theme_builder_area=\u00a0\u00bbpost_content\u00a0\u00bb][\/et_pb_button][\/et_pb_column][\/et_pb_row][\/et_pb_section]<\/p>\n","protected":false},"excerpt":{"rendered":"<p>CHEF.FE D&rsquo;EQUIPE &#8211; TECHNICIEN.NE EXPERT.E\u00a0 MIDAS CHAUDRON La branche automobile du Groupe Caill\u00e9 recrute un.e Chef.fe d&rsquo;Equipe &#8211; Technicien.nne Expert.e\u00a0pour son centre MIDAS\u00a0Chaudron. &nbsp; Chez Midas, nous nous effor\u00e7ons d\u2019assurer la tranquillit\u00e9 et la s\u00e9r\u00e9nit\u00e9 de nos clients lorsqu\u2019ils nous confient leur v\u00e9hicule. En faisant confiance aux hommes et aux femmes du r\u00e9seau Midas, les [&hellip;]<\/p>\n","protected":false},"author":21,"featured_media":0,"parent":0,"menu_order":0,"comment_status":"closed","ping_status":"closed","template":"","meta":{"_et_pb_use_builder":"on","_et_pb_old_content":"","_et_gb_content_width":""},"_links":{"self":[{"href":"https:\/\/groupecaille.com\/index.php\/wp-json\/wp\/v2\/pages\/9166"}],"collection":[{"href":"https:\/\/groupecaille.com\/index.php\/wp-json\/wp\/v2\/pages"}],"about":[{"href":"https:\/\/groupecaille.com\/index.php\/wp-json\/wp\/v2\/types\/page"}],"author":[{"embeddable":true,"href":"https:\/\/groupecaille.com\/index.php\/wp-json\/wp\/v2\/users\/21"}],"replies":[{"embeddable":true,"href":"https:\/\/groupecaille.com\/index.php\/wp-json\/wp\/v2\/comments?post=9166"}],"version-history":[{"count":2,"href":"https:\/\/groupecaille.com\/index.php\/wp-json\/wp\/v2\/pages\/9166\/revisions"}],"predecessor-version":[{"id":9169,"href":"https:\/\/groupecaille.com\/index.php\/wp-json\/wp\/v2\/pages\/9166\/revisions\/9169"}],"wp:attachment":[{"href":"https:\/\/groupecaille.com\/index.php\/wp-json\/wp\/v2\/media?parent=9166"}],"curies":[{"name":"wp","href":"https:\/\/api.w.org\/{rel}","templated":true}]}}