{"id":9139,"date":"2026-01-27T16:14:03","date_gmt":"2026-01-27T12:14:03","guid":{"rendered":"https:\/\/groupecaille.com\/?page_id=9139"},"modified":"2026-01-27T16:15:54","modified_gmt":"2026-01-27T12:15:54","slug":"26jan27-vendeur-se-itinerant-e-p-r-a-smci-mayotte","status":"publish","type":"page","link":"https:\/\/groupecaille.com\/index.php\/26jan27-vendeur-se-itinerant-e-p-r-a-smci-mayotte\/","title":{"rendered":"26Jan27-<strong>VENDEUR.SE ITINERANT.E P.R.A &#8211; SMCI MAYOTTE<\/strong>"},"content":{"rendered":"<p>[et_pb_section fb_built=\u00a0\u00bb1&Prime; _builder_version=\u00a0\u00bb4.16&Prime; _module_preset=\u00a0\u00bbdefault\u00a0\u00bb min_height=\u00a0\u00bb947.4px\u00a0\u00bb da_disable_devices=\u00a0\u00bboff|off|off\u00a0\u00bb global_colors_info=\u00a0\u00bb{}\u00a0\u00bb theme_builder_area=\u00a0\u00bbpost_content\u00a0\u00bb da_is_popup=\u00a0\u00bboff\u00a0\u00bb da_exit_intent=\u00a0\u00bboff\u00a0\u00bb da_has_close=\u00a0\u00bbon\u00a0\u00bb da_alt_close=\u00a0\u00bboff\u00a0\u00bb da_dark_close=\u00a0\u00bboff\u00a0\u00bb da_not_modal=\u00a0\u00bbon\u00a0\u00bb da_is_singular=\u00a0\u00bboff\u00a0\u00bb da_with_loader=\u00a0\u00bboff\u00a0\u00bb da_has_shadow=\u00a0\u00bbon\u00a0\u00bb][et_pb_row _builder_version=\u00a0\u00bb4.16&Prime; _module_preset=\u00a0\u00bbdefault\u00a0\u00bb background_color=\u00a0\u00bb#a4326b\u00a0\u00bb global_colors_info=\u00a0\u00bb{}\u00a0\u00bb theme_builder_area=\u00a0\u00bbpost_content\u00a0\u00bb][et_pb_column type=\u00a0\u00bb4_4&Prime; _builder_version=\u00a0\u00bb4.16&Prime; _module_preset=\u00a0\u00bbdefault\u00a0\u00bb global_colors_info=\u00a0\u00bb{}\u00a0\u00bb theme_builder_area=\u00a0\u00bbpost_content\u00a0\u00bb][et_pb_text _builder_version=\u00a0\u00bb4.20.2&Prime; _module_preset=\u00a0\u00bbdefault\u00a0\u00bb header_font=\u00a0\u00bb|||on|||||\u00a0\u00bb header_text_align=\u00a0\u00bbcenter\u00a0\u00bb header_text_color=\u00a0\u00bb#ffffff\u00a0\u00bb header_2_text_align=\u00a0\u00bbcenter\u00a0\u00bb header_2_text_color=\u00a0\u00bb#FFFFFF\u00a0\u00bb header_2_font_size=\u00a0\u00bb24px\u00a0\u00bb hover_enabled=\u00a0\u00bb0&Prime; global_colors_info=\u00a0\u00bb{}\u00a0\u00bb theme_builder_area=\u00a0\u00bbpost_content\u00a0\u00bb sticky_enabled=\u00a0\u00bb0&Prime;]<\/p>\n<div class=\"page\" title=\"Page 1\">\n<div class=\"section\">\n<div class=\"layoutArea\">\n<div class=\"column\">\n<h2><b>VENDEUR.SE ITINERANT.E P.R.A<\/b><\/h2>\n<h2>SMCI MAYOTTE<\/h2>\n<\/div>\n<\/div>\n<\/div>\n<\/div>\n<p>[\/et_pb_text][\/et_pb_column][\/et_pb_row][et_pb_row column_structure=\u00a0\u00bb1_2,1_2&Prime; _builder_version=\u00a0\u00bb4.20.2&Prime; _module_preset=\u00a0\u00bbdefault\u00a0\u00bb custom_padding=\u00a0\u00bb14px||0px||false|false\u00a0\u00bb global_colors_info=\u00a0\u00bb{}\u00a0\u00bb theme_builder_area=\u00a0\u00bbpost_content\u00a0\u00bb][et_pb_column type=\u00a0\u00bb1_2&Prime; _builder_version=\u00a0\u00bb4.20.2&Prime; _module_preset=\u00a0\u00bbdefault\u00a0\u00bb global_colors_info=\u00a0\u00bb{}\u00a0\u00bb theme_builder_area=\u00a0\u00bbpost_content\u00a0\u00bb][\/et_pb_column][et_pb_column type=\u00a0\u00bb1_2&Prime; _builder_version=\u00a0\u00bb4.20.2&Prime; _module_preset=\u00a0\u00bbdefault\u00a0\u00bb global_colors_info=\u00a0\u00bb{}\u00a0\u00bb theme_builder_area=\u00a0\u00bbpost_content\u00a0\u00bb][\/et_pb_column][\/et_pb_row][et_pb_row _builder_version=\u00a0\u00bb4.20.2&Prime; _module_preset=\u00a0\u00bbdefault\u00a0\u00bb global_colors_info=\u00a0\u00bb{}\u00a0\u00bb theme_builder_area=\u00a0\u00bbpost_content\u00a0\u00bb][et_pb_column type=\u00a0\u00bb4_4&Prime; _builder_version=\u00a0\u00bb4.16&Prime; _module_preset=\u00a0\u00bbdefault\u00a0\u00bb global_colors_info=\u00a0\u00bb{}\u00a0\u00bb theme_builder_area=\u00a0\u00bbpost_content\u00a0\u00bb][et_pb_text _builder_version=\u00a0\u00bb4.20.2&Prime; _module_preset=\u00a0\u00bbdefault\u00a0\u00bb background_enable_image=\u00a0\u00bboff\u00a0\u00bb background_size=\u00a0\u00bbcustom\u00a0\u00bb background_image_width=\u00a0\u00bb15%\u00a0\u00bb background_position=\u00a0\u00bbtop_right\u00a0\u00bb min_height=\u00a0\u00bb509.8px\u00a0\u00bb custom_margin=\u00a0\u00bb||0px||false|false\u00a0\u00bb custom_padding=\u00a0\u00bb38px||0px||false|false\u00a0\u00bb hover_enabled=\u00a0\u00bb0&Prime; global_colors_info=\u00a0\u00bb{}\u00a0\u00bb theme_builder_area=\u00a0\u00bbpost_content\u00a0\u00bb sticky_enabled=\u00a0\u00bb0&Prime;]<\/p>\n<div class=\"elementToProof\">\n<div class=\"elementToProof\">\n<div class=\"elementToProof\">\n<div class=\"elementToProof\">\n<div class=\"elementToProof\">\n<div class=\"elementToProof\">\n<div class=\"elementToProof\">\n<div class=\"elementToProof\">\n<div class=\"elementToProof\">\n<div class=\"elementToProof\">\n<div class=\"elementToProof\">\n<div class=\"elementToProof\">\n<div class=\"elementToProof\">\n<div class=\"elementToProof\">\n<div class=\"elementToProof\">\n<div class=\"elementToProof\">\n<div class=\"elementToProof\">\n<div class=\"elementToProof\">\n<div class=\"x_elementToProof\">\n<div class=\"elementToProof\">\n<div class=\"elementToProof\">\n<div class=\"elementToProof\">\n<div class=\"elementToProof\">\n<div class=\"elementToProof\">\n<div class=\"elementToProof\">\n<div class=\"elementToProof\">\n<div class=\"elementToProof\">\n<div class=\"elementToProof\">\n<div class=\"x_elementToProof\">\n<div class=\"elementToProof\">\n<div class=\"elementToProof\">\n<div class=\"elementToProof\">La branche automobile du Groupe Caill\u00e9 recrute <span>un.e Vendeur.se Itin\u00e9rant.e<\/span>\u00a0<span>Pi\u00e8ces de Rechange et Accessoires (P.R.A)<\/span>\u00a0pour <span>SMCI MAYOTTE<\/span>\u00a0!<\/div>\n<div class=\"elementToProof\">Sp\u00e9cialiste de la pi\u00e8ce de rechange multimarque, vous \u00e9voluerez au c\u0153ur d\u2019un environnement dynamique, orient\u00e9 performance et satisfaction client.<\/div>\n<div class=\"elementToProof\">V\u00e9ritable femme \/ homme de terrain, vous \u00eates anim\u00e9.e par le go\u00fbt du contact, la conqu\u00eate commerciale et la fid\u00e9lisation durable.<\/div>\n<div class=\"elementToProof\"><\/div>\n<div class=\"elementToProof\"><span>Votre mission principale ?<\/span><br \/>D\u00e9velopper et p\u00e9renniser un portefeuille clients sur un secteur g\u00e9ographique d\u00e9fini, en commercialisant l\u2019ensemble de notre gamme de pi\u00e8ces de rechange multimarques et d\u2019accessoires, tout en garantissant un haut niveau de service et l\u2019atteinte des objectifs commerciaux.<\/div>\n<div class=\"elementToProof\">V\u00e9ritable ambassadeur.rice. de l\u2019entreprise sur votre secteur, vous aurez pour missions :<\/div>\n<ul>\n<li>\n<div role=\"presentation\" class=\"elementToProof\"><span>Prospection et suivi clients<\/span>\u00a0: d\u00e9velopper un portefeuille professionnel et mettre \u00e0 jour les fichiers client\u00e8le.<\/div>\n<\/li>\n<li>\n<div role=\"presentation\" class=\"elementToProof\"><span>Vente itin\u00e9rante<\/span>\u00a0: organiser vos tourn\u00e9es et promouvoir les produits et services de l\u2019entreprise (financement possible).<\/div>\n<\/li>\n<li>\n<div role=\"presentation\" class=\"elementToProof\"><span>Suivi commercial<\/span>\u00a0: g\u00e9rer les commandes, les livraisons et traiter les r\u00e9clamations selon directives.<\/div>\n<\/li>\n<li>\n<div role=\"presentation\" class=\"elementToProof\"><span>Conseil client<\/span>\u00a0: accompagner et conseiller les clients professionnels pour r\u00e9pondre pr\u00e9cis\u00e9ment \u00e0 leurs besoins.<\/div>\n<\/li>\n<li>\n<div role=\"presentation\" class=\"elementToProof\"><span>Gestion administrative et reporting<\/span>\u00a0: planning des visites, comptes rendus, classement des documents internes, mise \u00e0 jour de la documentation.<\/div>\n<\/li>\n<li>\n<div role=\"presentation\" class=\"elementToProof\"><span>Analyse et pilotage<\/span>\u00a0: passer les commandes fournisseurs, analyser les ventes et assurer une veille concurrentielle.<\/div>\n<\/li>\n<\/ul>\n<div class=\"elementToProof\">\u00a0<\/div>\n<div class=\"elementToProof\"><span>Le profil que nous recherchons :<\/span><\/div>\n<div class=\"elementToProof\">Issu\u00b7e d\u2019une formation <span>Bac pro \u00e0 Bac+2 en commerce \/ vente<\/span>, ou d\u2019une exp\u00e9rience \u00e9quivalente, id\u00e9alement dans l\u2019univers de la pi\u00e8ce de rechange ou de l\u2019automobile, vous \u00eates avant tout un\u00b7e commercial\u00b7e de terrain, autonome et orient\u00e9\u00b7e r\u00e9sultats.<\/div>\n<div class=\"elementToProof\">Vous vous distinguez par :<\/div>\n<ul>\n<li>\n<div role=\"presentation\" class=\"elementToProof\">Bonne gestion de la relation client,<\/div>\n<\/li>\n<li>\n<div role=\"presentation\" class=\"elementToProof\">Aisance \u00e0 l\u2019oral,<\/div>\n<\/li>\n<li>\n<div role=\"presentation\" class=\"elementToProof\">Autonomie, organisation et rigueur,<\/div>\n<\/li>\n<li>\n<div role=\"presentation\" class=\"elementToProof\">Ma\u00eetrise du Pack Office.<\/div>\n<\/li>\n<\/ul>\n<div class=\"elementToProof\">Le poste impliquant de nombreux d\u00e9placements, le permis B est indispensable.<\/div>\n<div class=\"elementToProof\">\u00a0<\/div>\n<div class=\"elementToProof\">Le Groupe Caill\u00e9 est un employeur garantissant l\u2019\u00e9galit\u00e9 des chances et valorisant la diversit\u00e9 au sein de ses \u00e9quipes.<\/div>\n<\/div>\n<\/div>\n<\/div>\n<\/div>\n<\/div>\n<\/div>\n<\/div>\n<\/div>\n<\/div>\n<\/div>\n<\/div>\n<\/div>\n<\/div>\n<\/div>\n<\/div>\n<\/div>\n<\/div>\n<\/div>\n<\/div>\n<\/div>\n<\/div>\n<\/div>\n<\/div>\n<\/div>\n<\/div>\n<\/div>\n<\/div>\n<\/div>\n<\/div>\n<\/div>\n<\/div>\n<p>[\/et_pb_text][\/et_pb_column][\/et_pb_row][et_pb_row _builder_version=\u00a0\u00bb4.16&Prime; _module_preset=\u00a0\u00bbdefault\u00a0\u00bb global_colors_info=\u00a0\u00bb{}\u00a0\u00bb theme_builder_area=\u00a0\u00bbpost_content\u00a0\u00bb][et_pb_column type=\u00a0\u00bb4_4&Prime; _builder_version=\u00a0\u00bb4.16&Prime; _module_preset=\u00a0\u00bbdefault\u00a0\u00bb global_colors_info=\u00a0\u00bb{}\u00a0\u00bb theme_builder_area=\u00a0\u00bbpost_content\u00a0\u00bb][et_pb_button button_url=\u00a0\u00bbmailto:job-ref-imfwajsnbz@emploi.beetween.com\u00a0\u00bb button_text=\u00a0\u00bbPOSTULEZ ICI\u00a0\u00bb _builder_version=\u00a0\u00bb4.20.2&Prime; _module_preset=\u00a0\u00bbdefault\u00a0\u00bb custom_button=\u00a0\u00bbon\u00a0\u00bb button_text_color=\u00a0\u00bb#ffffff\u00a0\u00bb button_bg_color=\u00a0\u00bb#a4326b\u00a0\u00bb button_border_width=\u00a0\u00bb0px\u00a0\u00bb button_icon=\u00a0\u00bb&#x6c;||divi||400&Prime; button_icon_placement=\u00a0\u00bbleft\u00a0\u00bb hover_enabled=\u00a0\u00bb0&Prime; global_colors_info=\u00a0\u00bb{}\u00a0\u00bb theme_builder_area=\u00a0\u00bbpost_content\u00a0\u00bb sticky_enabled=\u00a0\u00bb0&Prime;][\/et_pb_button][\/et_pb_column][\/et_pb_row][et_pb_row _builder_version=\u00a0\u00bb4.16&Prime; _module_preset=\u00a0\u00bbdefault\u00a0\u00bb global_colors_info=\u00a0\u00bb{}\u00a0\u00bb theme_builder_area=\u00a0\u00bbpost_content\u00a0\u00bb][et_pb_column type=\u00a0\u00bb4_4&Prime; _builder_version=\u00a0\u00bb4.16&Prime; _module_preset=\u00a0\u00bbdefault\u00a0\u00bb global_colors_info=\u00a0\u00bb{}\u00a0\u00bb theme_builder_area=\u00a0\u00bbpost_content\u00a0\u00bb][et_pb_button button_url=\u00a0\u00bb@ET-DC@eyJkeW5hbWljIjp0cnVlLCJjb250ZW50IjoicG9zdF9saW5rX3VybF9wYWdlIiwic2V0dGluZ3MiOnsicG9zdF9pZCI6IjExMTkifX0=@\u00a0\u00bb button_text=\u00a0\u00bbRETOUR AUX OFFRES\u00a0\u00bb _builder_version=\u00a0\u00bb4.16&Prime; _dynamic_attributes=\u00a0\u00bbbutton_url\u00a0\u00bb _module_preset=\u00a0\u00bbdefault\u00a0\u00bb custom_button=\u00a0\u00bbon\u00a0\u00bb button_text_color=\u00a0\u00bb#ffffff\u00a0\u00bb button_bg_color=\u00a0\u00bb#a4326b\u00a0\u00bb button_border_width=\u00a0\u00bb0px\u00a0\u00bb button_icon=\u00a0\u00bb&#x34;||divi||400&Prime; button_icon_placement=\u00a0\u00bbleft\u00a0\u00bb global_colors_info=\u00a0\u00bb{}\u00a0\u00bb theme_builder_area=\u00a0\u00bbpost_content\u00a0\u00bb][\/et_pb_button][\/et_pb_column][\/et_pb_row][\/et_pb_section]<\/p>\n","protected":false},"excerpt":{"rendered":"<p>VENDEUR.SE ITINERANT.E P.R.A SMCI MAYOTTE La branche automobile du Groupe Caill\u00e9 recrute un.e Vendeur.se Itin\u00e9rant.e\u00a0Pi\u00e8ces de Rechange et Accessoires (P.R.A)\u00a0pour SMCI MAYOTTE\u00a0! Sp\u00e9cialiste de la pi\u00e8ce de rechange multimarque, vous \u00e9voluerez au c\u0153ur d\u2019un environnement dynamique, orient\u00e9 performance et satisfaction client. V\u00e9ritable femme \/ homme de terrain, vous \u00eates anim\u00e9.e par le go\u00fbt du contact, [&hellip;]<\/p>\n","protected":false},"author":21,"featured_media":0,"parent":0,"menu_order":0,"comment_status":"closed","ping_status":"closed","template":"","meta":{"_et_pb_use_builder":"on","_et_pb_old_content":"","_et_gb_content_width":""},"_links":{"self":[{"href":"https:\/\/groupecaille.com\/index.php\/wp-json\/wp\/v2\/pages\/9139"}],"collection":[{"href":"https:\/\/groupecaille.com\/index.php\/wp-json\/wp\/v2\/pages"}],"about":[{"href":"https:\/\/groupecaille.com\/index.php\/wp-json\/wp\/v2\/types\/page"}],"author":[{"embeddable":true,"href":"https:\/\/groupecaille.com\/index.php\/wp-json\/wp\/v2\/users\/21"}],"replies":[{"embeddable":true,"href":"https:\/\/groupecaille.com\/index.php\/wp-json\/wp\/v2\/comments?post=9139"}],"version-history":[{"count":2,"href":"https:\/\/groupecaille.com\/index.php\/wp-json\/wp\/v2\/pages\/9139\/revisions"}],"predecessor-version":[{"id":9141,"href":"https:\/\/groupecaille.com\/index.php\/wp-json\/wp\/v2\/pages\/9139\/revisions\/9141"}],"wp:attachment":[{"href":"https:\/\/groupecaille.com\/index.php\/wp-json\/wp\/v2\/media?parent=9139"}],"curies":[{"name":"wp","href":"https:\/\/api.w.org\/{rel}","templated":true}]}}