{"id":9028,"date":"2025-12-15T15:35:55","date_gmt":"2025-12-15T11:35:55","guid":{"rendered":"https:\/\/groupecaille.com\/?page_id=9028"},"modified":"2026-03-09T09:33:57","modified_gmt":"2026-03-09T05:33:57","slug":"grand-raid-by-caille","status":"publish","type":"page","link":"https:\/\/groupecaille.com\/index.php\/grand-raid-by-caille\/","title":{"rendered":"Grand-Raid-By-Caille"},"content":{"rendered":"<p>[et_pb_section fb_built=\u00a0\u00bb1&Prime; _builder_version=\u00a0\u00bb4.20.2&Prime; _module_preset=\u00a0\u00bbdefault\u00a0\u00bb da_disable_devices=\u00a0\u00bboff|off|off\u00a0\u00bb global_colors_info=\u00a0\u00bb{}\u00a0\u00bb da_is_popup=\u00a0\u00bboff\u00a0\u00bb da_exit_intent=\u00a0\u00bboff\u00a0\u00bb da_has_close=\u00a0\u00bbon\u00a0\u00bb da_alt_close=\u00a0\u00bboff\u00a0\u00bb da_dark_close=\u00a0\u00bboff\u00a0\u00bb da_not_modal=\u00a0\u00bbon\u00a0\u00bb da_is_singular=\u00a0\u00bboff\u00a0\u00bb da_with_loader=\u00a0\u00bboff\u00a0\u00bb da_has_shadow=\u00a0\u00bbon\u00a0\u00bb][et_pb_row _builder_version=\u00a0\u00bb4.20.2&Prime; _module_preset=\u00a0\u00bbdefault\u00a0\u00bb global_colors_info=\u00a0\u00bb{}\u00a0\u00bb][et_pb_column type=\u00a0\u00bb4_4&Prime; _builder_version=\u00a0\u00bb4.20.2&Prime; _module_preset=\u00a0\u00bbdefault\u00a0\u00bb global_colors_info=\u00a0\u00bb{}\u00a0\u00bb][et_pb_image src=\u00a0\u00bbhttps:\/\/groupecaille.com\/wp-content\/uploads\/2025\/12\/slider_site_grand_raid_gc.jpg\u00a0\u00bb title_text=\u00a0\u00bbslider_site_grand_raid_gc\u00a0\u00bb _builder_version=\u00a0\u00bb4.20.2&Prime; _module_preset=\u00a0\u00bbdefault\u00a0\u00bb global_colors_info=\u00a0\u00bb{}\u00a0\u00bb][\/et_pb_image][\/et_pb_column][\/et_pb_row][et_pb_row _builder_version=\u00a0\u00bb4.20.2&Prime; _module_preset=\u00a0\u00bbdefault\u00a0\u00bb global_colors_info=\u00a0\u00bb{}\u00a0\u00bb][et_pb_column type=\u00a0\u00bb4_4&Prime; _builder_version=\u00a0\u00bb4.20.2&Prime; _module_preset=\u00a0\u00bbdefault\u00a0\u00bb global_colors_info=\u00a0\u00bb{}\u00a0\u00bb][et_pb_text _builder_version=\u00a0\u00bb4.20.2&Prime; _module_preset=\u00a0\u00bbdefault\u00a0\u00bb text_text_color=\u00a0\u00bb#000000&Prime; header_3_text_color=\u00a0\u00bb#901e6b\u00a0\u00bb custom_padding=\u00a0\u00bb||0px|||\u00a0\u00bb global_colors_info=\u00a0\u00bb{}\u00a0\u00bb]<\/p>\n<h3 data-path-to-node=\"4,1\" style=\"text-align: center;\"><b>Grand Raid By Caill\u00e9 : L&rsquo;\u00c9nergie du Groupe au Sommet.<\/b><\/h3>\n<p><b><\/b><\/p>\n<p data-path-to-node=\"4,2\" style=\"text-align: center;\">Le Groupe Caill\u00e9 est fier de soutenir ses collaborateurs sportifs et de valoriser le d\u00e9passement de soi en cr\u00e9ant l&rsquo;\u00e9quipe officielle <b>Grand Raid By Caill\u00e9<\/b> pour l&rsquo;\u00e9dition 2026 !<\/p>\n<p data-path-to-node=\"4,3\" style=\"text-align: center;\">Que vous visiez la Diagonale, le Trail de Bourbon, la Mascareignes ou la Zembrocal, c&rsquo;est l&rsquo;occasion de vous lancer dans ce d\u00e9fi unique tout en \u00e9tant soutenu par l&rsquo;ensemble du Groupe.<\/p>\n<p data-path-to-node=\"4,4\"><b>En rejoignant l&rsquo;\u00e9quipe, vous b\u00e9n\u00e9ficierez de :<\/b><\/p>\n<p data-path-to-node=\"4,5,0,0\"><b>\u2705 Prise en charge \u00e0 100%<\/b> de vos frais d&rsquo;inscription \u00e0 la course.<\/p>\n<p data-path-to-node=\"4,5,1,0\">\u2705 Un <b>T-shirt technique officiel<\/b> aux couleurs de l&rsquo;\u00e9quipe <b>Grand Raid By Caill\u00e9<\/b>.<\/p>\n<p data-path-to-node=\"4,5,2,0\">\u2705\u00a0Un <b>point de ralliement et d&rsquo;encouragement privil\u00e9gi\u00e9<\/b> pour les coureurs et leurs accompagnateurs au ravitaillement de La Possession.<\/p>\n<p data-path-to-node=\"4,6\"><b>Remplissez ce formulaire<\/b> avec pr\u00e9cision pour postuler et faire partie de l&rsquo;aventure !<\/p>\n<p data-path-to-node=\"4,7\"><b>\u26a0\ufe0f Information Importante :<\/b><\/p>\n<ul data-path-to-node=\"4,8\">\n<li>\n<p data-path-to-node=\"4,8,0,0\">Vous devez imp\u00e9rativement <b>remplir les conditions de qualification<\/b> (points de trail) pour la course choisie par l&rsquo;organisation du Grand Raid 2026.<\/p>\n<\/li>\n<li>\n<p data-path-to-node=\"4,8,1,0\">La date limite d&rsquo;inscription interne est fix\u00e9e au <b>06 Mars 2026.<\/b><\/p>\n<\/li>\n<li><span>Le Groupe Caill\u00e9 ne dispose d&rsquo;aucun partenariat avec l&rsquo;organisation du Grand Raid et par cons\u00e9quent, n&rsquo;a pas de places r\u00e9serv\u00e9es pour ses salari\u00e9s.<\/span><\/li>\n<\/ul>\n<p>&nbsp;<\/p>\n<p>[\/et_pb_text][et_pb_text _builder_version=\u00a0\u00bb4.20.2&Prime; _module_preset=\u00a0\u00bbdefault\u00a0\u00bb text_text_color=\u00a0\u00bb#000000&Prime; text_font=\u00a0\u00bb|600|||||||\u00a0\u00bb text_orientation=\u00a0\u00bbcenter\u00a0\u00bb hover_enabled=\u00a0\u00bb0&Prime; sticky_enabled=\u00a0\u00bb0&Prime;]<\/p>\n<p>Inscriptions termin\u00e9es<\/p>\n<p>[\/et_pb_text][et_pb_contact_form captcha=\u00a0\u00bboff\u00a0\u00bb email=\u00a0\u00bbj50r1ha7cm4046291oicxc246vvfdffs@hook.eu1.make.com\u00a0\u00bb custom_message=\u00a0\u00bb{%22Nom%22:%22%%nom%%%22,%22Pr\u00e9nom%22:%22%%prenom%%%22,%22Email%22:%22%%email%%%22,%22T\u00e9l\u00e9phone%22:%22%%telephone%%%22,%22Marque%22:%22%%marque%%%22,%22Poste%22:%22%%poste%%%22,%22Mod\u00e8le%22:%22%%modele%%%22,%22Taille%22:%22%%taille%%%22,%22Course%22:%22%%course%%%22,%22Participation%22:%22%%participation%%%22,%22Oui%22:%22%%oui%%%22,%22Qualification%22:%22%%qualification%%%22}\u00a0\u00bb use_redirect=\u00a0\u00bbon\u00a0\u00bb success_message=\u00a0\u00bbVotre candidature a bien \u00e9t\u00e9 re\u00e7ue ! Merci de votre int\u00e9r\u00eat et de votre passion pour le d\u00e9fi. Nous allons maintenant \u00e9tudier toutes les candidatures et reviendrons vers vous tr\u00e8s prochainement avec les d\u00e9tails de la s\u00e9lection et les prochaines \u00e9tapes pour int\u00e9grer l&rsquo;\u00e9quipe Grand Raid By Caill\u00e9. \u00c0 tr\u00e8s vite sur les sentiers !\u00a0\u00bb submit_button_text=\u00a0\u00bbJe m&rsquo;inscris\u00a0\u00bb _builder_version=\u00a0\u00bb4.20.2&Prime; _module_preset=\u00a0\u00bbdefault\u00a0\u00bb _unique_id=\u00a0\u00bba944d628-c0c1-44b2-9373-64c2c6d1a189&Prime; global_colors_info=\u00a0\u00bb{}\u00a0\u00bb disabled_on=\u00a0\u00bbon|on|on\u00a0\u00bb disabled=\u00a0\u00bbon\u00a0\u00bb][et_pb_contact_field field_id=\u00a0\u00bbnom\u00a0\u00bb field_title=\u00a0\u00bbNom *\u00a0\u00bb _builder_version=\u00a0\u00bb4.20.2&Prime; global_colors_info=\u00a0\u00bb{}\u00a0\u00bb button_text_size__hover_enabled=\u00a0\u00bboff\u00a0\u00bb button_one_text_size__hover_enabled=\u00a0\u00bboff\u00a0\u00bb button_two_text_size__hover_enabled=\u00a0\u00bboff\u00a0\u00bb button_text_color__hover_enabled=\u00a0\u00bboff\u00a0\u00bb button_one_text_color__hover_enabled=\u00a0\u00bboff\u00a0\u00bb button_two_text_color__hover_enabled=\u00a0\u00bboff\u00a0\u00bb button_border_width__hover_enabled=\u00a0\u00bboff\u00a0\u00bb button_one_border_width__hover_enabled=\u00a0\u00bboff\u00a0\u00bb button_two_border_width__hover_enabled=\u00a0\u00bboff\u00a0\u00bb button_border_color__hover_enabled=\u00a0\u00bboff\u00a0\u00bb button_one_border_color__hover_enabled=\u00a0\u00bboff\u00a0\u00bb button_two_border_color__hover_enabled=\u00a0\u00bboff\u00a0\u00bb button_border_radius__hover_enabled=\u00a0\u00bboff\u00a0\u00bb button_one_border_radius__hover_enabled=\u00a0\u00bboff\u00a0\u00bb button_two_border_radius__hover_enabled=\u00a0\u00bboff\u00a0\u00bb button_letter_spacing__hover_enabled=\u00a0\u00bboff\u00a0\u00bb button_one_letter_spacing__hover_enabled=\u00a0\u00bboff\u00a0\u00bb button_two_letter_spacing__hover_enabled=\u00a0\u00bboff\u00a0\u00bb button_bg_color__hover_enabled=\u00a0\u00bboff\u00a0\u00bb button_one_bg_color__hover_enabled=\u00a0\u00bboff\u00a0\u00bb button_two_bg_color__hover_enabled=\u00a0\u00bboff\u00a0\u00bb][\/et_pb_contact_field][et_pb_contact_field field_id=\u00a0\u00bbprenom\u00a0\u00bb field_title=\u00a0\u00bbPr\u00e9nom *\u00a0\u00bb _builder_version=\u00a0\u00bb4.20.2&Prime; global_colors_info=\u00a0\u00bb{}\u00a0\u00bb button_text_size__hover_enabled=\u00a0\u00bboff\u00a0\u00bb button_one_text_size__hover_enabled=\u00a0\u00bboff\u00a0\u00bb button_two_text_size__hover_enabled=\u00a0\u00bboff\u00a0\u00bb button_text_color__hover_enabled=\u00a0\u00bboff\u00a0\u00bb button_one_text_color__hover_enabled=\u00a0\u00bboff\u00a0\u00bb button_two_text_color__hover_enabled=\u00a0\u00bboff\u00a0\u00bb button_border_width__hover_enabled=\u00a0\u00bboff\u00a0\u00bb button_one_border_width__hover_enabled=\u00a0\u00bboff\u00a0\u00bb button_two_border_width__hover_enabled=\u00a0\u00bboff\u00a0\u00bb button_border_color__hover_enabled=\u00a0\u00bboff\u00a0\u00bb button_one_border_color__hover_enabled=\u00a0\u00bboff\u00a0\u00bb button_two_border_color__hover_enabled=\u00a0\u00bboff\u00a0\u00bb button_border_radius__hover_enabled=\u00a0\u00bboff\u00a0\u00bb button_one_border_radius__hover_enabled=\u00a0\u00bboff\u00a0\u00bb button_two_border_radius__hover_enabled=\u00a0\u00bboff\u00a0\u00bb button_letter_spacing__hover_enabled=\u00a0\u00bboff\u00a0\u00bb button_one_letter_spacing__hover_enabled=\u00a0\u00bboff\u00a0\u00bb button_two_letter_spacing__hover_enabled=\u00a0\u00bboff\u00a0\u00bb button_bg_color__hover_enabled=\u00a0\u00bboff\u00a0\u00bb button_one_bg_color__hover_enabled=\u00a0\u00bboff\u00a0\u00bb button_two_bg_color__hover_enabled=\u00a0\u00bboff\u00a0\u00bb][\/et_pb_contact_field][et_pb_contact_field field_id=\u00a0\u00bbemail\u00a0\u00bb field_title=\u00a0\u00bbAdresse e-mail *\u00a0\u00bb field_type=\u00a0\u00bbemail\u00a0\u00bb _builder_version=\u00a0\u00bb4.20.2&Prime; global_colors_info=\u00a0\u00bb{}\u00a0\u00bb button_text_size__hover_enabled=\u00a0\u00bboff\u00a0\u00bb button_one_text_size__hover_enabled=\u00a0\u00bboff\u00a0\u00bb button_two_text_size__hover_enabled=\u00a0\u00bboff\u00a0\u00bb button_text_color__hover_enabled=\u00a0\u00bboff\u00a0\u00bb button_one_text_color__hover_enabled=\u00a0\u00bboff\u00a0\u00bb button_two_text_color__hover_enabled=\u00a0\u00bboff\u00a0\u00bb button_border_width__hover_enabled=\u00a0\u00bboff\u00a0\u00bb button_one_border_width__hover_enabled=\u00a0\u00bboff\u00a0\u00bb button_two_border_width__hover_enabled=\u00a0\u00bboff\u00a0\u00bb button_border_color__hover_enabled=\u00a0\u00bboff\u00a0\u00bb button_one_border_color__hover_enabled=\u00a0\u00bboff\u00a0\u00bb button_two_border_color__hover_enabled=\u00a0\u00bboff\u00a0\u00bb button_border_radius__hover_enabled=\u00a0\u00bboff\u00a0\u00bb button_one_border_radius__hover_enabled=\u00a0\u00bboff\u00a0\u00bb button_two_border_radius__hover_enabled=\u00a0\u00bboff\u00a0\u00bb button_letter_spacing__hover_enabled=\u00a0\u00bboff\u00a0\u00bb button_one_letter_spacing__hover_enabled=\u00a0\u00bboff\u00a0\u00bb button_two_letter_spacing__hover_enabled=\u00a0\u00bboff\u00a0\u00bb button_bg_color__hover_enabled=\u00a0\u00bboff\u00a0\u00bb button_one_bg_color__hover_enabled=\u00a0\u00bboff\u00a0\u00bb button_two_bg_color__hover_enabled=\u00a0\u00bboff\u00a0\u00bb][\/et_pb_contact_field][et_pb_contact_field field_id=\u00a0\u00bbtelephone\u00a0\u00bb field_title=\u00a0\u00bbNum\u00e9ro de T\u00e9l\u00e9phone *\u00a0\u00bb allowed_symbols=\u00a0\u00bbnumbers\u00a0\u00bb _builder_version=\u00a0\u00bb4.20.2&Prime; global_colors_info=\u00a0\u00bb{}\u00a0\u00bb button_text_size__hover_enabled=\u00a0\u00bboff\u00a0\u00bb button_one_text_size__hover_enabled=\u00a0\u00bboff\u00a0\u00bb button_two_text_size__hover_enabled=\u00a0\u00bboff\u00a0\u00bb button_text_color__hover_enabled=\u00a0\u00bboff\u00a0\u00bb button_one_text_color__hover_enabled=\u00a0\u00bboff\u00a0\u00bb button_two_text_color__hover_enabled=\u00a0\u00bboff\u00a0\u00bb button_border_width__hover_enabled=\u00a0\u00bboff\u00a0\u00bb button_one_border_width__hover_enabled=\u00a0\u00bboff\u00a0\u00bb button_two_border_width__hover_enabled=\u00a0\u00bboff\u00a0\u00bb button_border_color__hover_enabled=\u00a0\u00bboff\u00a0\u00bb button_one_border_color__hover_enabled=\u00a0\u00bboff\u00a0\u00bb button_two_border_color__hover_enabled=\u00a0\u00bboff\u00a0\u00bb button_border_radius__hover_enabled=\u00a0\u00bboff\u00a0\u00bb button_one_border_radius__hover_enabled=\u00a0\u00bboff\u00a0\u00bb button_two_border_radius__hover_enabled=\u00a0\u00bboff\u00a0\u00bb button_letter_spacing__hover_enabled=\u00a0\u00bboff\u00a0\u00bb button_one_letter_spacing__hover_enabled=\u00a0\u00bboff\u00a0\u00bb button_two_letter_spacing__hover_enabled=\u00a0\u00bboff\u00a0\u00bb button_bg_color__hover_enabled=\u00a0\u00bboff\u00a0\u00bb button_one_bg_color__hover_enabled=\u00a0\u00bboff\u00a0\u00bb button_two_bg_color__hover_enabled=\u00a0\u00bboff\u00a0\u00bb][\/et_pb_contact_field][et_pb_contact_field field_id=\u00a0\u00bbmarque\u00a0\u00bb field_title=\u00a0\u00bbSoci\u00e9t\u00e9 *\u00a0\u00bb field_type=\u00a0\u00bbselect\u00a0\u00bb select_options=\u00a0\u00bb%91{%22value%22:%22Magasin Leader Price%22,%22checked%22:0,%22dragID%22:-1},{%22dragID%22:0,%22value%22:%22CashOi%22,%22checked%22:0},{%22dragID%22:1,%22value%22:%22CAPARAM%22,%22checked%22:0},{%22dragID%22:2,%22value%22:%22CGD\/Sodexpro%22,%22checked%22:0},{%22dragID%22:3,%22value%22:%22JCA (Peugeot, DS, Opel, Fiat, Alfa)%22,%22checked%22:0},{%22dragID%22:4,%22value%22:%22DINDAR AUTOS (Kia, MG)%22,%22checked%22:0},{%22dragID%22:5,%22value%22:%22DIN AUTOS (Porsche, Land Rover)%22,%22checked%22:0},{%22dragID%22:6,%22value%22:%22Les Occasions Caill\u00e9%22,%22checked%22:0},{%22dragID%22:7,%22value%22:%22CAPR \/ CAPRD%22,%22checked%22:0},{%22dragID%22:8,%22value%22:%22Midas%22,%22checked%22:0},{%22dragID%22:9,%22value%22:%22Mister Auto%22,%22checked%22:0},{%22dragID%22:10,%22value%22:%22Logicare%22,%22checked%22:0},{%22dragID%22:11,%22value%22:%22ADA Location %22,%22checked%22:0},{%22dragID%22:12,%22value%22:%22Villa Caill\u00e9%22,%22checked%22:0},{%22dragID%22:13,%22value%22:%22Villa Fleuri\u00e9%22,%22checked%22:0},{%22dragID%22:14,%22value%22:%22CRAP%22,%22checked%22:0},{%22dragID%22:15,%22value%22:%22%22,%22checked%22:0}%93&Prime; fullwidth_field=\u00a0\u00bbon\u00a0\u00bb _builder_version=\u00a0\u00bb4.20.2&Prime; _module_preset=\u00a0\u00bbdefault\u00a0\u00bb global_colors_info=\u00a0\u00bb{}\u00a0\u00bb][\/et_pb_contact_field][et_pb_contact_field field_id=\u00a0\u00bbposte\u00a0\u00bb field_title=\u00a0\u00bbSite *\u00a0\u00bb field_type=\u00a0\u00bbselect\u00a0\u00bb select_options=\u00a0\u00bb%91{%22value%22:%22Nord%22,%22checked%22:0,%22dragID%22:-1},{%22value%22:%22Sud%22,%22checked%22:0,%22dragID%22:0},{%22value%22:%22Est%22,%22checked%22:0,%22dragID%22:1},{%22value%22:%22Ouest%22,%22checked%22:0,%22dragID%22:2}%93&Prime; fullwidth_field=\u00a0\u00bbon\u00a0\u00bb _builder_version=\u00a0\u00bb4.20.2&Prime; _module_preset=\u00a0\u00bbdefault\u00a0\u00bb global_colors_info=\u00a0\u00bb{}\u00a0\u00bb][\/et_pb_contact_field][et_pb_contact_field field_id=\u00a0\u00bbmodele\u00a0\u00bb field_title=\u00a0\u00bbMod\u00e8le de T-shirt souhait\u00e9 *\u00a0\u00bb field_type=\u00a0\u00bbradio\u00a0\u00bb radio_options=\u00a0\u00bb%91{%22value%22:%22Mod\u00e8le Femme (coupe ajust\u00e9e)%22,%22checked%22:0,%22dragID%22:-1},{%22dragID%22:0,%22value%22:%22Mod\u00e8le Homme (coupe droite)%22,%22checked%22:0}%93&Prime; fullwidth_field=\u00a0\u00bbon\u00a0\u00bb _builder_version=\u00a0\u00bb4.20.2&Prime; _module_preset=\u00a0\u00bbdefault\u00a0\u00bb global_colors_info=\u00a0\u00bb{}\u00a0\u00bb][\/et_pb_contact_field][et_pb_contact_field field_id=\u00a0\u00bbtaille\u00a0\u00bb field_title=\u00a0\u00bbTaille du T-shirt souhait\u00e9 *\u00a0\u00bb field_type=\u00a0\u00bbradio\u00a0\u00bb radio_options=\u00a0\u00bb%91{%22value%22:%22XS%22,%22checked%22:0,%22dragID%22:-1},{%22dragID%22:0,%22value%22:%22S%22,%22checked%22:0},{%22dragID%22:1,%22value%22:%22M%22,%22checked%22:0},{%22dragID%22:2,%22value%22:%22L%22,%22checked%22:0},{%22dragID%22:3,%22value%22:%22XL%22,%22checked%22:0},{%22dragID%22:4,%22value%22:%22XXL%22,%22checked%22:0}%93&Prime; fullwidth_field=\u00a0\u00bbon\u00a0\u00bb _builder_version=\u00a0\u00bb4.20.2&Prime; _module_preset=\u00a0\u00bbdefault\u00a0\u00bb global_colors_info=\u00a0\u00bb{}\u00a0\u00bb][\/et_pb_contact_field][et_pb_contact_field field_id=\u00a0\u00bbcourse\u00a0\u00bb field_title=\u00a0\u00bbCourse Choisie *\u00a0\u00bb field_type=\u00a0\u00bbradio\u00a0\u00bb radio_options=\u00a0\u00bb%91{%22value%22:%22Diagonale des Fous%22,%22checked%22:0,%22dragID%22:-1},{%22dragID%22:0,%22value%22:%22Trail de Bourbon%22,%22checked%22:0},{%22value%22:%22Mascareignes%22,%22checked%22:0,%22dragID%22:1},{%22dragID%22:2,%22value%22:%22Zembrocal%22,%22checked%22:0}%93&Prime; fullwidth_field=\u00a0\u00bbon\u00a0\u00bb _builder_version=\u00a0\u00bb4.20.2&Prime; _module_preset=\u00a0\u00bbdefault\u00a0\u00bb global_colors_info=\u00a0\u00bb{}\u00a0\u00bb][\/et_pb_contact_field][et_pb_contact_field field_id=\u00a0\u00bbparticipation\u00a0\u00bb field_title=\u00a0\u00bbAvez-vous d\u00e9j\u00e0 particip\u00e9 au Grand Raid? \u00a0\u00bb field_type=\u00a0\u00bbradio\u00a0\u00bb radio_options=\u00a0\u00bb%91{%22value%22:%22Oui%22,%22checked%22:0,%22dragID%22:-1},{%22dragID%22:0,%22value%22:%22Non%22,%22checked%22:0}%93&Prime; fullwidth_field=\u00a0\u00bbon\u00a0\u00bb _builder_version=\u00a0\u00bb4.20.2&Prime; _module_preset=\u00a0\u00bbdefault\u00a0\u00bb global_colors_info=\u00a0\u00bb{}\u00a0\u00bb][\/et_pb_contact_field][et_pb_contact_field field_id=\u00a0\u00bboui\u00a0\u00bb field_title=\u00a0\u00bbSi oui, laquelle ? \u00a0\u00bb required_mark=\u00a0\u00bboff\u00a0\u00bb fullwidth_field=\u00a0\u00bbon\u00a0\u00bb _builder_version=\u00a0\u00bb4.20.2&Prime; _module_preset=\u00a0\u00bbdefault\u00a0\u00bb global_colors_info=\u00a0\u00bb{}\u00a0\u00bb][\/et_pb_contact_field][et_pb_contact_field field_id=\u00a0\u00bbqualification\u00a0\u00bb field_title=\u00a0\u00bbAvez-vous d\u00e9j\u00e0 atteint les points de qualification pour la course choisie ?\u00a0\u00bb field_type=\u00a0\u00bbradio\u00a0\u00bb radio_options=\u00a0\u00bb%91{%22value%22:%22Oui%22,%22checked%22:0,%22dragID%22:-1},{%22dragID%22:0,%22value%22:%22Non%22,%22checked%22:0},{%22dragID%22:1,%22value%22:%22En cours%22,%22checked%22:0}%93&Prime; fullwidth_field=\u00a0\u00bbon\u00a0\u00bb _builder_version=\u00a0\u00bb4.20.2&Prime; _module_preset=\u00a0\u00bbdefault\u00a0\u00bb global_colors_info=\u00a0\u00bb{}\u00a0\u00bb][\/et_pb_contact_field][\/et_pb_contact_form][et_pb_text _builder_version=\u00a0\u00bb4.20.2&Prime; _module_preset=\u00a0\u00bbdefault\u00a0\u00bb text_text_color=\u00a0\u00bb#E02B20&Prime; text_font_size=\u00a0\u00bb16px\u00a0\u00bb text_orientation=\u00a0\u00bbcenter\u00a0\u00bb global_colors_info=\u00a0\u00bb{}\u00a0\u00bb]<\/p>\n<div dir=\"ltr\" role=\"presentation\"><b>\u00c0 noter :<\/b><span>\u00a0Le b\u00e9n\u00e9fice de l\u2019inscription et du pack \u00ab\u00a0Grand Raid By Caill\u00e9\u00a0\u00bb est strictement r\u00e9serv\u00e9 aux salari\u00e9s faisant partie des effectifs du Groupe \u00e0 la date de l\u2019\u00e9v\u00e9nement. En cas de d\u00e9part de l\u2019entreprise avant la course, les avantages ne pourront \u00eatre maintenus.<\/span><\/div>\n<p>[\/et_pb_text][\/et_pb_column][\/et_pb_row][et_pb_row _builder_version=\u00a0\u00bb4.20.2&Prime; _module_preset=\u00a0\u00bbdefault\u00a0\u00bb global_colors_info=\u00a0\u00bb{}\u00a0\u00bb][et_pb_column type=\u00a0\u00bb4_4&Prime; _builder_version=\u00a0\u00bb4.20.2&Prime; _module_preset=\u00a0\u00bbdefault\u00a0\u00bb global_colors_info=\u00a0\u00bb{}\u00a0\u00bb][et_pb_text _builder_version=\u00a0\u00bb4.20.2&Prime; _module_preset=\u00a0\u00bbdefault\u00a0\u00bb global_colors_info=\u00a0\u00bb{}\u00a0\u00bb]<\/p>\n<p><em><strong>* Champs obligatoire<\/strong><\/em><\/p>\n<p>[\/et_pb_text][\/et_pb_column][\/et_pb_row][\/et_pb_section]<\/p>\n","protected":false},"excerpt":{"rendered":"<p>Grand Raid By Caill\u00e9 : L&rsquo;\u00c9nergie du Groupe au Sommet. Le Groupe Caill\u00e9 est fier de soutenir ses collaborateurs sportifs et de valoriser le d\u00e9passement de soi en cr\u00e9ant l&rsquo;\u00e9quipe officielle Grand Raid By Caill\u00e9 pour l&rsquo;\u00e9dition 2026 ! Que vous visiez la Diagonale, le Trail de Bourbon, la Mascareignes ou la Zembrocal, c&rsquo;est l&rsquo;occasion [&hellip;]<\/p>\n","protected":false},"author":21,"featured_media":0,"parent":0,"menu_order":0,"comment_status":"closed","ping_status":"closed","template":"","meta":{"_et_pb_use_builder":"on","_et_pb_old_content":"","_et_gb_content_width":""},"_links":{"self":[{"href":"https:\/\/groupecaille.com\/index.php\/wp-json\/wp\/v2\/pages\/9028"}],"collection":[{"href":"https:\/\/groupecaille.com\/index.php\/wp-json\/wp\/v2\/pages"}],"about":[{"href":"https:\/\/groupecaille.com\/index.php\/wp-json\/wp\/v2\/types\/page"}],"author":[{"embeddable":true,"href":"https:\/\/groupecaille.com\/index.php\/wp-json\/wp\/v2\/users\/21"}],"replies":[{"embeddable":true,"href":"https:\/\/groupecaille.com\/index.php\/wp-json\/wp\/v2\/comments?post=9028"}],"version-history":[{"count":22,"href":"https:\/\/groupecaille.com\/index.php\/wp-json\/wp\/v2\/pages\/9028\/revisions"}],"predecessor-version":[{"id":9258,"href":"https:\/\/groupecaille.com\/index.php\/wp-json\/wp\/v2\/pages\/9028\/revisions\/9258"}],"wp:attachment":[{"href":"https:\/\/groupecaille.com\/index.php\/wp-json\/wp\/v2\/media?parent=9028"}],"curies":[{"name":"wp","href":"https:\/\/api.w.org\/{rel}","templated":true}]}}