{"id":8984,"date":"2025-12-03T10:58:10","date_gmt":"2025-12-03T06:58:10","guid":{"rendered":"https:\/\/groupecaille.com\/?page_id=8984"},"modified":"2025-12-03T10:58:10","modified_gmt":"2025-12-03T06:58:10","slug":"03dec-conseiller-e-commercial-vehicules-neufs-mg-kia-le-port","status":"publish","type":"page","link":"https:\/\/groupecaille.com\/index.php\/03dec-conseiller-e-commercial-vehicules-neufs-mg-kia-le-port\/","title":{"rendered":"03Dec-CONSEILLER E COMMERCIAL VEHICULES NEUFS\u00a0 &#8211; MG KIA &#8211; LE PORT"},"content":{"rendered":"<p>[et_pb_section fb_built=\u00a0\u00bb1&Prime; _builder_version=\u00a0\u00bb4.16&Prime; _module_preset=\u00a0\u00bbdefault\u00a0\u00bb min_height=\u00a0\u00bb947.4px\u00a0\u00bb da_disable_devices=\u00a0\u00bboff|off|off\u00a0\u00bb global_colors_info=\u00a0\u00bb{}\u00a0\u00bb theme_builder_area=\u00a0\u00bbpost_content\u00a0\u00bb da_is_popup=\u00a0\u00bboff\u00a0\u00bb da_exit_intent=\u00a0\u00bboff\u00a0\u00bb da_has_close=\u00a0\u00bbon\u00a0\u00bb da_alt_close=\u00a0\u00bboff\u00a0\u00bb da_dark_close=\u00a0\u00bboff\u00a0\u00bb da_not_modal=\u00a0\u00bbon\u00a0\u00bb da_is_singular=\u00a0\u00bboff\u00a0\u00bb da_with_loader=\u00a0\u00bboff\u00a0\u00bb da_has_shadow=\u00a0\u00bbon\u00a0\u00bb][et_pb_row _builder_version=\u00a0\u00bb4.16&Prime; _module_preset=\u00a0\u00bbdefault\u00a0\u00bb background_color=\u00a0\u00bb#a4326b\u00a0\u00bb global_colors_info=\u00a0\u00bb{}\u00a0\u00bb theme_builder_area=\u00a0\u00bbpost_content\u00a0\u00bb][et_pb_column type=\u00a0\u00bb4_4&Prime; _builder_version=\u00a0\u00bb4.16&Prime; _module_preset=\u00a0\u00bbdefault\u00a0\u00bb global_colors_info=\u00a0\u00bb{}\u00a0\u00bb theme_builder_area=\u00a0\u00bbpost_content\u00a0\u00bb][et_pb_text _builder_version=\u00a0\u00bb4.20.2&Prime; _module_preset=\u00a0\u00bbdefault\u00a0\u00bb header_font=\u00a0\u00bb|||on|||||\u00a0\u00bb header_text_align=\u00a0\u00bbcenter\u00a0\u00bb header_text_color=\u00a0\u00bb#ffffff\u00a0\u00bb header_2_text_align=\u00a0\u00bbcenter\u00a0\u00bb header_2_text_color=\u00a0\u00bb#FFFFFF\u00a0\u00bb header_2_font_size=\u00a0\u00bb24px\u00a0\u00bb hover_enabled=\u00a0\u00bb0&Prime; global_colors_info=\u00a0\u00bb{}\u00a0\u00bb theme_builder_area=\u00a0\u00bbpost_content\u00a0\u00bb sticky_enabled=\u00a0\u00bb0&Prime;]<\/p>\n<div class=\"page\" title=\"Page 1\">\n<div class=\"section\">\n<div class=\"layoutArea\">\n<div class=\"column\">\n<h2><b>CONSEILLER.E COMMERCIAL VEHICULES NEUFS\u00a0 <\/b><\/h2>\n<h2>\u00a0MG \/ KIA &#8211; LE PORT<\/h2>\n<\/div>\n<\/div>\n<\/div>\n<\/div>\n<p>[\/et_pb_text][\/et_pb_column][\/et_pb_row][et_pb_row column_structure=\u00a0\u00bb1_2,1_2&Prime; _builder_version=\u00a0\u00bb4.20.2&Prime; _module_preset=\u00a0\u00bbdefault\u00a0\u00bb custom_padding=\u00a0\u00bb14px||0px||false|false\u00a0\u00bb global_colors_info=\u00a0\u00bb{}\u00a0\u00bb theme_builder_area=\u00a0\u00bbpost_content\u00a0\u00bb][et_pb_column type=\u00a0\u00bb1_2&Prime; _builder_version=\u00a0\u00bb4.20.2&Prime; _module_preset=\u00a0\u00bbdefault\u00a0\u00bb global_colors_info=\u00a0\u00bb{}\u00a0\u00bb theme_builder_area=\u00a0\u00bbpost_content\u00a0\u00bb][\/et_pb_column][et_pb_column type=\u00a0\u00bb1_2&Prime; _builder_version=\u00a0\u00bb4.20.2&Prime; _module_preset=\u00a0\u00bbdefault\u00a0\u00bb global_colors_info=\u00a0\u00bb{}\u00a0\u00bb theme_builder_area=\u00a0\u00bbpost_content\u00a0\u00bb][et_pb_image src=\u00a0\u00bbhttps:\/\/groupecaille.com\/wp-content\/uploads\/2025\/08\/Fichier-2@3x.png\u00a0\u00bb title_text=\u00a0\u00bbFichier 2@3x\u00a0\u00bb align=\u00a0\u00bbright\u00a0\u00bb _builder_version=\u00a0\u00bb4.20.2&Prime; _module_preset=\u00a0\u00bbdefault\u00a0\u00bb width=\u00a0\u00bb34%\u00a0\u00bb global_colors_info=\u00a0\u00bb{}\u00a0\u00bb theme_builder_area=\u00a0\u00bbpost_content\u00a0\u00bb][\/et_pb_image][\/et_pb_column][\/et_pb_row][et_pb_row _builder_version=\u00a0\u00bb4.20.2&Prime; _module_preset=\u00a0\u00bbdefault\u00a0\u00bb global_colors_info=\u00a0\u00bb{}\u00a0\u00bb theme_builder_area=\u00a0\u00bbpost_content\u00a0\u00bb][et_pb_column type=\u00a0\u00bb4_4&Prime; _builder_version=\u00a0\u00bb4.16&Prime; _module_preset=\u00a0\u00bbdefault\u00a0\u00bb global_colors_info=\u00a0\u00bb{}\u00a0\u00bb theme_builder_area=\u00a0\u00bbpost_content\u00a0\u00bb][et_pb_text _builder_version=\u00a0\u00bb4.20.2&Prime; _module_preset=\u00a0\u00bbdefault\u00a0\u00bb background_enable_image=\u00a0\u00bboff\u00a0\u00bb background_size=\u00a0\u00bbcustom\u00a0\u00bb background_image_width=\u00a0\u00bb15%\u00a0\u00bb background_position=\u00a0\u00bbtop_right\u00a0\u00bb min_height=\u00a0\u00bb509.8px\u00a0\u00bb custom_margin=\u00a0\u00bb||0px||false|false\u00a0\u00bb custom_padding=\u00a0\u00bb38px||0px||false|false\u00a0\u00bb hover_enabled=\u00a0\u00bb0&Prime; global_colors_info=\u00a0\u00bb{}\u00a0\u00bb theme_builder_area=\u00a0\u00bbpost_content\u00a0\u00bb sticky_enabled=\u00a0\u00bb0&Prime;]<\/p>\n<div class=\"elementToProof\">\n<div class=\"elementToProof\">\n<div class=\"elementToProof\">\n<div class=\"elementToProof\">\n<div class=\"elementToProof\">\n<div class=\"elementToProof\">\n<div class=\"elementToProof\">\n<div class=\"elementToProof\">\n<div class=\"elementToProof\">\n<div class=\"elementToProof\">\n<div class=\"elementToProof\">\n<div class=\"elementToProof\">\n<div class=\"elementToProof\">\n<div class=\"elementToProof\">\n<div class=\"elementToProof\">\n<div class=\"elementToProof\">\n<div class=\"elementToProof\">\n<div class=\"elementToProof\">\n<div class=\"x_elementToProof\">\n<div>\n<div class=\"elementToProof\">La branche automobile du Groupe Caill\u00e9 recrute un.e Conseiller(\u00e8re) Commercial V\u00e9hicules Neufs\u00a0pour renforcer son \u00e9quipe commerciale d\u00e9di\u00e9e au d\u00e9veloppement des ventes.<\/div>\n<div class=\"elementToProof\">En tant que Conseiller(\u00e8re) Commercial, vous jouez un r\u00f4le essentiel dans la croissance de l\u2019activit\u00e9 : en v\u00e9ritable ambassadeur.drice de la marque, vous accompagnez nos clients tout au long de leur projet d\u2019achat, d\u00e9veloppez votre portefeuille et contribuez activement \u00e0 la performance commerciale de la concession.<\/div>\n<div class=\"elementToProof\"><span>Votre mission ?<\/span><\/div>\n<div class=\"elementToProof\">Int\u00e9gr\u00e9.e au sein de l\u2019\u00e9quipe commerciale, vous participez \u00e0 l\u2019animation et au d\u00e9veloppement des ventes de v\u00e9hicules neufs aupr\u00e8s des clients particuliers et professionnels. Interlocuteur.trice privil\u00e9gi\u00e9.e de vos clients, vous assurez un accompagnement personnalis\u00e9, professionnel et conforme aux proc\u00e9dures qualit\u00e9 des marques du Groupe.<\/div>\n<div class=\"elementToProof\"><span>Vos missions principales :<\/span><\/div>\n<ul>\n<li>\n<div role=\"presentation\">Prospecter et d\u00e9velopper votre portefeuille clients, tout en assurant l\u2019accueil, la r\u00e9ception et le suivi de la client\u00e8le \u201cv\u00e9hicules\u201d.<\/div>\n<\/li>\n<li>\n<div role=\"presentation\">Pr\u00e9senter les solutions de financement et promouvoir l\u2019ensemble des produits p\u00e9riph\u00e9riques associ\u00e9s \u00e0 l\u2019achat d\u2019un v\u00e9hicule neuf.<\/div>\n<\/li>\n<li>\n<div role=\"presentation\">R\u00e9aliser l\u2019estimation physique des v\u00e9hicules d\u2019occasion propos\u00e9s \u00e0 la reprise.<\/div>\n<\/li>\n<li>\n<div role=\"presentation\">N\u00e9gocier les reprises dans le respect des directives internes et des proc\u00e9dures marque.<\/div>\n<\/li>\n<li>\n<div role=\"presentation\">Assurer la gestion administrative compl\u00e8te li\u00e9e \u00e0 vos activit\u00e9s commerciales (dossiers clients, propositions commerciales, contrats\u2026).<\/div>\n<\/li>\n<li>\n<div role=\"presentation\">Rendre compte de votre activit\u00e9 via des comptes rendus r\u00e9guliers et un reporting rigoureux.<\/div>\n<\/li>\n<li>\n<div role=\"presentation\">Promouvoir la vente additionnelle de produits et services pour optimiser la satisfaction client et la performance commerciale.<\/div>\n<\/li>\n<li>\n<div role=\"presentation\">Appliquer et respecter les proc\u00e9dures qualit\u00e9 en vigueur au sein des marques et de l\u2019entreprise.<\/div>\n<\/li>\n<\/ul>\n<div class=\"elementToProof\"><b>\u00a0<\/b><\/div>\n<div class=\"elementToProof\"><span>Le profil que nous recherchons :<\/span><\/div>\n<div class=\"elementToProof\">De formation commerciale (Bac \u00e0 Bac+2) ou autodidacte exp\u00e9riment\u00e9.e, vous \u00eates avant tout anim\u00e9.e par une v\u00e9ritable passion pour l\u2019automobile et par la satisfaction client. Une premi\u00e8re exp\u00e9rience dans la vente, id\u00e9alement dans le secteur automobile, serait un atout pour r\u00e9ussir sur ce poste.<\/div>\n<div class=\"elementToProof\"><b>Mais au-del\u00e0 de votre parcours, vous vous distinguerez par :<\/b><\/div>\n<ul>\n<li>\n<div role=\"presentation\">Votre pugnacit\u00e9 commerciale, votre go\u00fbt prononc\u00e9 pour les d\u00e9fis, et votre motivation \u00e0 atteindre \u2014 voire d\u00e9passer \u2014 vos objectifs mensuels.<\/div>\n<\/li>\n<li>\n<div role=\"presentation\">Votre capacit\u00e9 \u00e0 g\u00e9rer efficacement votre temps entre prospection t\u00e9l\u00e9phonique, d\u00e9placements terrain, participation aux expositions, devis et rendez-vous clients.<\/div>\n<\/li>\n<li>\n<div role=\"presentation\">Votre rigueur, votre sens de l\u2019organisation et votre autonomie au quotidien.<\/div>\n<\/li>\n<li>\n<div role=\"presentation\">Votre excellent sens relationnel, indispensable pour instaurer un climat de confiance et s\u2019adapter avec diplomatie \u00e0 chaque interlocuteur, en interne comme aupr\u00e8s des clients.<\/div>\n<\/li>\n<\/ul>\n<div class=\"elementToProof\"><span>Ce que nous vous offrons :<\/span><\/div>\n<ul>\n<li>\n<div role=\"presentation\">Un package d\u2019avantages collectifs attractif, comprenant un 13\u1d49 mois, des titres-restaurant, etc.<\/div>\n<\/li>\n<li>Une\u00a0r\u00e9mun\u00e9ration variable\u00a0qui valorisera vos performances<\/li>\n<li>Un environnement professionnel\u00a0stimulant\u00a0et\u00a0s\u00e9curis\u00e9<\/li>\n<\/ul>\n<div class=\"elementToProof\"><span>\u00a0<\/span><\/div>\n<div class=\"elementToProof\"><span>Pourquoi nous rejoindre ?<\/span><\/div>\n<div class=\"elementToProof\">Int\u00e9grer le Groupe Caill\u00e9, c\u2019est rejoindre un acteur majeur de l\u2019\u00e9conomie r\u00e9unionnaise, solidement ancr\u00e9 dans des secteurs vari\u00e9s : l\u2019automobile, la grande distribution, et la restauration. Un groupe reconnu pour son dynamisme, ses valeurs humaines et sa volont\u00e9 d\u2019offrir \u00e0 chacun un environnement de travail stimulant et \u00e9volutif.<\/div>\n<div class=\"elementToProof\">Le Groupe Caill\u00e9 est un employeur garantissant l\u2019\u00e9galit\u00e9 des chances et valorisant la diversit\u00e9 au sein de ses \u00e9quipes.<\/div>\n<\/div>\n<\/div>\n<\/div>\n<\/div>\n<\/div>\n<\/div>\n<\/div>\n<\/div>\n<\/div>\n<\/div>\n<\/div>\n<\/div>\n<\/div>\n<\/div>\n<\/div>\n<\/div>\n<\/div>\n<\/div>\n<\/div>\n<\/div>\n<p>[\/et_pb_text][\/et_pb_column][\/et_pb_row][et_pb_row _builder_version=\u00a0\u00bb4.16&Prime; _module_preset=\u00a0\u00bbdefault\u00a0\u00bb global_colors_info=\u00a0\u00bb{}\u00a0\u00bb theme_builder_area=\u00a0\u00bbpost_content\u00a0\u00bb][et_pb_column type=\u00a0\u00bb4_4&Prime; _builder_version=\u00a0\u00bb4.16&Prime; _module_preset=\u00a0\u00bbdefault\u00a0\u00bb global_colors_info=\u00a0\u00bb{}\u00a0\u00bb theme_builder_area=\u00a0\u00bbpost_content\u00a0\u00bb][et_pb_button button_url=\u00a0\u00bbmailto:job-ref-fk6097kf3y@emploi.beetween.com\u00a0\u00bb button_text=\u00a0\u00bbPOSTULEZ ICI\u00a0\u00bb _builder_version=\u00a0\u00bb4.20.2&Prime; _module_preset=\u00a0\u00bbdefault\u00a0\u00bb custom_button=\u00a0\u00bbon\u00a0\u00bb button_text_color=\u00a0\u00bb#ffffff\u00a0\u00bb button_bg_color=\u00a0\u00bb#a4326b\u00a0\u00bb button_border_width=\u00a0\u00bb0px\u00a0\u00bb button_icon=\u00a0\u00bb&#x6c;||divi||400&Prime; button_icon_placement=\u00a0\u00bbleft\u00a0\u00bb hover_enabled=\u00a0\u00bb0&Prime; global_colors_info=\u00a0\u00bb{}\u00a0\u00bb theme_builder_area=\u00a0\u00bbpost_content\u00a0\u00bb sticky_enabled=\u00a0\u00bb0&Prime;][\/et_pb_button][\/et_pb_column][\/et_pb_row][et_pb_row _builder_version=\u00a0\u00bb4.16&Prime; _module_preset=\u00a0\u00bbdefault\u00a0\u00bb global_colors_info=\u00a0\u00bb{}\u00a0\u00bb theme_builder_area=\u00a0\u00bbpost_content\u00a0\u00bb][et_pb_column type=\u00a0\u00bb4_4&Prime; _builder_version=\u00a0\u00bb4.16&Prime; _module_preset=\u00a0\u00bbdefault\u00a0\u00bb global_colors_info=\u00a0\u00bb{}\u00a0\u00bb theme_builder_area=\u00a0\u00bbpost_content\u00a0\u00bb][et_pb_button button_url=\u00a0\u00bb@ET-DC@eyJkeW5hbWljIjp0cnVlLCJjb250ZW50IjoicG9zdF9saW5rX3VybF9wYWdlIiwic2V0dGluZ3MiOnsicG9zdF9pZCI6IjExMTkifX0=@\u00a0\u00bb button_text=\u00a0\u00bbRETOUR AUX OFFRES\u00a0\u00bb _builder_version=\u00a0\u00bb4.16&Prime; _dynamic_attributes=\u00a0\u00bbbutton_url\u00a0\u00bb _module_preset=\u00a0\u00bbdefault\u00a0\u00bb custom_button=\u00a0\u00bbon\u00a0\u00bb button_text_color=\u00a0\u00bb#ffffff\u00a0\u00bb button_bg_color=\u00a0\u00bb#a4326b\u00a0\u00bb button_border_width=\u00a0\u00bb0px\u00a0\u00bb button_icon=\u00a0\u00bb&#x34;||divi||400&Prime; button_icon_placement=\u00a0\u00bbleft\u00a0\u00bb global_colors_info=\u00a0\u00bb{}\u00a0\u00bb theme_builder_area=\u00a0\u00bbpost_content\u00a0\u00bb][\/et_pb_button][\/et_pb_column][\/et_pb_row][\/et_pb_section]<\/p>\n","protected":false},"excerpt":{"rendered":"<p>CONSEILLER.E COMMERCIAL VEHICULES NEUFS\u00a0 \u00a0MG \/ KIA &#8211; LE PORT La branche automobile du Groupe Caill\u00e9 recrute un.e Conseiller(\u00e8re) Commercial V\u00e9hicules Neufs\u00a0pour renforcer son \u00e9quipe commerciale d\u00e9di\u00e9e au d\u00e9veloppement des ventes. En tant que Conseiller(\u00e8re) Commercial, vous jouez un r\u00f4le essentiel dans la croissance de l\u2019activit\u00e9 : en v\u00e9ritable ambassadeur.drice de la marque, vous accompagnez [&hellip;]<\/p>\n","protected":false},"author":21,"featured_media":0,"parent":0,"menu_order":0,"comment_status":"closed","ping_status":"closed","template":"","meta":{"_et_pb_use_builder":"on","_et_pb_old_content":"","_et_gb_content_width":""},"_links":{"self":[{"href":"https:\/\/groupecaille.com\/index.php\/wp-json\/wp\/v2\/pages\/8984"}],"collection":[{"href":"https:\/\/groupecaille.com\/index.php\/wp-json\/wp\/v2\/pages"}],"about":[{"href":"https:\/\/groupecaille.com\/index.php\/wp-json\/wp\/v2\/types\/page"}],"author":[{"embeddable":true,"href":"https:\/\/groupecaille.com\/index.php\/wp-json\/wp\/v2\/users\/21"}],"replies":[{"embeddable":true,"href":"https:\/\/groupecaille.com\/index.php\/wp-json\/wp\/v2\/comments?post=8984"}],"version-history":[{"count":2,"href":"https:\/\/groupecaille.com\/index.php\/wp-json\/wp\/v2\/pages\/8984\/revisions"}],"predecessor-version":[{"id":8986,"href":"https:\/\/groupecaille.com\/index.php\/wp-json\/wp\/v2\/pages\/8984\/revisions\/8986"}],"wp:attachment":[{"href":"https:\/\/groupecaille.com\/index.php\/wp-json\/wp\/v2\/media?parent=8984"}],"curies":[{"name":"wp","href":"https:\/\/api.w.org\/{rel}","templated":true}]}}