{"id":8963,"date":"2025-11-25T14:29:38","date_gmt":"2025-11-25T10:29:38","guid":{"rendered":"https:\/\/groupecaille.com\/?page_id=8963"},"modified":"2025-11-25T14:54:29","modified_gmt":"2025-11-25T10:54:29","slug":"25nov-decisionnaire-de-garantie-hf-smci-mayotte","status":"publish","type":"page","link":"https:\/\/groupecaille.com\/index.php\/25nov-decisionnaire-de-garantie-hf-smci-mayotte\/","title":{"rendered":"25Nov-DECISIONNAIRE DE GARANTIE HF &#8211; SMCI MAYOTTE"},"content":{"rendered":"<p>[et_pb_section fb_built=\u00a0\u00bb1&Prime; _builder_version=\u00a0\u00bb4.16&Prime; _module_preset=\u00a0\u00bbdefault\u00a0\u00bb min_height=\u00a0\u00bb947.4px\u00a0\u00bb da_disable_devices=\u00a0\u00bboff|off|off\u00a0\u00bb global_colors_info=\u00a0\u00bb{}\u00a0\u00bb theme_builder_area=\u00a0\u00bbpost_content\u00a0\u00bb da_is_popup=\u00a0\u00bboff\u00a0\u00bb da_exit_intent=\u00a0\u00bboff\u00a0\u00bb da_has_close=\u00a0\u00bbon\u00a0\u00bb da_alt_close=\u00a0\u00bboff\u00a0\u00bb da_dark_close=\u00a0\u00bboff\u00a0\u00bb da_not_modal=\u00a0\u00bbon\u00a0\u00bb da_is_singular=\u00a0\u00bboff\u00a0\u00bb da_with_loader=\u00a0\u00bboff\u00a0\u00bb da_has_shadow=\u00a0\u00bbon\u00a0\u00bb][et_pb_row _builder_version=\u00a0\u00bb4.16&Prime; _module_preset=\u00a0\u00bbdefault\u00a0\u00bb background_color=\u00a0\u00bb#a4326b\u00a0\u00bb global_colors_info=\u00a0\u00bb{}\u00a0\u00bb theme_builder_area=\u00a0\u00bbpost_content\u00a0\u00bb][et_pb_column type=\u00a0\u00bb4_4&Prime; _builder_version=\u00a0\u00bb4.16&Prime; _module_preset=\u00a0\u00bbdefault\u00a0\u00bb global_colors_info=\u00a0\u00bb{}\u00a0\u00bb theme_builder_area=\u00a0\u00bbpost_content\u00a0\u00bb][et_pb_text _builder_version=\u00a0\u00bb4.20.2&Prime; _module_preset=\u00a0\u00bbdefault\u00a0\u00bb header_font=\u00a0\u00bb|||on|||||\u00a0\u00bb header_text_align=\u00a0\u00bbcenter\u00a0\u00bb header_text_color=\u00a0\u00bb#ffffff\u00a0\u00bb header_2_text_align=\u00a0\u00bbcenter\u00a0\u00bb header_2_text_color=\u00a0\u00bb#FFFFFF\u00a0\u00bb header_2_font_size=\u00a0\u00bb24px\u00a0\u00bb hover_enabled=\u00a0\u00bb0&Prime; global_colors_info=\u00a0\u00bb{}\u00a0\u00bb theme_builder_area=\u00a0\u00bbpost_content\u00a0\u00bb sticky_enabled=\u00a0\u00bb0&Prime;]<\/p>\n<div class=\"page\" title=\"Page 1\">\n<div class=\"section\">\n<div class=\"layoutArea\">\n<div class=\"column\">\n<h2><b>DECISIONNAIRE DE GARANTIE H\/F<\/b><\/h2>\n<h2>SMCI MAYOTTE<\/h2>\n<\/div>\n<\/div>\n<\/div>\n<\/div>\n<p>[\/et_pb_text][\/et_pb_column][\/et_pb_row][et_pb_row _builder_version=\u00a0\u00bb4.20.2&Prime; _module_preset=\u00a0\u00bbdefault\u00a0\u00bb global_colors_info=\u00a0\u00bb{}\u00a0\u00bb theme_builder_area=\u00a0\u00bbpost_content\u00a0\u00bb][et_pb_column type=\u00a0\u00bb4_4&Prime; _builder_version=\u00a0\u00bb4.16&Prime; _module_preset=\u00a0\u00bbdefault\u00a0\u00bb global_colors_info=\u00a0\u00bb{}\u00a0\u00bb theme_builder_area=\u00a0\u00bbpost_content\u00a0\u00bb][et_pb_text _builder_version=\u00a0\u00bb4.20.2&Prime; _module_preset=\u00a0\u00bbdefault\u00a0\u00bb background_size=\u00a0\u00bbcustom\u00a0\u00bb background_image_width=\u00a0\u00bb15%\u00a0\u00bb background_position=\u00a0\u00bbtop_right\u00a0\u00bb min_height=\u00a0\u00bb509.8px\u00a0\u00bb custom_margin=\u00a0\u00bb||0px||false|false\u00a0\u00bb custom_padding=\u00a0\u00bb38px||0px||false|false\u00a0\u00bb hover_enabled=\u00a0\u00bb0&Prime; global_colors_info=\u00a0\u00bb{}\u00a0\u00bb theme_builder_area=\u00a0\u00bbpost_content\u00a0\u00bb sticky_enabled=\u00a0\u00bb0&Prime; background_enable_image=\u00a0\u00bboff\u00a0\u00bb]<\/p>\n<div class=\"elementToProof\">\n<div class=\"elementToProof\">\n<div class=\"elementToProof\">\n<div class=\"elementToProof\">\n<div class=\"elementToProof\">\n<div class=\"elementToProof\">\n<div class=\"elementToProof\">\n<div class=\"elementToProof\">\n<div class=\"elementToProof\">\n<div class=\"elementToProof\">\n<div class=\"elementToProof\">\n<div class=\"elementToProof\">\n<div class=\"elementToProof\">\n<div class=\"elementToProof\">\n<div class=\"elementToProof\">\n<div class=\"elementToProof\">Le Groupe Caill\u00e9 recrute un.e <span>D\u00e9cisionnaire Garantie<\/span>\u00a0pour la <span>concession SMCI Mayotte.<\/span><\/div>\n<div class=\"elementToProof\">Chez <span>SMCI Mayotte<\/span>, la qualit\u00e9 de nos interventions et la satisfaction de nos clients sont au c\u0153ur de notre engagement.<\/div>\n<div class=\"elementToProof\">C\u2019est pourquoi nous recherchons un.e <span>D\u00e9cisionnaire Garantie <\/span>capable d\u2019assurer une prise en charge et un suivi rigoureux, transparent et r\u00e9actif des dossiers en lien avec nos constructeurs, afin de garantir une gestion conforme aux proc\u00e9dures qualit\u00e9 et aux standards de nos marques.<\/div>\n<div class=\"elementToProof\"><span>Votre missions principale ?<\/span><\/div>\n<div class=\"elementToProof\">Votre mission consistera \u00e0 assurer la gestion compl\u00e8te et conforme des dossiers de garantie apr\u00e8s-vente, ainsi que le support aux \u00e9quipes techniques.<\/div>\n<div class=\"elementToProof\">Vous interviendrez notamment sur :<\/div>\n<div class=\"elementToProof\"><span>La gestion des garanties :<\/span><\/div>\n<ul>\n<li>\n<div role=\"presentation\">Contr\u00f4le des droits et conditions<\/div>\n<\/li>\n<li>\n<div role=\"presentation\">Etablissement et contr\u00f4le des dossiers de garantie y compris aupr\u00e8s des r\u00e9parateurs agr\u00e9\u00e9s du secteur,<\/div>\n<\/li>\n<li>\n<div role=\"presentation\">Suivi administratif (facturation, remboursements, archivage)<\/div>\n<\/li>\n<li>\n<div role=\"presentation\">Traitement des anomalies et litiges<\/div>\n<\/li>\n<li>\n<div role=\"presentation\">Mise \u00e0 jour des tableaux de bord et reporting<\/div>\n<\/li>\n<\/ul>\n<div class=\"elementToProof\"><span>Le support technique :<\/span><\/div>\n<ul>\n<li>\n<div role=\"presentation\">Mise \u00e0 jour de la documentation technique<\/div>\n<\/li>\n<li>\n<div role=\"presentation\">Gestion des pi\u00e8ces endommag\u00e9es<\/div>\n<\/li>\n<li>\n<div role=\"presentation\">Application des proc\u00e9dures qualit\u00e9<\/div>\n<\/li>\n<li>\n<div role=\"presentation\">Support technique au service apr\u00e8s-vente<\/div>\n<\/li>\n<\/ul>\n<div class=\"elementToProof\"><span>\u00a0<\/span><\/div>\n<div class=\"elementToProof\"><span>Le profil que nous recherchons :<\/span><\/div>\n<div class=\"elementToProof\">Au-del\u00e0 de votre formation (BTS gestion administrative ou syst\u00e8me qualit\u00e9 ou CQP Technicien Garantie Apr\u00e8s-Vente), c\u2019est <span>votre sens des responsabilit\u00e9s, votre rigueur et votre esprit d\u2019\u00e9quipe<\/span>\u00a0qui feront la diff\u00e9rence.<\/div>\n<div class=\"elementToProof\">Vous vous distinguerez notamment par :<br \/>\u2022 Votre ma\u00eetrise des environnements techniques et administratifs li\u00e9s au secteur automobile<br \/>\u2022 Votre capacit\u00e9 d\u2019analyse et votre organisation<br \/>\u2022 Votre aisance informatique, notamment sur le Pack Office<br \/>\u2022 Votre autonomie et votre extr\u00eame rigueur<br \/>\u2022 Votre connaissance indispensable du secteur automobile et du monde de l\u2019expertise \/ de la garantie<br \/>\u2022 Votre ma\u00eetrise de l\u2019anglais est indispensable<br \/>\u2022 Votre permis B indispensable<\/div>\n<div class=\"elementToProof\">\n<p>Une premi\u00e8re exp\u00e9rience r\u00e9ussie dans la gestion de la garantie ou dans le suivi de proc\u00e9dure qualit\u00e9 est indispensable.<\/p>\n<\/div>\n<div class=\"elementToProof\"><span>Pourquoi nous rejoindre ?<\/span><\/div>\n<div class=\"elementToProof\">Int\u00e9grer <span>le Groupe Caill\u00e9<\/span>, c\u2019est rejoindre <span>un acteur majeur de l\u2019\u00e9conomie r\u00e9unionnaise et mahoraise<\/span>, solidement ancr\u00e9 dans des secteurs vari\u00e9s : <span>l\u2019automobile<\/span>, <span>la grande distribution<\/span>, et <span>la restauration<\/span>.<br \/>Un groupe reconnu pour son dynamisme, ses valeurs humaines et sa volont\u00e9 d\u2019offrir \u00e0 chacun un environnement de travail stimulant et \u00e9volutif.<\/div>\n<div class=\"elementToProof\">\n<p>Le Groupe Caill\u00e9 est un employeur garantissant l\u2019\u00e9galit\u00e9 des chances et valorisant la diversit\u00e9 au sein de ses \u00e9quipes.<\/p>\n<\/div>\n<div class=\"elementToProof\"><span>Ce que nous vous offrons :<\/span><\/div>\n<div class=\"elementToProof\">\u2022 Un package d\u2019avantages collectifs complet\u00a0: 13\u00e8me mois, titres-restaurant, int\u00e9ressement, \u00e9pargne salariale, etc.<br \/>\u2022 Un environnement professionnel moderne, structur\u00e9 et s\u00e9curis\u00e9<\/div>\n<\/div>\n<\/div>\n<\/div>\n<\/div>\n<\/div>\n<\/div>\n<\/div>\n<\/div>\n<\/div>\n<\/div>\n<\/div>\n<\/div>\n<\/div>\n<\/div>\n<\/div>\n<p>[\/et_pb_text][\/et_pb_column][\/et_pb_row][et_pb_row disabled_on=\u00a0\u00bboff|off|off\u00a0\u00bb _builder_version=\u00a0\u00bb4.20.2&Prime; _module_preset=\u00a0\u00bbdefault\u00a0\u00bb global_colors_info=\u00a0\u00bb{}\u00a0\u00bb theme_builder_area=\u00a0\u00bbpost_content\u00a0\u00bb][et_pb_column type=\u00a0\u00bb4_4&Prime; _builder_version=\u00a0\u00bb4.16&Prime; _module_preset=\u00a0\u00bbdefault\u00a0\u00bb global_colors_info=\u00a0\u00bb{}\u00a0\u00bb theme_builder_area=\u00a0\u00bbpost_content\u00a0\u00bb][et_pb_button button_url=\u00a0\u00bbmailto:job-ref-o75nmq1e7z@emploi.beetween.com\u00a0\u00bb button_text=\u00a0\u00bbPOSTULEZ ICI\u00a0\u00bb _builder_version=\u00a0\u00bb4.20.2&Prime; _module_preset=\u00a0\u00bbdefault\u00a0\u00bb custom_button=\u00a0\u00bbon\u00a0\u00bb button_text_color=\u00a0\u00bb#ffffff\u00a0\u00bb button_bg_color=\u00a0\u00bb#a4326b\u00a0\u00bb button_border_width=\u00a0\u00bb0px\u00a0\u00bb button_icon=\u00a0\u00bb&#x6c;||divi||400&Prime; button_icon_placement=\u00a0\u00bbleft\u00a0\u00bb hover_enabled=\u00a0\u00bb0&Prime; global_colors_info=\u00a0\u00bb{}\u00a0\u00bb theme_builder_area=\u00a0\u00bbpost_content\u00a0\u00bb sticky_enabled=\u00a0\u00bb0&Prime;][\/et_pb_button][\/et_pb_column][\/et_pb_row][et_pb_row _builder_version=\u00a0\u00bb4.16&Prime; _module_preset=\u00a0\u00bbdefault\u00a0\u00bb global_colors_info=\u00a0\u00bb{}\u00a0\u00bb theme_builder_area=\u00a0\u00bbpost_content\u00a0\u00bb][et_pb_column type=\u00a0\u00bb4_4&Prime; _builder_version=\u00a0\u00bb4.16&Prime; _module_preset=\u00a0\u00bbdefault\u00a0\u00bb global_colors_info=\u00a0\u00bb{}\u00a0\u00bb theme_builder_area=\u00a0\u00bbpost_content\u00a0\u00bb][et_pb_button button_url=\u00a0\u00bb@ET-DC@eyJkeW5hbWljIjp0cnVlLCJjb250ZW50IjoicG9zdF9saW5rX3VybF9wYWdlIiwic2V0dGluZ3MiOnsicG9zdF9pZCI6IjExMTkifX0=@\u00a0\u00bb button_text=\u00a0\u00bbRETOUR AUX OFFRES\u00a0\u00bb _builder_version=\u00a0\u00bb4.16&Prime; _dynamic_attributes=\u00a0\u00bbbutton_url\u00a0\u00bb _module_preset=\u00a0\u00bbdefault\u00a0\u00bb custom_button=\u00a0\u00bbon\u00a0\u00bb button_text_color=\u00a0\u00bb#ffffff\u00a0\u00bb button_bg_color=\u00a0\u00bb#a4326b\u00a0\u00bb button_border_width=\u00a0\u00bb0px\u00a0\u00bb button_icon=\u00a0\u00bb&#x34;||divi||400&Prime; button_icon_placement=\u00a0\u00bbleft\u00a0\u00bb global_colors_info=\u00a0\u00bb{}\u00a0\u00bb theme_builder_area=\u00a0\u00bbpost_content\u00a0\u00bb][\/et_pb_button][\/et_pb_column][\/et_pb_row][\/et_pb_section]<\/p>\n","protected":false},"excerpt":{"rendered":"<p>DECISIONNAIRE DE GARANTIE H\/F SMCI MAYOTTE Le Groupe Caill\u00e9 recrute un.e D\u00e9cisionnaire Garantie\u00a0pour la concession SMCI Mayotte. Chez SMCI Mayotte, la qualit\u00e9 de nos interventions et la satisfaction de nos clients sont au c\u0153ur de notre engagement. C\u2019est pourquoi nous recherchons un.e D\u00e9cisionnaire Garantie capable d\u2019assurer une prise en charge et un suivi rigoureux, transparent [&hellip;]<\/p>\n","protected":false},"author":21,"featured_media":0,"parent":0,"menu_order":0,"comment_status":"closed","ping_status":"closed","template":"","meta":{"_et_pb_use_builder":"on","_et_pb_old_content":"","_et_gb_content_width":""},"_links":{"self":[{"href":"https:\/\/groupecaille.com\/index.php\/wp-json\/wp\/v2\/pages\/8963"}],"collection":[{"href":"https:\/\/groupecaille.com\/index.php\/wp-json\/wp\/v2\/pages"}],"about":[{"href":"https:\/\/groupecaille.com\/index.php\/wp-json\/wp\/v2\/types\/page"}],"author":[{"embeddable":true,"href":"https:\/\/groupecaille.com\/index.php\/wp-json\/wp\/v2\/users\/21"}],"replies":[{"embeddable":true,"href":"https:\/\/groupecaille.com\/index.php\/wp-json\/wp\/v2\/comments?post=8963"}],"version-history":[{"count":2,"href":"https:\/\/groupecaille.com\/index.php\/wp-json\/wp\/v2\/pages\/8963\/revisions"}],"predecessor-version":[{"id":8965,"href":"https:\/\/groupecaille.com\/index.php\/wp-json\/wp\/v2\/pages\/8963\/revisions\/8965"}],"wp:attachment":[{"href":"https:\/\/groupecaille.com\/index.php\/wp-json\/wp\/v2\/media?parent=8963"}],"curies":[{"name":"wp","href":"https:\/\/api.w.org\/{rel}","templated":true}]}}