{"id":8953,"date":"2025-11-18T11:32:14","date_gmt":"2025-11-18T07:32:14","guid":{"rendered":"https:\/\/groupecaille.com\/?page_id=8953"},"modified":"2025-11-18T16:45:28","modified_gmt":"2025-11-18T12:45:28","slug":"18nov-cheffe-de-rang-villa-fleurie","status":"publish","type":"page","link":"https:\/\/groupecaille.com\/index.php\/18nov-cheffe-de-rang-villa-fleurie\/","title":{"rendered":"18Nov-CHEFFE DE RANG &#8211; VILLA FLEURIE"},"content":{"rendered":"<p>[et_pb_section fb_built=\u00a0\u00bb1&Prime; _builder_version=\u00a0\u00bb4.16&Prime; _module_preset=\u00a0\u00bbdefault\u00a0\u00bb min_height=\u00a0\u00bb947.4px\u00a0\u00bb da_disable_devices=\u00a0\u00bboff|off|off\u00a0\u00bb global_colors_info=\u00a0\u00bb{}\u00a0\u00bb theme_builder_area=\u00a0\u00bbpost_content\u00a0\u00bb da_is_popup=\u00a0\u00bboff\u00a0\u00bb da_exit_intent=\u00a0\u00bboff\u00a0\u00bb da_has_close=\u00a0\u00bbon\u00a0\u00bb da_alt_close=\u00a0\u00bboff\u00a0\u00bb da_dark_close=\u00a0\u00bboff\u00a0\u00bb da_not_modal=\u00a0\u00bbon\u00a0\u00bb da_is_singular=\u00a0\u00bboff\u00a0\u00bb da_with_loader=\u00a0\u00bboff\u00a0\u00bb da_has_shadow=\u00a0\u00bbon\u00a0\u00bb][et_pb_row _builder_version=\u00a0\u00bb4.16&Prime; _module_preset=\u00a0\u00bbdefault\u00a0\u00bb background_color=\u00a0\u00bb#a4326b\u00a0\u00bb global_colors_info=\u00a0\u00bb{}\u00a0\u00bb theme_builder_area=\u00a0\u00bbpost_content\u00a0\u00bb][et_pb_column type=\u00a0\u00bb4_4&Prime; _builder_version=\u00a0\u00bb4.16&Prime; _module_preset=\u00a0\u00bbdefault\u00a0\u00bb global_colors_info=\u00a0\u00bb{}\u00a0\u00bb theme_builder_area=\u00a0\u00bbpost_content\u00a0\u00bb][et_pb_text _builder_version=\u00a0\u00bb4.20.2&Prime; _module_preset=\u00a0\u00bbdefault\u00a0\u00bb header_font=\u00a0\u00bb|||on|||||\u00a0\u00bb header_text_align=\u00a0\u00bbcenter\u00a0\u00bb header_text_color=\u00a0\u00bb#ffffff\u00a0\u00bb header_2_text_align=\u00a0\u00bbcenter\u00a0\u00bb header_2_text_color=\u00a0\u00bb#FFFFFF\u00a0\u00bb header_2_font_size=\u00a0\u00bb24px\u00a0\u00bb hover_enabled=\u00a0\u00bb0&Prime; global_colors_info=\u00a0\u00bb{}\u00a0\u00bb theme_builder_area=\u00a0\u00bbpost_content\u00a0\u00bb sticky_enabled=\u00a0\u00bb0&Prime;]<\/p>\n<div class=\"page\" title=\"Page 1\">\n<div class=\"section\">\n<div class=\"layoutArea\">\n<div class=\"column\">\n<h2><b>CHEF.FE DE RANG\u00a0<\/b><\/h2>\n<h2>VILLA FLEURIE<\/h2>\n<\/div>\n<\/div>\n<\/div>\n<\/div>\n<p>[\/et_pb_text][\/et_pb_column][\/et_pb_row][et_pb_row _builder_version=\u00a0\u00bb4.20.2&Prime; _module_preset=\u00a0\u00bbdefault\u00a0\u00bb global_colors_info=\u00a0\u00bb{}\u00a0\u00bb theme_builder_area=\u00a0\u00bbpost_content\u00a0\u00bb][et_pb_column type=\u00a0\u00bb4_4&Prime; _builder_version=\u00a0\u00bb4.16&Prime; _module_preset=\u00a0\u00bbdefault\u00a0\u00bb global_colors_info=\u00a0\u00bb{}\u00a0\u00bb theme_builder_area=\u00a0\u00bbpost_content\u00a0\u00bb][et_pb_text _builder_version=\u00a0\u00bb4.20.2&Prime; _module_preset=\u00a0\u00bbdefault\u00a0\u00bb background_image=\u00a0\u00bbhttps:\/\/groupecaille.com\/wp-content\/uploads\/2025\/08\/433880194_400340979404134_3089185539344868778_n.jpg\u00a0\u00bb background_size=\u00a0\u00bbcustom\u00a0\u00bb background_image_width=\u00a0\u00bb15%\u00a0\u00bb background_position=\u00a0\u00bbtop_right\u00a0\u00bb min_height=\u00a0\u00bb509.8px\u00a0\u00bb custom_margin=\u00a0\u00bb||0px||false|false\u00a0\u00bb custom_padding=\u00a0\u00bb38px||0px||false|false\u00a0\u00bb hover_enabled=\u00a0\u00bb0&Prime; global_colors_info=\u00a0\u00bb{}\u00a0\u00bb theme_builder_area=\u00a0\u00bbpost_content\u00a0\u00bb sticky_enabled=\u00a0\u00bb0&Prime;]<\/p>\n<div class=\"elementToProof\">\n<div class=\"elementToProof\">\n<div class=\"elementToProof\">\n<div class=\"elementToProof\">\n<div class=\"elementToProof\">\n<div class=\"elementToProof\">\n<div class=\"elementToProof\">\n<div class=\"elementToProof\">\n<div class=\"elementToProof\">\n<div class=\"elementToProof\">\n<div class=\"elementToProof\">\n<div class=\"elementToProof\">\n<div class=\"elementToProof\">\n<div class=\"elementToProof\">\n<div class=\"elementToProof\">La <span>Villa Fleuri\u00e9<\/span>, nich\u00e9e dans un \u00e9crin de verdure sur les hauteurs de Bellepierre,<\/div>\n<div class=\"elementToProof\">recherche un <span>Chef de Rang H\/F<\/span>\u00a0pour rejoindre son \u00e9quipe et contribuer \u00e0 offrir \u00e0 nos clients une exp\u00e9rience culinaire unique.<\/div>\n<div class=\"elementToProof\"><span>Vos missions :<\/span><\/div>\n<ul>\n<li>\n<div role=\"presentation\"><span>Garantir un accueil chaleureux<\/span>\u00a0et <span>une satisfaction optimale de notre client\u00e8le<\/span><\/div>\n<\/li>\n<li>\n<div role=\"presentation\"><span>Suivre<\/span>\u00a0le service en salle <span>avec efficacit\u00e9 et professionnalisme<\/span><\/div>\n<\/li>\n<li>\n<div role=\"presentation\"><span>Coordonner<\/span>\u00a0harmonieusement les tables de toute la salle du restaurant, en respectant les directives et consignes du Responsable de Salle.<\/div>\n<\/li>\n<li>\n<div role=\"presentation\">Sous la supervision du Ma\u00eetre d&rsquo;H\u00f4tel, vous <span>participez activement<\/span>\u00a0\u00e0 la mise en place du restaurant.<\/div>\n<\/li>\n<li>\n<div class=\"elementToProof\" role=\"presentation\">Sur demande du Directeur, du Ma\u00eetre d&rsquo;H\u00f4tel, vous <span>pourrez \u00eatre amen\u00e9 \u00e0 prendre<\/span>\u00a0les commandes nourritures et boissons de mani\u00e8re efficace et pr\u00e9cis et<span>\u00a0encaisser<\/span>\u00a0les commandes.<\/div>\n<\/li>\n<\/ul>\n<div class=\"elementToProof\"><span>Votre profil :<\/span><\/div>\n<ul>\n<li>\n<div role=\"presentation\">Vous avez une exp\u00e9rience dans un poste similaire et dans \u00e9tablissement de standing<\/div>\n<\/li>\n<li>\n<div role=\"presentation\">Vous avez le sens du d\u00e9tail et souci constant de la satisfaction client<\/div>\n<\/li>\n<li>\n<div role=\"presentation\">Vous avez une excellente communication et capacit\u00e9 \u00e0 travailler en \u00e9quipe<\/div>\n<\/li>\n<li>\n<div role=\"presentation\">Vous ma\u00eetrisez des techniques de service en salle et des bonnes pratiques de la restauration.<\/div>\n<\/li>\n<\/ul>\n<div class=\"elementToProof\"><span>Type de contrat recherch\u00e9 :<\/span><\/div>\n<ul>\n<li>\n<div role=\"presentation\">CDI<\/div>\n<\/li>\n<li>\n<div role=\"presentation\">Temps de travail 39 heures<\/div>\n<\/li>\n<li>\n<div role=\"presentation\">Vous serez amen\u00e9(e) \u00e0 travailler lors des services du midi, du soir ou durant le week-end.<\/div>\n<\/li>\n<\/ul>\n<div class=\"elementToProof\"><span>Pourquoi nous rejoindre ?<\/span><\/div>\n<ul>\n<li>\n<div role=\"presentation\">L\u2019opportunit\u00e9 de travailler dans un cadre exceptionnel et au sein d\u2019une \u00e9quipe bienveillante et passionn\u00e9e.<\/div>\n<\/li>\n<li>\n<div role=\"presentation\">Vous serez form\u00e9(e) \u00e0 nos techniques maison et pourrez d\u00e9velopper vos comp\u00e9tences au contact de notre Responsable de Salle<\/div>\n<\/li>\n<li>\n<div role=\"presentation\">Vous b\u00e9n\u00e9ficierez de divers avantages, tels que les repas fournis, des remises dans les autres soci\u00e9t\u00e9s du Groupe, ainsi que des pourboires &#8230;<\/div>\n<\/li>\n<\/ul>\n<\/div>\n<\/div>\n<\/div>\n<\/div>\n<\/div>\n<\/div>\n<\/div>\n<\/div>\n<\/div>\n<\/div>\n<\/div>\n<\/div>\n<\/div>\n<\/div>\n<p>[\/et_pb_text][\/et_pb_column][\/et_pb_row][et_pb_row _builder_version=\u00a0\u00bb4.20.2&Prime; _module_preset=\u00a0\u00bbdefault\u00a0\u00bb hover_enabled=\u00a0\u00bb0&Prime; global_colors_info=\u00a0\u00bb{}\u00a0\u00bb theme_builder_area=\u00a0\u00bbpost_content\u00a0\u00bb disabled_on=\u00a0\u00bboff|off|off\u00a0\u00bb sticky_enabled=\u00a0\u00bb0&Prime;][et_pb_column type=\u00a0\u00bb4_4&Prime; _builder_version=\u00a0\u00bb4.16&Prime; _module_preset=\u00a0\u00bbdefault\u00a0\u00bb global_colors_info=\u00a0\u00bb{}\u00a0\u00bb theme_builder_area=\u00a0\u00bbpost_content\u00a0\u00bb][et_pb_button button_url=\u00a0\u00bbmailto:job-ref-ndsagakh97@emploi.beetween.com\u00a0\u00bb button_text=\u00a0\u00bbPOSTULEZ ICI\u00a0\u00bb _builder_version=\u00a0\u00bb4.20.2&Prime; _module_preset=\u00a0\u00bbdefault\u00a0\u00bb custom_button=\u00a0\u00bbon\u00a0\u00bb button_text_color=\u00a0\u00bb#ffffff\u00a0\u00bb button_bg_color=\u00a0\u00bb#a4326b\u00a0\u00bb button_border_width=\u00a0\u00bb0px\u00a0\u00bb button_icon=\u00a0\u00bb&#x6c;||divi||400&Prime; button_icon_placement=\u00a0\u00bbleft\u00a0\u00bb hover_enabled=\u00a0\u00bb0&Prime; global_colors_info=\u00a0\u00bb{}\u00a0\u00bb theme_builder_area=\u00a0\u00bbpost_content\u00a0\u00bb sticky_enabled=\u00a0\u00bb0&Prime;][\/et_pb_button][\/et_pb_column][\/et_pb_row][et_pb_row _builder_version=\u00a0\u00bb4.16&Prime; _module_preset=\u00a0\u00bbdefault\u00a0\u00bb global_colors_info=\u00a0\u00bb{}\u00a0\u00bb theme_builder_area=\u00a0\u00bbpost_content\u00a0\u00bb][et_pb_column type=\u00a0\u00bb4_4&Prime; _builder_version=\u00a0\u00bb4.16&Prime; _module_preset=\u00a0\u00bbdefault\u00a0\u00bb global_colors_info=\u00a0\u00bb{}\u00a0\u00bb theme_builder_area=\u00a0\u00bbpost_content\u00a0\u00bb][et_pb_button button_url=\u00a0\u00bb@ET-DC@eyJkeW5hbWljIjp0cnVlLCJjb250ZW50IjoicG9zdF9saW5rX3VybF9wYWdlIiwic2V0dGluZ3MiOnsicG9zdF9pZCI6IjExMTkifX0=@\u00a0\u00bb button_text=\u00a0\u00bbRETOUR AUX OFFRES\u00a0\u00bb _builder_version=\u00a0\u00bb4.16&Prime; _dynamic_attributes=\u00a0\u00bbbutton_url\u00a0\u00bb _module_preset=\u00a0\u00bbdefault\u00a0\u00bb custom_button=\u00a0\u00bbon\u00a0\u00bb button_text_color=\u00a0\u00bb#ffffff\u00a0\u00bb button_bg_color=\u00a0\u00bb#a4326b\u00a0\u00bb button_border_width=\u00a0\u00bb0px\u00a0\u00bb button_icon=\u00a0\u00bb&#x34;||divi||400&Prime; button_icon_placement=\u00a0\u00bbleft\u00a0\u00bb global_colors_info=\u00a0\u00bb{}\u00a0\u00bb theme_builder_area=\u00a0\u00bbpost_content\u00a0\u00bb][\/et_pb_button][\/et_pb_column][\/et_pb_row][\/et_pb_section]<\/p>\n","protected":false},"excerpt":{"rendered":"<p>CHEF.FE DE RANG\u00a0 VILLA FLEURIE La Villa Fleuri\u00e9, nich\u00e9e dans un \u00e9crin de verdure sur les hauteurs de Bellepierre, recherche un Chef de Rang H\/F\u00a0pour rejoindre son \u00e9quipe et contribuer \u00e0 offrir \u00e0 nos clients une exp\u00e9rience culinaire unique. Vos missions : Garantir un accueil chaleureux\u00a0et une satisfaction optimale de notre client\u00e8le Suivre\u00a0le service en [&hellip;]<\/p>\n","protected":false},"author":21,"featured_media":0,"parent":0,"menu_order":0,"comment_status":"closed","ping_status":"closed","template":"","meta":{"_et_pb_use_builder":"on","_et_pb_old_content":"","_et_gb_content_width":""},"_links":{"self":[{"href":"https:\/\/groupecaille.com\/index.php\/wp-json\/wp\/v2\/pages\/8953"}],"collection":[{"href":"https:\/\/groupecaille.com\/index.php\/wp-json\/wp\/v2\/pages"}],"about":[{"href":"https:\/\/groupecaille.com\/index.php\/wp-json\/wp\/v2\/types\/page"}],"author":[{"embeddable":true,"href":"https:\/\/groupecaille.com\/index.php\/wp-json\/wp\/v2\/users\/21"}],"replies":[{"embeddable":true,"href":"https:\/\/groupecaille.com\/index.php\/wp-json\/wp\/v2\/comments?post=8953"}],"version-history":[{"count":4,"href":"https:\/\/groupecaille.com\/index.php\/wp-json\/wp\/v2\/pages\/8953\/revisions"}],"predecessor-version":[{"id":8959,"href":"https:\/\/groupecaille.com\/index.php\/wp-json\/wp\/v2\/pages\/8953\/revisions\/8959"}],"wp:attachment":[{"href":"https:\/\/groupecaille.com\/index.php\/wp-json\/wp\/v2\/media?parent=8953"}],"curies":[{"name":"wp","href":"https:\/\/api.w.org\/{rel}","templated":true}]}}