{"id":8894,"date":"2025-09-17T16:46:52","date_gmt":"2025-09-17T12:46:52","guid":{"rendered":"https:\/\/groupecaille.com\/?page_id=8894"},"modified":"2025-09-17T16:46:52","modified_gmt":"2025-09-17T12:46:52","slug":"17sept-sommeliere-villa-fleurie-bellepierre","status":"publish","type":"page","link":"https:\/\/groupecaille.com\/index.php\/17sept-sommeliere-villa-fleurie-bellepierre\/","title":{"rendered":"17Sept-SOMMELIERE &#8211; VILLA FLEURIE BELLEPIERRE"},"content":{"rendered":"<p>[et_pb_section fb_built=\u00a0\u00bb1&Prime; _builder_version=\u00a0\u00bb4.16&Prime; _module_preset=\u00a0\u00bbdefault\u00a0\u00bb min_height=\u00a0\u00bb947.4px\u00a0\u00bb da_disable_devices=\u00a0\u00bboff|off|off\u00a0\u00bb global_colors_info=\u00a0\u00bb{}\u00a0\u00bb theme_builder_area=\u00a0\u00bbpost_content\u00a0\u00bb da_is_popup=\u00a0\u00bboff\u00a0\u00bb da_exit_intent=\u00a0\u00bboff\u00a0\u00bb da_has_close=\u00a0\u00bbon\u00a0\u00bb da_alt_close=\u00a0\u00bboff\u00a0\u00bb da_dark_close=\u00a0\u00bboff\u00a0\u00bb da_not_modal=\u00a0\u00bbon\u00a0\u00bb da_is_singular=\u00a0\u00bboff\u00a0\u00bb da_with_loader=\u00a0\u00bboff\u00a0\u00bb da_has_shadow=\u00a0\u00bbon\u00a0\u00bb][et_pb_row _builder_version=\u00a0\u00bb4.16&Prime; _module_preset=\u00a0\u00bbdefault\u00a0\u00bb background_color=\u00a0\u00bb#a4326b\u00a0\u00bb global_colors_info=\u00a0\u00bb{}\u00a0\u00bb theme_builder_area=\u00a0\u00bbpost_content\u00a0\u00bb][et_pb_column type=\u00a0\u00bb4_4&Prime; _builder_version=\u00a0\u00bb4.16&Prime; _module_preset=\u00a0\u00bbdefault\u00a0\u00bb global_colors_info=\u00a0\u00bb{}\u00a0\u00bb theme_builder_area=\u00a0\u00bbpost_content\u00a0\u00bb][et_pb_text _builder_version=\u00a0\u00bb4.20.2&Prime; _module_preset=\u00a0\u00bbdefault\u00a0\u00bb header_font=\u00a0\u00bb|||on|||||\u00a0\u00bb header_text_align=\u00a0\u00bbcenter\u00a0\u00bb header_text_color=\u00a0\u00bb#ffffff\u00a0\u00bb header_2_text_align=\u00a0\u00bbcenter\u00a0\u00bb header_2_text_color=\u00a0\u00bb#FFFFFF\u00a0\u00bb header_2_font_size=\u00a0\u00bb24px\u00a0\u00bb hover_enabled=\u00a0\u00bb0&Prime; global_colors_info=\u00a0\u00bb{}\u00a0\u00bb theme_builder_area=\u00a0\u00bbpost_content\u00a0\u00bb sticky_enabled=\u00a0\u00bb0&Prime;]<\/p>\n<div class=\"page\" title=\"Page 1\">\n<div class=\"section\">\n<div class=\"layoutArea\">\n<div class=\"column\">\n<h2><b>SOMMELIER.E\u00a0<\/b><\/h2>\n<h2>VILLA FLEURIE BELLEPIERRE<\/h2>\n<\/div>\n<\/div>\n<\/div>\n<\/div>\n<p>[\/et_pb_text][\/et_pb_column][\/et_pb_row][et_pb_row _builder_version=\u00a0\u00bb4.20.2&Prime; _module_preset=\u00a0\u00bbdefault\u00a0\u00bb global_colors_info=\u00a0\u00bb{}\u00a0\u00bb theme_builder_area=\u00a0\u00bbpost_content\u00a0\u00bb][et_pb_column type=\u00a0\u00bb4_4&Prime; _builder_version=\u00a0\u00bb4.16&Prime; _module_preset=\u00a0\u00bbdefault\u00a0\u00bb global_colors_info=\u00a0\u00bb{}\u00a0\u00bb theme_builder_area=\u00a0\u00bbpost_content\u00a0\u00bb][et_pb_text _builder_version=\u00a0\u00bb4.20.2&Prime; _module_preset=\u00a0\u00bbdefault\u00a0\u00bb background_image=\u00a0\u00bbhttps:\/\/groupecaille.com\/wp-content\/uploads\/2025\/08\/433880194_400340979404134_3089185539344868778_n.jpg\u00a0\u00bb background_size=\u00a0\u00bbcustom\u00a0\u00bb background_image_width=\u00a0\u00bb15%\u00a0\u00bb background_position=\u00a0\u00bbtop_right\u00a0\u00bb min_height=\u00a0\u00bb509.8px\u00a0\u00bb custom_margin=\u00a0\u00bb||0px||false|false\u00a0\u00bb custom_padding=\u00a0\u00bb38px||0px||false|false\u00a0\u00bb hover_enabled=\u00a0\u00bb0&Prime; global_colors_info=\u00a0\u00bb{}\u00a0\u00bb theme_builder_area=\u00a0\u00bbpost_content\u00a0\u00bb sticky_enabled=\u00a0\u00bb0&Prime;]<\/p>\n<div class=\"elementToProof\">\n<div class=\"elementToProof\">\n<div class=\"elementToProof\">\n<div class=\"elementToProof\">\n<div class=\"elementToProof\">\n<div class=\"elementToProof\">\n<div class=\"elementToProof\">\n<div class=\"elementToProof\">\n<div class=\"elementToProof\">\n<div class=\"elementToProof\">\n<div class=\"elementToProof\">\n<div class=\"elementToProof\">\n<div class=\"elementToProof\">\n<div class=\"elementToProof\">La Villa Fleuri\u00e9, nich\u00e9e dans un \u00e9crin de verdure sur les hauteurs de Bellepierre,<\/div>\n<div class=\"elementToProof\">recherche un.e Sommelier.e pour rejoindre son \u00e9quipe et contribuer \u00e0 offrir \u00e0 nos clients une exp\u00e9rience culinaire unique.<\/div>\n<div class=\"elementToProof\"><span>Vos missions :<\/span><\/div>\n<div class=\"elementToProof\">\u2022 Conseiller les clients sur le choix des vins en fonction des plats et de leurs pr\u00e9f\u00e9rences,<\/div>\n<div class=\"elementToProof\">\u2022 Aider le Chef Sommelier dans la gestion de la cave \u00e0 vins, incluant l&rsquo;inventaire, les commandes et la r\u00e9ception des livraisons,<\/div>\n<div class=\"elementToProof\">\u2022 Organiser et animer des d\u00e9gustations de vins pour les clients<\/div>\n<div class=\"elementToProof\">\u2022 Collaborer \u00e9troitement avec le chef sommelier pour cr\u00e9er des accords mets-vins harmonieux,<\/div>\n<div class=\"elementToProof\">\u2022 Former et encadrer le personnel de salle sur les vins et les techniques de service.<\/div>\n<div class=\"elementToProof\"><b>\u00a0<\/b><\/div>\n<div class=\"elementToProof\"><span>Votre profil :<\/span><\/div>\n<div class=\"elementToProof\">\u2022 Vous avez un dipl\u00f4me en sommellerie ou \u00e9quivalent.<\/div>\n<div class=\"elementToProof\">\u2022 Vous avez une exp\u00e9rience en tant que sommelier dans un \u00e9tablissement haut de gamme.<\/div>\n<div class=\"elementToProof\">\u2022 Vous avez une bonne connaissance des vins, des r\u00e9gions viticoles et des techniques de d\u00e9gustation.<\/div>\n<div class=\"elementToProof\">\u2022 Vous avez le sens du service client et capacit\u00e9 \u00e0 cr\u00e9er une exp\u00e9rience m\u00e9morable pour les clients.<\/div>\n<div class=\"elementToProof\">\u2022 Vous avez une excellente communication et capacit\u00e9 \u00e0 travailler en \u00e9quipe<\/div>\n<div class=\"elementToProof\">\u2022 Vous \u00eates passionn\u00e9 pour le vin et la gastronomie.<\/div>\n<div class=\"elementToProof\"><span>Type de contrat recherch\u00e9 :<\/span><\/div>\n<ul>\n<li>\n<div role=\"presentation\">CDI<\/div>\n<\/li>\n<li>\n<div role=\"presentation\">Temps de travail 39 heures<\/div>\n<\/li>\n<li>\n<div role=\"presentation\">Vous serez amen\u00e9(e) \u00e0 travailler lors des services du midi, du soir ou durant le week-end.<\/div>\n<\/li>\n<\/ul>\n<div class=\"elementToProof\"><span>Pourquoi nous rejoindre ?<\/span><\/div>\n<ul>\n<li>\n<div role=\"presentation\">L\u2019opportunit\u00e9 de travailler dans un cadre exceptionnel et au sein d\u2019une \u00e9quipe bienveillante et passionn\u00e9e.<\/div>\n<\/li>\n<li>\n<div role=\"presentation\">Vous b\u00e9n\u00e9ficierez de divers avantages, tels que les repas fournis, des remises dans les autres soci\u00e9t\u00e9s du Groupe, ainsi que des pourboires&#8230;<\/div>\n<\/li>\n<\/ul>\n<\/div>\n<\/div>\n<\/div>\n<\/div>\n<\/div>\n<\/div>\n<\/div>\n<\/div>\n<\/div>\n<\/div>\n<\/div>\n<\/div>\n<\/div>\n<p>[\/et_pb_text][\/et_pb_column][\/et_pb_row][et_pb_row _builder_version=\u00a0\u00bb4.16&Prime; _module_preset=\u00a0\u00bbdefault\u00a0\u00bb global_colors_info=\u00a0\u00bb{}\u00a0\u00bb theme_builder_area=\u00a0\u00bbpost_content\u00a0\u00bb][et_pb_column type=\u00a0\u00bb4_4&Prime; _builder_version=\u00a0\u00bb4.16&Prime; _module_preset=\u00a0\u00bbdefault\u00a0\u00bb global_colors_info=\u00a0\u00bb{}\u00a0\u00bb theme_builder_area=\u00a0\u00bbpost_content\u00a0\u00bb][et_pb_button button_url=\u00a0\u00bbmailto:job-ref-ndsagakh97@emploi.beetween.com\u00a0\u00bb button_text=\u00a0\u00bbPOSTULEZ ICI\u00a0\u00bb _builder_version=\u00a0\u00bb4.20.2&Prime; _module_preset=\u00a0\u00bbdefault\u00a0\u00bb custom_button=\u00a0\u00bbon\u00a0\u00bb button_text_color=\u00a0\u00bb#ffffff\u00a0\u00bb button_bg_color=\u00a0\u00bb#a4326b\u00a0\u00bb button_border_width=\u00a0\u00bb0px\u00a0\u00bb button_icon=\u00a0\u00bb&#x6c;||divi||400&Prime; button_icon_placement=\u00a0\u00bbleft\u00a0\u00bb hover_enabled=\u00a0\u00bb0&Prime; global_colors_info=\u00a0\u00bb{}\u00a0\u00bb theme_builder_area=\u00a0\u00bbpost_content\u00a0\u00bb sticky_enabled=\u00a0\u00bb0&Prime;][\/et_pb_button][\/et_pb_column][\/et_pb_row][et_pb_row _builder_version=\u00a0\u00bb4.16&Prime; _module_preset=\u00a0\u00bbdefault\u00a0\u00bb global_colors_info=\u00a0\u00bb{}\u00a0\u00bb theme_builder_area=\u00a0\u00bbpost_content\u00a0\u00bb][et_pb_column type=\u00a0\u00bb4_4&Prime; _builder_version=\u00a0\u00bb4.16&Prime; _module_preset=\u00a0\u00bbdefault\u00a0\u00bb global_colors_info=\u00a0\u00bb{}\u00a0\u00bb theme_builder_area=\u00a0\u00bbpost_content\u00a0\u00bb][et_pb_button button_url=\u00a0\u00bb@ET-DC@eyJkeW5hbWljIjp0cnVlLCJjb250ZW50IjoicG9zdF9saW5rX3VybF9wYWdlIiwic2V0dGluZ3MiOnsicG9zdF9pZCI6IjExMTkifX0=@\u00a0\u00bb button_text=\u00a0\u00bbRETOUR AUX OFFRES\u00a0\u00bb _builder_version=\u00a0\u00bb4.16&Prime; _dynamic_attributes=\u00a0\u00bbbutton_url\u00a0\u00bb _module_preset=\u00a0\u00bbdefault\u00a0\u00bb custom_button=\u00a0\u00bbon\u00a0\u00bb button_text_color=\u00a0\u00bb#ffffff\u00a0\u00bb button_bg_color=\u00a0\u00bb#a4326b\u00a0\u00bb button_border_width=\u00a0\u00bb0px\u00a0\u00bb button_icon=\u00a0\u00bb&#x34;||divi||400&Prime; button_icon_placement=\u00a0\u00bbleft\u00a0\u00bb global_colors_info=\u00a0\u00bb{}\u00a0\u00bb theme_builder_area=\u00a0\u00bbpost_content\u00a0\u00bb][\/et_pb_button][\/et_pb_column][\/et_pb_row][\/et_pb_section]<\/p>\n","protected":false},"excerpt":{"rendered":"<p>SOMMELIER.E\u00a0 VILLA FLEURIE BELLEPIERRE La Villa Fleuri\u00e9, nich\u00e9e dans un \u00e9crin de verdure sur les hauteurs de Bellepierre, recherche un.e Sommelier.e pour rejoindre son \u00e9quipe et contribuer \u00e0 offrir \u00e0 nos clients une exp\u00e9rience culinaire unique. Vos missions : \u2022 Conseiller les clients sur le choix des vins en fonction des plats et de leurs [&hellip;]<\/p>\n","protected":false},"author":21,"featured_media":0,"parent":0,"menu_order":0,"comment_status":"closed","ping_status":"closed","template":"","meta":{"_et_pb_use_builder":"on","_et_pb_old_content":"","_et_gb_content_width":""},"_links":{"self":[{"href":"https:\/\/groupecaille.com\/index.php\/wp-json\/wp\/v2\/pages\/8894"}],"collection":[{"href":"https:\/\/groupecaille.com\/index.php\/wp-json\/wp\/v2\/pages"}],"about":[{"href":"https:\/\/groupecaille.com\/index.php\/wp-json\/wp\/v2\/types\/page"}],"author":[{"embeddable":true,"href":"https:\/\/groupecaille.com\/index.php\/wp-json\/wp\/v2\/users\/21"}],"replies":[{"embeddable":true,"href":"https:\/\/groupecaille.com\/index.php\/wp-json\/wp\/v2\/comments?post=8894"}],"version-history":[{"count":2,"href":"https:\/\/groupecaille.com\/index.php\/wp-json\/wp\/v2\/pages\/8894\/revisions"}],"predecessor-version":[{"id":8896,"href":"https:\/\/groupecaille.com\/index.php\/wp-json\/wp\/v2\/pages\/8894\/revisions\/8896"}],"wp:attachment":[{"href":"https:\/\/groupecaille.com\/index.php\/wp-json\/wp\/v2\/media?parent=8894"}],"curies":[{"name":"wp","href":"https:\/\/api.w.org\/{rel}","templated":true}]}}