{"id":8857,"date":"2025-09-09T10:50:49","date_gmt":"2025-09-09T06:50:49","guid":{"rendered":"https:\/\/groupecaille.com\/?page_id=8857"},"modified":"2025-09-09T10:51:15","modified_gmt":"2025-09-09T06:51:15","slug":"09sept-cheffe-equipe-carrosserie-peinture-jules-caille-auto-chaudron","status":"publish","type":"page","link":"https:\/\/groupecaille.com\/index.php\/09sept-cheffe-equipe-carrosserie-peinture-jules-caille-auto-chaudron\/","title":{"rendered":"09Sept-CHEFFE EQUIPE CARROSSERIE PEINTURE\u00a0 &#8211; JULES CAILLE AUTO CHAUDRON"},"content":{"rendered":"<p>[et_pb_section fb_built=\u00a0\u00bb1&Prime; _builder_version=\u00a0\u00bb4.16&Prime; _module_preset=\u00a0\u00bbdefault\u00a0\u00bb min_height=\u00a0\u00bb947.4px\u00a0\u00bb da_disable_devices=\u00a0\u00bboff|off|off\u00a0\u00bb global_colors_info=\u00a0\u00bb{}\u00a0\u00bb theme_builder_area=\u00a0\u00bbpost_content\u00a0\u00bb da_is_popup=\u00a0\u00bboff\u00a0\u00bb da_exit_intent=\u00a0\u00bboff\u00a0\u00bb da_has_close=\u00a0\u00bbon\u00a0\u00bb da_alt_close=\u00a0\u00bboff\u00a0\u00bb da_dark_close=\u00a0\u00bboff\u00a0\u00bb da_not_modal=\u00a0\u00bbon\u00a0\u00bb da_is_singular=\u00a0\u00bboff\u00a0\u00bb da_with_loader=\u00a0\u00bboff\u00a0\u00bb da_has_shadow=\u00a0\u00bbon\u00a0\u00bb][et_pb_row _builder_version=\u00a0\u00bb4.16&Prime; _module_preset=\u00a0\u00bbdefault\u00a0\u00bb background_color=\u00a0\u00bb#a4326b\u00a0\u00bb global_colors_info=\u00a0\u00bb{}\u00a0\u00bb theme_builder_area=\u00a0\u00bbpost_content\u00a0\u00bb][et_pb_column type=\u00a0\u00bb4_4&Prime; _builder_version=\u00a0\u00bb4.16&Prime; _module_preset=\u00a0\u00bbdefault\u00a0\u00bb global_colors_info=\u00a0\u00bb{}\u00a0\u00bb theme_builder_area=\u00a0\u00bbpost_content\u00a0\u00bb][et_pb_text _builder_version=\u00a0\u00bb4.20.2&Prime; _module_preset=\u00a0\u00bbdefault\u00a0\u00bb header_font=\u00a0\u00bb|||on|||||\u00a0\u00bb header_text_align=\u00a0\u00bbcenter\u00a0\u00bb header_text_color=\u00a0\u00bb#ffffff\u00a0\u00bb header_2_text_align=\u00a0\u00bbcenter\u00a0\u00bb header_2_text_color=\u00a0\u00bb#FFFFFF\u00a0\u00bb header_2_font_size=\u00a0\u00bb24px\u00a0\u00bb hover_enabled=\u00a0\u00bb0&Prime; global_colors_info=\u00a0\u00bb{}\u00a0\u00bb theme_builder_area=\u00a0\u00bbpost_content\u00a0\u00bb sticky_enabled=\u00a0\u00bb0&Prime;]<\/p>\n<div class=\"page\" title=\"Page 1\">\n<div class=\"section\">\n<div class=\"layoutArea\">\n<div class=\"column\">\n<h2><span>CHEF.FE EQUIPE CARROSSERIE PEINTURE\u00a0 <\/span><\/h2>\n<h2><strong>JULES CAILLE AUTO CHAUDRON<\/strong><\/h2>\n<\/div>\n<\/div>\n<\/div>\n<\/div>\n<p>[\/et_pb_text][\/et_pb_column][\/et_pb_row][et_pb_row _builder_version=\u00a0\u00bb4.20.2&Prime; _module_preset=\u00a0\u00bbdefault\u00a0\u00bb global_colors_info=\u00a0\u00bb{}\u00a0\u00bb theme_builder_area=\u00a0\u00bbpost_content\u00a0\u00bb][et_pb_column type=\u00a0\u00bb4_4&Prime; _builder_version=\u00a0\u00bb4.16&Prime; _module_preset=\u00a0\u00bbdefault\u00a0\u00bb global_colors_info=\u00a0\u00bb{}\u00a0\u00bb theme_builder_area=\u00a0\u00bbpost_content\u00a0\u00bb][et_pb_text _builder_version=\u00a0\u00bb4.20.2&Prime; _module_preset=\u00a0\u00bbdefault\u00a0\u00bb background_image=\u00a0\u00bbhttps:\/\/groupecaille.com\/wp-content\/uploads\/2025\/08\/Fichier-2@3x.png\u00a0\u00bb background_size=\u00a0\u00bbcustom\u00a0\u00bb background_image_width=\u00a0\u00bb15%\u00a0\u00bb background_position=\u00a0\u00bbtop_right\u00a0\u00bb min_height=\u00a0\u00bb509.8px\u00a0\u00bb custom_margin=\u00a0\u00bb||0px||false|false\u00a0\u00bb custom_padding=\u00a0\u00bb38px||0px||false|false\u00a0\u00bb hover_enabled=\u00a0\u00bb0&Prime; global_colors_info=\u00a0\u00bb{}\u00a0\u00bb theme_builder_area=\u00a0\u00bbpost_content\u00a0\u00bb sticky_enabled=\u00a0\u00bb0&Prime; title_text=\u00a0\u00bbFichier 2@3x\u00a0\u00bb]<\/p>\n<div class=\"elementToProof\">\n<div class=\"elementToProof\">\n<div class=\"elementToProof\">\n<div class=\"elementToProof\">\n<div class=\"elementToProof\">\n<div class=\"elementToProof\">\n<div class=\"elementToProof\">\n<div class=\"elementToProof\">\n<div class=\"elementToProof\">\n<div class=\"elementToProof\">\n<div class=\"elementToProof\">\n<p><strong>Le Groupe Caill\u00e9 recrute un.e Chef.fe d\u2019\u00c9quipe Atelier Carrosserie\/Peinture pour son atelier de Sainte Clotilde.<\/strong><br \/>Nous recherchons un.e <strong>Chef.fe d\u2019\u00c9quipe Atelier Carrosserie\/Peinture H\/F<\/strong><br \/>capable d\u2019incarner nos standards de qualit\u00e9 \u00e0 travers un management d\u2019\u00e9quipe exigeant et une organisation d\u2019atelier optimale.<\/p>\n<p><strong>Votre mission principale ?<\/strong><\/p>\n<p>Rattach\u00e9.e au Responsable Apr\u00e8s-Vente, vous aurez pour r\u00f4le central <strong>d\u2019assurer l\u2019encadrement d\u2019une \u00e9quipe de carrossiers, peintres et techniciens,<\/strong> en veillant \u00e0 la qualit\u00e9 des r\u00e9parations et \u00e0 la satisfaction client.<\/p>\n<p>Au quotidien, vous serez amen\u00e9 \u00e0 :<\/p>\n<ul>\n<li><strong>Organiser et planifier toutes interventions<\/strong> de carrosserie et peinture,<\/li>\n<li><strong>G\u00e9rer les relations avec les experts (assurances) :<\/strong> expertise, contre-expertise<\/li>\n<li><strong>Encadrer et animer l\u2019\u00e9quipe :<\/strong> gestion de la productivit\u00e9, ventilation de la charge de travail atelier et suivi des v\u00e9hicules en attente, contr\u00f4le des travaux, appui technique<\/li>\n<li><strong>G\u00e9rer la relation client :<\/strong> accueil, restitution des v\u00e9hicules, promotion des offres de service.<\/li>\n<li><strong>Effectuer un suivi logistique :<\/strong> gestion des commandes de pi\u00e8ces et des arrivages pour garantir la fluidit\u00e9 de l\u2019activit\u00e9<\/li>\n<\/ul>\n<p><strong>Le profil que nous recherchons :<\/strong><br \/>Dipl\u00f4m\u00e9.e d\u2019un <strong>Bac+2 en Apr\u00e8s-Vente \/ Carrosserie<\/strong>, vous disposez d\u2019une exp\u00e9rience significative dans l\u2019univers automobile et id\u00e9alement au sein de marques du groupe Stellantis.<\/p>\n<p><strong>Vos atouts pour r\u00e9ussir :<\/strong><\/p>\n<ul>\n<li>Expertise technique solide en carrosserie\/peinture et ma\u00eetrise des outils informatiques,<\/li>\n<li>Organisation, rigueur et r\u00e9activit\u00e9, avec une r\u00e9elle capacit\u00e9 \u00e0 g\u00e9rer les priorit\u00e9s,<\/li>\n<li>Leadership affirm\u00e9, sens de l\u2019\u00e9coute et capacit\u00e9 \u00e0 f\u00e9d\u00e9rer une \u00e9quipe,<\/li>\n<li>Sens du service client et aisance relationnelle, garantissant une exp\u00e9rience de qualit\u00e9 \u00e0 chaque \u00e9tape.<\/li>\n<li>Capacit\u00e9 \u00e0 n\u00e9gocier avec les experts en assurances automobiles<\/li>\n<\/ul>\n<p><strong>Pourquoi nous rejoindre ?<\/strong><br \/>Int\u00e9grer le Groupe Caill\u00e9, c\u2019est rejoindre un acteur majeur de l\u2019\u00e9conomie r\u00e9unionnaise, solidement ancr\u00e9 dans des secteurs vari\u00e9s : l\u2019automobile, la grande distribution, et la restauration.<br \/>Un groupe reconnu pour son dynamisme, ses valeurs humaines et sa volont\u00e9 d\u2019offrir \u00e0 chacun un environnement de travail stimulant et \u00e9volutif.<\/p>\n<p><strong>Ce que nous vous offrons :<\/strong><br \/>Si votre profil correspond \u00e0 nos attentes nous saurons pouvoir vous proposer un package salarial qui sera le reflet de votre exp\u00e9rience et de vos comp\u00e9tences, ainsi que :<br \/>Un package d\u2019avantages collectifs complet, comprenant un 13\u1d49 mois, des titres-restaurant, etc.<br \/>Une r\u00e9mun\u00e9ration variable qui valorisera vos r\u00e9sultats<br \/>Un environnement professionnel stimulant et s\u00e9curis\u00e9<\/p>\n<p>Le Groupe Caill\u00e9 est un employeur garantissant l\u2019\u00e9galit\u00e9 des chances et valorisant la diversit\u00e9 au sein de ses \u00e9quipes.<\/p>\n<\/div>\n<\/div>\n<\/div>\n<\/div>\n<\/div>\n<\/div>\n<\/div>\n<\/div>\n<\/div>\n<\/div>\n<\/div>\n<p>[\/et_pb_text][\/et_pb_column][\/et_pb_row][et_pb_row _builder_version=\u00a0\u00bb4.16&Prime; _module_preset=\u00a0\u00bbdefault\u00a0\u00bb global_colors_info=\u00a0\u00bb{}\u00a0\u00bb theme_builder_area=\u00a0\u00bbpost_content\u00a0\u00bb][et_pb_column type=\u00a0\u00bb4_4&Prime; _builder_version=\u00a0\u00bb4.16&Prime; _module_preset=\u00a0\u00bbdefault\u00a0\u00bb global_colors_info=\u00a0\u00bb{}\u00a0\u00bb theme_builder_area=\u00a0\u00bbpost_content\u00a0\u00bb][et_pb_button button_url=\u00a0\u00bbmailto:job-ref-0eel5c95io@emploi.beetween.com \u00a0\u00bb button_text=\u00a0\u00bbPOSTULEZ ICI\u00a0\u00bb _builder_version=\u00a0\u00bb4.20.2&Prime; _module_preset=\u00a0\u00bbdefault\u00a0\u00bb custom_button=\u00a0\u00bbon\u00a0\u00bb button_text_color=\u00a0\u00bb#ffffff\u00a0\u00bb button_bg_color=\u00a0\u00bb#a4326b\u00a0\u00bb button_border_width=\u00a0\u00bb0px\u00a0\u00bb button_icon=\u00a0\u00bb&#x6c;||divi||400&Prime; button_icon_placement=\u00a0\u00bbleft\u00a0\u00bb hover_enabled=\u00a0\u00bb0&Prime; global_colors_info=\u00a0\u00bb{}\u00a0\u00bb theme_builder_area=\u00a0\u00bbpost_content\u00a0\u00bb sticky_enabled=\u00a0\u00bb0&Prime;][\/et_pb_button][\/et_pb_column][\/et_pb_row][et_pb_row _builder_version=\u00a0\u00bb4.16&Prime; _module_preset=\u00a0\u00bbdefault\u00a0\u00bb global_colors_info=\u00a0\u00bb{}\u00a0\u00bb theme_builder_area=\u00a0\u00bbpost_content\u00a0\u00bb][et_pb_column type=\u00a0\u00bb4_4&Prime; _builder_version=\u00a0\u00bb4.16&Prime; _module_preset=\u00a0\u00bbdefault\u00a0\u00bb global_colors_info=\u00a0\u00bb{}\u00a0\u00bb theme_builder_area=\u00a0\u00bbpost_content\u00a0\u00bb][et_pb_button button_url=\u00a0\u00bb@ET-DC@eyJkeW5hbWljIjp0cnVlLCJjb250ZW50IjoicG9zdF9saW5rX3VybF9wYWdlIiwic2V0dGluZ3MiOnsicG9zdF9pZCI6IjExMTkifX0=@\u00a0\u00bb button_text=\u00a0\u00bbRETOUR AUX OFFRES\u00a0\u00bb _builder_version=\u00a0\u00bb4.16&Prime; _dynamic_attributes=\u00a0\u00bbbutton_url\u00a0\u00bb _module_preset=\u00a0\u00bbdefault\u00a0\u00bb custom_button=\u00a0\u00bbon\u00a0\u00bb button_text_color=\u00a0\u00bb#ffffff\u00a0\u00bb button_bg_color=\u00a0\u00bb#a4326b\u00a0\u00bb button_border_width=\u00a0\u00bb0px\u00a0\u00bb button_icon=\u00a0\u00bb&#x34;||divi||400&Prime; button_icon_placement=\u00a0\u00bbleft\u00a0\u00bb global_colors_info=\u00a0\u00bb{}\u00a0\u00bb theme_builder_area=\u00a0\u00bbpost_content\u00a0\u00bb][\/et_pb_button][\/et_pb_column][\/et_pb_row][\/et_pb_section]<\/p>\n","protected":false},"excerpt":{"rendered":"<p>CHEF.FE EQUIPE CARROSSERIE PEINTURE\u00a0 JULES CAILLE AUTO CHAUDRON Le Groupe Caill\u00e9 recrute un.e Chef.fe d\u2019\u00c9quipe Atelier Carrosserie\/Peinture pour son atelier de Sainte Clotilde.Nous recherchons un.e Chef.fe d\u2019\u00c9quipe Atelier Carrosserie\/Peinture H\/Fcapable d\u2019incarner nos standards de qualit\u00e9 \u00e0 travers un management d\u2019\u00e9quipe exigeant et une organisation d\u2019atelier optimale. Votre mission principale ? Rattach\u00e9.e au Responsable Apr\u00e8s-Vente, vous [&hellip;]<\/p>\n","protected":false},"author":21,"featured_media":0,"parent":0,"menu_order":0,"comment_status":"closed","ping_status":"closed","template":"","meta":{"_et_pb_use_builder":"on","_et_pb_old_content":"","_et_gb_content_width":""},"_links":{"self":[{"href":"https:\/\/groupecaille.com\/index.php\/wp-json\/wp\/v2\/pages\/8857"}],"collection":[{"href":"https:\/\/groupecaille.com\/index.php\/wp-json\/wp\/v2\/pages"}],"about":[{"href":"https:\/\/groupecaille.com\/index.php\/wp-json\/wp\/v2\/types\/page"}],"author":[{"embeddable":true,"href":"https:\/\/groupecaille.com\/index.php\/wp-json\/wp\/v2\/users\/21"}],"replies":[{"embeddable":true,"href":"https:\/\/groupecaille.com\/index.php\/wp-json\/wp\/v2\/comments?post=8857"}],"version-history":[{"count":2,"href":"https:\/\/groupecaille.com\/index.php\/wp-json\/wp\/v2\/pages\/8857\/revisions"}],"predecessor-version":[{"id":8860,"href":"https:\/\/groupecaille.com\/index.php\/wp-json\/wp\/v2\/pages\/8857\/revisions\/8860"}],"wp:attachment":[{"href":"https:\/\/groupecaille.com\/index.php\/wp-json\/wp\/v2\/media?parent=8857"}],"curies":[{"name":"wp","href":"https:\/\/api.w.org\/{rel}","templated":true}]}}