{"id":8744,"date":"2025-07-15T09:12:04","date_gmt":"2025-07-15T05:12:04","guid":{"rendered":"https:\/\/groupecaille.com\/?page_id=8744"},"modified":"2025-07-15T09:12:04","modified_gmt":"2025-07-15T05:12:04","slug":"15juillet-operateur-service-rapide-hf-midas-saint-andre","status":"publish","type":"page","link":"https:\/\/groupecaille.com\/index.php\/15juillet-operateur-service-rapide-hf-midas-saint-andre\/","title":{"rendered":"15Juillet- OPERATEUR SERVICE RAPIDE HF\u00a0 \u2013 MIDAS SAINT-ANDRE"},"content":{"rendered":"<p>[et_pb_section fb_built=\u00a0\u00bb1&Prime; _builder_version=\u00a0\u00bb4.16&Prime; _module_preset=\u00a0\u00bbdefault\u00a0\u00bb min_height=\u00a0\u00bb947.4px\u00a0\u00bb da_disable_devices=\u00a0\u00bboff|off|off\u00a0\u00bb global_colors_info=\u00a0\u00bb{}\u00a0\u00bb theme_builder_area=\u00a0\u00bbpost_content\u00a0\u00bb da_is_popup=\u00a0\u00bboff\u00a0\u00bb da_exit_intent=\u00a0\u00bboff\u00a0\u00bb da_has_close=\u00a0\u00bbon\u00a0\u00bb da_alt_close=\u00a0\u00bboff\u00a0\u00bb da_dark_close=\u00a0\u00bboff\u00a0\u00bb da_not_modal=\u00a0\u00bbon\u00a0\u00bb da_is_singular=\u00a0\u00bboff\u00a0\u00bb da_with_loader=\u00a0\u00bboff\u00a0\u00bb da_has_shadow=\u00a0\u00bbon\u00a0\u00bb][et_pb_row _builder_version=\u00a0\u00bb4.16&Prime; _module_preset=\u00a0\u00bbdefault\u00a0\u00bb background_color=\u00a0\u00bb#a4326b\u00a0\u00bb global_colors_info=\u00a0\u00bb{}\u00a0\u00bb theme_builder_area=\u00a0\u00bbpost_content\u00a0\u00bb][et_pb_column type=\u00a0\u00bb4_4&Prime; _builder_version=\u00a0\u00bb4.16&Prime; _module_preset=\u00a0\u00bbdefault\u00a0\u00bb global_colors_info=\u00a0\u00bb{}\u00a0\u00bb theme_builder_area=\u00a0\u00bbpost_content\u00a0\u00bb][et_pb_text _builder_version=\u00a0\u00bb4.20.2&Prime; _module_preset=\u00a0\u00bbdefault\u00a0\u00bb header_font=\u00a0\u00bb|||on|||||\u00a0\u00bb header_text_align=\u00a0\u00bbcenter\u00a0\u00bb header_text_color=\u00a0\u00bb#ffffff\u00a0\u00bb header_2_text_align=\u00a0\u00bbcenter\u00a0\u00bb header_2_text_color=\u00a0\u00bb#FFFFFF\u00a0\u00bb header_2_font_size=\u00a0\u00bb24px\u00a0\u00bb hover_enabled=\u00a0\u00bb0&Prime; global_colors_info=\u00a0\u00bb{}\u00a0\u00bb theme_builder_area=\u00a0\u00bbpost_content\u00a0\u00bb sticky_enabled=\u00a0\u00bb0&Prime;]<\/p>\n<div class=\"page\" title=\"Page 1\">\n<div class=\"section\">\n<div class=\"layoutArea\">\n<div class=\"column\">\n<h2><b>OP\u00c9RATEUR SERVICE RAPIDE H\/F\u00a0 <\/b><\/h2>\n<h2>\u00a0MIDAS SAINT-ANDR\u00c9<\/h2>\n<\/div>\n<\/div>\n<\/div>\n<\/div>\n<p>[\/et_pb_text][\/et_pb_column][\/et_pb_row][et_pb_row _builder_version=\u00a0\u00bb4.16&Prime; _module_preset=\u00a0\u00bbdefault\u00a0\u00bb global_colors_info=\u00a0\u00bb{}\u00a0\u00bb theme_builder_area=\u00a0\u00bbpost_content\u00a0\u00bb][et_pb_column type=\u00a0\u00bb4_4&Prime; _builder_version=\u00a0\u00bb4.16&Prime; _module_preset=\u00a0\u00bbdefault\u00a0\u00bb global_colors_info=\u00a0\u00bb{}\u00a0\u00bb theme_builder_area=\u00a0\u00bbpost_content\u00a0\u00bb][et_pb_text _builder_version=\u00a0\u00bb4.20.2&Prime; _module_preset=\u00a0\u00bbdefault\u00a0\u00bb min_height=\u00a0\u00bb509.8px\u00a0\u00bb hover_enabled=\u00a0\u00bb0&Prime; global_colors_info=\u00a0\u00bb{}\u00a0\u00bb theme_builder_area=\u00a0\u00bbpost_content\u00a0\u00bb sticky_enabled=\u00a0\u00bb0&Prime;]<\/p>\n<div class=\"elementToProof\">\n<p>Nous recherchons un Op\u00e9rateur Service Rapide H\/F passionn\u00e9(e) et motiv\u00e9(e) pour rejoindre notre \u00e9quipe de Saint Andr\u00e9.<\/p>\n<div class=\"elementToProof\">Sous la responsabilit\u00e9 du Responsable de Site, vous serez en charge de la maintenance des v\u00e9hicules et de diverses interventions techniques.<\/div>\n<\/div>\n<div class=\"elementToProof\"><\/div>\n<div class=\"elementToProof\">Vos missions :\u00a0<\/div>\n<div class=\"elementToProof\">\n<ul>\n<li>\n<div role=\"presentation\">R\u00e9aliser l\u2019ensemble des interventions de maintenance pr\u00e9ventive et corrective (freinage, liaison au sol, \u00e9chappement, climatisation, pneumatique, embrayage, distribution, etc.).<\/div>\n<\/li>\n<li>\n<div role=\"presentation\">Poser des accessoires sur v\u00e9hicules pr\u00e9-\u00e9quip\u00e9s.<\/div>\n<\/li>\n<li>\n<div role=\"presentation\">Agencer et entretenir votre poste de travail et l\u2019outillage.<\/div>\n<\/li>\n<li>\n<div role=\"presentation\">Appliquer les proc\u00e9dures qualit\u00e9 en vigueur dans l\u2019entreprise.<\/div>\n<\/li>\n<li>\n<div role=\"presentation\">\u00c9tablir tout document d\u2019atelier utile.<\/div>\n<\/li>\n<li>\n<div role=\"presentation\">Conseiller la client\u00e8le sur l\u2019utilisation des v\u00e9hicules.<\/div>\n<\/li>\n<li>\n<div role=\"presentation\">Effectuer la vente additionnelle de produits et services.<\/div>\n<\/li>\n<\/ul>\n<\/div>\n<div class=\"elementToProof\"><\/div>\n<div class=\"elementToProof\"><span>Le profil que nous recherchons :<\/span><\/div>\n<ul>\n<li>\n<div role=\"presentation\" class=\"elementToProof\">Dipl\u00f4me dans le domaine de la m\u00e9canique ou maintenance des v\u00e9hicules automobiles.<\/div>\n<\/li>\n<li>\n<div role=\"presentation\">Exp\u00e9rience de 1 \u00e0 2 ans en m\u00e9canique multi-marques.<\/div>\n<\/li>\n<li>\n<div role=\"presentation\">Bon relationnel client et bonnes capacit\u00e9s de communication.<\/div>\n<\/li>\n<li>\n<div role=\"presentation\" class=\"elementToProof\">Rigueur, organisation et esprit d\u2019\u00e9quipe.<\/div>\n<\/li>\n<\/ul>\n<div class=\"elementToProof\">Le Groupe Caill\u00e9 est un employeur garantissant l\u2019\u00e9galit\u00e9 des chances et valorisant la diversit\u00e9 au sein de ses \u00e9quipes.<\/div>\n<div class=\"elementToProof\"><\/div>\n<div class=\"elementToProof\"><span>Adresse de recrutement : <u><a class=\"OWAAutoLink\" id=\"OWAc29c1e39-bfbd-33cf-5fa9-25c924a1330e\" href=\"mailto:job-ref-9al8sa0onr@emploi.beetween.com\">job-ref-9al8sa0onr@emploi.beetween.com<\/a><\/u>\u00a0<\/span><\/div>\n<p>[\/et_pb_text][\/et_pb_column][\/et_pb_row][et_pb_row _builder_version=\u00a0\u00bb4.16&Prime; _module_preset=\u00a0\u00bbdefault\u00a0\u00bb global_colors_info=\u00a0\u00bb{}\u00a0\u00bb theme_builder_area=\u00a0\u00bbpost_content\u00a0\u00bb][et_pb_column type=\u00a0\u00bb4_4&Prime; _builder_version=\u00a0\u00bb4.16&Prime; _module_preset=\u00a0\u00bbdefault\u00a0\u00bb global_colors_info=\u00a0\u00bb{}\u00a0\u00bb theme_builder_area=\u00a0\u00bbpost_content\u00a0\u00bb][et_pb_button button_url=\u00a0\u00bb@ET-DC@eyJkeW5hbWljIjp0cnVlLCJjb250ZW50IjoicG9zdF9saW5rX3VybF9wYWdlIiwic2V0dGluZ3MiOnsicG9zdF9pZCI6IjExMTkifX0=@\u00a0\u00bb button_text=\u00a0\u00bbRETOUR AUX OFFRES\u00a0\u00bb _builder_version=\u00a0\u00bb4.16&Prime; _dynamic_attributes=\u00a0\u00bbbutton_url\u00a0\u00bb _module_preset=\u00a0\u00bbdefault\u00a0\u00bb custom_button=\u00a0\u00bbon\u00a0\u00bb button_text_color=\u00a0\u00bb#ffffff\u00a0\u00bb button_bg_color=\u00a0\u00bb#a4326b\u00a0\u00bb button_border_width=\u00a0\u00bb0px\u00a0\u00bb button_icon=\u00a0\u00bb&#x34;||divi||400&Prime; button_icon_placement=\u00a0\u00bbleft\u00a0\u00bb global_colors_info=\u00a0\u00bb{}\u00a0\u00bb theme_builder_area=\u00a0\u00bbpost_content\u00a0\u00bb][\/et_pb_button][\/et_pb_column][\/et_pb_row][\/et_pb_section]<\/p>\n","protected":false},"excerpt":{"rendered":"<p>OP\u00c9RATEUR SERVICE RAPIDE H\/F\u00a0 \u00a0MIDAS SAINT-ANDR\u00c9 Nous recherchons un Op\u00e9rateur Service Rapide H\/F passionn\u00e9(e) et motiv\u00e9(e) pour rejoindre notre \u00e9quipe de Saint Andr\u00e9. Sous la responsabilit\u00e9 du Responsable de Site, vous serez en charge de la maintenance des v\u00e9hicules et de diverses interventions techniques. Vos missions :\u00a0 R\u00e9aliser l\u2019ensemble des interventions de maintenance pr\u00e9ventive et [&hellip;]<\/p>\n","protected":false},"author":21,"featured_media":0,"parent":0,"menu_order":0,"comment_status":"closed","ping_status":"closed","template":"page-template-blank.php","meta":{"_et_pb_use_builder":"on","_et_pb_old_content":"","_et_gb_content_width":""},"_links":{"self":[{"href":"https:\/\/groupecaille.com\/index.php\/wp-json\/wp\/v2\/pages\/8744"}],"collection":[{"href":"https:\/\/groupecaille.com\/index.php\/wp-json\/wp\/v2\/pages"}],"about":[{"href":"https:\/\/groupecaille.com\/index.php\/wp-json\/wp\/v2\/types\/page"}],"author":[{"embeddable":true,"href":"https:\/\/groupecaille.com\/index.php\/wp-json\/wp\/v2\/users\/21"}],"replies":[{"embeddable":true,"href":"https:\/\/groupecaille.com\/index.php\/wp-json\/wp\/v2\/comments?post=8744"}],"version-history":[{"count":3,"href":"https:\/\/groupecaille.com\/index.php\/wp-json\/wp\/v2\/pages\/8744\/revisions"}],"predecessor-version":[{"id":8747,"href":"https:\/\/groupecaille.com\/index.php\/wp-json\/wp\/v2\/pages\/8744\/revisions\/8747"}],"wp:attachment":[{"href":"https:\/\/groupecaille.com\/index.php\/wp-json\/wp\/v2\/media?parent=8744"}],"curies":[{"name":"wp","href":"https:\/\/api.w.org\/{rel}","templated":true}]}}