{"id":8733,"date":"2025-07-07T15:21:35","date_gmt":"2025-07-07T11:21:35","guid":{"rendered":"https:\/\/groupecaille.com\/?page_id=8733"},"modified":"2025-07-07T15:21:46","modified_gmt":"2025-07-07T11:21:46","slug":"07juil-employe-commercial-amazon-h-f-leader-price-la-possession","status":"publish","type":"page","link":"https:\/\/groupecaille.com\/index.php\/07juil-employe-commercial-amazon-h-f-leader-price-la-possession\/","title":{"rendered":"07Juil &#8211; EMPLOYE COMMERCIAL AMAZON H\/F\u00a0 &#8211; LEADER PRICE LA POSSESSION"},"content":{"rendered":"<p>[et_pb_section fb_built=\u00a0\u00bb1&Prime; _builder_version=\u00a0\u00bb4.16&Prime; _module_preset=\u00a0\u00bbdefault\u00a0\u00bb min_height=\u00a0\u00bb947.4px\u00a0\u00bb da_disable_devices=\u00a0\u00bboff|off|off\u00a0\u00bb global_colors_info=\u00a0\u00bb{}\u00a0\u00bb theme_builder_area=\u00a0\u00bbpost_content\u00a0\u00bb da_is_popup=\u00a0\u00bboff\u00a0\u00bb da_exit_intent=\u00a0\u00bboff\u00a0\u00bb da_has_close=\u00a0\u00bbon\u00a0\u00bb da_alt_close=\u00a0\u00bboff\u00a0\u00bb da_dark_close=\u00a0\u00bboff\u00a0\u00bb da_not_modal=\u00a0\u00bbon\u00a0\u00bb da_is_singular=\u00a0\u00bboff\u00a0\u00bb da_with_loader=\u00a0\u00bboff\u00a0\u00bb da_has_shadow=\u00a0\u00bbon\u00a0\u00bb][et_pb_row _builder_version=\u00a0\u00bb4.16&Prime; _module_preset=\u00a0\u00bbdefault\u00a0\u00bb background_color=\u00a0\u00bb#a4326b\u00a0\u00bb global_colors_info=\u00a0\u00bb{}\u00a0\u00bb theme_builder_area=\u00a0\u00bbpost_content\u00a0\u00bb][et_pb_column type=\u00a0\u00bb4_4&Prime; _builder_version=\u00a0\u00bb4.16&Prime; _module_preset=\u00a0\u00bbdefault\u00a0\u00bb global_colors_info=\u00a0\u00bb{}\u00a0\u00bb theme_builder_area=\u00a0\u00bbpost_content\u00a0\u00bb][et_pb_text _builder_version=\u00a0\u00bb4.20.2&Prime; _module_preset=\u00a0\u00bbdefault\u00a0\u00bb header_font=\u00a0\u00bb|||on|||||\u00a0\u00bb header_text_align=\u00a0\u00bbcenter\u00a0\u00bb header_text_color=\u00a0\u00bb#ffffff\u00a0\u00bb header_2_text_align=\u00a0\u00bbcenter\u00a0\u00bb header_2_text_color=\u00a0\u00bb#FFFFFF\u00a0\u00bb header_2_font_size=\u00a0\u00bb24px\u00a0\u00bb hover_enabled=\u00a0\u00bb0&Prime; global_colors_info=\u00a0\u00bb{}\u00a0\u00bb theme_builder_area=\u00a0\u00bbpost_content\u00a0\u00bb sticky_enabled=\u00a0\u00bb0&Prime;]<\/p>\n<div class=\"page\" title=\"Page 1\">\n<div class=\"section\">\n<div class=\"layoutArea\">\n<div class=\"column\">\n<h2><b>EMPOLYE COMMERCIAL AMAZON (H\/F)<\/b><\/h2>\n<h2><strong> LEADER PRICE LA POSSESSION<\/strong><\/h2>\n<\/div>\n<\/div>\n<\/div>\n<\/div>\n<p>[\/et_pb_text][\/et_pb_column][\/et_pb_row][et_pb_row _builder_version=\u00a0\u00bb4.16&Prime; _module_preset=\u00a0\u00bbdefault\u00a0\u00bb global_colors_info=\u00a0\u00bb{}\u00a0\u00bb theme_builder_area=\u00a0\u00bbpost_content\u00a0\u00bb][et_pb_column type=\u00a0\u00bb4_4&Prime; _builder_version=\u00a0\u00bb4.16&Prime; _module_preset=\u00a0\u00bbdefault\u00a0\u00bb global_colors_info=\u00a0\u00bb{}\u00a0\u00bb theme_builder_area=\u00a0\u00bbpost_content\u00a0\u00bb][et_pb_text _builder_version=\u00a0\u00bb4.20.2&Prime; _module_preset=\u00a0\u00bbdefault\u00a0\u00bb min_height=\u00a0\u00bb509.8px\u00a0\u00bb hover_enabled=\u00a0\u00bb0&Prime; global_colors_info=\u00a0\u00bb{}\u00a0\u00bb theme_builder_area=\u00a0\u00bbpost_content\u00a0\u00bb sticky_enabled=\u00a0\u00bb0&Prime;]<\/p>\n<p style=\"font-weight: 400;\">REJOIGNEZ UN GROUPE LEADER<br \/>A LA REUNION<br \/>Groupe Caill\u00e9 recrute pour LEADER PRICE LA POSSESSION<\/p>\n<p style=\"font-weight: 400;\"><span>Nous recherchons un Employ\u00e9 Commercial Amazon H\/F &#8211; (CDD temps partiel) pour rejoindre les \u00e9quipes du Leader Price La Possession<\/span><\/p>\n<p style=\"font-weight: 400;\">Vos missions :<\/p>\n<ul>\n<li>\n<div role=\"presentation\" class=\"elementToProof\"><strong>R\u00e9ception des colis<\/strong>\u00a0: R\u00e9ceptionner les colis provenant des transporteurs, v\u00e9rifier leur \u00e9tat et les scanner pour assurer leur tra\u00e7abilit\u00e9.<\/div>\n<\/li>\n<li>\n<div role=\"presentation\" class=\"elementToProof\"><strong>Gestion des retraits<\/strong>\u00a0: Lorsqu\u2019un client r\u00e9cup\u00e8re un colis, l&#8217;employ\u00e9 v\u00e9rifie son identit\u00e9, localise le colis dans le stock, et s&rsquo;assure que la bonne personne le r\u00e9cup\u00e8re en proc\u00e9dant \u00e0 l\u2019enregistrement informatique.<\/div>\n<\/li>\n<li>\n<div role=\"presentation\" class=\"elementToProof\"><strong>Service client\u00a0<\/strong>: Assurer un excellent service client en r\u00e9pondant aux questions et en expliquant les d\u00e9marches de retrait si n\u00e9cessaire.<\/div>\n<\/li>\n<li>\n<div role=\"presentation\" class=\"elementToProof\"><strong>Gestion des stocks<\/strong>\u00a0: G\u00e9rer le flux des colis entrants et sortants, organiser les espaces de stockage afin d&rsquo;optimiser l&rsquo;espace et faciliter la recherche des colis.<\/div>\n<\/li>\n<li>\n<div role=\"presentation\" class=\"elementToProof\"><strong>Maintien de l\u2019organisation du point relais<\/strong>\u00a0: Veiller \u00e0 ce que le point relais reste organis\u00e9, propre et que les proc\u00e9dures soient respect\u00e9es pour \u00e9viter les pertes ou erreurs.<\/div>\n<\/li>\n<\/ul>\n<p><strong>Le profil que nous recherchons :<\/strong><\/p>\n<div role=\"presentation\">\n<div>Nous recherchons une personne rigoureuse, souriante et capable de travailler efficacement en \u00e9quipe.<\/div>\n<div class=\"elementToProof\"><strong>Vos atouts :<\/strong><\/div>\n<ul>\n<li>\n<div role=\"presentation\" class=\"elementToProof\">Ma\u00eetrise des outils informatiques<\/div>\n<\/li>\n<li>\n<div role=\"presentation\" class=\"elementToProof\">Sens du service client<\/div>\n<\/li>\n<li>\n<div role=\"presentation\" class=\"elementToProof\">Organisation et rigueur<\/div>\n<\/li>\n<\/ul>\n<\/div>\n<p style=\"font-weight: 400;\">Des connaissances en hygi\u00e8ne alimentaire, en manipulation de produits et en encaissement, sont un petit plus !<\/p>\n<p style=\"font-weight: 400;\">Le Groupe Caill\u00e9 est un employeur garantissant l&rsquo;\u00e9galit\u00e9 des chances et valorisant la diversit\u00e9 au sein de ses \u00e9quipes.<\/p>\n<p><span>Adresse de recrutement : <a href=\"mailto:job-ref-2pom5swiy2@emploi.beetween.com\">job-ref-2pom5swiy2@emploi.beetween.com<\/a>\u00a0<\/span><\/p>\n<p>[\/et_pb_text][\/et_pb_column][\/et_pb_row][et_pb_row _builder_version=\u00a0\u00bb4.16&Prime; _module_preset=\u00a0\u00bbdefault\u00a0\u00bb global_colors_info=\u00a0\u00bb{}\u00a0\u00bb theme_builder_area=\u00a0\u00bbpost_content\u00a0\u00bb][et_pb_column type=\u00a0\u00bb4_4&Prime; _builder_version=\u00a0\u00bb4.16&Prime; _module_preset=\u00a0\u00bbdefault\u00a0\u00bb global_colors_info=\u00a0\u00bb{}\u00a0\u00bb theme_builder_area=\u00a0\u00bbpost_content\u00a0\u00bb][et_pb_button button_url=\u00a0\u00bb@ET-DC@eyJkeW5hbWljIjp0cnVlLCJjb250ZW50IjoicG9zdF9saW5rX3VybF9wYWdlIiwic2V0dGluZ3MiOnsicG9zdF9pZCI6IjExMTkifX0=@\u00a0\u00bb button_text=\u00a0\u00bbRETOUR AUX OFFRES\u00a0\u00bb _builder_version=\u00a0\u00bb4.16&Prime; _dynamic_attributes=\u00a0\u00bbbutton_url\u00a0\u00bb _module_preset=\u00a0\u00bbdefault\u00a0\u00bb custom_button=\u00a0\u00bbon\u00a0\u00bb button_text_color=\u00a0\u00bb#ffffff\u00a0\u00bb button_bg_color=\u00a0\u00bb#a4326b\u00a0\u00bb button_border_width=\u00a0\u00bb0px\u00a0\u00bb button_icon=\u00a0\u00bb&#x34;||divi||400&Prime; button_icon_placement=\u00a0\u00bbleft\u00a0\u00bb global_colors_info=\u00a0\u00bb{}\u00a0\u00bb theme_builder_area=\u00a0\u00bbpost_content\u00a0\u00bb][\/et_pb_button][\/et_pb_column][\/et_pb_row][\/et_pb_section]<\/p>\n","protected":false},"excerpt":{"rendered":"<p>EMPOLYE COMMERCIAL AMAZON (H\/F) LEADER PRICE LA POSSESSION REJOIGNEZ UN GROUPE LEADERA LA REUNIONGroupe Caill\u00e9 recrute pour LEADER PRICE LA POSSESSION Nous recherchons un Employ\u00e9 Commercial Amazon H\/F &#8211; (CDD temps partiel) pour rejoindre les \u00e9quipes du Leader Price La Possession Vos missions : R\u00e9ception des colis\u00a0: R\u00e9ceptionner les colis provenant des transporteurs, v\u00e9rifier leur [&hellip;]<\/p>\n","protected":false},"author":21,"featured_media":0,"parent":0,"menu_order":0,"comment_status":"closed","ping_status":"closed","template":"page-template-blank.php","meta":{"_et_pb_use_builder":"on","_et_pb_old_content":"","_et_gb_content_width":""},"_links":{"self":[{"href":"https:\/\/groupecaille.com\/index.php\/wp-json\/wp\/v2\/pages\/8733"}],"collection":[{"href":"https:\/\/groupecaille.com\/index.php\/wp-json\/wp\/v2\/pages"}],"about":[{"href":"https:\/\/groupecaille.com\/index.php\/wp-json\/wp\/v2\/types\/page"}],"author":[{"embeddable":true,"href":"https:\/\/groupecaille.com\/index.php\/wp-json\/wp\/v2\/users\/21"}],"replies":[{"embeddable":true,"href":"https:\/\/groupecaille.com\/index.php\/wp-json\/wp\/v2\/comments?post=8733"}],"version-history":[{"count":2,"href":"https:\/\/groupecaille.com\/index.php\/wp-json\/wp\/v2\/pages\/8733\/revisions"}],"predecessor-version":[{"id":8735,"href":"https:\/\/groupecaille.com\/index.php\/wp-json\/wp\/v2\/pages\/8733\/revisions\/8735"}],"wp:attachment":[{"href":"https:\/\/groupecaille.com\/index.php\/wp-json\/wp\/v2\/media?parent=8733"}],"curies":[{"name":"wp","href":"https:\/\/api.w.org\/{rel}","templated":true}]}}