{"id":8691,"date":"2025-06-13T14:53:48","date_gmt":"2025-06-13T10:53:48","guid":{"rendered":"https:\/\/groupecaille.com\/?page_id=8691"},"modified":"2025-06-13T14:53:54","modified_gmt":"2025-06-13T10:53:54","slug":"13juin-chef-apres-vente-jaguar-land-rover-hf-kolors-saint-denis","status":"publish","type":"page","link":"https:\/\/groupecaille.com\/index.php\/13juin-chef-apres-vente-jaguar-land-rover-hf-kolors-saint-denis\/","title":{"rendered":"13Juin-CHEF APRES VENTE JAGUAR LAND ROVER HF &#8211; KOLORS SAINT-DENIS"},"content":{"rendered":"<p>[et_pb_section fb_built=\u00a0\u00bb1&Prime; _builder_version=\u00a0\u00bb4.16&Prime; _module_preset=\u00a0\u00bbdefault\u00a0\u00bb min_height=\u00a0\u00bb947.4px\u00a0\u00bb da_disable_devices=\u00a0\u00bboff|off|off\u00a0\u00bb global_colors_info=\u00a0\u00bb{}\u00a0\u00bb theme_builder_area=\u00a0\u00bbpost_content\u00a0\u00bb da_is_popup=\u00a0\u00bboff\u00a0\u00bb da_exit_intent=\u00a0\u00bboff\u00a0\u00bb da_has_close=\u00a0\u00bbon\u00a0\u00bb da_alt_close=\u00a0\u00bboff\u00a0\u00bb da_dark_close=\u00a0\u00bboff\u00a0\u00bb da_not_modal=\u00a0\u00bbon\u00a0\u00bb da_is_singular=\u00a0\u00bboff\u00a0\u00bb da_with_loader=\u00a0\u00bboff\u00a0\u00bb da_has_shadow=\u00a0\u00bbon\u00a0\u00bb][et_pb_row _builder_version=\u00a0\u00bb4.16&Prime; _module_preset=\u00a0\u00bbdefault\u00a0\u00bb background_color=\u00a0\u00bb#a4326b\u00a0\u00bb global_colors_info=\u00a0\u00bb{}\u00a0\u00bb theme_builder_area=\u00a0\u00bbpost_content\u00a0\u00bb][et_pb_column type=\u00a0\u00bb4_4&Prime; _builder_version=\u00a0\u00bb4.16&Prime; _module_preset=\u00a0\u00bbdefault\u00a0\u00bb global_colors_info=\u00a0\u00bb{}\u00a0\u00bb theme_builder_area=\u00a0\u00bbpost_content\u00a0\u00bb][et_pb_text _builder_version=\u00a0\u00bb4.20.2&Prime; _module_preset=\u00a0\u00bbdefault\u00a0\u00bb header_font=\u00a0\u00bb|||on|||||\u00a0\u00bb header_text_align=\u00a0\u00bbcenter\u00a0\u00bb header_text_color=\u00a0\u00bb#ffffff\u00a0\u00bb header_2_text_align=\u00a0\u00bbcenter\u00a0\u00bb header_2_text_color=\u00a0\u00bb#FFFFFF\u00a0\u00bb header_2_font_size=\u00a0\u00bb24px\u00a0\u00bb hover_enabled=\u00a0\u00bb0&Prime; global_colors_info=\u00a0\u00bb{}\u00a0\u00bb theme_builder_area=\u00a0\u00bbpost_content\u00a0\u00bb sticky_enabled=\u00a0\u00bb0&Prime;]<\/p>\n<div class=\"page\" title=\"Page 1\">\n<div class=\"section\">\n<div class=\"layoutArea\">\n<div class=\"column\">\n<h2><span>CHEF APRES VENTE JAGUAR LAND ROVER H\/F<\/span><\/h2>\n<h2><strong>KOLORS SAINT-DENIS<\/strong><\/h2>\n<\/div>\n<\/div>\n<\/div>\n<\/div>\n<p>[\/et_pb_text][\/et_pb_column][\/et_pb_row][et_pb_row _builder_version=\u00a0\u00bb4.16&Prime; _module_preset=\u00a0\u00bbdefault\u00a0\u00bb global_colors_info=\u00a0\u00bb{}\u00a0\u00bb theme_builder_area=\u00a0\u00bbpost_content\u00a0\u00bb][et_pb_column type=\u00a0\u00bb4_4&Prime; _builder_version=\u00a0\u00bb4.16&Prime; _module_preset=\u00a0\u00bbdefault\u00a0\u00bb global_colors_info=\u00a0\u00bb{}\u00a0\u00bb theme_builder_area=\u00a0\u00bbpost_content\u00a0\u00bb][et_pb_text _builder_version=\u00a0\u00bb4.20.2&Prime; _module_preset=\u00a0\u00bbdefault\u00a0\u00bb min_height=\u00a0\u00bb509.8px\u00a0\u00bb hover_enabled=\u00a0\u00bb0&Prime; global_colors_info=\u00a0\u00bb{}\u00a0\u00bb theme_builder_area=\u00a0\u00bbpost_content\u00a0\u00bb sticky_enabled=\u00a0\u00bb0&Prime;]<\/p>\n<p style=\"font-weight: 400;\">REJOIGNEZ UN GROUPE LEADER<br \/>A LA REUNION<br \/>Groupe Caill\u00e9 recrute pour Kolors Saint-Denis<\/p>\n<p style=\"font-weight: 400;\"><strong>\u00a0<\/strong><\/p>\n<p style=\"font-weight: 400;\">Nous recherchons un Chef Apr\u00e8s-Vente JAGUAR \/ LAND ROVER H\/F pour piloter l&rsquo;activit\u00e9 apr\u00e8s-vente de notre atelier et accompagner la mont\u00e9e en comp\u00e9tences de l\u2019\u00e9quipe.<\/p>\n<p style=\"font-weight: 400;\">Vos missions principales :<\/p>\n<p style=\"font-weight: 400;\">\n<p style=\"font-weight: 400;\">Le chef apr\u00e8s-vente atelier intervient en appui de son responsable hi\u00e9rarchique, il r\u00e9alise les activit\u00e9s ci-dessous :<\/p>\n<p style=\"font-weight: 400;\">\n<ul style=\"font-weight: 400;\">\n<li>Gestion op\u00e9rationnelle de l\u2019atelier<\/li>\n<li>Organisation et planification des interventions<\/li>\n<li>Affectation, suivi et contr\u00f4le des activit\u00e9s confi\u00e9es aux collaborateurs<\/li>\n<li>Appui technique aux collaborateurs<\/li>\n<li>Gestion de l\u2019\u00e9quipe : Contribution \u00e0 la pr\u00e9paration aux entretiens d\u2019\u00e9valuation et aux entretiens professionnels, au suivi du plan de formation des collaborateurs<\/li>\n<li>Gestion des litiges clients<\/li>\n<li>Contr\u00f4le de l\u2019application des r\u00e8gles d\u2019hygi\u00e8ne, de qualit\u00e9 et de s\u00e9curit\u00e9 en vigueur dans l\u2019entreprise<\/li>\n<li>Participation \u00e0 l\u2019\u00e9laboration et \u00e0 la mise en \u0153uvre de d\u00e9marche qualit\u00e9 *<\/li>\n<li>Accueil et conseil \u00e0 la client\u00e8le E<\/li>\n<li>Etablissement de devis, d\u2019ordre de r\u00e9paration, d\u2019ordre de montage<\/li>\n<li>Si besoin, r\u00e9ception et restitution du v\u00e9hicule au client et explication de la facture<\/li>\n<\/ul>\n<p style=\"font-weight: 400;\">\n<p style=\"font-weight: 400;\"><strong>Le profil que nous recherchons :\u00a0<\/strong><\/p>\n<p style=\"font-weight: 400;\">\n<ul style=\"font-weight: 400;\">\n<li>BAC \u00e0 BAC+2 en m\u00e9canique automobile ou CQP chef d&rsquo;\u00e9quipe atelier<\/li>\n<li>Une premi\u00e8re exp\u00e9rience en management est n\u00e9cessaire<\/li>\n<li>Connaissance des services apr\u00e8s-vente automobile indispensable<\/li>\n<li>Une connaissance des process et standards op\u00e9rationnels &amp; garantie de la marque LAND ROVER serait un atout<\/li>\n<li>Sens du travail en \u00e9quipe et du collectif<\/li>\n<li>Bon relationnel client<\/li>\n<li>Permis B obligatoire &#8211; nombreux d\u00e9placements sur l&rsquo;ile (poste bas\u00e9 \u00e0 Saint Denis avec d\u00e9placement r\u00e9gulier sur Saint pierre)<\/li>\n<\/ul>\n<p style=\"font-weight: 400;\">\n<p style=\"font-weight: 400;\">Le Groupe Caill\u00e9 est un employeur garantissant l&rsquo;\u00e9galit\u00e9 des chances et valorisant la diversit\u00e9 au sein de ses \u00e9quipes.<\/p>\n<p style=\"font-weight: 400;\">\n<p>Adresse de recrutement <strong>:\u00a0<a href=\"mailto:job-ref-a71udw0tnp@emploi.beetween.com\">job-ref-a71udw0tnp@emploi.beetween.com<\/a>\u00a0<\/strong><\/p>\n<p>[\/et_pb_text][\/et_pb_column][\/et_pb_row][et_pb_row _builder_version=\u00a0\u00bb4.16&Prime; _module_preset=\u00a0\u00bbdefault\u00a0\u00bb global_colors_info=\u00a0\u00bb{}\u00a0\u00bb theme_builder_area=\u00a0\u00bbpost_content\u00a0\u00bb][et_pb_column type=\u00a0\u00bb4_4&Prime; _builder_version=\u00a0\u00bb4.16&Prime; _module_preset=\u00a0\u00bbdefault\u00a0\u00bb global_colors_info=\u00a0\u00bb{}\u00a0\u00bb theme_builder_area=\u00a0\u00bbpost_content\u00a0\u00bb][et_pb_button button_url=\u00a0\u00bb@ET-DC@eyJkeW5hbWljIjp0cnVlLCJjb250ZW50IjoicG9zdF9saW5rX3VybF9wYWdlIiwic2V0dGluZ3MiOnsicG9zdF9pZCI6IjExMTkifX0=@\u00a0\u00bb button_text=\u00a0\u00bbRETOUR AUX OFFRES\u00a0\u00bb _builder_version=\u00a0\u00bb4.16&Prime; _dynamic_attributes=\u00a0\u00bbbutton_url\u00a0\u00bb _module_preset=\u00a0\u00bbdefault\u00a0\u00bb custom_button=\u00a0\u00bbon\u00a0\u00bb button_text_color=\u00a0\u00bb#ffffff\u00a0\u00bb button_bg_color=\u00a0\u00bb#a4326b\u00a0\u00bb button_border_width=\u00a0\u00bb0px\u00a0\u00bb button_icon=\u00a0\u00bb&#x34;||divi||400&Prime; button_icon_placement=\u00a0\u00bbleft\u00a0\u00bb global_colors_info=\u00a0\u00bb{}\u00a0\u00bb theme_builder_area=\u00a0\u00bbpost_content\u00a0\u00bb][\/et_pb_button][\/et_pb_column][\/et_pb_row][\/et_pb_section]<\/p>\n","protected":false},"excerpt":{"rendered":"<p>CHEF APRES VENTE JAGUAR LAND ROVER H\/F KOLORS SAINT-DENIS REJOIGNEZ UN GROUPE LEADERA LA REUNIONGroupe Caill\u00e9 recrute pour Kolors Saint-Denis \u00a0 Nous recherchons un Chef Apr\u00e8s-Vente JAGUAR \/ LAND ROVER H\/F pour piloter l&rsquo;activit\u00e9 apr\u00e8s-vente de notre atelier et accompagner la mont\u00e9e en comp\u00e9tences de l\u2019\u00e9quipe. Vos missions principales : Le chef apr\u00e8s-vente atelier intervient [&hellip;]<\/p>\n","protected":false},"author":21,"featured_media":0,"parent":0,"menu_order":0,"comment_status":"closed","ping_status":"closed","template":"","meta":{"_et_pb_use_builder":"on","_et_pb_old_content":"","_et_gb_content_width":""},"_links":{"self":[{"href":"https:\/\/groupecaille.com\/index.php\/wp-json\/wp\/v2\/pages\/8691"}],"collection":[{"href":"https:\/\/groupecaille.com\/index.php\/wp-json\/wp\/v2\/pages"}],"about":[{"href":"https:\/\/groupecaille.com\/index.php\/wp-json\/wp\/v2\/types\/page"}],"author":[{"embeddable":true,"href":"https:\/\/groupecaille.com\/index.php\/wp-json\/wp\/v2\/users\/21"}],"replies":[{"embeddable":true,"href":"https:\/\/groupecaille.com\/index.php\/wp-json\/wp\/v2\/comments?post=8691"}],"version-history":[{"count":2,"href":"https:\/\/groupecaille.com\/index.php\/wp-json\/wp\/v2\/pages\/8691\/revisions"}],"predecessor-version":[{"id":8693,"href":"https:\/\/groupecaille.com\/index.php\/wp-json\/wp\/v2\/pages\/8691\/revisions\/8693"}],"wp:attachment":[{"href":"https:\/\/groupecaille.com\/index.php\/wp-json\/wp\/v2\/media?parent=8691"}],"curies":[{"name":"wp","href":"https:\/\/api.w.org\/{rel}","templated":true}]}}