{"id":8684,"date":"2025-05-20T09:45:26","date_gmt":"2025-05-20T05:45:26","guid":{"rendered":"https:\/\/groupecaille.com\/?page_id=8684"},"modified":"2025-05-20T09:45:26","modified_gmt":"2025-05-20T05:45:26","slug":"20mai-apprenti-assistant-commercial-hf-cashapro","status":"publish","type":"page","link":"https:\/\/groupecaille.com\/index.php\/20mai-apprenti-assistant-commercial-hf-cashapro\/","title":{"rendered":"20Mai-APPRENTI ASSISTANT COMMERCIAL HF &#8211;\u00a0CASHaPRO"},"content":{"rendered":"<p>[et_pb_section fb_built=\u00a0\u00bb1&Prime; _builder_version=\u00a0\u00bb4.16&Prime; _module_preset=\u00a0\u00bbdefault\u00a0\u00bb min_height=\u00a0\u00bb947.4px\u00a0\u00bb da_disable_devices=\u00a0\u00bboff|off|off\u00a0\u00bb global_colors_info=\u00a0\u00bb{}\u00a0\u00bb theme_builder_area=\u00a0\u00bbpost_content\u00a0\u00bb da_is_popup=\u00a0\u00bboff\u00a0\u00bb da_exit_intent=\u00a0\u00bboff\u00a0\u00bb da_has_close=\u00a0\u00bbon\u00a0\u00bb da_alt_close=\u00a0\u00bboff\u00a0\u00bb da_dark_close=\u00a0\u00bboff\u00a0\u00bb da_not_modal=\u00a0\u00bbon\u00a0\u00bb da_is_singular=\u00a0\u00bboff\u00a0\u00bb da_with_loader=\u00a0\u00bboff\u00a0\u00bb da_has_shadow=\u00a0\u00bbon\u00a0\u00bb][et_pb_row _builder_version=\u00a0\u00bb4.16&Prime; _module_preset=\u00a0\u00bbdefault\u00a0\u00bb background_color=\u00a0\u00bb#a4326b\u00a0\u00bb global_colors_info=\u00a0\u00bb{}\u00a0\u00bb theme_builder_area=\u00a0\u00bbpost_content\u00a0\u00bb][et_pb_column type=\u00a0\u00bb4_4&Prime; _builder_version=\u00a0\u00bb4.16&Prime; _module_preset=\u00a0\u00bbdefault\u00a0\u00bb global_colors_info=\u00a0\u00bb{}\u00a0\u00bb theme_builder_area=\u00a0\u00bbpost_content\u00a0\u00bb][et_pb_text _builder_version=\u00a0\u00bb4.20.2&Prime; _module_preset=\u00a0\u00bbdefault\u00a0\u00bb header_font=\u00a0\u00bb|||on|||||\u00a0\u00bb header_text_align=\u00a0\u00bbcenter\u00a0\u00bb header_text_color=\u00a0\u00bb#ffffff\u00a0\u00bb header_2_text_align=\u00a0\u00bbcenter\u00a0\u00bb header_2_text_color=\u00a0\u00bb#FFFFFF\u00a0\u00bb header_2_font_size=\u00a0\u00bb24px\u00a0\u00bb hover_enabled=\u00a0\u00bb0&Prime; global_colors_info=\u00a0\u00bb{}\u00a0\u00bb theme_builder_area=\u00a0\u00bbpost_content\u00a0\u00bb sticky_enabled=\u00a0\u00bb0&Prime;]<\/p>\n<div class=\"page\" title=\"Page 1\">\n<div class=\"section\">\n<div class=\"layoutArea\">\n<div class=\"column\">\n<h2>APPRENTI ASSISTANT COMMERCIAL H\/F<\/h2>\n<h2><span class=\"apple-converted-space\"><span>\u00a0<\/span><\/span><b><span>CASH@PRO<\/span><\/b><\/h2>\n<\/div>\n<\/div>\n<\/div>\n<\/div>\n<p>[\/et_pb_text][\/et_pb_column][\/et_pb_row][et_pb_row _builder_version=\u00a0\u00bb4.16&Prime; _module_preset=\u00a0\u00bbdefault\u00a0\u00bb global_colors_info=\u00a0\u00bb{}\u00a0\u00bb theme_builder_area=\u00a0\u00bbpost_content\u00a0\u00bb][et_pb_column type=\u00a0\u00bb4_4&Prime; _builder_version=\u00a0\u00bb4.16&Prime; _module_preset=\u00a0\u00bbdefault\u00a0\u00bb global_colors_info=\u00a0\u00bb{}\u00a0\u00bb theme_builder_area=\u00a0\u00bbpost_content\u00a0\u00bb][et_pb_text _builder_version=\u00a0\u00bb4.20.2&Prime; _module_preset=\u00a0\u00bbdefault\u00a0\u00bb min_height=\u00a0\u00bb509.8px\u00a0\u00bb hover_enabled=\u00a0\u00bb0&Prime; global_colors_info=\u00a0\u00bb{}\u00a0\u00bb theme_builder_area=\u00a0\u00bbpost_content\u00a0\u00bb sticky_enabled=\u00a0\u00bb0&Prime;]<\/p>\n<p style=\"font-weight: 400;\">REJOIGNEZ UN GROUPE LEADER<br \/>A LA REUNION<br \/>Groupe Caill\u00e9 recrute pour Cash@Pro<span>\u00a0<\/span>\ud83d\uded2!<\/p>\n<p style=\"font-weight: 400;\"><strong>Et si votre avenir commen\u00e7ait ici ?<\/strong><\/p>\n<p style=\"font-weight: 400;\"><strong>Votre r\u00f4le<\/strong><\/p>\n<p style=\"font-weight: 400;\">En tant qu\u2019apprenti(e) Assistant Commercial, vos missions seront les suivantes\u00a0:<\/p>\n<ul style=\"font-weight: 400;\">\n<li>Accueillir et recevoir le client.<\/li>\n<li>Encaisser les factures, dans le respect des proc\u00e9dures d\u2019encaissement et des diff\u00e9rents types d\u2019encaissements.<\/li>\n<li>Remettre, si n\u00e9cessaire, les documents de transport d\u2019alcool au client.<\/li>\n<li>Remonter les \u00e9ventuelles dol\u00e9ances des clients aupr\u00e8s de sa Direction.<\/li>\n<li>Renseigner le client sur les \u00e9ventuelles offres\u00a0commerciales, promotionnelles en cours.<\/li>\n<li>R\u00e9ceptionner les appels t\u00e9l\u00e9phoniques selon les r\u00e8gles d\u2019accueil t\u00e9l\u00e9phonique de l\u2019entreprise et orienter les clients selon leur demande.<\/li>\n<li>Archiver les documents (factures clients, bons de transport pour les douanes)<\/li>\n<li>Effectuer la cl\u00f4ture de sa caisse et effectuer la remise de caisse au coffre, selon la proc\u00e9dure en vigueur.<\/li>\n<li>Peut \u00eatre amen\u00e9 \u00e0 effectuer la facturation client<\/li>\n<li>Peut \u00eatre amen\u00e9 \u00e0 effectuer des entr\u00e9es marchandises<\/li>\n<li>R\u00e9aliser les inventaires g\u00e9n\u00e9raux.<\/li>\n<li>Communiquer les offres promotionnelles aupr\u00e8s des clients (appels t\u00e9l\u00e9phoniques)<\/li>\n<\/ul>\n<p style=\"font-weight: 400;\"><strong>Profil recherch\u00e9<\/strong><\/p>\n<ul style=\"font-weight: 400;\">\n<li>Vous \u00eates rigoureux(se), ponctuel(le) et appr\u00e9ciez le travail en \u00e9quipe<\/li>\n<li>Vous avez le sens du service et le contact client<\/li>\n<li>Une connaissance des r\u00e8gles d\u2019hygi\u00e8ne et de s\u00e9curit\u00e9 est un plus<\/li>\n<\/ul>\n<p style=\"font-weight: 400;\"><strong>Pourquoi nous rejoindre ?<\/strong><\/p>\n<ul style=\"font-weight: 400;\">\n<li>Une formation concr\u00e8te, sur le terrain<\/li>\n<li>Un accompagnement par des professionnels<\/li>\n<li>Une premi\u00e8re exp\u00e9rience valorisante au sein d\u2019un groupe reconnu<\/li>\n<\/ul>\n<p style=\"font-weight: 400;\">\n<p style=\"font-weight: 400;\"><strong>Pr\u00eat(e) \u00e0 d\u00e9couvrir les coulisses du commerce et \u00e0 relever des d\u00e9fis du quotidien ?<br \/>Envoyez-nous votre candidature et rejoignez l\u2019aventure CASH OI !<\/strong><\/p>\n<\/p>\n<p style=\"font-weight: 400;\">Le Groupe Caill\u00e9 est un employeur garantissant l&rsquo;\u00e9galit\u00e9 des chances et valorisant la diversit\u00e9 au sein de ses \u00e9quipes.<\/p>\n<p style=\"font-weight: 400;\">Adresse de recrutement\u00a0:<span>\u00a0<\/span><a href=\"mailto:job-ref-ahqx0loolc@emploi.beetween.com\">job-ref-ahqx0loolc@emploi.beetween.com<\/a><\/p>\n<p>[\/et_pb_text][\/et_pb_column][\/et_pb_row][et_pb_row _builder_version=\u00a0\u00bb4.16&Prime; _module_preset=\u00a0\u00bbdefault\u00a0\u00bb global_colors_info=\u00a0\u00bb{}\u00a0\u00bb theme_builder_area=\u00a0\u00bbpost_content\u00a0\u00bb][et_pb_column type=\u00a0\u00bb4_4&Prime; _builder_version=\u00a0\u00bb4.16&Prime; _module_preset=\u00a0\u00bbdefault\u00a0\u00bb global_colors_info=\u00a0\u00bb{}\u00a0\u00bb theme_builder_area=\u00a0\u00bbpost_content\u00a0\u00bb][et_pb_button button_url=\u00a0\u00bb@ET-DC@eyJkeW5hbWljIjp0cnVlLCJjb250ZW50IjoicG9zdF9saW5rX3VybF9wYWdlIiwic2V0dGluZ3MiOnsicG9zdF9pZCI6IjExMTkifX0=@\u00a0\u00bb button_text=\u00a0\u00bbRETOUR AUX OFFRES\u00a0\u00bb _builder_version=\u00a0\u00bb4.16&Prime; _dynamic_attributes=\u00a0\u00bbbutton_url\u00a0\u00bb _module_preset=\u00a0\u00bbdefault\u00a0\u00bb custom_button=\u00a0\u00bbon\u00a0\u00bb button_text_color=\u00a0\u00bb#ffffff\u00a0\u00bb button_bg_color=\u00a0\u00bb#a4326b\u00a0\u00bb button_border_width=\u00a0\u00bb0px\u00a0\u00bb button_icon=\u00a0\u00bb&#x34;||divi||400&Prime; button_icon_placement=\u00a0\u00bbleft\u00a0\u00bb global_colors_info=\u00a0\u00bb{}\u00a0\u00bb theme_builder_area=\u00a0\u00bbpost_content\u00a0\u00bb][\/et_pb_button][\/et_pb_column][\/et_pb_row][\/et_pb_section]<\/p>\n","protected":false},"excerpt":{"rendered":"<p>APPRENTI ASSISTANT COMMERCIAL H\/F \u00a0CASH@PRO REJOIGNEZ UN GROUPE LEADERA LA REUNIONGroupe Caill\u00e9 recrute pour Cash@Pro\u00a0\ud83d\uded2! Et si votre avenir commen\u00e7ait ici ? Votre r\u00f4le En tant qu\u2019apprenti(e) Assistant Commercial, vos missions seront les suivantes\u00a0: Accueillir et recevoir le client. Encaisser les factures, dans le respect des proc\u00e9dures d\u2019encaissement et des diff\u00e9rents types d\u2019encaissements. Remettre, si [&hellip;]<\/p>\n","protected":false},"author":21,"featured_media":0,"parent":0,"menu_order":0,"comment_status":"closed","ping_status":"closed","template":"","meta":{"_et_pb_use_builder":"on","_et_pb_old_content":"","_et_gb_content_width":""},"_links":{"self":[{"href":"https:\/\/groupecaille.com\/index.php\/wp-json\/wp\/v2\/pages\/8684"}],"collection":[{"href":"https:\/\/groupecaille.com\/index.php\/wp-json\/wp\/v2\/pages"}],"about":[{"href":"https:\/\/groupecaille.com\/index.php\/wp-json\/wp\/v2\/types\/page"}],"author":[{"embeddable":true,"href":"https:\/\/groupecaille.com\/index.php\/wp-json\/wp\/v2\/users\/21"}],"replies":[{"embeddable":true,"href":"https:\/\/groupecaille.com\/index.php\/wp-json\/wp\/v2\/comments?post=8684"}],"version-history":[{"count":2,"href":"https:\/\/groupecaille.com\/index.php\/wp-json\/wp\/v2\/pages\/8684\/revisions"}],"predecessor-version":[{"id":8686,"href":"https:\/\/groupecaille.com\/index.php\/wp-json\/wp\/v2\/pages\/8684\/revisions\/8686"}],"wp:attachment":[{"href":"https:\/\/groupecaille.com\/index.php\/wp-json\/wp\/v2\/media?parent=8684"}],"curies":[{"name":"wp","href":"https:\/\/api.w.org\/{rel}","templated":true}]}}