{"id":8639,"date":"2025-05-05T09:02:59","date_gmt":"2025-05-05T05:02:59","guid":{"rendered":"https:\/\/groupecaille.com\/?page_id=8639"},"modified":"2025-05-05T09:02:59","modified_gmt":"2025-05-05T05:02:59","slug":"05-mai-quartier-francais-apprenti-employe-commercial-hf-leader-price","status":"publish","type":"page","link":"https:\/\/groupecaille.com\/index.php\/05-mai-quartier-francais-apprenti-employe-commercial-hf-leader-price\/","title":{"rendered":"05 Mai-Quartier Francais APPRENTI EMPLOYE COMMERCIAL HF &#8211; LEADER PRICE"},"content":{"rendered":"<p>[et_pb_section fb_built=\u00a0\u00bb1&Prime; _builder_version=\u00a0\u00bb4.16&Prime; _module_preset=\u00a0\u00bbdefault\u00a0\u00bb min_height=\u00a0\u00bb947.4px\u00a0\u00bb da_disable_devices=\u00a0\u00bboff|off|off\u00a0\u00bb global_colors_info=\u00a0\u00bb{}\u00a0\u00bb theme_builder_area=\u00a0\u00bbpost_content\u00a0\u00bb da_is_popup=\u00a0\u00bboff\u00a0\u00bb da_exit_intent=\u00a0\u00bboff\u00a0\u00bb da_has_close=\u00a0\u00bbon\u00a0\u00bb da_alt_close=\u00a0\u00bboff\u00a0\u00bb da_dark_close=\u00a0\u00bboff\u00a0\u00bb da_not_modal=\u00a0\u00bbon\u00a0\u00bb da_is_singular=\u00a0\u00bboff\u00a0\u00bb da_with_loader=\u00a0\u00bboff\u00a0\u00bb da_has_shadow=\u00a0\u00bbon\u00a0\u00bb][et_pb_row _builder_version=\u00a0\u00bb4.16&Prime; _module_preset=\u00a0\u00bbdefault\u00a0\u00bb background_color=\u00a0\u00bb#a4326b\u00a0\u00bb global_colors_info=\u00a0\u00bb{}\u00a0\u00bb theme_builder_area=\u00a0\u00bbpost_content\u00a0\u00bb][et_pb_column type=\u00a0\u00bb4_4&Prime; _builder_version=\u00a0\u00bb4.16&Prime; _module_preset=\u00a0\u00bbdefault\u00a0\u00bb global_colors_info=\u00a0\u00bb{}\u00a0\u00bb theme_builder_area=\u00a0\u00bbpost_content\u00a0\u00bb][et_pb_text _builder_version=\u00a0\u00bb4.20.2&Prime; _module_preset=\u00a0\u00bbdefault\u00a0\u00bb header_font=\u00a0\u00bb|||on|||||\u00a0\u00bb header_text_align=\u00a0\u00bbcenter\u00a0\u00bb header_text_color=\u00a0\u00bb#ffffff\u00a0\u00bb header_2_text_align=\u00a0\u00bbcenter\u00a0\u00bb header_2_text_color=\u00a0\u00bb#FFFFFF\u00a0\u00bb header_2_font_size=\u00a0\u00bb24px\u00a0\u00bb hover_enabled=\u00a0\u00bb0&Prime; global_colors_info=\u00a0\u00bb{}\u00a0\u00bb theme_builder_area=\u00a0\u00bbpost_content\u00a0\u00bb sticky_enabled=\u00a0\u00bb0&Prime;]<\/p>\n<div class=\"page\" title=\"Page 1\">\n<div class=\"section\">\n<div class=\"layoutArea\">\n<div class=\"column\">\n<h2>APPRENTI EMPLOYE COMMERCIAL H\/F\u00a0<\/h2>\n<h2><b><span> LEADER PRICE QUARTIER FRANCAIS<\/span><\/b><\/h2>\n<\/div>\n<\/div>\n<\/div>\n<\/div>\n<p>[\/et_pb_text][\/et_pb_column][\/et_pb_row][et_pb_row _builder_version=\u00a0\u00bb4.16&Prime; _module_preset=\u00a0\u00bbdefault\u00a0\u00bb global_colors_info=\u00a0\u00bb{}\u00a0\u00bb theme_builder_area=\u00a0\u00bbpost_content\u00a0\u00bb][et_pb_column type=\u00a0\u00bb4_4&Prime; _builder_version=\u00a0\u00bb4.16&Prime; _module_preset=\u00a0\u00bbdefault\u00a0\u00bb global_colors_info=\u00a0\u00bb{}\u00a0\u00bb theme_builder_area=\u00a0\u00bbpost_content\u00a0\u00bb][et_pb_text _builder_version=\u00a0\u00bb4.20.2&Prime; _module_preset=\u00a0\u00bbdefault\u00a0\u00bb min_height=\u00a0\u00bb509.8px\u00a0\u00bb hover_enabled=\u00a0\u00bb0&Prime; global_colors_info=\u00a0\u00bb{}\u00a0\u00bb theme_builder_area=\u00a0\u00bbpost_content\u00a0\u00bb sticky_enabled=\u00a0\u00bb0&Prime;]<\/p>\n<p style=\"font-weight: 400;\">REJOIGNEZ UN GROUPE LEADER<br \/>A LA REUNION<br \/>Groupe Caill\u00e9 recrute pour LEADER PRICE Quartier Fran\u00e7ais !<\/p>\n<p style=\"font-weight: 400;\"><strong>Et si votre avenir commen\u00e7ait ici ?<\/strong><\/p>\n<p style=\"font-weight: 400;\"><strong>Votre r\u00f4le<\/strong> :<br \/>En tant qu\u2019apprenti(e) Employ\u00e9 Commercial, vous serez form\u00e9(e) au m\u00e9tier d\u2019employ\u00e9 commercial et participerez activement \u00e0 la vie du magasin :<\/p>\n<ul style=\"font-weight: 400;\">\n<li>R\u00e9ceptionner et mettre les marchandises en rayon<\/li>\n<li>Ranger les rayons et veiller \u00e0 leur propret\u00e9<\/li>\n<li>Effectuer le balisage et la rotation des produits<\/li>\n<li>Pr\u00e9parer des commandes<\/li>\n<li>Accueillir et conseiller les clients<\/li>\n<\/ul>\n<p style=\"font-weight: 400;\"><strong>Profil recherch\u00e9<\/strong><\/p>\n<ul style=\"font-weight: 400;\">\n<li>Vous \u00eates rigoureux(se), ponctuel(le) et appr\u00e9ciez le travail en \u00e9quipe<\/li>\n<li>Vous \u00eates \u00e0 l\u2019aise en contact avec les clients<\/li>\n<li>Une premi\u00e8re connaissance des r\u00e8gles d\u2019hygi\u00e8ne et de s\u00e9curit\u00e9 serait un plus<\/li>\n<\/ul>\n<p style=\"font-weight: 400;\"><strong>Pourquoi nous rejoindre ?<\/strong><\/p>\n<ul style=\"font-weight: 400;\">\n<li>Une alternance formatrice, au contact direct du terrain<\/li>\n<li>Un accompagnement quotidien par des professionnels exp\u00e9riment\u00e9s<\/li>\n<li>Une premi\u00e8re exp\u00e9rience valorisante au sein d\u2019un groupe reconnu<\/li>\n<\/ul>\n<p style=\"font-weight: 400;\">\n<p style=\"font-weight: 400;\"><strong>Pr\u00eat(e) \u00e0 d\u00e9couvrir les coulisses du commerce et \u00e0 relever des d\u00e9fis du quotidien ?<br \/>Envoyez-nous votre candidature et rejoignez l\u2019aventure LEADER PRICE !<\/strong><\/p>\n<p style=\"font-weight: 400;\">Le Groupe Caill\u00e9 est un employeur garantissant l&rsquo;\u00e9galit\u00e9 des chances et valorisant la diversit\u00e9 au sein de ses \u00e9quipes.<\/p>\n<p style=\"font-weight: 400;\">Adresse de recrutement\u00a0: <a href=\"mailto:job-ref-nz3nr7yppv@emploi.beetween.com\">job-ref-nz3nr7yppv@emploi.beetween.com<\/a><\/p>\n<p>&nbsp;<\/p>\n<p>[\/et_pb_text][\/et_pb_column][\/et_pb_row][et_pb_row _builder_version=\u00a0\u00bb4.16&Prime; _module_preset=\u00a0\u00bbdefault\u00a0\u00bb global_colors_info=\u00a0\u00bb{}\u00a0\u00bb theme_builder_area=\u00a0\u00bbpost_content\u00a0\u00bb][et_pb_column type=\u00a0\u00bb4_4&Prime; _builder_version=\u00a0\u00bb4.16&Prime; _module_preset=\u00a0\u00bbdefault\u00a0\u00bb global_colors_info=\u00a0\u00bb{}\u00a0\u00bb theme_builder_area=\u00a0\u00bbpost_content\u00a0\u00bb][et_pb_button button_url=\u00a0\u00bb@ET-DC@eyJkeW5hbWljIjp0cnVlLCJjb250ZW50IjoicG9zdF9saW5rX3VybF9wYWdlIiwic2V0dGluZ3MiOnsicG9zdF9pZCI6IjExMTkifX0=@\u00a0\u00bb button_text=\u00a0\u00bbRETOUR AUX OFFRES\u00a0\u00bb _builder_version=\u00a0\u00bb4.16&Prime; _dynamic_attributes=\u00a0\u00bbbutton_url\u00a0\u00bb _module_preset=\u00a0\u00bbdefault\u00a0\u00bb custom_button=\u00a0\u00bbon\u00a0\u00bb button_text_color=\u00a0\u00bb#ffffff\u00a0\u00bb button_bg_color=\u00a0\u00bb#a4326b\u00a0\u00bb button_border_width=\u00a0\u00bb0px\u00a0\u00bb button_icon=\u00a0\u00bb&#x34;||divi||400&Prime; button_icon_placement=\u00a0\u00bbleft\u00a0\u00bb global_colors_info=\u00a0\u00bb{}\u00a0\u00bb theme_builder_area=\u00a0\u00bbpost_content\u00a0\u00bb][\/et_pb_button][\/et_pb_column][\/et_pb_row][\/et_pb_section]<\/p>\n","protected":false},"excerpt":{"rendered":"<p>APPRENTI EMPLOYE COMMERCIAL H\/F\u00a0 LEADER PRICE QUARTIER FRANCAIS REJOIGNEZ UN GROUPE LEADERA LA REUNIONGroupe Caill\u00e9 recrute pour LEADER PRICE Quartier Fran\u00e7ais ! Et si votre avenir commen\u00e7ait ici ? Votre r\u00f4le :En tant qu\u2019apprenti(e) Employ\u00e9 Commercial, vous serez form\u00e9(e) au m\u00e9tier d\u2019employ\u00e9 commercial et participerez activement \u00e0 la vie du magasin : R\u00e9ceptionner et mettre [&hellip;]<\/p>\n","protected":false},"author":21,"featured_media":0,"parent":0,"menu_order":0,"comment_status":"closed","ping_status":"closed","template":"","meta":{"_et_pb_use_builder":"on","_et_pb_old_content":"","_et_gb_content_width":""},"_links":{"self":[{"href":"https:\/\/groupecaille.com\/index.php\/wp-json\/wp\/v2\/pages\/8639"}],"collection":[{"href":"https:\/\/groupecaille.com\/index.php\/wp-json\/wp\/v2\/pages"}],"about":[{"href":"https:\/\/groupecaille.com\/index.php\/wp-json\/wp\/v2\/types\/page"}],"author":[{"embeddable":true,"href":"https:\/\/groupecaille.com\/index.php\/wp-json\/wp\/v2\/users\/21"}],"replies":[{"embeddable":true,"href":"https:\/\/groupecaille.com\/index.php\/wp-json\/wp\/v2\/comments?post=8639"}],"version-history":[{"count":2,"href":"https:\/\/groupecaille.com\/index.php\/wp-json\/wp\/v2\/pages\/8639\/revisions"}],"predecessor-version":[{"id":8641,"href":"https:\/\/groupecaille.com\/index.php\/wp-json\/wp\/v2\/pages\/8639\/revisions\/8641"}],"wp:attachment":[{"href":"https:\/\/groupecaille.com\/index.php\/wp-json\/wp\/v2\/media?parent=8639"}],"curies":[{"name":"wp","href":"https:\/\/api.w.org\/{rel}","templated":true}]}}