{"id":8563,"date":"2025-04-09T08:37:18","date_gmt":"2025-04-09T04:37:18","guid":{"rendered":"https:\/\/groupecaille.com\/?page_id=8563"},"modified":"2025-04-09T08:37:28","modified_gmt":"2025-04-09T04:37:28","slug":"09-avril-chef-sommelier-hf-la-villa-fleurie-bellepierre","status":"publish","type":"page","link":"https:\/\/groupecaille.com\/index.php\/09-avril-chef-sommelier-hf-la-villa-fleurie-bellepierre\/","title":{"rendered":"09-Avril-CHEF SOMMELIER HF- LA VILLA FLEURIE BELLEPIERRE"},"content":{"rendered":"[et_pb_section fb_built=\u00a0\u00bb1&Prime; _builder_version=\u00a0\u00bb4.16&Prime; _module_preset=\u00a0\u00bbdefault\u00a0\u00bb min_height=\u00a0\u00bb947.4px\u00a0\u00bb da_disable_devices=\u00a0\u00bboff|off|off\u00a0\u00bb global_colors_info=\u00a0\u00bb{}\u00a0\u00bb theme_builder_area=\u00a0\u00bbpost_content\u00a0\u00bb da_is_popup=\u00a0\u00bboff\u00a0\u00bb da_exit_intent=\u00a0\u00bboff\u00a0\u00bb da_has_close=\u00a0\u00bbon\u00a0\u00bb da_alt_close=\u00a0\u00bboff\u00a0\u00bb da_dark_close=\u00a0\u00bboff\u00a0\u00bb da_not_modal=\u00a0\u00bbon\u00a0\u00bb da_is_singular=\u00a0\u00bboff\u00a0\u00bb da_with_loader=\u00a0\u00bboff\u00a0\u00bb da_has_shadow=\u00a0\u00bbon\u00a0\u00bb][et_pb_row _builder_version=\u00a0\u00bb4.16&Prime; _module_preset=\u00a0\u00bbdefault\u00a0\u00bb background_color=\u00a0\u00bb#a4326b\u00a0\u00bb global_colors_info=\u00a0\u00bb{}\u00a0\u00bb theme_builder_area=\u00a0\u00bbpost_content\u00a0\u00bb][et_pb_column type=\u00a0\u00bb4_4&Prime; _builder_version=\u00a0\u00bb4.16&Prime; _module_preset=\u00a0\u00bbdefault\u00a0\u00bb global_colors_info=\u00a0\u00bb{}\u00a0\u00bb theme_builder_area=\u00a0\u00bbpost_content\u00a0\u00bb][et_pb_text _builder_version=\u00a0\u00bb4.20.2&Prime; _module_preset=\u00a0\u00bbdefault\u00a0\u00bb header_font=\u00a0\u00bb|||on|||||\u00a0\u00bb header_text_align=\u00a0\u00bbcenter\u00a0\u00bb header_text_color=\u00a0\u00bb#ffffff\u00a0\u00bb header_2_text_align=\u00a0\u00bbcenter\u00a0\u00bb header_2_text_color=\u00a0\u00bb#FFFFFF\u00a0\u00bb header_2_font_size=\u00a0\u00bb24px\u00a0\u00bb hover_enabled=\u00a0\u00bb0&Prime; global_colors_info=\u00a0\u00bb{}\u00a0\u00bb theme_builder_area=\u00a0\u00bbpost_content\u00a0\u00bb sticky_enabled=\u00a0\u00bb0&Prime;]<div class=\"page\" title=\"Page 1\">\n<div class=\"section\">\n<div class=\"layoutArea\">\n<div class=\"column\">\n<h2><b>CHEF SOMMELIER H\/F<\/b><\/h2>\n<h2>LA VILLA FLEURIE BELLEPIERRE<\/h2>\n<\/div>\n<\/div>\n<\/div>\n<\/div>[\/et_pb_text][\/et_pb_column][\/et_pb_row][et_pb_row _builder_version=\u00a0\u00bb4.16&Prime; _module_preset=\u00a0\u00bbdefault\u00a0\u00bb global_colors_info=\u00a0\u00bb{}\u00a0\u00bb theme_builder_area=\u00a0\u00bbpost_content\u00a0\u00bb][et_pb_column type=\u00a0\u00bb4_4&Prime; _builder_version=\u00a0\u00bb4.16&Prime; _module_preset=\u00a0\u00bbdefault\u00a0\u00bb global_colors_info=\u00a0\u00bb{}\u00a0\u00bb theme_builder_area=\u00a0\u00bbpost_content\u00a0\u00bb][et_pb_text _builder_version=\u00a0\u00bb4.20.2&Prime; _module_preset=\u00a0\u00bbdefault\u00a0\u00bb min_height=\u00a0\u00bb509.8px\u00a0\u00bb hover_enabled=\u00a0\u00bb0&Prime; global_colors_info=\u00a0\u00bb{}\u00a0\u00bb theme_builder_area=\u00a0\u00bbpost_content\u00a0\u00bb sticky_enabled=\u00a0\u00bb0&Prime;]<p style=\"font-weight: 400;\"><\/p>\n<div class=\"elementToProof\">\n<div class=\"elementToProof\">\n<div class=\"elementToProof\">\n<div class=\"elementToProof\">\n<div class=\"elementToProof\">\n<div class=\"elementToProof\">\n<div class=\"elementToProof\">\n<div class=\"elementToProof\">\n<div class=\"elementToProof\">\n<div class=\"elementToProof\">\n<div class=\"elementToProof\">\n<div class=\"elementToProof\">\n<div class=\"elementToProof\">\n<div class=\"elementToProof\">\n<div class=\"elementToProof\">\n<div class=\"elementToProof\">\n<div class=\"elementToProof\">\n<p class=\"elementToProof\"><span>Nous recherchons un Chef Sommelier H\/F pour rejoindre notre \u00e9quipe !<\/span><\/p>\n<p class=\"elementToProof\"><span>\u00a0<\/span><\/p>\n<p class=\"elementToProof\"><span><b>Vos missions :<\/b><\/span><\/p>\n<ul>\n<li><span>S\u00e9lectionner et acheter les vins en fonction des besoins du restaurant.<\/span><\/li>\n<li><span>Collaborer \u00e9troitement avec le chef de cuisine pour cr\u00e9er des accords mets-vins harmonieux,<\/span><\/li>\n<li><span>Responsable de la gestion des stocks, de la rotation des vins et de l\u2019achat de nouvelles bouteilles pour maintenir une offre attrayante.<\/span><\/li>\n<li><span>Conseiller et recommander des vins pour accompagner des plats sp\u00e9cifiques, sugg\u00e9rer des alternatives en fonction des go\u00fbts et des exigences des clients, et r\u00e9pondre \u00e0 leurs questions sur les caract\u00e9ristiques des vins propos\u00e9s,<\/span><\/li>\n<li><span>Organiser des s\u00e9ances de d\u00e9gustation et fournir des conseils pour am\u00e9liorer les comp\u00e9tences du personnel en mati\u00e8re de vins et de boissons, contribuant ainsi \u00e0 une meilleure exp\u00e9rience client.<\/span><\/li>\n<li><span>Former et encadrer le personnel de salle sur les vins et les techniques de service.<\/span><\/li>\n<li><span>N\u00e9gocier les prix, passer les commandes et g\u00e9rer les relations avec les fournisseurs afin de garantir un approvisionnement constant et de qualit\u00e9.<\/span><\/li>\n<\/ul>\n<p class=\"elementToProof\"><span><b>\u00a0<\/b><\/span><\/p>\n<p class=\"elementToProof\"><span><b>Le profil que nous recherchons :<\/b><\/span><\/p>\n<ul>\n<li><span>Dipl\u00f4me en sommellerie ou \u00e9quivalent.<\/span><\/li>\n<li><span>Exp\u00e9rience significative en tant que chef sommelier dans un \u00e9tablissement haut de gamme.<\/span><\/li>\n<li><span>Excellente connaissance des vins, des r\u00e9gions viticoles et des techniques de d\u00e9gustation.<\/span><\/li>\n<li><span>Sens du service client et capacit\u00e9 \u00e0 cr\u00e9er une exp\u00e9rience m\u00e9morable pour les clients.<\/span><\/li>\n<li><span>Bonnes comp\u00e9tences en communication et en travail d&rsquo;\u00e9quipe.<\/span><\/li>\n<li><span>Passion pour le vin et la gastronomie.<\/span><\/li>\n<\/ul>\n<p class=\"elementToProof\"><span>Si vous \u00eates passionn\u00e9(e) par le vin et souhaitez partager votre expertise au sein d&rsquo;un \u00e9tablissement prestigieux, envoyez-nous votre candidature d\u00e8s maintenant !<\/span><\/p>\n<p class=\"elementToProof\"><span>\u00a0<\/span><\/p>\n<p class=\"elementToProof\"><span>Le Groupe Caill\u00e9 est un employeur garantissant l\u2019\u00e9galit\u00e9 des chances et valorisant la diversit\u00e9 au sein de ses \u00e9quipes.<\/span><\/p>\n<p class=\"elementToProof\"><span>\u00a0<\/span><\/p>\n<p class=\"elementToProof\"><span><\/span><\/p>\n<\/div>\n<\/div>\n<\/div>\n<\/div>\n<\/div>\n<\/div>\n<\/div>\n<\/div>\n<\/div>\n<\/div>\n<\/div>\n<\/div>\n<\/div>\n<\/div>\n<\/div>\n<\/div>\n<\/div>\n<p style=\"font-weight: 400;\"><\/p>[\/et_pb_text][\/et_pb_column][\/et_pb_row][et_pb_row _builder_version=\u00a0\u00bb4.16&Prime; _module_preset=\u00a0\u00bbdefault\u00a0\u00bb global_colors_info=\u00a0\u00bb{}\u00a0\u00bb theme_builder_area=\u00a0\u00bbpost_content\u00a0\u00bb][et_pb_column type=\u00a0\u00bb4_4&Prime; _builder_version=\u00a0\u00bb4.16&Prime; _module_preset=\u00a0\u00bbdefault\u00a0\u00bb global_colors_info=\u00a0\u00bb{}\u00a0\u00bb theme_builder_area=\u00a0\u00bbpost_content\u00a0\u00bb][et_pb_text _builder_version=\u00a0\u00bb4.20.2&Prime; _module_preset=\u00a0\u00bbdefault\u00a0\u00bb text_font_size=\u00a0\u00bb17px\u00a0\u00bb hover_enabled=\u00a0\u00bb0&Prime; global_colors_info=\u00a0\u00bb{}\u00a0\u00bb theme_builder_area=\u00a0\u00bbpost_content\u00a0\u00bb sticky_enabled=\u00a0\u00bb0&Prime;]<div class=\"page\" title=\"Page 1\" style=\"text-align: center;\">\n<div class=\"section\">\n<div class=\"layoutArea\">\n<div class=\"column\">\n<h3 style=\"text-align: center;\">Pour toute candidature, merci d\u2019adresser un CV accompagn\u00e9 d\u2019une lettre de motivation \u00e0 l&rsquo;adresse suivante<\/h3>\n<p><span><u><a href=\"mailto:job-ref-zrw1i3knrp@emploi.beetween.com\" id=\"OWA094b9058-5514-a203-5024-a58da39b8959\" class=\"OWAAutoLink\" title=\"mailto:job-ref-zrw1i3knrp@emploi.beetween.com\" data-linkindex=\"4\">job-ref-zrw1i3knrp@emploi.beetween.com<\/a><\/u><\/span><\/p>\n<\/div>\n<\/div>\n<\/div>\n<\/div>[\/et_pb_text][\/et_pb_column][\/et_pb_row][et_pb_row _builder_version=\u00a0\u00bb4.16&Prime; _module_preset=\u00a0\u00bbdefault\u00a0\u00bb global_colors_info=\u00a0\u00bb{}\u00a0\u00bb theme_builder_area=\u00a0\u00bbpost_content\u00a0\u00bb][et_pb_column type=\u00a0\u00bb4_4&Prime; _builder_version=\u00a0\u00bb4.16&Prime; _module_preset=\u00a0\u00bbdefault\u00a0\u00bb global_colors_info=\u00a0\u00bb{}\u00a0\u00bb theme_builder_area=\u00a0\u00bbpost_content\u00a0\u00bb][et_pb_button button_url=\u00a0\u00bb@ET-DC@eyJkeW5hbWljIjp0cnVlLCJjb250ZW50IjoicG9zdF9saW5rX3VybF9wYWdlIiwic2V0dGluZ3MiOnsicG9zdF9pZCI6IjExMTkifX0=@\u00a0\u00bb button_text=\u00a0\u00bbRETOUR AUX OFFRES\u00a0\u00bb _builder_version=\u00a0\u00bb4.16&Prime; _dynamic_attributes=\u00a0\u00bbbutton_url\u00a0\u00bb _module_preset=\u00a0\u00bbdefault\u00a0\u00bb custom_button=\u00a0\u00bbon\u00a0\u00bb button_text_color=\u00a0\u00bb#ffffff\u00a0\u00bb button_bg_color=\u00a0\u00bb#a4326b\u00a0\u00bb button_border_width=\u00a0\u00bb0px\u00a0\u00bb button_icon=\u00a0\u00bb&#x34;||divi||400&Prime; button_icon_placement=\u00a0\u00bbleft\u00a0\u00bb global_colors_info=\u00a0\u00bb{}\u00a0\u00bb theme_builder_area=\u00a0\u00bbpost_content\u00a0\u00bb][\/et_pb_button][\/et_pb_column][\/et_pb_row][\/et_pb_section]","protected":false},"excerpt":{"rendered":"<p>CHEF SOMMELIER H\/F LA VILLA FLEURIE BELLEPIERRE Nous recherchons un Chef Sommelier H\/F pour rejoindre notre \u00e9quipe ! \u00a0 Vos missions : S\u00e9lectionner et acheter les vins en fonction des besoins du restaurant. Collaborer \u00e9troitement avec le chef de cuisine pour cr\u00e9er des accords mets-vins harmonieux, Responsable de la gestion des stocks, de la rotation [&hellip;]<\/p>\n","protected":false},"author":21,"featured_media":0,"parent":0,"menu_order":0,"comment_status":"closed","ping_status":"closed","template":"","meta":{"_et_pb_use_builder":"on","_et_pb_old_content":"","_et_gb_content_width":""},"_links":{"self":[{"href":"https:\/\/groupecaille.com\/index.php\/wp-json\/wp\/v2\/pages\/8563"}],"collection":[{"href":"https:\/\/groupecaille.com\/index.php\/wp-json\/wp\/v2\/pages"}],"about":[{"href":"https:\/\/groupecaille.com\/index.php\/wp-json\/wp\/v2\/types\/page"}],"author":[{"embeddable":true,"href":"https:\/\/groupecaille.com\/index.php\/wp-json\/wp\/v2\/users\/21"}],"replies":[{"embeddable":true,"href":"https:\/\/groupecaille.com\/index.php\/wp-json\/wp\/v2\/comments?post=8563"}],"version-history":[{"count":2,"href":"https:\/\/groupecaille.com\/index.php\/wp-json\/wp\/v2\/pages\/8563\/revisions"}],"predecessor-version":[{"id":8565,"href":"https:\/\/groupecaille.com\/index.php\/wp-json\/wp\/v2\/pages\/8563\/revisions\/8565"}],"wp:attachment":[{"href":"https:\/\/groupecaille.com\/index.php\/wp-json\/wp\/v2\/media?parent=8563"}],"curies":[{"name":"wp","href":"https:\/\/api.w.org\/{rel}","templated":true}]}}