{"id":8558,"date":"2025-03-28T08:22:58","date_gmt":"2025-03-28T04:22:58","guid":{"rendered":"https:\/\/groupecaille.com\/?page_id=8558"},"modified":"2025-03-28T08:23:04","modified_gmt":"2025-03-28T04:23:04","slug":"28-mar-responsable-technique-h-f-midas","status":"publish","type":"page","link":"https:\/\/groupecaille.com\/index.php\/28-mar-responsable-technique-h-f-midas\/","title":{"rendered":"28 Mar &#8211; <strong>RESPONSABLE TECHNIQUE H\/F \u2013 MIDAS<\/strong>"},"content":{"rendered":"[et_pb_section fb_built=\u00a0\u00bb1&Prime; _builder_version=\u00a0\u00bb4.16&Prime; _module_preset=\u00a0\u00bbdefault\u00a0\u00bb min_height=\u00a0\u00bb947.4px\u00a0\u00bb da_disable_devices=\u00a0\u00bboff|off|off\u00a0\u00bb global_colors_info=\u00a0\u00bb{}\u00a0\u00bb theme_builder_area=\u00a0\u00bbpost_content\u00a0\u00bb da_is_popup=\u00a0\u00bboff\u00a0\u00bb da_exit_intent=\u00a0\u00bboff\u00a0\u00bb da_has_close=\u00a0\u00bbon\u00a0\u00bb da_alt_close=\u00a0\u00bboff\u00a0\u00bb da_dark_close=\u00a0\u00bboff\u00a0\u00bb da_not_modal=\u00a0\u00bbon\u00a0\u00bb da_is_singular=\u00a0\u00bboff\u00a0\u00bb da_with_loader=\u00a0\u00bboff\u00a0\u00bb da_has_shadow=\u00a0\u00bbon\u00a0\u00bb][et_pb_row _builder_version=\u00a0\u00bb4.16&Prime; _module_preset=\u00a0\u00bbdefault\u00a0\u00bb background_color=\u00a0\u00bb#a4326b\u00a0\u00bb global_colors_info=\u00a0\u00bb{}\u00a0\u00bb theme_builder_area=\u00a0\u00bbpost_content\u00a0\u00bb][et_pb_column type=\u00a0\u00bb4_4&Prime; _builder_version=\u00a0\u00bb4.16&Prime; _module_preset=\u00a0\u00bbdefault\u00a0\u00bb global_colors_info=\u00a0\u00bb{}\u00a0\u00bb theme_builder_area=\u00a0\u00bbpost_content\u00a0\u00bb][et_pb_text _builder_version=\u00a0\u00bb4.20.2&Prime; _module_preset=\u00a0\u00bbdefault\u00a0\u00bb header_font=\u00a0\u00bb|||on|||||\u00a0\u00bb header_text_align=\u00a0\u00bbcenter\u00a0\u00bb header_text_color=\u00a0\u00bb#ffffff\u00a0\u00bb header_2_text_align=\u00a0\u00bbcenter\u00a0\u00bb header_2_text_color=\u00a0\u00bb#FFFFFF\u00a0\u00bb header_2_font_size=\u00a0\u00bb24px\u00a0\u00bb hover_enabled=\u00a0\u00bb0&Prime; global_colors_info=\u00a0\u00bb{}\u00a0\u00bb theme_builder_area=\u00a0\u00bbpost_content\u00a0\u00bb sticky_enabled=\u00a0\u00bb0&Prime;]<div class=\"page\" title=\"Page 1\">\n<div class=\"section\">\n<div class=\"layoutArea\">\n<div class=\"column\">\n<h2><b><span>RESPONSABLE TECHNIQUE H\/F<\/span><\/b><\/h2>\n<h2>MIDAS<\/h2>\n<\/div>\n<\/div>\n<\/div>\n<\/div>[\/et_pb_text][\/et_pb_column][\/et_pb_row][et_pb_row _builder_version=\u00a0\u00bb4.16&Prime; _module_preset=\u00a0\u00bbdefault\u00a0\u00bb global_colors_info=\u00a0\u00bb{}\u00a0\u00bb theme_builder_area=\u00a0\u00bbpost_content\u00a0\u00bb][et_pb_column type=\u00a0\u00bb4_4&Prime; _builder_version=\u00a0\u00bb4.16&Prime; _module_preset=\u00a0\u00bbdefault\u00a0\u00bb global_colors_info=\u00a0\u00bb{}\u00a0\u00bb theme_builder_area=\u00a0\u00bbpost_content\u00a0\u00bb][et_pb_text _builder_version=\u00a0\u00bb4.20.2&Prime; _module_preset=\u00a0\u00bbdefault\u00a0\u00bb min_height=\u00a0\u00bb509.8px\u00a0\u00bb hover_enabled=\u00a0\u00bb0&Prime; global_colors_info=\u00a0\u00bb{}\u00a0\u00bb theme_builder_area=\u00a0\u00bbpost_content\u00a0\u00bb sticky_enabled=\u00a0\u00bb0&Prime;]<p style=\"font-weight: 400;\"><\/p>\n<div class=\"elementToProof\">\n<div class=\"elementToProof\">\n<div class=\"elementToProof\">\n<div class=\"elementToProof\">\n<div class=\"elementToProof\">\n<div class=\"elementToProof\">\n<div class=\"elementToProof\">\n<div class=\"elementToProof\">\n<div class=\"elementToProof\">\n<div class=\"elementToProof\">\n<div class=\"elementToProof\">\n<div class=\"elementToProof\">\n<div class=\"elementToProof\">\n<div class=\"elementToProof\">\n<div class=\"elementToProof\">\n<div class=\"elementToProof\">\n<div class=\"elementToProof\">\n<p><span>Vous \u00eates passionn\u00e9(e) par la m\u00e9canique et l&rsquo;\u00e9lectronique ?<\/p>\n<p>Vous avez le sens de l&rsquo;organisation et aimez travailler en \u00e9quipe ?<\/p>\n<p>Rejoignez l&rsquo;\u00e9quipe de MIDAS en tant que Responsable Technique H\/F et contribuez \u00e0 la gestion et \u00e0 l&rsquo;organisation de l&rsquo;apr\u00e8s-vente de nos ateliers.<\/span><\/p>\n<\/div>\n<div class=\"elementToProof\"><span>\u00a0<\/span><\/div>\n<div class=\"elementToProof\"><strong><b><span>Missions principales <\/span><\/b>:<\/strong><\/div>\n<ul>\n<li><span>Gestion et organisation de l&rsquo;apr\u00e8s-vente : Respect des process et standards du groupe, formation des collaborateurs.<\/span><\/li>\n<li><span>Services g\u00e9n\u00e9raux et suivi du mat\u00e9riel : Collecte de donn\u00e9es, \u00e9laboration et actualisation de tableaux de bord.<\/span><\/li>\n<li><span>Actions correctives : Participation \u00e0 la mise en \u0153uvre d&rsquo;actions correctives.<\/span><\/li>\n<li><span>Maintenance des \u00e9quipements : Suivi des plans de maintenance, inventaire de l&rsquo;outillage, proposition de renouvellement des \u00e9quipements.<\/span><\/li>\n<li><span>Documentation : Mise \u00e0 jour, transmission et classement de la documentation technique et commerciale.<\/span><\/li>\n<li><span>Budget : Contribution \u00e0 l&rsquo;\u00e9laboration et au suivi du budget.<\/span><\/li>\n<li><span>Relations externes : \u00c9tablissement et suivi des relations avec les prescripteurs, prestataires et clients.<\/span><\/li>\n<li><span>R\u00e9clamations et litiges : Traitement des r\u00e9clamations internes, gestion des litiges en relation avec les cabinets d&rsquo;expertise et les clients.<\/span><\/li>\n<li><span>D\u00e9marches qualit\u00e9 : Contribution \u00e0 l\u2019\u00e9laboration et \u00e0 la mise en \u0153uvre de d\u00e9marches qualit\u00e9, application des m\u00e9thodes de r\u00e9paration, r\u00e8gles d&rsquo;hygi\u00e8ne et de s\u00e9curit\u00e9, respect de l&rsquo;environnement.<\/span><\/li>\n<li><span>Formation : R\u00e9alisation d&rsquo;actions de formation technique, appui technique aux collaborateurs de l\u2019atelier, remont\u00e9e des besoins en termes de comp\u00e9tences, outils, communication ou informations.<\/span><\/li>\n<\/ul>\n<div class=\"elementToProof\"><b>Le profil que nous recherchons :<br \/><\/b><\/div>\n<ul>\n<li style=\"font-weight: 400;\"><span>Dipl\u00f4me : CQP Responsable Technique d&rsquo;atelier, dipl\u00f4me en m\u00e9canique et suivi qualit\u00e9 ou exp\u00e9rience \u00e9quivalente.<\/span><\/li>\n<li style=\"font-weight: 400;\"><span>Comp\u00e9tences : Connaissance en m\u00e9canique et \u00e9lectronique indispensable, ma\u00eetrise du pack office.<\/span><\/li>\n<li style=\"font-weight: 400;\"><span>Qualit\u00e9s : Travail en \u00e9quipe, flexibilit\u00e9 et adaptabilit\u00e9, respect et responsabilit\u00e9.<\/span><\/li>\n<\/ul>\n<div class=\"elementToProof\">Le Groupe Caill\u00e9 est un employeur garantissant l\u2019\u00e9galit\u00e9 des chances et valorisant la diversit\u00e9 au sein de ses \u00e9quipes.<\/div>\n<\/div>\n<\/div>\n<\/div>\n<\/div>\n<\/div>\n<\/div>\n<\/div>\n<\/div>\n<\/div>\n<\/div>\n<\/div>\n<\/div>\n<\/div>\n<\/div>\n<\/div>\n<\/div>\n<p style=\"font-weight: 400;\"><\/p>[\/et_pb_text][\/et_pb_column][\/et_pb_row][et_pb_row _builder_version=\u00a0\u00bb4.16&Prime; _module_preset=\u00a0\u00bbdefault\u00a0\u00bb global_colors_info=\u00a0\u00bb{}\u00a0\u00bb theme_builder_area=\u00a0\u00bbpost_content\u00a0\u00bb][et_pb_column type=\u00a0\u00bb4_4&Prime; _builder_version=\u00a0\u00bb4.16&Prime; _module_preset=\u00a0\u00bbdefault\u00a0\u00bb global_colors_info=\u00a0\u00bb{}\u00a0\u00bb theme_builder_area=\u00a0\u00bbpost_content\u00a0\u00bb][et_pb_text _builder_version=\u00a0\u00bb4.20.2&Prime; _module_preset=\u00a0\u00bbdefault\u00a0\u00bb text_font_size=\u00a0\u00bb17px\u00a0\u00bb hover_enabled=\u00a0\u00bb0&Prime; global_colors_info=\u00a0\u00bb{}\u00a0\u00bb theme_builder_area=\u00a0\u00bbpost_content\u00a0\u00bb sticky_enabled=\u00a0\u00bb0&Prime;]<div class=\"page\" title=\"Page 1\" style=\"text-align: center;\">\n<div class=\"section\">\n<div class=\"layoutArea\">\n<div class=\"column\">\n<h3 style=\"text-align: center;\">Pour toute candidature, merci d\u2019adresser un CV accompagn\u00e9 d\u2019une lettre de motivation \u00e0 l&rsquo;adresse suivante<\/h3>\n<p><span><b><a href=\"mailto:job-ref-sl0gr9gbus@emploi.beetween.com\">job-ref-sl0gr9gbus@emploi.beetween.com<\/a><a href=\"mailto:job-ref-2ves738fyi@emploi.beetween.com\"><\/a><\/b><\/span><\/p>\n<\/div>\n<\/div>\n<\/div>\n<\/div>[\/et_pb_text][\/et_pb_column][\/et_pb_row][et_pb_row _builder_version=\u00a0\u00bb4.16&Prime; _module_preset=\u00a0\u00bbdefault\u00a0\u00bb global_colors_info=\u00a0\u00bb{}\u00a0\u00bb theme_builder_area=\u00a0\u00bbpost_content\u00a0\u00bb][et_pb_column type=\u00a0\u00bb4_4&Prime; _builder_version=\u00a0\u00bb4.16&Prime; _module_preset=\u00a0\u00bbdefault\u00a0\u00bb global_colors_info=\u00a0\u00bb{}\u00a0\u00bb theme_builder_area=\u00a0\u00bbpost_content\u00a0\u00bb][et_pb_button button_url=\u00a0\u00bb@ET-DC@eyJkeW5hbWljIjp0cnVlLCJjb250ZW50IjoicG9zdF9saW5rX3VybF9wYWdlIiwic2V0dGluZ3MiOnsicG9zdF9pZCI6IjExMTkifX0=@\u00a0\u00bb button_text=\u00a0\u00bbRETOUR AUX OFFRES\u00a0\u00bb _builder_version=\u00a0\u00bb4.16&Prime; _dynamic_attributes=\u00a0\u00bbbutton_url\u00a0\u00bb _module_preset=\u00a0\u00bbdefault\u00a0\u00bb custom_button=\u00a0\u00bbon\u00a0\u00bb button_text_color=\u00a0\u00bb#ffffff\u00a0\u00bb button_bg_color=\u00a0\u00bb#a4326b\u00a0\u00bb button_border_width=\u00a0\u00bb0px\u00a0\u00bb button_icon=\u00a0\u00bb&#x34;||divi||400&Prime; button_icon_placement=\u00a0\u00bbleft\u00a0\u00bb global_colors_info=\u00a0\u00bb{}\u00a0\u00bb theme_builder_area=\u00a0\u00bbpost_content\u00a0\u00bb][\/et_pb_button][\/et_pb_column][\/et_pb_row][\/et_pb_section]","protected":false},"excerpt":{"rendered":"<p>RESPONSABLE TECHNIQUE H\/F MIDAS Vous \u00eates passionn\u00e9(e) par la m\u00e9canique et l&rsquo;\u00e9lectronique ? Vous avez le sens de l&rsquo;organisation et aimez travailler en \u00e9quipe ? Rejoignez l&rsquo;\u00e9quipe de MIDAS en tant que Responsable Technique H\/F et contribuez \u00e0 la gestion et \u00e0 l&rsquo;organisation de l&rsquo;apr\u00e8s-vente de nos ateliers. \u00a0 Missions principales : Gestion et organisation [&hellip;]<\/p>\n","protected":false},"author":21,"featured_media":0,"parent":0,"menu_order":0,"comment_status":"closed","ping_status":"closed","template":"page-template-blank.php","meta":{"_et_pb_use_builder":"on","_et_pb_old_content":"","_et_gb_content_width":""},"_links":{"self":[{"href":"https:\/\/groupecaille.com\/index.php\/wp-json\/wp\/v2\/pages\/8558"}],"collection":[{"href":"https:\/\/groupecaille.com\/index.php\/wp-json\/wp\/v2\/pages"}],"about":[{"href":"https:\/\/groupecaille.com\/index.php\/wp-json\/wp\/v2\/types\/page"}],"author":[{"embeddable":true,"href":"https:\/\/groupecaille.com\/index.php\/wp-json\/wp\/v2\/users\/21"}],"replies":[{"embeddable":true,"href":"https:\/\/groupecaille.com\/index.php\/wp-json\/wp\/v2\/comments?post=8558"}],"version-history":[{"count":2,"href":"https:\/\/groupecaille.com\/index.php\/wp-json\/wp\/v2\/pages\/8558\/revisions"}],"predecessor-version":[{"id":8560,"href":"https:\/\/groupecaille.com\/index.php\/wp-json\/wp\/v2\/pages\/8558\/revisions\/8560"}],"wp:attachment":[{"href":"https:\/\/groupecaille.com\/index.php\/wp-json\/wp\/v2\/media?parent=8558"}],"curies":[{"name":"wp","href":"https:\/\/api.w.org\/{rel}","templated":true}]}}