{"id":8555,"date":"2025-03-28T08:20:30","date_gmt":"2025-03-28T04:20:30","guid":{"rendered":"https:\/\/groupecaille.com\/?page_id=8555"},"modified":"2025-03-28T08:20:30","modified_gmt":"2025-03-28T04:20:30","slug":"28mar-assistant-de-direction-h-f-tropic-auto-sainte-marie","status":"publish","type":"page","link":"https:\/\/groupecaille.com\/index.php\/28mar-assistant-de-direction-h-f-tropic-auto-sainte-marie\/","title":{"rendered":"28Mar &#8211; ASSISTANT DE DIRECTION H\/F \u2013 TROPIC AUTO SAINTE MARIE"},"content":{"rendered":"[et_pb_section fb_built=\u00a0\u00bb1&Prime; _builder_version=\u00a0\u00bb4.16&Prime; _module_preset=\u00a0\u00bbdefault\u00a0\u00bb min_height=\u00a0\u00bb947.4px\u00a0\u00bb da_disable_devices=\u00a0\u00bboff|off|off\u00a0\u00bb global_colors_info=\u00a0\u00bb{}\u00a0\u00bb theme_builder_area=\u00a0\u00bbpost_content\u00a0\u00bb da_is_popup=\u00a0\u00bboff\u00a0\u00bb da_exit_intent=\u00a0\u00bboff\u00a0\u00bb da_has_close=\u00a0\u00bbon\u00a0\u00bb da_alt_close=\u00a0\u00bboff\u00a0\u00bb da_dark_close=\u00a0\u00bboff\u00a0\u00bb da_not_modal=\u00a0\u00bbon\u00a0\u00bb da_is_singular=\u00a0\u00bboff\u00a0\u00bb da_with_loader=\u00a0\u00bboff\u00a0\u00bb da_has_shadow=\u00a0\u00bbon\u00a0\u00bb][et_pb_row _builder_version=\u00a0\u00bb4.16&Prime; _module_preset=\u00a0\u00bbdefault\u00a0\u00bb background_color=\u00a0\u00bb#a4326b\u00a0\u00bb global_colors_info=\u00a0\u00bb{}\u00a0\u00bb theme_builder_area=\u00a0\u00bbpost_content\u00a0\u00bb][et_pb_column type=\u00a0\u00bb4_4&Prime; _builder_version=\u00a0\u00bb4.16&Prime; _module_preset=\u00a0\u00bbdefault\u00a0\u00bb global_colors_info=\u00a0\u00bb{}\u00a0\u00bb theme_builder_area=\u00a0\u00bbpost_content\u00a0\u00bb][et_pb_text _builder_version=\u00a0\u00bb4.20.2&Prime; _module_preset=\u00a0\u00bbdefault\u00a0\u00bb header_font=\u00a0\u00bb|||on|||||\u00a0\u00bb header_text_align=\u00a0\u00bbcenter\u00a0\u00bb header_text_color=\u00a0\u00bb#ffffff\u00a0\u00bb header_2_text_align=\u00a0\u00bbcenter\u00a0\u00bb header_2_text_color=\u00a0\u00bb#FFFFFF\u00a0\u00bb header_2_font_size=\u00a0\u00bb24px\u00a0\u00bb hover_enabled=\u00a0\u00bb0&Prime; global_colors_info=\u00a0\u00bb{}\u00a0\u00bb theme_builder_area=\u00a0\u00bbpost_content\u00a0\u00bb sticky_enabled=\u00a0\u00bb0&Prime;]<div class=\"page\" title=\"Page 1\">\n<div class=\"section\">\n<div class=\"layoutArea\">\n<div class=\"column\">\n<h2><b><span>ASSISTANT DE DIRECTION H\/F\u00a0<\/span><\/b><\/h2>\n<h2>TROPIC AUTO SAINTE MARIE<\/h2>\n<\/div>\n<\/div>\n<\/div>\n<\/div>[\/et_pb_text][\/et_pb_column][\/et_pb_row][et_pb_row _builder_version=\u00a0\u00bb4.16&Prime; _module_preset=\u00a0\u00bbdefault\u00a0\u00bb global_colors_info=\u00a0\u00bb{}\u00a0\u00bb theme_builder_area=\u00a0\u00bbpost_content\u00a0\u00bb][et_pb_column type=\u00a0\u00bb4_4&Prime; _builder_version=\u00a0\u00bb4.16&Prime; _module_preset=\u00a0\u00bbdefault\u00a0\u00bb global_colors_info=\u00a0\u00bb{}\u00a0\u00bb theme_builder_area=\u00a0\u00bbpost_content\u00a0\u00bb][et_pb_text _builder_version=\u00a0\u00bb4.20.2&Prime; _module_preset=\u00a0\u00bbdefault\u00a0\u00bb hover_enabled=\u00a0\u00bb0&Prime; global_colors_info=\u00a0\u00bb{}\u00a0\u00bb theme_builder_area=\u00a0\u00bbpost_content\u00a0\u00bb min_height=\u00a0\u00bb509.8px\u00a0\u00bb sticky_enabled=\u00a0\u00bb0&Prime;]<p style=\"font-weight: 400;\"><\/p>\n<div class=\"elementToProof\">\n<div class=\"elementToProof\">\n<div class=\"elementToProof\">\n<div class=\"elementToProof\">\n<div class=\"elementToProof\">\n<div class=\"elementToProof\">\n<div class=\"elementToProof\">\n<div class=\"elementToProof\">\n<div class=\"elementToProof\">\n<div class=\"elementToProof\">\n<div class=\"elementToProof\">\n<div class=\"elementToProof\">\n<div class=\"elementToProof\">\n<div class=\"elementToProof\">\n<div class=\"elementToProof\">\n<div class=\"elementToProof\">\n<div class=\"elementToProof\">\n<p><span>Vous \u00eates rigoureux(se), autonome et organis\u00e9(e) ?<\/p>\n<p>Vous avez un excellent contact client et une bonne ma\u00eetrise du Pack Office ?<\/p>\n<p>Rejoignez l&rsquo;\u00e9quipe de TROPIC AUTO en tant qu&rsquo;Assistant de Direction H\/F et participez activement \u00e0 la gestion administrative et commerciale de notre entreprise.<\/span><\/p>\n<\/div>\n<div class=\"elementToProof\"><span>\u00a0<\/span><\/div>\n<div class=\"elementToProof\"><strong><b><span>Missions principales <\/span><\/b>:<\/strong><\/div>\n<ul>\n<li><span>Accueil : Accueil de la client\u00e8le et des fournisseurs, selon les besoins.<\/span><\/li>\n<li><span>Facturation et encaissement : Gestion des op\u00e9rations de facturation et d&rsquo;encaissement.<\/span><\/li>\n<li><span>Soutien comptable : Enregistrement et traitement d&rsquo;op\u00e9rations comptables simples, en soutien \u00e0 l&rsquo;\u00e9quipe comptable.<\/span><\/li>\n<li><span>Gestion des dossiers : Suivi et gestion des dossiers sp\u00e9cifiques aux secteurs d&rsquo;activit\u00e9 de l&rsquo;entreprise.<\/span><\/li>\n<li><span>Tableaux de bord : Cr\u00e9ation et mise \u00e0 jour des tableaux de bord pour la Direction.<\/span><\/li>\n<li><span>Achats et ventes de v\u00e9hicules : Suivi des achats et ventes de v\u00e9hicules.<br \/>Gestion des tarifs et du parc v\u00e9hicules : Participation \u00e0 la gestion des tarifs et du parc v\u00e9hicules.<\/span><\/li>\n<li><span>Suivi des sinistres : Gestion et suivi des sinistres.<\/span><\/li>\n<li><span>Planification des contr\u00f4les s\u00e9curit\u00e9 : Gestion des plannings de contr\u00f4les s\u00e9curit\u00e9 sur les diff\u00e9rents sites.<\/span><\/li>\n<li><span>Classement et archivage : Classement et archivage de documents.<br \/>Proc\u00e9dures qualit\u00e9 : Application des proc\u00e9dures qualit\u00e9 en vigueur dans l&rsquo;entreprise.<\/span><\/li>\n<li><span>Suivi RH : Aide \u00e0 la gestion du personnel et suivi RH, selon les besoins de la Direction.<br \/><\/span><\/li>\n<\/ul>\n<div class=\"elementToProof\"><b>Le profil que nous recherchons :<br \/><\/b><\/div>\n<ul>\n<li style=\"font-weight: 400;\"><span>Dipl\u00f4me : BTS Support \u00e0 l\u2019Action Manag\u00e9riale, BTS Gestion de la PME, ou \u00e9quivalent.<\/span><\/li>\n<li style=\"font-weight: 400;\"><span>Comp\u00e9tences : Bonne ma\u00eetrise du Pack Office et de la langue fran\u00e7aise.<\/span><\/li>\n<li style=\"font-weight: 400;\"><span>Qualit\u00e9s : Rigoureux(se), autonome, organis\u00e9(e), bon contact client.<\/span><\/li>\n<\/ul>\n<div class=\"elementToProof\">Le Groupe Caill\u00e9 est un employeur garantissant l\u2019\u00e9galit\u00e9 des chances et valorisant la diversit\u00e9 au sein de ses \u00e9quipes.<\/div>\n<\/div>\n<\/div>\n<\/div>\n<\/div>\n<\/div>\n<\/div>\n<\/div>\n<\/div>\n<\/div>\n<\/div>\n<\/div>\n<\/div>\n<\/div>\n<\/div>\n<\/div>\n<\/div>\n<p style=\"font-weight: 400;\"><\/p>[\/et_pb_text][\/et_pb_column][\/et_pb_row][et_pb_row _builder_version=\u00a0\u00bb4.16&Prime; _module_preset=\u00a0\u00bbdefault\u00a0\u00bb global_colors_info=\u00a0\u00bb{}\u00a0\u00bb theme_builder_area=\u00a0\u00bbpost_content\u00a0\u00bb][et_pb_column type=\u00a0\u00bb4_4&Prime; _builder_version=\u00a0\u00bb4.16&Prime; _module_preset=\u00a0\u00bbdefault\u00a0\u00bb global_colors_info=\u00a0\u00bb{}\u00a0\u00bb theme_builder_area=\u00a0\u00bbpost_content\u00a0\u00bb][et_pb_text _builder_version=\u00a0\u00bb4.20.2&Prime; _module_preset=\u00a0\u00bbdefault\u00a0\u00bb text_font_size=\u00a0\u00bb17px\u00a0\u00bb hover_enabled=\u00a0\u00bb0&Prime; global_colors_info=\u00a0\u00bb{}\u00a0\u00bb theme_builder_area=\u00a0\u00bbpost_content\u00a0\u00bb sticky_enabled=\u00a0\u00bb0&Prime;]<div class=\"page\" title=\"Page 1\" style=\"text-align: center;\">\n<div class=\"section\">\n<div class=\"layoutArea\">\n<div class=\"column\">\n<h3 style=\"text-align: center;\">Pour toute candidature, merci d\u2019adresser un CV accompagn\u00e9 d\u2019une lettre de motivation \u00e0 l&rsquo;adresse suivante<\/h3>\n<p><span><b><a href=\"mailto:job-ref-ah4wmqvd0q@emploi.beetween.com\">job-ref-ah4wmqvd0q@emploi.beetween.com<\/a><a href=\"mailto:job-ref-2ves738fyi@emploi.beetween.com\"><\/a><\/b><\/span><\/p>\n<\/div>\n<\/div>\n<\/div>\n<\/div>[\/et_pb_text][\/et_pb_column][\/et_pb_row][et_pb_row _builder_version=\u00a0\u00bb4.16&Prime; _module_preset=\u00a0\u00bbdefault\u00a0\u00bb global_colors_info=\u00a0\u00bb{}\u00a0\u00bb theme_builder_area=\u00a0\u00bbpost_content\u00a0\u00bb][et_pb_column type=\u00a0\u00bb4_4&Prime; _builder_version=\u00a0\u00bb4.16&Prime; _module_preset=\u00a0\u00bbdefault\u00a0\u00bb global_colors_info=\u00a0\u00bb{}\u00a0\u00bb theme_builder_area=\u00a0\u00bbpost_content\u00a0\u00bb][et_pb_button button_url=\u00a0\u00bb@ET-DC@eyJkeW5hbWljIjp0cnVlLCJjb250ZW50IjoicG9zdF9saW5rX3VybF9wYWdlIiwic2V0dGluZ3MiOnsicG9zdF9pZCI6IjExMTkifX0=@\u00a0\u00bb button_text=\u00a0\u00bbRETOUR AUX OFFRES\u00a0\u00bb _builder_version=\u00a0\u00bb4.16&Prime; _dynamic_attributes=\u00a0\u00bbbutton_url\u00a0\u00bb _module_preset=\u00a0\u00bbdefault\u00a0\u00bb custom_button=\u00a0\u00bbon\u00a0\u00bb button_text_color=\u00a0\u00bb#ffffff\u00a0\u00bb button_bg_color=\u00a0\u00bb#a4326b\u00a0\u00bb button_border_width=\u00a0\u00bb0px\u00a0\u00bb button_icon=\u00a0\u00bb&#x34;||divi||400&Prime; button_icon_placement=\u00a0\u00bbleft\u00a0\u00bb global_colors_info=\u00a0\u00bb{}\u00a0\u00bb theme_builder_area=\u00a0\u00bbpost_content\u00a0\u00bb][\/et_pb_button][\/et_pb_column][\/et_pb_row][\/et_pb_section]","protected":false},"excerpt":{"rendered":"<p>ASSISTANT DE DIRECTION H\/F\u00a0 TROPIC AUTO SAINTE MARIE Vous \u00eates rigoureux(se), autonome et organis\u00e9(e) ? Vous avez un excellent contact client et une bonne ma\u00eetrise du Pack Office ? Rejoignez l&rsquo;\u00e9quipe de TROPIC AUTO en tant qu&rsquo;Assistant de Direction H\/F et participez activement \u00e0 la gestion administrative et commerciale de notre entreprise. \u00a0 Missions principales [&hellip;]<\/p>\n","protected":false},"author":21,"featured_media":0,"parent":0,"menu_order":0,"comment_status":"closed","ping_status":"closed","template":"page-template-blank.php","meta":{"_et_pb_use_builder":"on","_et_pb_old_content":"","_et_gb_content_width":""},"_links":{"self":[{"href":"https:\/\/groupecaille.com\/index.php\/wp-json\/wp\/v2\/pages\/8555"}],"collection":[{"href":"https:\/\/groupecaille.com\/index.php\/wp-json\/wp\/v2\/pages"}],"about":[{"href":"https:\/\/groupecaille.com\/index.php\/wp-json\/wp\/v2\/types\/page"}],"author":[{"embeddable":true,"href":"https:\/\/groupecaille.com\/index.php\/wp-json\/wp\/v2\/users\/21"}],"replies":[{"embeddable":true,"href":"https:\/\/groupecaille.com\/index.php\/wp-json\/wp\/v2\/comments?post=8555"}],"version-history":[{"count":2,"href":"https:\/\/groupecaille.com\/index.php\/wp-json\/wp\/v2\/pages\/8555\/revisions"}],"predecessor-version":[{"id":8557,"href":"https:\/\/groupecaille.com\/index.php\/wp-json\/wp\/v2\/pages\/8555\/revisions\/8557"}],"wp:attachment":[{"href":"https:\/\/groupecaille.com\/index.php\/wp-json\/wp\/v2\/media?parent=8555"}],"curies":[{"name":"wp","href":"https:\/\/api.w.org\/{rel}","templated":true}]}}