{"id":8535,"date":"2025-03-17T10:12:27","date_gmt":"2025-03-17T06:12:27","guid":{"rendered":"https:\/\/groupecaille.com\/?page_id=8535"},"modified":"2025-03-17T10:12:27","modified_gmt":"2025-03-17T06:12:27","slug":"17mar-employe-commercial-amazon-h-f-cdd-temps-partiel-leader-price-marechal-leclerc","status":"publish","type":"page","link":"https:\/\/groupecaille.com\/index.php\/17mar-employe-commercial-amazon-h-f-cdd-temps-partiel-leader-price-marechal-leclerc\/","title":{"rendered":"17Mar &#8211; <strong>Employ\u00e9 Commercial AMAZON H\/F (CDD TEMPS PARTIEL) \u2013 LEADER PRICE MARECHAL LECLERC<\/strong>"},"content":{"rendered":"[et_pb_section fb_built=\u00a0\u00bb1&Prime; _builder_version=\u00a0\u00bb4.16&Prime; _module_preset=\u00a0\u00bbdefault\u00a0\u00bb min_height=\u00a0\u00bb947.4px\u00a0\u00bb da_disable_devices=\u00a0\u00bboff|off|off\u00a0\u00bb global_colors_info=\u00a0\u00bb{}\u00a0\u00bb theme_builder_area=\u00a0\u00bbpost_content\u00a0\u00bb da_is_popup=\u00a0\u00bboff\u00a0\u00bb da_exit_intent=\u00a0\u00bboff\u00a0\u00bb da_has_close=\u00a0\u00bbon\u00a0\u00bb da_alt_close=\u00a0\u00bboff\u00a0\u00bb da_dark_close=\u00a0\u00bboff\u00a0\u00bb da_not_modal=\u00a0\u00bbon\u00a0\u00bb da_is_singular=\u00a0\u00bboff\u00a0\u00bb da_with_loader=\u00a0\u00bboff\u00a0\u00bb da_has_shadow=\u00a0\u00bbon\u00a0\u00bb][et_pb_row _builder_version=\u00a0\u00bb4.16&Prime; _module_preset=\u00a0\u00bbdefault\u00a0\u00bb background_color=\u00a0\u00bb#a4326b\u00a0\u00bb global_colors_info=\u00a0\u00bb{}\u00a0\u00bb theme_builder_area=\u00a0\u00bbpost_content\u00a0\u00bb][et_pb_column type=\u00a0\u00bb4_4&Prime; _builder_version=\u00a0\u00bb4.16&Prime; _module_preset=\u00a0\u00bbdefault\u00a0\u00bb global_colors_info=\u00a0\u00bb{}\u00a0\u00bb theme_builder_area=\u00a0\u00bbpost_content\u00a0\u00bb][et_pb_text _builder_version=\u00a0\u00bb4.20.2&Prime; _module_preset=\u00a0\u00bbdefault\u00a0\u00bb header_font=\u00a0\u00bb|||on|||||\u00a0\u00bb header_text_align=\u00a0\u00bbcenter\u00a0\u00bb header_text_color=\u00a0\u00bb#ffffff\u00a0\u00bb header_2_text_align=\u00a0\u00bbcenter\u00a0\u00bb header_2_text_color=\u00a0\u00bb#FFFFFF\u00a0\u00bb header_2_font_size=\u00a0\u00bb24px\u00a0\u00bb hover_enabled=\u00a0\u00bb0&Prime; global_colors_info=\u00a0\u00bb{}\u00a0\u00bb theme_builder_area=\u00a0\u00bbpost_content\u00a0\u00bb sticky_enabled=\u00a0\u00bb0&Prime;]<div class=\"page\" title=\"Page 1\">\n<div class=\"section\">\n<div class=\"layoutArea\">\n<div class=\"column\">\n<h2>EMPLOY\u00c9 COMMERCIAL AMAZON H\/F (CDD temps partiel)<\/h2>\n<h2><b>LEADER PRICE MARECHAL LECLERC<\/b><\/h2>\n<\/div>\n<\/div>\n<\/div>\n<\/div>[\/et_pb_text][\/et_pb_column][\/et_pb_row][et_pb_row _builder_version=\u00a0\u00bb4.16&Prime; _module_preset=\u00a0\u00bbdefault\u00a0\u00bb global_colors_info=\u00a0\u00bb{}\u00a0\u00bb theme_builder_area=\u00a0\u00bbpost_content\u00a0\u00bb][et_pb_column type=\u00a0\u00bb4_4&Prime; _builder_version=\u00a0\u00bb4.16&Prime; _module_preset=\u00a0\u00bbdefault\u00a0\u00bb global_colors_info=\u00a0\u00bb{}\u00a0\u00bb theme_builder_area=\u00a0\u00bbpost_content\u00a0\u00bb][et_pb_text _builder_version=\u00a0\u00bb4.20.2&Prime; _module_preset=\u00a0\u00bbdefault\u00a0\u00bb hover_enabled=\u00a0\u00bb0&Prime; global_colors_info=\u00a0\u00bb{}\u00a0\u00bb theme_builder_area=\u00a0\u00bbpost_content\u00a0\u00bb sticky_enabled=\u00a0\u00bb0&Prime;]<p style=\"font-weight: 400;\"><\/p>\n<div class=\"elementToProof\">\n<div class=\"elementToProof\">\n<div class=\"elementToProof\">\n<div class=\"elementToProof\">\n<div class=\"elementToProof\">\n<div class=\"elementToProof\">\n<div class=\"elementToProof\">\n<div class=\"elementToProof\">\n<div class=\"elementToProof\">\n<div class=\"elementToProof\">\n<div class=\"elementToProof\">\n<div class=\"elementToProof\">\n<div class=\"elementToProof\">\n<div class=\"elementToProof\">\n<div class=\"elementToProof\">\n<div class=\"elementToProof\">\n<div class=\"elementToProof\"><span>Nous recherchons un Employ\u00e9 Commercial Amazon H\/F &#8211; CDD temps partiel (26h)<\/span><\/div>\n<div class=\"elementToProof\"><span>\u00a0<\/span><\/div>\n<div class=\"elementToProof\"><strong><b><span>\ud83d\udce6<\/span><\/b><b><span> Missions <\/span><\/b> :<\/strong><\/div>\n<ul>\n<li><strong>\ud83d\udce5<\/strong><strong> R\u00e9ception des colis<\/strong>\u00a0: R\u00e9ceptionner les colis provenant des transporteurs, v\u00e9rifier leur \u00e9tat et les scanner pour assurer leur tra\u00e7abilit\u00e9.<\/li>\n<li><strong>\ud83d\udce4<\/strong><strong> Gestion des retraits<\/strong>\u00a0: Lorsqu\u2019un client r\u00e9cup\u00e8re un colis, l&#8217;employ\u00e9 v\u00e9rifie son identit\u00e9, localise le colis dans le stock, et s&rsquo;assure que la bonne personne le r\u00e9cup\u00e8re en proc\u00e9dant \u00e0 l\u2019enregistrement informatique.<\/li>\n<li><strong>\ud83d\ude0a<\/strong><strong> Service client<\/strong>\u00a0: Assurer un excellent service client en r\u00e9pondant aux questions et en expliquant les d\u00e9marches de retrait si n\u00e9cessaire.<\/li>\n<li><strong>\ud83d\udcca<\/strong><strong> Gestion des stocks<\/strong>\u00a0: G\u00e9rer le flux des colis entrants et sortants, organiser les espaces de stockage afin d&rsquo;optimiser l&rsquo;espace et faciliter la recherche des colis.<\/li>\n<li><strong>\ud83e\uddf9<\/strong><strong> Maintien de l\u2019organisation du point relais<\/strong>\u00a0: Veiller \u00e0 ce que le point relais reste organis\u00e9, propre et que les proc\u00e9dures soient respect\u00e9es pour \u00e9viter les pertes ou erreurs.<\/li>\n<\/ul>\n<div class=\"elementToProof\"><b>Le profil que nous recherchons :<br \/><\/b><\/div>\n<p style=\"font-weight: 400;\"><span>Nous recherchons une personne rigoureuse, souriante et capable de travailler efficacement en \u00e9quipe.<\/span><\/p>\n<p style=\"font-weight: 400;\"><span><b>\ud83d\udd1d<\/b><b> Vos atouts :<\/b><\/span><\/p>\n<ul>\n<li>\ud83d\udcbb Ma\u00eetrise des outils informatiques<\/li>\n<li>\ud83d\ude0a Sens du service client<\/li>\n<li>\ud83d\udccb Organisation et rigueur<span><b><\/b><\/span><\/li>\n<\/ul>\n<div class=\"elementToProof\">Le Groupe Caill\u00e9 est un employeur garantissant l\u2019\u00e9galit\u00e9 des chances et valorisant la diversit\u00e9 au sein de ses \u00e9quipes.<\/div>\n<\/div>\n<\/div>\n<\/div>\n<\/div>\n<\/div>\n<\/div>\n<\/div>\n<\/div>\n<\/div>\n<\/div>\n<\/div>\n<\/div>\n<\/div>\n<\/div>\n<\/div>\n<\/div>\n<p style=\"font-weight: 400;\"><\/p>[\/et_pb_text][\/et_pb_column][\/et_pb_row][et_pb_row _builder_version=\u00a0\u00bb4.16&Prime; _module_preset=\u00a0\u00bbdefault\u00a0\u00bb global_colors_info=\u00a0\u00bb{}\u00a0\u00bb theme_builder_area=\u00a0\u00bbpost_content\u00a0\u00bb][et_pb_column type=\u00a0\u00bb4_4&Prime; _builder_version=\u00a0\u00bb4.16&Prime; _module_preset=\u00a0\u00bbdefault\u00a0\u00bb global_colors_info=\u00a0\u00bb{}\u00a0\u00bb theme_builder_area=\u00a0\u00bbpost_content\u00a0\u00bb][et_pb_text _builder_version=\u00a0\u00bb4.20.2&Prime; _module_preset=\u00a0\u00bbdefault\u00a0\u00bb text_font_size=\u00a0\u00bb17px\u00a0\u00bb hover_enabled=\u00a0\u00bb0&Prime; global_colors_info=\u00a0\u00bb{}\u00a0\u00bb theme_builder_area=\u00a0\u00bbpost_content\u00a0\u00bb sticky_enabled=\u00a0\u00bb0&Prime;]<div class=\"page\" title=\"Page 1\" style=\"text-align: center;\">\n<div class=\"section\">\n<div class=\"layoutArea\">\n<div class=\"column\">\n<h3 style=\"text-align: center;\">Pour toute candidature, merci d\u2019adresser un CV accompagn\u00e9 d\u2019une lettre de motivation \u00e0 l&rsquo;adresse suivante<\/h3>\n<p><span><b><a href=\"mailto:job-ref-2ves738fyi@emploi.beetween.com\">job-ref-2ves738fyi@emploi.beetween.com<\/a><a href=\"mailto:job-ref-nhv3tp788a@emploi.beetween.com\"><\/a><\/b><\/span><\/p>\n<\/div>\n<\/div>\n<\/div>\n<\/div>[\/et_pb_text][\/et_pb_column][\/et_pb_row][et_pb_row _builder_version=\u00a0\u00bb4.16&Prime; _module_preset=\u00a0\u00bbdefault\u00a0\u00bb global_colors_info=\u00a0\u00bb{}\u00a0\u00bb theme_builder_area=\u00a0\u00bbpost_content\u00a0\u00bb][et_pb_column type=\u00a0\u00bb4_4&Prime; _builder_version=\u00a0\u00bb4.16&Prime; _module_preset=\u00a0\u00bbdefault\u00a0\u00bb global_colors_info=\u00a0\u00bb{}\u00a0\u00bb theme_builder_area=\u00a0\u00bbpost_content\u00a0\u00bb][et_pb_button button_url=\u00a0\u00bb@ET-DC@eyJkeW5hbWljIjp0cnVlLCJjb250ZW50IjoicG9zdF9saW5rX3VybF9wYWdlIiwic2V0dGluZ3MiOnsicG9zdF9pZCI6IjExMTkifX0=@\u00a0\u00bb button_text=\u00a0\u00bbRETOUR AUX OFFRES\u00a0\u00bb _builder_version=\u00a0\u00bb4.16&Prime; _dynamic_attributes=\u00a0\u00bbbutton_url\u00a0\u00bb _module_preset=\u00a0\u00bbdefault\u00a0\u00bb custom_button=\u00a0\u00bbon\u00a0\u00bb button_text_color=\u00a0\u00bb#ffffff\u00a0\u00bb button_bg_color=\u00a0\u00bb#a4326b\u00a0\u00bb button_border_width=\u00a0\u00bb0px\u00a0\u00bb button_icon=\u00a0\u00bb&#x34;||divi||400&Prime; button_icon_placement=\u00a0\u00bbleft\u00a0\u00bb global_colors_info=\u00a0\u00bb{}\u00a0\u00bb theme_builder_area=\u00a0\u00bbpost_content\u00a0\u00bb][\/et_pb_button][\/et_pb_column][\/et_pb_row][\/et_pb_section]","protected":false},"excerpt":{"rendered":"<p>EMPLOY\u00c9 COMMERCIAL AMAZON H\/F (CDD temps partiel) LEADER PRICE MARECHAL LECLERC Nous recherchons un Employ\u00e9 Commercial Amazon H\/F &#8211; CDD temps partiel (26h) \u00a0 \ud83d\udce6 Missions : \ud83d\udce5 R\u00e9ception des colis\u00a0: R\u00e9ceptionner les colis provenant des transporteurs, v\u00e9rifier leur \u00e9tat et les scanner pour assurer leur tra\u00e7abilit\u00e9. \ud83d\udce4 Gestion des retraits\u00a0: Lorsqu\u2019un client r\u00e9cup\u00e8re un [&hellip;]<\/p>\n","protected":false},"author":21,"featured_media":0,"parent":0,"menu_order":0,"comment_status":"closed","ping_status":"closed","template":"page-template-blank.php","meta":{"_et_pb_use_builder":"on","_et_pb_old_content":"","_et_gb_content_width":""},"_links":{"self":[{"href":"https:\/\/groupecaille.com\/index.php\/wp-json\/wp\/v2\/pages\/8535"}],"collection":[{"href":"https:\/\/groupecaille.com\/index.php\/wp-json\/wp\/v2\/pages"}],"about":[{"href":"https:\/\/groupecaille.com\/index.php\/wp-json\/wp\/v2\/types\/page"}],"author":[{"embeddable":true,"href":"https:\/\/groupecaille.com\/index.php\/wp-json\/wp\/v2\/users\/21"}],"replies":[{"embeddable":true,"href":"https:\/\/groupecaille.com\/index.php\/wp-json\/wp\/v2\/comments?post=8535"}],"version-history":[{"count":2,"href":"https:\/\/groupecaille.com\/index.php\/wp-json\/wp\/v2\/pages\/8535\/revisions"}],"predecessor-version":[{"id":8538,"href":"https:\/\/groupecaille.com\/index.php\/wp-json\/wp\/v2\/pages\/8535\/revisions\/8538"}],"wp:attachment":[{"href":"https:\/\/groupecaille.com\/index.php\/wp-json\/wp\/v2\/media?parent=8535"}],"curies":[{"name":"wp","href":"https:\/\/api.w.org\/{rel}","templated":true}]}}