{"id":8385,"date":"2024-12-09T15:58:35","date_gmt":"2024-12-09T11:58:35","guid":{"rendered":"https:\/\/groupecaille.com\/?page_id=8385"},"modified":"2024-12-09T15:58:35","modified_gmt":"2024-12-09T11:58:35","slug":"employe-commercial-h-f-leader-price-la-possession","status":"publish","type":"page","link":"https:\/\/groupecaille.com\/index.php\/employe-commercial-h-f-leader-price-la-possession\/","title":{"rendered":"<strong>EMPLOYE COMMERCIAL H\/F \u2013 LEADER PRICE LA POSSESSION<\/strong>"},"content":{"rendered":"[et_pb_section fb_built=\u00a0\u00bb1&Prime; _builder_version=\u00a0\u00bb4.16&Prime; _module_preset=\u00a0\u00bbdefault\u00a0\u00bb da_disable_devices=\u00a0\u00bboff|off|off\u00a0\u00bb global_colors_info=\u00a0\u00bb{}\u00a0\u00bb theme_builder_area=\u00a0\u00bbpost_content\u00a0\u00bb da_is_popup=\u00a0\u00bboff\u00a0\u00bb da_exit_intent=\u00a0\u00bboff\u00a0\u00bb da_has_close=\u00a0\u00bbon\u00a0\u00bb da_alt_close=\u00a0\u00bboff\u00a0\u00bb da_dark_close=\u00a0\u00bboff\u00a0\u00bb da_not_modal=\u00a0\u00bbon\u00a0\u00bb da_is_singular=\u00a0\u00bboff\u00a0\u00bb da_with_loader=\u00a0\u00bboff\u00a0\u00bb da_has_shadow=\u00a0\u00bbon\u00a0\u00bb][et_pb_row _builder_version=\u00a0\u00bb4.16&Prime; _module_preset=\u00a0\u00bbdefault\u00a0\u00bb background_color=\u00a0\u00bb#a4326b\u00a0\u00bb global_colors_info=\u00a0\u00bb{}\u00a0\u00bb theme_builder_area=\u00a0\u00bbpost_content\u00a0\u00bb][et_pb_column type=\u00a0\u00bb4_4&Prime; _builder_version=\u00a0\u00bb4.16&Prime; _module_preset=\u00a0\u00bbdefault\u00a0\u00bb global_colors_info=\u00a0\u00bb{}\u00a0\u00bb theme_builder_area=\u00a0\u00bbpost_content\u00a0\u00bb][et_pb_text _builder_version=\u00a0\u00bb4.20.2&Prime; _module_preset=\u00a0\u00bbdefault\u00a0\u00bb header_font=\u00a0\u00bb|||on|||||\u00a0\u00bb header_text_align=\u00a0\u00bbcenter\u00a0\u00bb header_text_color=\u00a0\u00bb#ffffff\u00a0\u00bb header_2_text_align=\u00a0\u00bbcenter\u00a0\u00bb header_2_text_color=\u00a0\u00bb#FFFFFF\u00a0\u00bb header_2_font_size=\u00a0\u00bb24px\u00a0\u00bb hover_enabled=\u00a0\u00bb0&Prime; global_colors_info=\u00a0\u00bb{}\u00a0\u00bb theme_builder_area=\u00a0\u00bbpost_content\u00a0\u00bb sticky_enabled=\u00a0\u00bb0&Prime;]<div class=\"page\" title=\"Page 1\">\n<div class=\"section\">\n<div class=\"layoutArea\">\n<div class=\"column\">\n<h2>EMPLOYE COMMERCIAL H\/F<\/h2>\n<h2><b><span> LEADER PRICE LA POSSESSION<\/span><\/b><\/h2>\n<\/div>\n<\/div>\n<\/div>\n<\/div>[\/et_pb_text][\/et_pb_column][\/et_pb_row][et_pb_row _builder_version=\u00a0\u00bb4.16&Prime; _module_preset=\u00a0\u00bbdefault\u00a0\u00bb global_colors_info=\u00a0\u00bb{}\u00a0\u00bb theme_builder_area=\u00a0\u00bbpost_content\u00a0\u00bb][et_pb_column type=\u00a0\u00bb4_4&Prime; _builder_version=\u00a0\u00bb4.16&Prime; _module_preset=\u00a0\u00bbdefault\u00a0\u00bb global_colors_info=\u00a0\u00bb{}\u00a0\u00bb theme_builder_area=\u00a0\u00bbpost_content\u00a0\u00bb][et_pb_text _builder_version=\u00a0\u00bb4.20.2&Prime; _module_preset=\u00a0\u00bbdefault\u00a0\u00bb hover_enabled=\u00a0\u00bb0&Prime; global_colors_info=\u00a0\u00bb{}\u00a0\u00bb theme_builder_area=\u00a0\u00bbpost_content\u00a0\u00bb sticky_enabled=\u00a0\u00bb0&Prime;]<p style=\"font-weight: 400;\"><\/p>\n<div class=\"elementToProof\">\n<div class=\"elementToProof\">\n<div class=\"elementToProof\">\n<p style=\"font-weight: 400;\">Nous recherchons un Employ\u00e9 Commercial H\/F pour rejoindre notre \u00e9quipe !<\/p>\n<p style=\"font-weight: 400;\">\n<p style=\"font-weight: 400;\">Vos missions :<\/p>\n<p style=\"font-weight: 400;\">\n<ul style=\"font-weight: 400;\">\n<li><strong>Service client exceptionnel :<\/strong>\u00a0Accueillez nos clients avec le sourire, soyez disponible et offrez des conseils personnalis\u00e9s pour une exp\u00e9rience d&rsquo;achat inoubliable.<\/li>\n<li><strong>Gestion des rayons :<\/strong>\u00a0Assurez le remplissage des rayons selon le planogramme et veillez \u00e0 la rotation des produits en v\u00e9rifiant les DLC\/DLV\/DLUO.<\/li>\n<li><strong>Qualit\u00e9 des produits :<\/strong>\u00a0Retirez les produits non conformes, enregistrez les d\u00e9marques et informez votre hi\u00e9rarchie.<\/li>\n<li><strong>Balisage et \u00e9tiquetage :<\/strong>\u00a0Assurez le balisage et l&rsquo;\u00e9tiquetage des produits en rayon, y compris les modifications de prix.<\/li>\n<li><strong>Propret\u00e9 et organisation :<\/strong>\u00a0Maintenez la propret\u00e9 et le bon rangement des surfaces de vente.<\/li>\n<li><strong>Encaissement :<\/strong>\u00a0Effectuez les op\u00e9rations d&rsquo;encaissement en vous assurant de la conformit\u00e9 du fonds de caisse.<\/li>\n<li><strong>Services compl\u00e9mentaires :<\/strong>\u00a0Proposez et renseignez les clients sur les services compl\u00e9mentaires \u00e0 la vente (remises, carte de fid\u00e9lit\u00e9).<\/li>\n<\/ul>\n<p style=\"font-weight: 400;\">\n<p style=\"font-weight: 400;\"><strong>Le profil que nous recherchons\u00a0:<\/strong><\/p>\n<p style=\"font-weight: 400;\"><strong>\u00a0<\/strong><\/p>\n<p style=\"font-weight: 400;\">Nous recherchons une personne rigoureuse, aimable et sachant travailler en \u00e9quipe.<\/p>\n<p style=\"font-weight: 400;\">Des connaissances en hygi\u00e8ne alimentaire, en manipulation de produits et en encaissement, sont un petit plus !<\/p>\n<p style=\"font-weight: 400;\">\n<p style=\"font-weight: 400;\">Le Groupe Caill\u00e9 est un employeur garantissant l\u2019\u00e9galit\u00e9 des chances et valorisant la diversit\u00e9 au sein de ses \u00e9quipes.<\/p>\n<\/div>\n<\/div>\n<\/div>\n<p style=\"font-weight: 400;\"><\/p>[\/et_pb_text][\/et_pb_column][\/et_pb_row][et_pb_row _builder_version=\u00a0\u00bb4.16&Prime; _module_preset=\u00a0\u00bbdefault\u00a0\u00bb global_colors_info=\u00a0\u00bb{}\u00a0\u00bb theme_builder_area=\u00a0\u00bbpost_content\u00a0\u00bb][et_pb_column type=\u00a0\u00bb4_4&Prime; _builder_version=\u00a0\u00bb4.16&Prime; _module_preset=\u00a0\u00bbdefault\u00a0\u00bb global_colors_info=\u00a0\u00bb{}\u00a0\u00bb theme_builder_area=\u00a0\u00bbpost_content\u00a0\u00bb][et_pb_text _builder_version=\u00a0\u00bb4.20.2&Prime; _module_preset=\u00a0\u00bbdefault\u00a0\u00bb text_font_size=\u00a0\u00bb17px\u00a0\u00bb hover_enabled=\u00a0\u00bb0&Prime; global_colors_info=\u00a0\u00bb{}\u00a0\u00bb theme_builder_area=\u00a0\u00bbpost_content\u00a0\u00bb sticky_enabled=\u00a0\u00bb0&Prime;]<div class=\"page\" title=\"Page 1\" style=\"text-align: center;\">\n<div class=\"section\">\n<div class=\"layoutArea\">\n<div class=\"column\">\n<h3 style=\"text-align: center;\">Pour toute candidature, merci d\u2019adresser un CV accompagn\u00e9 d\u2019une lettre de motivation \u00e0 l&rsquo;adresse suivante<\/h3>\n<p style=\"font-weight: 400;\"><a href=\"mailto:job-ref-81bnq7dav2@emploi.beetween.com\">job-ref-81bnq7dav2@emploi.beetween.com<\/a><\/p>\n<p style=\"font-weight: 400;\">\n<\/div>\n<\/div>\n<\/div>\n<\/div>[\/et_pb_text][\/et_pb_column][\/et_pb_row][et_pb_row _builder_version=\u00a0\u00bb4.16&Prime; _module_preset=\u00a0\u00bbdefault\u00a0\u00bb global_colors_info=\u00a0\u00bb{}\u00a0\u00bb theme_builder_area=\u00a0\u00bbpost_content\u00a0\u00bb][et_pb_column type=\u00a0\u00bb4_4&Prime; _builder_version=\u00a0\u00bb4.16&Prime; _module_preset=\u00a0\u00bbdefault\u00a0\u00bb global_colors_info=\u00a0\u00bb{}\u00a0\u00bb theme_builder_area=\u00a0\u00bbpost_content\u00a0\u00bb][et_pb_button button_url=\u00a0\u00bb@ET-DC@eyJkeW5hbWljIjp0cnVlLCJjb250ZW50IjoicG9zdF9saW5rX3VybF9wYWdlIiwic2V0dGluZ3MiOnsicG9zdF9pZCI6IjExMTkifX0=@\u00a0\u00bb button_text=\u00a0\u00bbRETOUR AUX OFFRES\u00a0\u00bb _builder_version=\u00a0\u00bb4.16&Prime; _dynamic_attributes=\u00a0\u00bbbutton_url\u00a0\u00bb _module_preset=\u00a0\u00bbdefault\u00a0\u00bb custom_button=\u00a0\u00bbon\u00a0\u00bb button_text_color=\u00a0\u00bb#ffffff\u00a0\u00bb button_bg_color=\u00a0\u00bb#a4326b\u00a0\u00bb button_border_width=\u00a0\u00bb0px\u00a0\u00bb button_icon=\u00a0\u00bb&#x34;||divi||400&Prime; button_icon_placement=\u00a0\u00bbleft\u00a0\u00bb global_colors_info=\u00a0\u00bb{}\u00a0\u00bb theme_builder_area=\u00a0\u00bbpost_content\u00a0\u00bb][\/et_pb_button][\/et_pb_column][\/et_pb_row][\/et_pb_section]","protected":false},"excerpt":{"rendered":"<p>EMPLOYE COMMERCIAL H\/F LEADER PRICE LA POSSESSION Nous recherchons un Employ\u00e9 Commercial H\/F pour rejoindre notre \u00e9quipe ! Vos missions : Service client exceptionnel :\u00a0Accueillez nos clients avec le sourire, soyez disponible et offrez des conseils personnalis\u00e9s pour une exp\u00e9rience d&rsquo;achat inoubliable. Gestion des rayons :\u00a0Assurez le remplissage des rayons selon le planogramme et veillez [&hellip;]<\/p>\n","protected":false},"author":21,"featured_media":0,"parent":0,"menu_order":0,"comment_status":"closed","ping_status":"closed","template":"","meta":{"_et_pb_use_builder":"on","_et_pb_old_content":"","_et_gb_content_width":""},"_links":{"self":[{"href":"https:\/\/groupecaille.com\/index.php\/wp-json\/wp\/v2\/pages\/8385"}],"collection":[{"href":"https:\/\/groupecaille.com\/index.php\/wp-json\/wp\/v2\/pages"}],"about":[{"href":"https:\/\/groupecaille.com\/index.php\/wp-json\/wp\/v2\/types\/page"}],"author":[{"embeddable":true,"href":"https:\/\/groupecaille.com\/index.php\/wp-json\/wp\/v2\/users\/21"}],"replies":[{"embeddable":true,"href":"https:\/\/groupecaille.com\/index.php\/wp-json\/wp\/v2\/comments?post=8385"}],"version-history":[{"count":2,"href":"https:\/\/groupecaille.com\/index.php\/wp-json\/wp\/v2\/pages\/8385\/revisions"}],"predecessor-version":[{"id":8387,"href":"https:\/\/groupecaille.com\/index.php\/wp-json\/wp\/v2\/pages\/8385\/revisions\/8387"}],"wp:attachment":[{"href":"https:\/\/groupecaille.com\/index.php\/wp-json\/wp\/v2\/media?parent=8385"}],"curies":[{"name":"wp","href":"https:\/\/api.w.org\/{rel}","templated":true}]}}