{"id":8346,"date":"2024-11-05T14:06:33","date_gmt":"2024-11-05T10:06:33","guid":{"rendered":"https:\/\/groupecaille.com\/?page_id=8346"},"modified":"2024-11-05T14:07:44","modified_gmt":"2024-11-05T10:07:44","slug":"conseiller-commercial-vehicules-neufs-premium-hf-jules-caille-auto-chaudron","status":"publish","type":"page","link":"https:\/\/groupecaille.com\/index.php\/conseiller-commercial-vehicules-neufs-premium-hf-jules-caille-auto-chaudron\/","title":{"rendered":"CONSEILLER COMMERCIAL VEHICULES NEUFS PREMIUM HF\u00a0 JULES CAILLE AUTO CHAUDRON\u00a0"},"content":{"rendered":"[et_pb_section fb_built=\u00a0\u00bb1&Prime; _builder_version=\u00a0\u00bb4.16&Prime; _module_preset=\u00a0\u00bbdefault\u00a0\u00bb da_disable_devices=\u00a0\u00bboff|off|off\u00a0\u00bb global_colors_info=\u00a0\u00bb{}\u00a0\u00bb theme_builder_area=\u00a0\u00bbpost_content\u00a0\u00bb da_is_popup=\u00a0\u00bboff\u00a0\u00bb da_exit_intent=\u00a0\u00bboff\u00a0\u00bb da_has_close=\u00a0\u00bbon\u00a0\u00bb da_alt_close=\u00a0\u00bboff\u00a0\u00bb da_dark_close=\u00a0\u00bboff\u00a0\u00bb da_not_modal=\u00a0\u00bbon\u00a0\u00bb da_is_singular=\u00a0\u00bboff\u00a0\u00bb da_with_loader=\u00a0\u00bboff\u00a0\u00bb da_has_shadow=\u00a0\u00bbon\u00a0\u00bb][et_pb_row _builder_version=\u00a0\u00bb4.16&Prime; _module_preset=\u00a0\u00bbdefault\u00a0\u00bb background_color=\u00a0\u00bb#a4326b\u00a0\u00bb global_colors_info=\u00a0\u00bb{}\u00a0\u00bb theme_builder_area=\u00a0\u00bbpost_content\u00a0\u00bb][et_pb_column type=\u00a0\u00bb4_4&Prime; _builder_version=\u00a0\u00bb4.16&Prime; _module_preset=\u00a0\u00bbdefault\u00a0\u00bb global_colors_info=\u00a0\u00bb{}\u00a0\u00bb theme_builder_area=\u00a0\u00bbpost_content\u00a0\u00bb][et_pb_text _builder_version=\u00a0\u00bb4.20.2&Prime; _module_preset=\u00a0\u00bbdefault\u00a0\u00bb header_font=\u00a0\u00bb|||on|||||\u00a0\u00bb header_text_align=\u00a0\u00bbcenter\u00a0\u00bb header_text_color=\u00a0\u00bb#ffffff\u00a0\u00bb header_2_text_align=\u00a0\u00bbcenter\u00a0\u00bb header_2_text_color=\u00a0\u00bb#FFFFFF\u00a0\u00bb header_2_font_size=\u00a0\u00bb24px\u00a0\u00bb hover_enabled=\u00a0\u00bb0&Prime; global_colors_info=\u00a0\u00bb{}\u00a0\u00bb theme_builder_area=\u00a0\u00bbpost_content\u00a0\u00bb sticky_enabled=\u00a0\u00bb0&Prime;]<div class=\"page\" title=\"Page 1\">\n<div class=\"section\">\n<div class=\"layoutArea\">\n<div class=\"column\">\n<h2>CONSEILLER COMMERCIAL VEHICULES NEUFS PREMIUM H\/F\u00a0<\/h2>\n<h2><b> JULES CAILLE AUTO CHAUDRON\u00a0<\/b><\/h2>\n<\/div>\n<\/div>\n<\/div>\n<\/div>[\/et_pb_text][\/et_pb_column][\/et_pb_row][et_pb_row _builder_version=\u00a0\u00bb4.16&Prime; _module_preset=\u00a0\u00bbdefault\u00a0\u00bb global_colors_info=\u00a0\u00bb{}\u00a0\u00bb theme_builder_area=\u00a0\u00bbpost_content\u00a0\u00bb][et_pb_column type=\u00a0\u00bb4_4&Prime; _builder_version=\u00a0\u00bb4.16&Prime; _module_preset=\u00a0\u00bbdefault\u00a0\u00bb global_colors_info=\u00a0\u00bb{}\u00a0\u00bb theme_builder_area=\u00a0\u00bbpost_content\u00a0\u00bb][et_pb_text _builder_version=\u00a0\u00bb4.20.2&Prime; _module_preset=\u00a0\u00bbdefault\u00a0\u00bb hover_enabled=\u00a0\u00bb0&Prime; global_colors_info=\u00a0\u00bb{}\u00a0\u00bb theme_builder_area=\u00a0\u00bbpost_content\u00a0\u00bb sticky_enabled=\u00a0\u00bb0&Prime;]<p style=\"font-weight: 400;\"><\/p>\n<div class=\"elementToProof\">Nous recherchons un Conseiller Commercial V\u00e9hicules Neufs Premium H\/F, passionn\u00e9(e) et dynamique pour renforcer notre \u00e9quipe et contribuer \u00e0 notre succ\u00e8s.<\/div>\n<div>\u00a0<\/div>\n<div>Si vous aimez les d\u00e9fis et souhaitez \u00e9voluer dans un environnement stimulant, cette opportunit\u00e9 est faite pour vous !<\/div>\n<div>\u00a0<\/div>\n<div><span>Missions principales :<\/span><\/div>\n<div>\u00a0<\/div>\n<div>En tant que Conseiller Commercial V\u00e9hicules Neufs Premium H\/F, vous aurez pour objectif de d\u00e9velopper les ventes aupr\u00e8s de notre portefeuille clients existant et de prospecter de nouveaux clients.<\/div>\n<div>\u00a0<\/div>\n<div>Vos missions incluront :<\/div>\n<div>\u00a0<\/div>\n<ul>\n<li>Conseiller, proposer et vendre des v\u00e9hicules correspondant aux besoins des clients ou futurs clients.<\/li>\n<li>R\u00e9aliser les objectifs qualitatifs et quantitatifs annuels fix\u00e9s par votre hi\u00e9rarchie.<\/li>\n<li>Prospecter, recevoir et suivre la client\u00e8le \u201cv\u00e9hicules\u201d.<\/li>\n<li>Pr\u00e9senter les possibilit\u00e9s de financement ainsi que les produits p\u00e9riph\u00e9riques.<\/li>\n<li>N\u00e9gocier la reprise des v\u00e9hicules d\u2019occasion selon les directives re\u00e7ues.<\/li>\n<li>Estimer physiquement les v\u00e9hicules d\u2019occasion.<\/li>\n<li>G\u00e9rer administrativement les activit\u00e9s de commercialisation.<\/li>\n<li>\u00c9tablir des comptes rendus d\u2019activit\u00e9 commerciale.<\/li>\n<li>Appliquer les proc\u00e9dures qualit\u00e9 en vigueur au sein de la marque et de l\u2019entreprise.<\/li>\n<\/ul>\n<div>\u00a0<\/div>\n<div>Le profil que nous recherchons :\u00a0<\/div>\n<div>\u00a0<\/div>\n<div><span>Savoir-faire attendu :<\/span><\/div>\n<ul>\n<li>BAC+2 orient\u00e9 Vente.<\/li>\n<li>Exp\u00e9rience en vente premium n\u00e9cessaire (de pr\u00e9f\u00e9rence dans le secteur automobile, mais autres domaines possibles).<\/li>\n<li>Permis B indispensable.\u00a0<\/li>\n<\/ul>\n<div><span>Savoir-\u00eatre attendu :<\/span><\/div>\n<ul>\n<li>Passionn\u00e9(e) par l\u2019automobile et dot\u00e9(e) d\u2019un excellent sens du relationnel.<\/li>\n<li>Aimer les d\u00e9fis et savoir se battre pour atteindre les objectifs commerciaux mensuels.<\/li>\n<li>Respecter les proc\u00e9dures mises en place par l\u2019entreprise.<\/li>\n<li>Capacit\u00e9 \u00e0 g\u00e9rer son temps (prospection t\u00e9l\u00e9phonique, sur le terrain, expositions, devis, RDV client, etc.).<\/li>\n<\/ul>\n<div>\u00a0<\/div>\n<div>Le Groupe Caill\u00e9 est un employeur garantissant l\u2019\u00e9galit\u00e9 des chances et valorisant la diversit\u00e9 au sein de ses \u00e9quipes.<\/div>\n<p style=\"font-weight: 400;\"><\/p>[\/et_pb_text][\/et_pb_column][\/et_pb_row][et_pb_row _builder_version=\u00a0\u00bb4.16&Prime; _module_preset=\u00a0\u00bbdefault\u00a0\u00bb global_colors_info=\u00a0\u00bb{}\u00a0\u00bb theme_builder_area=\u00a0\u00bbpost_content\u00a0\u00bb][et_pb_column type=\u00a0\u00bb4_4&Prime; _builder_version=\u00a0\u00bb4.16&Prime; _module_preset=\u00a0\u00bbdefault\u00a0\u00bb global_colors_info=\u00a0\u00bb{}\u00a0\u00bb theme_builder_area=\u00a0\u00bbpost_content\u00a0\u00bb][et_pb_text _builder_version=\u00a0\u00bb4.20.2&Prime; _module_preset=\u00a0\u00bbdefault\u00a0\u00bb text_font_size=\u00a0\u00bb17px\u00a0\u00bb hover_enabled=\u00a0\u00bb0&Prime; global_colors_info=\u00a0\u00bb{}\u00a0\u00bb theme_builder_area=\u00a0\u00bbpost_content\u00a0\u00bb sticky_enabled=\u00a0\u00bb0&Prime;]<div class=\"page\" title=\"Page 1\">\n<div class=\"section\">\n<div class=\"layoutArea\">\n<div class=\"column\">\n<h2 style=\"text-align: center;\">Pour toute candidature, merci d\u2019adresser un CV accompagn\u00e9 d\u2019une lettre de motivation \u00e0 l&rsquo;adresse suivante<\/h2>\n<h2 class=\"p1\" style=\"text-align: center;\"><span> <\/span><span><u><a href=\"mailto:job-ref-z7h5nx7umw@emploi.beetween.com\" id=\"OWA1a6f3d0c-95e5-f9e6-c1a0-515aa8840550\" class=\"OWAAutoLink\">job-ref-z7h5nx7umw@emploi.beetween.com<\/a><\/u><\/span><span>\u00a0<\/span><\/h2>\n<\/div>\n<\/div>\n<\/div>\n<\/div>[\/et_pb_text][\/et_pb_column][\/et_pb_row][et_pb_row _builder_version=\u00a0\u00bb4.16&Prime; _module_preset=\u00a0\u00bbdefault\u00a0\u00bb global_colors_info=\u00a0\u00bb{}\u00a0\u00bb theme_builder_area=\u00a0\u00bbpost_content\u00a0\u00bb][et_pb_column type=\u00a0\u00bb4_4&Prime; _builder_version=\u00a0\u00bb4.16&Prime; _module_preset=\u00a0\u00bbdefault\u00a0\u00bb global_colors_info=\u00a0\u00bb{}\u00a0\u00bb theme_builder_area=\u00a0\u00bbpost_content\u00a0\u00bb][et_pb_button button_url=\u00a0\u00bb@ET-DC@eyJkeW5hbWljIjp0cnVlLCJjb250ZW50IjoicG9zdF9saW5rX3VybF9wYWdlIiwic2V0dGluZ3MiOnsicG9zdF9pZCI6IjExMTkifX0=@\u00a0\u00bb button_text=\u00a0\u00bbRETOUR AUX OFFRES\u00a0\u00bb _builder_version=\u00a0\u00bb4.16&Prime; _dynamic_attributes=\u00a0\u00bbbutton_url\u00a0\u00bb _module_preset=\u00a0\u00bbdefault\u00a0\u00bb custom_button=\u00a0\u00bbon\u00a0\u00bb button_text_color=\u00a0\u00bb#ffffff\u00a0\u00bb button_bg_color=\u00a0\u00bb#a4326b\u00a0\u00bb button_border_width=\u00a0\u00bb0px\u00a0\u00bb button_icon=\u00a0\u00bb&#x34;||divi||400&Prime; button_icon_placement=\u00a0\u00bbleft\u00a0\u00bb global_colors_info=\u00a0\u00bb{}\u00a0\u00bb theme_builder_area=\u00a0\u00bbpost_content\u00a0\u00bb][\/et_pb_button][\/et_pb_column][\/et_pb_row][\/et_pb_section]","protected":false},"excerpt":{"rendered":"<p>CONSEILLER COMMERCIAL VEHICULES NEUFS PREMIUM H\/F\u00a0 JULES CAILLE AUTO CHAUDRON\u00a0 Nous recherchons un Conseiller Commercial V\u00e9hicules Neufs Premium H\/F, passionn\u00e9(e) et dynamique pour renforcer notre \u00e9quipe et contribuer \u00e0 notre succ\u00e8s. \u00a0 Si vous aimez les d\u00e9fis et souhaitez \u00e9voluer dans un environnement stimulant, cette opportunit\u00e9 est faite pour vous ! \u00a0 Missions principales : [&hellip;]<\/p>\n","protected":false},"author":21,"featured_media":0,"parent":0,"menu_order":0,"comment_status":"closed","ping_status":"closed","template":"","meta":{"_et_pb_use_builder":"on","_et_pb_old_content":"","_et_gb_content_width":""},"_links":{"self":[{"href":"https:\/\/groupecaille.com\/index.php\/wp-json\/wp\/v2\/pages\/8346"}],"collection":[{"href":"https:\/\/groupecaille.com\/index.php\/wp-json\/wp\/v2\/pages"}],"about":[{"href":"https:\/\/groupecaille.com\/index.php\/wp-json\/wp\/v2\/types\/page"}],"author":[{"embeddable":true,"href":"https:\/\/groupecaille.com\/index.php\/wp-json\/wp\/v2\/users\/21"}],"replies":[{"embeddable":true,"href":"https:\/\/groupecaille.com\/index.php\/wp-json\/wp\/v2\/comments?post=8346"}],"version-history":[{"count":2,"href":"https:\/\/groupecaille.com\/index.php\/wp-json\/wp\/v2\/pages\/8346\/revisions"}],"predecessor-version":[{"id":8348,"href":"https:\/\/groupecaille.com\/index.php\/wp-json\/wp\/v2\/pages\/8346\/revisions\/8348"}],"wp:attachment":[{"href":"https:\/\/groupecaille.com\/index.php\/wp-json\/wp\/v2\/media?parent=8346"}],"curies":[{"name":"wp","href":"https:\/\/api.w.org\/{rel}","templated":true}]}}