{"id":7274,"date":"2022-07-19T17:49:24","date_gmt":"2022-07-19T13:49:24","guid":{"rendered":"https:\/\/groupecaille.com\/?page_id=7274"},"modified":"2022-07-19T17:49:25","modified_gmt":"2022-07-19T13:49:25","slug":"administrateur-fontionnel-infrastructure-et-securite-h-f","status":"publish","type":"page","link":"https:\/\/groupecaille.com\/index.php\/administrateur-fontionnel-infrastructure-et-securite-h-f\/","title":{"rendered":"ADMINISTRATEUR FONTIONNEL INFRASTRUCTURE ET SECURITE (H\/F)"},"content":{"rendered":"<p>[et_pb_section fb_built=\u00a0\u00bb1&Prime; _builder_version=\u00a0\u00bb4.16&Prime; _module_preset=\u00a0\u00bbdefault\u00a0\u00bb global_colors_info=\u00a0\u00bb{}\u00a0\u00bb theme_builder_area=\u00a0\u00bbpost_content\u00a0\u00bb][et_pb_row _builder_version=\u00a0\u00bb4.16&Prime; _module_preset=\u00a0\u00bbdefault\u00a0\u00bb background_color=\u00a0\u00bb#a4326b\u00a0\u00bb global_colors_info=\u00a0\u00bb{}\u00a0\u00bb theme_builder_area=\u00a0\u00bbpost_content\u00a0\u00bb][et_pb_column type=\u00a0\u00bb4_4&Prime; _builder_version=\u00a0\u00bb4.16&Prime; _module_preset=\u00a0\u00bbdefault\u00a0\u00bb global_colors_info=\u00a0\u00bb{}\u00a0\u00bb theme_builder_area=\u00a0\u00bbpost_content\u00a0\u00bb][et_pb_text _builder_version=\u00a0\u00bb4.16&Prime; _module_preset=\u00a0\u00bbdefault\u00a0\u00bb header_text_align=\u00a0\u00bbcenter\u00a0\u00bb header_text_color=\u00a0\u00bb#ffffff\u00a0\u00bb global_colors_info=\u00a0\u00bb{}\u00a0\u00bb theme_builder_area=\u00a0\u00bbpost_content\u00a0\u00bb]<\/p>\n<div class=\"page\" title=\"Page 1\">\n<div class=\"section\">\n<div class=\"layoutArea\">\n<div class=\"column\">\n<h1 style=\"text-align: center;\"><strong>UN MANAGER DE SECTEUR FRAIS (H\/F)<\/strong><\/h1>\n<\/div>\n<\/div>\n<\/div>\n<\/div>\n<p>[\/et_pb_text][\/et_pb_column][\/et_pb_row][et_pb_row _builder_version=\u00a0\u00bb4.16&Prime; _module_preset=\u00a0\u00bbdefault\u00a0\u00bb global_colors_info=\u00a0\u00bb{}\u00a0\u00bb theme_builder_area=\u00a0\u00bbpost_content\u00a0\u00bb][et_pb_column type=\u00a0\u00bb4_4&Prime; _builder_version=\u00a0\u00bb4.16&Prime; _module_preset=\u00a0\u00bbdefault\u00a0\u00bb global_colors_info=\u00a0\u00bb{}\u00a0\u00bb theme_builder_area=\u00a0\u00bbpost_content\u00a0\u00bb][et_pb_text _builder_version=\u00a0\u00bb4.16&Prime; _module_preset=\u00a0\u00bbdefault\u00a0\u00bb global_colors_info=\u00a0\u00bb{}\u00a0\u00bb theme_builder_area=\u00a0\u00bbpost_content\u00a0\u00bb][\/et_pb_text][\/et_pb_column][\/et_pb_row][et_pb_row column_structure=\u00a0\u00bb1_4,3_4&Prime; _builder_version=\u00a0\u00bb4.16&Prime; _module_preset=\u00a0\u00bbdefault\u00a0\u00bb global_colors_info=\u00a0\u00bb{}\u00a0\u00bb theme_builder_area=\u00a0\u00bbpost_content\u00a0\u00bb][et_pb_column type=\u00a0\u00bb1_4&Prime; _builder_version=\u00a0\u00bb4.16&Prime; _module_preset=\u00a0\u00bbdefault\u00a0\u00bb global_colors_info=\u00a0\u00bb{}\u00a0\u00bb theme_builder_area=\u00a0\u00bbpost_content\u00a0\u00bb][et_pb_text _builder_version=\u00a0\u00bb4.16&Prime; _module_preset=\u00a0\u00bbdefault\u00a0\u00bb text_font=\u00a0\u00bb|300||on|||||\u00a0\u00bb text_text_color=\u00a0\u00bb#ffffff\u00a0\u00bb header_text_color=\u00a0\u00bb#ffffff\u00a0\u00bb background_color=\u00a0\u00bb#6b6b6b\u00a0\u00bb text_orientation=\u00a0\u00bbcenter\u00a0\u00bb background_layout=\u00a0\u00bbdark\u00a0\u00bb module_alignment=\u00a0\u00bbcenter\u00a0\u00bb custom_padding=\u00a0\u00bb8px||0px||false|false\u00a0\u00bb global_colors_info=\u00a0\u00bb{}\u00a0\u00bb theme_builder_area=\u00a0\u00bbpost_content\u00a0\u00bb]<\/p>\n<h3 style=\"text-align: center;\"><strong>FONCTION<\/strong><\/h3>\n<p>[\/et_pb_text][\/et_pb_column][et_pb_column type=\u00a0\u00bb3_4&Prime; _builder_version=\u00a0\u00bb4.16&Prime; _module_preset=\u00a0\u00bbdefault\u00a0\u00bb global_colors_info=\u00a0\u00bb{}\u00a0\u00bb theme_builder_area=\u00a0\u00bbpost_content\u00a0\u00bb][et_pb_text _builder_version=\u00a0\u00bb4.17.4&Prime; _module_preset=\u00a0\u00bbdefault\u00a0\u00bb hover_enabled=\u00a0\u00bb0&Prime; global_colors_info=\u00a0\u00bb{}\u00a0\u00bb theme_builder_area=\u00a0\u00bbpost_content\u00a0\u00bb sticky_enabled=\u00a0\u00bb0&Prime;]<\/p>\n<p><strong>L\u2019administrateur(rice) Fonctionnel Infrastructure et S\u00e9curit\u00e9 a la responsabilit\u00e9 du fonctionnement du syst\u00e8me d\u2019information de l\u2019entreprise, en tenant compte des attentes et besoins des utilisateurs, tout en veillant aux \u00e9volutions technologiques. Il ou elle assure la maintenance des r\u00e9seaux et des \u00e9quipements, d\u00e9veloppe et adapte les diff\u00e9rentes applications et bases de donn\u00e9es.<\/strong><br \/><strong><\/strong><\/p>\n<p><strong>Administration :<\/strong><br \/>\u2022 \u00catre responsable du fonctionnement optimal des outils, syst\u00e8mes ou r\u00e9seaux dont il a la charge<br \/>\u2022 G\u00e9rer les acc\u00e8s aux ressources du SI (en g\u00e9n\u00e9ral)<br \/>\u2022 G\u00e9rer les \u00e9volutions et la maintenance des mat\u00e9riels, des logiciels et du syst\u00e8me<br \/>\u2022 G\u00e9rer les performances (seuils d\u2019alerte et tuning des ressources et produits du domaine)<br \/>\u2022 Mettre en \u0153uvre les outils garantissant la coh\u00e9rence des donn\u00e9es<br \/>\u2022 Poss\u00e9der une vision globale et actualis\u00e9e des syst\u00e8mes d\u2019information ainsi qu\u2019une bonne connaissance<br \/>de l\u2019administration<br \/>\u2022 Effectuer un inventaire permanent et g\u00e9rer les diff\u00e9rentes composantes des diff\u00e9rents r\u00e9seaux<br \/>\u2022 Suivre et analyser les performances, mettre en place des mesures susceptibles d\u2019am\u00e9liorer la qualit\u00e9<br \/>ou la productivit\u00e9 de l\u2019outil ;<br \/>\u2022 \u00c9laborer les r\u00e8gles d\u2019utilisation de l\u2019outil, en conformit\u00e9 avec les normes et standards de l\u2019administration<br \/>et dans le respect des contrats de service. Documenter, promouvoir et contr\u00f4ler leur application<br \/>\u2022 Organiser et optimiser les ressources de son domaine<br \/>\u2022 Mettre en \u0153uvre les logiciels de gestion de bases de donn\u00e9es. Effectuer l\u2019adaptation, l\u2019administration<br \/>et la maintenance de ces logiciels<br \/>\u2022 Mettre en exploitation et en gestion les serveurs de donn\u00e9es (administration, automatisation,<br \/>d\u00e9veloppement des proc\u00e9dures, s\u00e9curit\u00e9 et autorisation d\u2019acc\u00e8s, optimisation des traitements et des requ\u00eates&#8230;)<br \/><strong><\/strong><\/p>\n<p><strong>Surveillance :<\/strong><br \/>\u2022 Effectuer le d\u00e9marrage, l\u2019arr\u00eat et la surveillance permanente des ressources en \u00e9vitant les faux positifs \u2022 Alerter et intervenir sur les incidents<br \/><strong><\/strong><\/p>\n<p><strong>Exploitation :<\/strong><br \/>\u2022 Valider l\u2019installation et l\u2019int\u00e9gration des nouveaux outils (syst\u00e8mes, ou r\u00e9seaux et t\u00e9l\u00e9coms) dans l\u2019environnement de production<br \/>\u2022 G\u00e9rer les droits d\u2019acc\u00e8s aux serveurs et aux applications en fonction des profils<br \/>\u2022 Traiter les incidents ou anomalies \u00e0 partir des demandes internes : diagnostic de l\u2019incident, identification,<br \/>formulation et suivi de sa r\u00e9solution<br \/>\u2022 V\u00e9rifie au quotidien, le bon fonctionnement des syst\u00e8mes informatiques du Groupe : Serveurs, R\u00e9seaux,<br \/>Sauvegardes, Disponibilit\u00e9s ressources et Gestion des espaces disques<br \/>\u2022 Assurer l\u2019int\u00e9grit\u00e9 des bases de donn\u00e9es existantes en garantissant la s\u00e9curit\u00e9 physique (proc\u00e9dures de<br \/>sauvegarde, restauration, journalisation, d\u00e9marrage apr\u00e8s incidents&#8230;) et logique (confidentialit\u00e9, acc\u00e8s)<br \/>\u2022 Mettre en \u0153uvre les outils de surveillance<br \/>\u2022 R\u00e9gler les param\u00e8tres des bases de donn\u00e9es pour une utilisation optimale<br \/><strong><\/strong><\/p>\n<p><strong>Support :<\/strong><br \/>\u2022 Participer aux actions de maintenance correctrice en veillant \u00e0 leur qualit\u00e9<br \/>\u2022 Proposer des am\u00e9liorations pour optimiser les ressources existantes et leur organisation<br \/>\u2022 Effectuer le transfert de comp\u00e9tences et l\u2019assistance technique des proc\u00e9dures aux \u00e9quipes fonctionnelles<br \/>et participer \u00e9ventuellement \u00e0 leur formation.<br \/>\u2022 Diagnostiquer, pr\u00e9venir, apporter une solution r\u00e9parer les pannes et les dysfonctionnements des<br \/>\u00e9quipemets actifs plac\u00e9s sur son p\u00e9rimetre d\u2019intervention (Former et sensibiliser les utilisateurs \u00e0 l\u2019outil<br \/>informatique)<br \/>\u2022 Effectuer un support technique de second niveau pour l\u2019ensemble des bases de donn\u00e9es<br \/>\u2022 Poss\u00e9der un r\u00f4le de correspondant technique entre les chefs de projets et le support technique des \u00e9diteurs<br \/><strong><\/strong><\/p>\n<p><strong>Maintenance et securite :<\/strong><br \/>\u2022 Participe activement \u00e0 la remise en \u00e9tat des services informatiques impact\u00e9s par une d\u00e9faillance technique ou logicielle.<br \/>\u2022 Contribue \u00e0 la s\u00e9curit\u00e9 du syst\u00e8me d\u2019information<br \/>\u2022 Contribue \u00e0 la continuit\u00e9 de service par la mise en place de solutions de contournement<br \/>\u2022 Assurer une veille technologique sur les syst\u00e8mes de gestion de base de donn\u00e9es (SGBD) et les progiciels<br \/>retenus<br \/>\u2022 Suivre et contr\u00f4ler les \u00e9volutions de version des bases existantes et progiciels retenus par l\u2019administration<br \/>\u2022 D\u00e9finir les normes et standards d\u2019utilisation et d\u2019exploitation des SGBD<\/p>\n<p>[\/et_pb_text][\/et_pb_column][\/et_pb_row][et_pb_row column_structure=\u00a0\u00bb1_4,3_4&Prime; _builder_version=\u00a0\u00bb4.16&Prime; _module_preset=\u00a0\u00bbdefault\u00a0\u00bb global_colors_info=\u00a0\u00bb{}\u00a0\u00bb theme_builder_area=\u00a0\u00bbpost_content\u00a0\u00bb][et_pb_column type=\u00a0\u00bb1_4&Prime; _builder_version=\u00a0\u00bb4.16&Prime; _module_preset=\u00a0\u00bbdefault\u00a0\u00bb global_colors_info=\u00a0\u00bb{}\u00a0\u00bb theme_builder_area=\u00a0\u00bbpost_content\u00a0\u00bb][et_pb_text _builder_version=\u00a0\u00bb4.16&Prime; _module_preset=\u00a0\u00bbdefault\u00a0\u00bb text_font=\u00a0\u00bb|300||on|||||\u00a0\u00bb text_text_color=\u00a0\u00bb#ffffff\u00a0\u00bb header_text_color=\u00a0\u00bb#ffffff\u00a0\u00bb background_color=\u00a0\u00bb#6b6b6b\u00a0\u00bb text_orientation=\u00a0\u00bbcenter\u00a0\u00bb background_layout=\u00a0\u00bbdark\u00a0\u00bb module_alignment=\u00a0\u00bbcenter\u00a0\u00bb custom_padding=\u00a0\u00bb8px||0px||false|false\u00a0\u00bb global_colors_info=\u00a0\u00bb{}\u00a0\u00bb theme_builder_area=\u00a0\u00bbpost_content\u00a0\u00bb]<\/p>\n<h3 style=\"text-align: center;\"><strong>PROFIL<\/strong><\/h3>\n<p>[\/et_pb_text][\/et_pb_column][et_pb_column type=\u00a0\u00bb3_4&Prime; _builder_version=\u00a0\u00bb4.16&Prime; _module_preset=\u00a0\u00bbdefault\u00a0\u00bb global_colors_info=\u00a0\u00bb{}\u00a0\u00bb theme_builder_area=\u00a0\u00bbpost_content\u00a0\u00bb][et_pb_text _builder_version=\u00a0\u00bb4.17.4&Prime; _module_preset=\u00a0\u00bbdefault\u00a0\u00bb hover_enabled=\u00a0\u00bb0&Prime; global_colors_info=\u00a0\u00bb{}\u00a0\u00bb theme_builder_area=\u00a0\u00bbpost_content\u00a0\u00bb sticky_enabled=\u00a0\u00bb0&Prime;]<\/p>\n<div class=\"page\" title=\"Page 1\">\n<div class=\"section\">\n<div class=\"layoutArea\">\n<div class=\"column\">\n<p><strong>Savoir-faire attendu :<\/strong><br \/>\u2022 Bonne connaissance dans la gestion d\u2019une plateforme antivirus en mode centralis\u00e9<br \/>\u2022 Maitrise AD, DHCP, DNS, WSUS, Windows 2016 et 2019<br \/>\u2022 Comp\u00e9tences dans la gestion du r\u00e9seau (IP, QOS, routage, 802.1Q, 802.1X et param\u00e9trage switch)<br \/>\u2022 Connaissance en administration de bases de donn\u00e9es (Oracle, SQL Server&#8230;)<br \/>\u2022 Connaissance en administration de firewall ( mise en place de regles de filtrage, gestion VPN SSL et diagnostic )<br \/>\u2022 Maitrise du scripting via powershell<br \/>\u2022 Compr\u00e9hension de l\u2019environnement (clients, secteur d\u2019activit\u00e9, donn\u00e9es sensibles&#8230;) et du fonctionnementde l\u2019entreprise<br \/>\u2022 Ma\u00eetrise des risques li\u00e9s \u00e0 la s\u00e9curit\u00e9. Connaissance dans le domaine de la VOIP<br \/><strong><\/strong><\/p>\n<p><strong>Savoir-\u00eatre attendu :<\/strong><br \/>\u2022 Capacit\u00e9 de travailler en \u00e9quipe, disponibilit\u00e9 \u2022 Capacit\u00e9 de travailler en \u00e9quipe, disponibilit\u00e9 \u2022 Sens de l\u2019\u00e9coute<br \/>\u2022 Esprit de synth\u00e8se et capacit\u00e9 d\u2019organisation \u2022 Veille Technologique<br \/>\u2022 Devoir de reserve<br \/><strong><\/strong><\/p>\n<p><strong>Profil :<\/strong><br \/>\u2022 Le poste est accessible \u00e0 partir d\u2019un niveau Bac+ 3 dans le domaine de l\u2019informatique. \u2022 Une exp\u00e9rience en gestion de projet souhait\u00e9e (5 ans minimum)<\/p>\n<\/div>\n<\/div>\n<\/div>\n<\/div>\n<p>[\/et_pb_text][\/et_pb_column][\/et_pb_row][et_pb_row _builder_version=\u00a0\u00bb4.16&Prime; _module_preset=\u00a0\u00bbdefault\u00a0\u00bb global_colors_info=\u00a0\u00bb{}\u00a0\u00bb theme_builder_area=\u00a0\u00bbpost_content\u00a0\u00bb][et_pb_column type=\u00a0\u00bb4_4&Prime; _builder_version=\u00a0\u00bb4.16&Prime; _module_preset=\u00a0\u00bbdefault\u00a0\u00bb global_colors_info=\u00a0\u00bb{}\u00a0\u00bb theme_builder_area=\u00a0\u00bbpost_content\u00a0\u00bb][et_pb_text _builder_version=\u00a0\u00bb4.17.4&Prime; _module_preset=\u00a0\u00bbdefault\u00a0\u00bb hover_enabled=\u00a0\u00bb0&Prime; global_colors_info=\u00a0\u00bb{}\u00a0\u00bb theme_builder_area=\u00a0\u00bbpost_content\u00a0\u00bb sticky_enabled=\u00a0\u00bb0&Prime;]<\/p>\n<div class=\"page\" title=\"Page 1\">\n<div class=\"section\">\n<div class=\"layoutArea\">\n<div class=\"column\">\n<h3 style=\"text-align: center;\"><strong>Type de contrat : Contrat \u00e0 dur\u00e9e Ind\u00e9termin\u00e9e &#8211; Temps complet : 151,67 heures\/mois<\/strong><\/h3>\n<p><strong><\/strong><\/p>\n<p style=\"text-align: center;\"><strong>Pour toute candidature, merci d\u2019adresser un CV accompagn\u00e9 d\u2019une lettre de motivation manuscrite<\/strong><br \/><strong>\u00e0 l\u2019attention de Direction des Ressources Humaines &#8211; 10, Avenue Th\u00e9odore Drouhet \u2013 Zac 2000 \u2013 97420 Le Port<br \/><\/strong><\/p>\n<p style=\"text-align: center;\"><strong><\/strong><\/p>\n<p style=\"text-align: center;\"><strong>Email : adeline.weber@caille.com<\/strong><\/p>\n<\/div>\n<\/div>\n<\/div>\n<\/div>\n<p>[\/et_pb_text][\/et_pb_column][\/et_pb_row][et_pb_row _builder_version=\u00a0\u00bb4.16&Prime; _module_preset=\u00a0\u00bbdefault\u00a0\u00bb global_colors_info=\u00a0\u00bb{}\u00a0\u00bb theme_builder_area=\u00a0\u00bbpost_content\u00a0\u00bb][et_pb_column type=\u00a0\u00bb4_4&Prime; _builder_version=\u00a0\u00bb4.16&Prime; _module_preset=\u00a0\u00bbdefault\u00a0\u00bb global_colors_info=\u00a0\u00bb{}\u00a0\u00bb theme_builder_area=\u00a0\u00bbpost_content\u00a0\u00bb][et_pb_button button_url=\u00a0\u00bb@ET-DC@eyJkeW5hbWljIjp0cnVlLCJjb250ZW50IjoicG9zdF9saW5rX3VybF9wYWdlIiwic2V0dGluZ3MiOnsicG9zdF9pZCI6IjExMTkifX0=@\u00a0\u00bb button_text=\u00a0\u00bbRETOUR AUX OFFRES\u00a0\u00bb _builder_version=\u00a0\u00bb4.16&Prime; _dynamic_attributes=\u00a0\u00bbbutton_url\u00a0\u00bb _module_preset=\u00a0\u00bbdefault\u00a0\u00bb custom_button=\u00a0\u00bbon\u00a0\u00bb button_text_color=\u00a0\u00bb#ffffff\u00a0\u00bb button_bg_color=\u00a0\u00bb#a4326b\u00a0\u00bb button_border_width=\u00a0\u00bb0px\u00a0\u00bb button_icon=\u00a0\u00bb&#x34;||divi||400&Prime; button_icon_placement=\u00a0\u00bbleft\u00a0\u00bb global_colors_info=\u00a0\u00bb{}\u00a0\u00bb theme_builder_area=\u00a0\u00bbpost_content\u00a0\u00bb][\/et_pb_button][\/et_pb_column][\/et_pb_row][\/et_pb_section]<\/p>\n","protected":false},"excerpt":{"rendered":"<p>UN MANAGER DE SECTEUR FRAIS (H\/F) FONCTIONL\u2019administrateur(rice) Fonctionnel Infrastructure et S\u00e9curit\u00e9 a la responsabilit\u00e9 du fonctionnement du syst\u00e8me d\u2019information de l\u2019entreprise, en tenant compte des attentes et besoins des utilisateurs, tout en veillant aux \u00e9volutions technologiques. Il ou elle assure la maintenance des r\u00e9seaux et des \u00e9quipements, d\u00e9veloppe et adapte les diff\u00e9rentes applications et bases [&hellip;]<\/p>\n","protected":false},"author":15,"featured_media":0,"parent":0,"menu_order":0,"comment_status":"closed","ping_status":"closed","template":"","meta":{"_et_pb_use_builder":"on","_et_pb_old_content":"","_et_gb_content_width":""},"_links":{"self":[{"href":"https:\/\/groupecaille.com\/index.php\/wp-json\/wp\/v2\/pages\/7274"}],"collection":[{"href":"https:\/\/groupecaille.com\/index.php\/wp-json\/wp\/v2\/pages"}],"about":[{"href":"https:\/\/groupecaille.com\/index.php\/wp-json\/wp\/v2\/types\/page"}],"author":[{"embeddable":true,"href":"https:\/\/groupecaille.com\/index.php\/wp-json\/wp\/v2\/users\/15"}],"replies":[{"embeddable":true,"href":"https:\/\/groupecaille.com\/index.php\/wp-json\/wp\/v2\/comments?post=7274"}],"version-history":[{"count":2,"href":"https:\/\/groupecaille.com\/index.php\/wp-json\/wp\/v2\/pages\/7274\/revisions"}],"predecessor-version":[{"id":7276,"href":"https:\/\/groupecaille.com\/index.php\/wp-json\/wp\/v2\/pages\/7274\/revisions\/7276"}],"wp:attachment":[{"href":"https:\/\/groupecaille.com\/index.php\/wp-json\/wp\/v2\/media?parent=7274"}],"curies":[{"name":"wp","href":"https:\/\/api.w.org\/{rel}","templated":true}]}}