{"id":7209,"date":"2022-06-24T17:33:30","date_gmt":"2022-06-24T13:33:30","guid":{"rendered":"https:\/\/groupecaille.com\/?page_id=7209"},"modified":"2022-07-05T11:30:38","modified_gmt":"2022-07-05T07:30:38","slug":"job-dating-juillet-2022","status":"publish","type":"page","link":"https:\/\/groupecaille.com\/index.php\/job-dating-juillet-2022\/","title":{"rendered":"Job dating Juillet 2022"},"content":{"rendered":"<p>[et_pb_section fb_built=\u00a0\u00bb1&Prime; _builder_version=\u00a0\u00bb4.17.4&Prime; _module_preset=\u00a0\u00bbdefault\u00a0\u00bb custom_padding=\u00a0\u00bb0px|||||\u00a0\u00bb global_colors_info=\u00a0\u00bb{}\u00a0\u00bb][et_pb_row _builder_version=\u00a0\u00bb4.17.4&Prime; _module_preset=\u00a0\u00bbdefault\u00a0\u00bb width=\u00a0\u00bb100%\u00a0\u00bb global_colors_info=\u00a0\u00bb{}\u00a0\u00bb][et_pb_column type=\u00a0\u00bb4_4&Prime; _builder_version=\u00a0\u00bb4.17.4&Prime; _module_preset=\u00a0\u00bbdefault\u00a0\u00bb global_colors_info=\u00a0\u00bb{}\u00a0\u00bb][et_pb_image src=\u00a0\u00bbhttps:\/\/groupecaille.com\/wp-content\/uploads\/2022\/06\/Logo-Caille-Groupe-def_1.png\u00a0\u00bb title_text=\u00a0\u00bbLogo-Caille-Groupe-def_1&Prime; align=\u00a0\u00bbcenter\u00a0\u00bb _builder_version=\u00a0\u00bb4.17.4&Prime; _module_preset=\u00a0\u00bbdefault\u00a0\u00bb max_width=\u00a0\u00bb40%\u00a0\u00bb animation_direction=\u00a0\u00bbbottom\u00a0\u00bb global_colors_info=\u00a0\u00bb{}\u00a0\u00bb][\/et_pb_image][et_pb_video src=\u00a0\u00bbhttps:\/\/groupecaille.com\/wp-content\/uploads\/2022\/06\/Caille\u0301-v7.mp4&Prime; src_webm=\u00a0\u00bbhttps:\/\/groupecaille.com\/wp-content\/uploads\/2022\/06\/Caille\u0301-v7.mp4&Prime; image_src=\u00a0\u00bbhttps:\/\/groupecaille.com\/wp-content\/uploads\/2022\/06\/job-dating-video.jpg\u00a0\u00bb _builder_version=\u00a0\u00bb4.17.4&Prime; _module_preset=\u00a0\u00bbdefault\u00a0\u00bb animation_direction=\u00a0\u00bbbottom\u00a0\u00bb global_colors_info=\u00a0\u00bb{}\u00a0\u00bb][\/et_pb_video][\/et_pb_column][\/et_pb_row][et_pb_row _builder_version=\u00a0\u00bb4.17.4&Prime; _module_preset=\u00a0\u00bbdefault\u00a0\u00bb width=\u00a0\u00bb90%\u00a0\u00bb global_colors_info=\u00a0\u00bb{}\u00a0\u00bb][et_pb_column type=\u00a0\u00bb4_4&Prime; _builder_version=\u00a0\u00bb4.17.4&Prime; _module_preset=\u00a0\u00bbdefault\u00a0\u00bb global_colors_info=\u00a0\u00bb{}\u00a0\u00bb][et_pb_text _builder_version=\u00a0\u00bb4.17.4&Prime; _module_preset=\u00a0\u00bbdefault\u00a0\u00bb text_font=\u00a0\u00bb|||on|||||\u00a0\u00bb text_font_size=\u00a0\u00bb18px\u00a0\u00bb animation_style=\u00a0\u00bbslide\u00a0\u00bb animation_direction=\u00a0\u00bbbottom\u00a0\u00bb global_colors_info=\u00a0\u00bb{}\u00a0\u00bb]<\/p>\n<p style=\"text-align: center;\">Bienvenue pour cette exp\u00e9rience in\u00e9dite propos\u00e9e par le Groupe Caill\u00e9<strong>&#8230; <span style=\"color: #b82972;\">un jobdating \u00e0 l&rsquo;aveugle!<\/span><\/strong><\/p>\n<p>[\/et_pb_text][et_pb_text _builder_version=\u00a0\u00bb4.17.4&Prime; _module_preset=\u00a0\u00bbdefault\u00a0\u00bb animation_style=\u00a0\u00bbslide\u00a0\u00bb animation_direction=\u00a0\u00bbbottom\u00a0\u00bb global_colors_info=\u00a0\u00bb{}\u00a0\u00bb]<\/p>\n<p style=\"text-align: center;\">L&rsquo;objectif est de recruter autrement\u2026 sans aucun jugement&#8230; au-del\u00e0 du CV et des apparences et trouver nos futur(e)s vendeur(se)s automobile.<\/p>\n<p style=\"text-align: center;\"><strong>L&rsquo;exp\u00e9rience candidat :<\/strong> comment va-t-elle se d\u00e9rouler ?<\/p>\n<p style=\"text-align: center;\">\n<p>[\/et_pb_text][et_pb_text _builder_version=\u00a0\u00bb4.17.4&Prime; _module_preset=\u00a0\u00bbdefault\u00a0\u00bb animation_style=\u00a0\u00bbslide\u00a0\u00bb animation_direction=\u00a0\u00bbbottom\u00a0\u00bb global_colors_info=\u00a0\u00bb{}\u00a0\u00bb]<\/p>\n<p style=\"text-align: center;\"><b><span style=\"color: #b82972; font-size: large;\">\u00c9TAPE 1:<\/span><br \/><\/b>Remplir le formulaire pour participer au casting<br \/>(Candidature possible jusqu&rsquo;au 3 juillet 23h00)<\/p>\n<p style=\"text-align: center;\">\n<p>[\/et_pb_text][et_pb_text _builder_version=\u00a0\u00bb4.17.4&Prime; _module_preset=\u00a0\u00bbdefault\u00a0\u00bb animation_style=\u00a0\u00bbslide\u00a0\u00bb animation_direction=\u00a0\u00bbbottom\u00a0\u00bb global_colors_info=\u00a0\u00bb{}\u00a0\u00bb]<\/p>\n<p style=\"text-align: center;\"><span style=\"color: #b82972; font-size: large;\"><strong>\u00c9TAPE 2:<\/strong><\/span><br \/>Si vous \u00eates s\u00e9lectionn\u00e9(e) vous recevrez 48h avant le jobdating votre invitation<\/p>\n<p>[\/et_pb_text][et_pb_text _builder_version=\u00a0\u00bb4.17.4&Prime; _module_preset=\u00a0\u00bbdefault\u00a0\u00bb custom_padding=\u00a0\u00bb||0px|||\u00a0\u00bb animation_style=\u00a0\u00bbslide\u00a0\u00bb animation_direction=\u00a0\u00bbbottom\u00a0\u00bb global_colors_info=\u00a0\u00bb{}\u00a0\u00bb]<\/p>\n<p style=\"text-align: center;\"><span style=\"color: #b82972; font-size: large;\"><strong>\u00c9TAPE 3:<\/strong><\/span><br \/>Rendez-vous le 7 juillet secteur ouest. L&rsquo;objectif est de vous donner l&rsquo;occasion de vous pr\u00e9senter pendant 5 min maximum. Le Jury ne vous verra pas.<br \/><strong>Si 2 des 4 personnes du jury se retournent<\/strong>, vous continuez vers la derni\u00e8re \u00e9tape.<\/p>\n<p style=\"text-align: center;\">\n<p>[\/et_pb_text][et_pb_text _builder_version=\u00a0\u00bb4.17.4&Prime; _module_preset=\u00a0\u00bbdefault\u00a0\u00bb animation_style=\u00a0\u00bbslide\u00a0\u00bb animation_direction=\u00a0\u00bbbottom\u00a0\u00bb global_colors_info=\u00a0\u00bb{}\u00a0\u00bb]<\/p>\n<p style=\"text-align: center;\"><span style=\"color: #b82972; font-size: large;\"><strong>\u00c9TAPE 4:<\/strong><\/span><br \/>Avec deux professionnels de la vente automobile, vous vous pr\u00eaterez \u00e0 un exercice de pr\u00e9sentation d&rsquo;un v\u00e9hicule selon un brief que l\u2019on vous remettra!<\/p>\n<p style=\"text-align: center;\">\n<p>[\/et_pb_text][et_pb_text _builder_version=\u00a0\u00bb4.17.4&Prime; _module_preset=\u00a0\u00bbdefault\u00a0\u00bb custom_padding=\u00a0\u00bb||0px|||\u00a0\u00bb animation_style=\u00a0\u00bbslide\u00a0\u00bb animation_direction=\u00a0\u00bbbottom\u00a0\u00bb global_colors_info=\u00a0\u00bb{}\u00a0\u00bb]<\/p>\n<p style=\"text-align: center;\"><span style=\"color: #b82972;\"><strong>Pas de panique vous aurez des coachs qui seront l\u00e0 pour vous.<\/strong><\/span><\/p>\n<p>[\/et_pb_text][\/et_pb_column][\/et_pb_row][\/et_pb_section]<\/p>\n","protected":false},"excerpt":{"rendered":"<p>Bienvenue pour cette exp\u00e9rience in\u00e9dite propos\u00e9e par le Groupe Caill\u00e9&#8230; un jobdating \u00e0 l&rsquo;aveugle!L&rsquo;objectif est de recruter autrement\u2026 sans aucun jugement&#8230; au-del\u00e0 du CV et des apparences et trouver nos futur(e)s vendeur(se)s automobile. L&rsquo;exp\u00e9rience candidat : comment va-t-elle se d\u00e9rouler ? \u00c9TAPE 1:Remplir le formulaire pour participer au casting(Candidature possible jusqu&rsquo;au 3 juillet 23h00) \u00c9TAPE [&hellip;]<\/p>\n","protected":false},"author":15,"featured_media":0,"parent":0,"menu_order":0,"comment_status":"closed","ping_status":"closed","template":"page-template-blank.php","meta":{"_et_pb_use_builder":"on","_et_pb_old_content":"","_et_gb_content_width":""},"_links":{"self":[{"href":"https:\/\/groupecaille.com\/index.php\/wp-json\/wp\/v2\/pages\/7209"}],"collection":[{"href":"https:\/\/groupecaille.com\/index.php\/wp-json\/wp\/v2\/pages"}],"about":[{"href":"https:\/\/groupecaille.com\/index.php\/wp-json\/wp\/v2\/types\/page"}],"author":[{"embeddable":true,"href":"https:\/\/groupecaille.com\/index.php\/wp-json\/wp\/v2\/users\/15"}],"replies":[{"embeddable":true,"href":"https:\/\/groupecaille.com\/index.php\/wp-json\/wp\/v2\/comments?post=7209"}],"version-history":[{"count":28,"href":"https:\/\/groupecaille.com\/index.php\/wp-json\/wp\/v2\/pages\/7209\/revisions"}],"predecessor-version":[{"id":7273,"href":"https:\/\/groupecaille.com\/index.php\/wp-json\/wp\/v2\/pages\/7209\/revisions\/7273"}],"wp:attachment":[{"href":"https:\/\/groupecaille.com\/index.php\/wp-json\/wp\/v2\/media?parent=7209"}],"curies":[{"name":"wp","href":"https:\/\/api.w.org\/{rel}","templated":true}]}}