{"id":6940,"date":"2022-03-30T18:03:15","date_gmt":"2022-03-30T14:03:15","guid":{"rendered":"https:\/\/groupecaille.com\/?page_id=6940"},"modified":"2022-03-30T18:03:15","modified_gmt":"2022-03-30T14:03:15","slug":"une-mecanicienne-automobile-service-rapide-h-f","status":"publish","type":"page","link":"https:\/\/groupecaille.com\/index.php\/une-mecanicienne-automobile-service-rapide-h-f\/","title":{"rendered":"UN(E) MECANICIEN(NE) AUTOMOBILE SERVICE RAPIDE (H\/F)"},"content":{"rendered":"<p>[et_pb_section fb_built=\u00a0\u00bb1&Prime; _builder_version=\u00a0\u00bb4.6.1&Prime; _module_preset=\u00a0\u00bbdefault\u00a0\u00bb][et_pb_row _builder_version=\u00a0\u00bb4.6.1&Prime; _module_preset=\u00a0\u00bbdefault\u00a0\u00bb background_color=\u00a0\u00bb#a4326b\u00a0\u00bb][et_pb_column type=\u00a0\u00bb4_4&Prime; _builder_version=\u00a0\u00bb4.6.1&Prime; _module_preset=\u00a0\u00bbdefault\u00a0\u00bb][et_pb_text _builder_version=\u00a0\u00bb4.6.1&Prime; _module_preset=\u00a0\u00bbdefault\u00a0\u00bb header_text_align=\u00a0\u00bbcenter\u00a0\u00bb header_text_color=\u00a0\u00bb#ffffff\u00a0\u00bb hover_enabled=\u00a0\u00bb0&Prime; sticky_enabled=\u00a0\u00bb0&Prime;]<\/p>\n<div class=\"page\" title=\"Page 1\">\n<div class=\"section\">\n<div class=\"layoutArea\">\n<div class=\"column\">\n<h1 style=\"text-align: center;\"><strong>UN(E) MECANICIEN(NE) AUTOMOBILE SERVICE RAPIDE (H\/F)<\/strong><\/h1>\n<\/div>\n<\/div>\n<\/div>\n<\/div>\n<p>[\/et_pb_text][\/et_pb_column][\/et_pb_row][et_pb_row _builder_version=\u00a0\u00bb4.6.1&Prime; _module_preset=\u00a0\u00bbdefault\u00a0\u00bb][et_pb_column type=\u00a0\u00bb4_4&Prime; _builder_version=\u00a0\u00bb4.6.1&Prime; _module_preset=\u00a0\u00bbdefault\u00a0\u00bb][et_pb_text _builder_version=\u00a0\u00bb4.6.1&Prime; _module_preset=\u00a0\u00bbdefault\u00a0\u00bb hover_enabled=\u00a0\u00bb0&Prime; sticky_enabled=\u00a0\u00bb0&Prime;]<\/p>\n<div class=\"page\" title=\"Page 1\">\n<div class=\"section\">\n<div class=\"layoutArea\">\n<div class=\"column\">\n<p style=\"text-align: center;\"><strong>Le\/la m\u00e9canicien.ne service rapide r\u00e9alise les activit\u00e9s de maintenance des v\u00e9hicules sous la responsabilit\u00e9 du chef d\u2019\u00e9quipe.<\/strong><\/p>\n<\/div>\n<\/div>\n<\/div>\n<\/div>\n<p>[\/et_pb_text][\/et_pb_column][\/et_pb_row][et_pb_row column_structure=\u00a0\u00bb1_4,3_4&Prime; _builder_version=\u00a0\u00bb4.6.1&Prime; _module_preset=\u00a0\u00bbdefault\u00a0\u00bb][et_pb_column type=\u00a0\u00bb1_4&Prime; _builder_version=\u00a0\u00bb4.6.1&Prime; _module_preset=\u00a0\u00bbdefault\u00a0\u00bb][et_pb_text _builder_version=\u00a0\u00bb4.6.1&Prime; _module_preset=\u00a0\u00bbdefault\u00a0\u00bb text_font=\u00a0\u00bb|300||on|||||\u00a0\u00bb text_text_color=\u00a0\u00bb#ffffff\u00a0\u00bb header_text_color=\u00a0\u00bb#ffffff\u00a0\u00bb background_color=\u00a0\u00bb#6b6b6b\u00a0\u00bb text_orientation=\u00a0\u00bbcenter\u00a0\u00bb background_layout=\u00a0\u00bbdark\u00a0\u00bb module_alignment=\u00a0\u00bbcenter\u00a0\u00bb custom_padding=\u00a0\u00bb8px||0px||false|false\u00a0\u00bb]<\/p>\n<h3 style=\"text-align: center;\"><strong>FONCTION<\/strong><\/h3>\n<p>[\/et_pb_text][\/et_pb_column][et_pb_column type=\u00a0\u00bb3_4&Prime; _builder_version=\u00a0\u00bb4.6.1&Prime; _module_preset=\u00a0\u00bbdefault\u00a0\u00bb][et_pb_text _builder_version=\u00a0\u00bb4.6.1&Prime; _module_preset=\u00a0\u00bbdefault\u00a0\u00bb hover_enabled=\u00a0\u00bb0&Prime; sticky_enabled=\u00a0\u00bb0&Prime;]<\/p>\n<p class=\"p1\"><strong>CONTENU DU POSTE<\/strong><\/p>\n<p class=\"p1\">\u2022 R\u00e9alisation de l\u2019ensemble des interventions de maintenance pr\u00e9ventive et corrective relevant de l\u2019entretien courant et p\u00e9riodique des v\u00e9hicules telles que : diagnostic freinage, liaison au sol, \u00e9chappement, climatisation, pneumatique, embrayage, distribution etc&#8230;<br \/>\u2022 Pose d\u2019accessoires sur v\u00e9hicules pr\u00e9-\u00e9quip\u00e9s,<br \/>\u2022 Agencement et entretien du poste de travail \/ de l\u2019outillage,<br \/>\u2022 Application des proc\u00e9dures qualit\u00e9 en vigueur dans l\u2019entreprise,<br \/>\u2022 Etablissement de tout document d\u2019atelier utile,<br \/>\u2022 Conseils d\u2019utilisation \u00e0 la client\u00e8le,<br \/>\u2022 Vente additionnelle de produits et services.<\/p>\n<p class=\"p1\">Le descriptif du poste n\u2019est pas exhaustif<\/p>\n<p>[\/et_pb_text][\/et_pb_column][\/et_pb_row][et_pb_row column_structure=\u00a0\u00bb1_4,3_4&Prime; _builder_version=\u00a0\u00bb4.6.1&Prime; _module_preset=\u00a0\u00bbdefault\u00a0\u00bb][et_pb_column type=\u00a0\u00bb1_4&Prime; _builder_version=\u00a0\u00bb4.6.1&Prime; _module_preset=\u00a0\u00bbdefault\u00a0\u00bb][et_pb_text _builder_version=\u00a0\u00bb4.6.1&Prime; _module_preset=\u00a0\u00bbdefault\u00a0\u00bb text_font=\u00a0\u00bb|300||on|||||\u00a0\u00bb text_text_color=\u00a0\u00bb#ffffff\u00a0\u00bb header_text_color=\u00a0\u00bb#ffffff\u00a0\u00bb background_color=\u00a0\u00bb#6b6b6b\u00a0\u00bb text_orientation=\u00a0\u00bbcenter\u00a0\u00bb background_layout=\u00a0\u00bbdark\u00a0\u00bb module_alignment=\u00a0\u00bbcenter\u00a0\u00bb custom_padding=\u00a0\u00bb8px||0px||false|false\u00a0\u00bb]<\/p>\n<h3 style=\"text-align: center;\"><strong>PROFIL<\/strong><\/h3>\n<p>[\/et_pb_text][\/et_pb_column][et_pb_column type=\u00a0\u00bb3_4&Prime; _builder_version=\u00a0\u00bb4.6.1&Prime; _module_preset=\u00a0\u00bbdefault\u00a0\u00bb][et_pb_text _builder_version=\u00a0\u00bb4.6.1&Prime; _module_preset=\u00a0\u00bbdefault\u00a0\u00bb hover_enabled=\u00a0\u00bb0&Prime; sticky_enabled=\u00a0\u00bb0&Prime;]<\/p>\n<p class=\"p1\"><strong>SAVOIR-FAIRE ATTENDU<\/strong><\/p>\n<p class=\"p1\">\u2022 Connaissances permettant la r\u00e9alisation de l\u2019ensemble des interventions de maintenance pr\u00e9ventive et corrective relevant de l\u2019entretien courant et p\u00e9riodique des v\u00e9hicules.<br \/>\u2022 Capacit\u00e9 \u00e0 r\u00e9aliser des interventions d\u2019un premier niveau de complexit\u00e9<\/p>\n<p class=\"p1\"><strong>SAVOIR-\u00caTRE ATTENDU<\/strong><\/p>\n<p class=\"p1\">Passionn\u00e9(e) d\u2019automobile, vous \u00eates :<br \/>\u2022 Habile et pr\u00e9cis dans vos gestes<br \/>\u2022 Rigoureux et m\u00e9thodique dans vos interventions<br \/>\u2022 Autonome et aimez travailler en \u00e9quipe<\/p>\n<p class=\"p1\"><strong>PROFIL<\/strong><\/p>\n<p class=\"p1\">\u2022 Exp\u00e9rience au minimum 2 ans, dipl\u00f4m\u00e9 d\u2019un CAP Maintenance des v\u00e9hicules automobiles option VP ; BEP maintenance des v\u00e9hicules et des mat\u00e9riels, dominante VP ; CQP op\u00e9rateur service rapide ; Bac+2 m\u00e9canique Apr\u00e8s-Vente.<\/p>\n<p>[\/et_pb_text][\/et_pb_column][\/et_pb_row][et_pb_row _builder_version=\u00a0\u00bb4.6.1&Prime; _module_preset=\u00a0\u00bbdefault\u00a0\u00bb][et_pb_column type=\u00a0\u00bb4_4&Prime; _builder_version=\u00a0\u00bb4.6.1&Prime; _module_preset=\u00a0\u00bbdefault\u00a0\u00bb][et_pb_text _builder_version=\u00a0\u00bb4.6.1&Prime; _module_preset=\u00a0\u00bbdefault\u00a0\u00bb hover_enabled=\u00a0\u00bb0&Prime; sticky_enabled=\u00a0\u00bb0&Prime;]<\/p>\n<div class=\"page\" title=\"Page 1\">\n<div class=\"section\">\n<div class=\"layoutArea\">\n<div class=\"column\">\n<h3 style=\"text-align: center;\"><strong>Contrat \u00e0 dur\u00e9e ind\u00e9termin\u00e9e &#8211; Temps complet : 151,67 heures\/mois &#8211; Lieu : Saint-Denis<\/strong><\/h3>\n<p style=\"text-align: center;\">Pour candidater, adressez votre C.V + lettre de motivation manuscrite \u00e0 l\u2019attention de : Laurianne GRASSIN, Responsable Ressources Humaines<br \/>Email : recrutement.auto@caille.com &#8211; Adresse : 31,rue Jules Verne &#8211; Z.I n\u00b02 &#8211; 97 420 LE PORT<\/p>\n<p style=\"text-align: center;\"><span style=\"font-size: x-large;\"><strong>Email : recrutement.auto@caille.com<\/strong><\/span><\/p>\n<\/div>\n<\/div>\n<\/div>\n<\/div>\n<p>[\/et_pb_text][\/et_pb_column][\/et_pb_row][et_pb_row _builder_version=\u00a0\u00bb4.6.1&Prime; _module_preset=\u00a0\u00bbdefault\u00a0\u00bb][et_pb_column type=\u00a0\u00bb4_4&Prime; _builder_version=\u00a0\u00bb4.6.1&Prime; _module_preset=\u00a0\u00bbdefault\u00a0\u00bb][et_pb_button button_url=\u00a0\u00bb@ET-DC@eyJkeW5hbWljIjp0cnVlLCJjb250ZW50IjoicG9zdF9saW5rX3VybF9wYWdlIiwic2V0dGluZ3MiOnsicG9zdF9pZCI6IjExMTkifX0=@\u00a0\u00bb button_text=\u00a0\u00bbRETOUR AUX OFFRES\u00a0\u00bb _builder_version=\u00a0\u00bb4.6.1&Prime; _dynamic_attributes=\u00a0\u00bbbutton_url\u00a0\u00bb _module_preset=\u00a0\u00bbdefault\u00a0\u00bb custom_button=\u00a0\u00bbon\u00a0\u00bb button_text_color=\u00a0\u00bb#ffffff\u00a0\u00bb button_bg_color=\u00a0\u00bb#a4326b\u00a0\u00bb button_border_width=\u00a0\u00bb0px\u00a0\u00bb button_icon=\u00a0\u00bb%%19%%\u00a0\u00bb button_icon_placement=\u00a0\u00bbleft\u00a0\u00bb][\/et_pb_button][\/et_pb_column][\/et_pb_row][\/et_pb_section]<\/p>\n","protected":false},"excerpt":{"rendered":"<p>UN(E) MECANICIEN(NE) AUTOMOBILE SERVICE RAPIDE (H\/F) Le\/la m\u00e9canicien.ne service rapide r\u00e9alise les activit\u00e9s de maintenance des v\u00e9hicules sous la responsabilit\u00e9 du chef d\u2019\u00e9quipe. FONCTIONCONTENU DU POSTE \u2022 R\u00e9alisation de l\u2019ensemble des interventions de maintenance pr\u00e9ventive et corrective relevant de l\u2019entretien courant et p\u00e9riodique des v\u00e9hicules telles que : diagnostic freinage, liaison au sol, \u00e9chappement, climatisation, [&hellip;]<\/p>\n","protected":false},"author":15,"featured_media":0,"parent":0,"menu_order":0,"comment_status":"closed","ping_status":"closed","template":"","meta":{"_et_pb_use_builder":"on","_et_pb_old_content":"","_et_gb_content_width":""},"_links":{"self":[{"href":"https:\/\/groupecaille.com\/index.php\/wp-json\/wp\/v2\/pages\/6940"}],"collection":[{"href":"https:\/\/groupecaille.com\/index.php\/wp-json\/wp\/v2\/pages"}],"about":[{"href":"https:\/\/groupecaille.com\/index.php\/wp-json\/wp\/v2\/types\/page"}],"author":[{"embeddable":true,"href":"https:\/\/groupecaille.com\/index.php\/wp-json\/wp\/v2\/users\/15"}],"replies":[{"embeddable":true,"href":"https:\/\/groupecaille.com\/index.php\/wp-json\/wp\/v2\/comments?post=6940"}],"version-history":[{"count":2,"href":"https:\/\/groupecaille.com\/index.php\/wp-json\/wp\/v2\/pages\/6940\/revisions"}],"predecessor-version":[{"id":6946,"href":"https:\/\/groupecaille.com\/index.php\/wp-json\/wp\/v2\/pages\/6940\/revisions\/6946"}],"wp:attachment":[{"href":"https:\/\/groupecaille.com\/index.php\/wp-json\/wp\/v2\/media?parent=6940"}],"curies":[{"name":"wp","href":"https:\/\/api.w.org\/{rel}","templated":true}]}}