{"id":6919,"date":"2022-03-17T14:43:40","date_gmt":"2022-03-17T10:43:40","guid":{"rendered":"https:\/\/groupecaille.com\/?page_id=6919"},"modified":"2022-03-17T14:43:40","modified_gmt":"2022-03-17T10:43:40","slug":"leader-price-recherche-des-caissiers-gondoliers-h-f","status":"publish","type":"page","link":"https:\/\/groupecaille.com\/index.php\/leader-price-recherche-des-caissiers-gondoliers-h-f\/","title":{"rendered":"LEADER PRICE RECHERCHE DES CAISSIERS\/GONDOLIERS (H\/F)"},"content":{"rendered":"<p>[et_pb_section fb_built=\u00a0\u00bb1&Prime; _builder_version=\u00a0\u00bb4.6.1&Prime; _module_preset=\u00a0\u00bbdefault\u00a0\u00bb][et_pb_row _builder_version=\u00a0\u00bb4.6.1&Prime; _module_preset=\u00a0\u00bbdefault\u00a0\u00bb background_color=\u00a0\u00bb#a4326b\u00a0\u00bb][et_pb_column type=\u00a0\u00bb4_4&Prime; _builder_version=\u00a0\u00bb4.6.1&Prime; _module_preset=\u00a0\u00bbdefault\u00a0\u00bb][et_pb_text _builder_version=\u00a0\u00bb4.6.1&Prime; _module_preset=\u00a0\u00bbdefault\u00a0\u00bb header_text_align=\u00a0\u00bbcenter\u00a0\u00bb header_text_color=\u00a0\u00bb#ffffff\u00a0\u00bb hover_enabled=\u00a0\u00bb0&Prime; sticky_enabled=\u00a0\u00bb0&Prime;]<\/p>\n<div class=\"page\" title=\"Page 1\">\n<div class=\"section\">\n<div class=\"layoutArea\">\n<div class=\"column\">\n<h1 style=\"text-align: center;\"><strong>LEADER PRICE RECHERCHE DES CAISSIERS\/GONDOLIERS (H\/F)<\/strong><\/h1>\n<\/div>\n<\/div>\n<\/div>\n<\/div>\n<p>[\/et_pb_text][\/et_pb_column][\/et_pb_row][et_pb_row _builder_version=\u00a0\u00bb4.6.1&Prime; _module_preset=\u00a0\u00bbdefault\u00a0\u00bb][et_pb_column type=\u00a0\u00bb4_4&Prime; _builder_version=\u00a0\u00bb4.6.1&Prime; _module_preset=\u00a0\u00bbdefault\u00a0\u00bb][et_pb_text _builder_version=\u00a0\u00bb4.6.1&Prime; _module_preset=\u00a0\u00bbdefault\u00a0\u00bb hover_enabled=\u00a0\u00bb0&Prime; sticky_enabled=\u00a0\u00bb0&Prime;]<\/p>\n<div class=\"page\" title=\"Page 1\">\n<div class=\"section\">\n<div class=\"layoutArea\">\n<div class=\"column\">\n<p style=\"text-align: center;\"><strong>Le caissier\/gondolier contribue au d\u00e9veloppement de l\u2019activit\u00e9 commerciale du magasin en assurant la disponibilit\u00e9, la pr\u00e9sentation et la mise en rayon des articles, en facilitant la relation commerciale avec la client\u00e8le et en encaissant les ventes.<\/strong><\/p>\n<\/div>\n<\/div>\n<\/div>\n<\/div>\n<p>[\/et_pb_text][\/et_pb_column][\/et_pb_row][et_pb_row column_structure=\u00a0\u00bb1_4,3_4&Prime; _builder_version=\u00a0\u00bb4.6.1&Prime; _module_preset=\u00a0\u00bbdefault\u00a0\u00bb][et_pb_column type=\u00a0\u00bb1_4&Prime; _builder_version=\u00a0\u00bb4.6.1&Prime; _module_preset=\u00a0\u00bbdefault\u00a0\u00bb][et_pb_text _builder_version=\u00a0\u00bb4.6.1&Prime; _module_preset=\u00a0\u00bbdefault\u00a0\u00bb text_font=\u00a0\u00bb|300||on|||||\u00a0\u00bb text_text_color=\u00a0\u00bb#ffffff\u00a0\u00bb header_text_color=\u00a0\u00bb#ffffff\u00a0\u00bb background_color=\u00a0\u00bb#6b6b6b\u00a0\u00bb text_orientation=\u00a0\u00bbcenter\u00a0\u00bb background_layout=\u00a0\u00bbdark\u00a0\u00bb module_alignment=\u00a0\u00bbcenter\u00a0\u00bb custom_padding=\u00a0\u00bb8px||0px||false|false\u00a0\u00bb]<\/p>\n<h3 style=\"text-align: center;\"><strong>FONCTION<\/strong><\/h3>\n<p>[\/et_pb_text][\/et_pb_column][et_pb_column type=\u00a0\u00bb3_4&Prime; _builder_version=\u00a0\u00bb4.6.1&Prime; _module_preset=\u00a0\u00bbdefault\u00a0\u00bb][et_pb_text _builder_version=\u00a0\u00bb4.6.1&Prime; _module_preset=\u00a0\u00bbdefault\u00a0\u00bb hover_enabled=\u00a0\u00bb0&Prime; sticky_enabled=\u00a0\u00bb0&Prime;]<\/p>\n<div class=\"page\" title=\"Page 1\">\n<div class=\"section\">\n<div class=\"layoutArea\">\n<div class=\"column\">\n<div class=\"page\" title=\"Page 1\">\n<div class=\"section\">\n<div class=\"layoutArea\">\n<div class=\"column\">\n<div class=\"page\" title=\"Page 1\">\n<div class=\"section\">\n<div class=\"layoutArea\">\n<div class=\"column\">\n<div class=\"page\" title=\"Page 1\">\n<div class=\"section\">\n<div class=\"layoutArea\">\n<div class=\"column\">\n<p><span><strong>Contenu du poste<\/strong><br \/> <\/span><\/p>\n<p><strong>Assurer la disponibilite\u0301, la rotation des stocks et la mise en valeur des produits en rayon<br \/><\/strong><span>\u2022 Veille a\u0300 l\u2019approvisionnement et la bonne tenue des rayons<br \/> \u2022 Effectue la mise en rayon (facing)<br \/> \u2022 Met en valeur les produits et les promotions<br \/> \u2022 <\/span><span>Ve\u0301rifie la conformite\u0301 des DLC, DLV, DLUO et en assure la rotation.<br \/> <\/span><span>\u2022 Effectue le retrait des produits non conformes et en assure l\u2019enregistrement en de\u0301marque.<br \/>\u2022 Veille sur la proprete\u0301 et le rangement des rayons. <\/span><\/p>\n<p><span><strong>Assurer le bon affichage des prix de vente des produits<\/strong> <\/span><\/p>\n<p><span>\u2022 Re\u0301alise le balisage des rayons<br \/> \u2022 <\/span><span>Ve\u0301rifie quotidiennement les descentes de prix et effectue les changements de prix ne\u0301cessaires.<br \/><\/span><span>\u2022 <\/span><span>Ve\u0301rifie la bonne correspondance des prix de vente, notamment des prix promotion (prospectus). <\/span><\/p>\n<p><span><strong>Re\u0301aliser l\u2019enregistrement des ventes et l\u2019encaissement<\/strong> <\/span><\/p>\n<p><span>\u2022 Accueille le client<br \/> \u2022 Enregistre la vente des articles<br \/> \u2022 Effectue les ope\u0301rations d\u2019encaissement<br \/> \u2022 <\/span><span>Renseigne le client sur les services comple\u0301mentaires a\u0300 la vente (remises, carte de fide\u0301lite\u0301, &#8230;)<br \/> <\/span><span>\u2022 <\/span><span>Est responsable de son fond de caisse et le ve\u0301rifie a\u0300 la prise de poste et a\u0300 la fermeture de la caisse <\/span><\/p>\n<\/div>\n<\/div>\n<\/div>\n<\/div>\n<\/div>\n<\/div>\n<\/div>\n<\/div>\n<\/div>\n<\/div>\n<\/div>\n<\/div>\n<\/div>\n<\/div>\n<\/div>\n<\/div>\n<p>[\/et_pb_text][\/et_pb_column][\/et_pb_row][et_pb_row column_structure=\u00a0\u00bb1_4,3_4&Prime; _builder_version=\u00a0\u00bb4.6.1&Prime; _module_preset=\u00a0\u00bbdefault\u00a0\u00bb][et_pb_column type=\u00a0\u00bb1_4&Prime; _builder_version=\u00a0\u00bb4.6.1&Prime; _module_preset=\u00a0\u00bbdefault\u00a0\u00bb][et_pb_text _builder_version=\u00a0\u00bb4.6.1&Prime; _module_preset=\u00a0\u00bbdefault\u00a0\u00bb text_font=\u00a0\u00bb|300||on|||||\u00a0\u00bb text_text_color=\u00a0\u00bb#ffffff\u00a0\u00bb header_text_color=\u00a0\u00bb#ffffff\u00a0\u00bb background_color=\u00a0\u00bb#6b6b6b\u00a0\u00bb text_orientation=\u00a0\u00bbcenter\u00a0\u00bb background_layout=\u00a0\u00bbdark\u00a0\u00bb module_alignment=\u00a0\u00bbcenter\u00a0\u00bb custom_padding=\u00a0\u00bb8px||0px||false|false\u00a0\u00bb]<\/p>\n<h3 style=\"text-align: center;\"><strong>PROFIL<\/strong><\/h3>\n<p>[\/et_pb_text][\/et_pb_column][et_pb_column type=\u00a0\u00bb3_4&Prime; _builder_version=\u00a0\u00bb4.6.1&Prime; _module_preset=\u00a0\u00bbdefault\u00a0\u00bb][et_pb_text _builder_version=\u00a0\u00bb4.6.1&Prime; _module_preset=\u00a0\u00bbdefault\u00a0\u00bb hover_enabled=\u00a0\u00bb0&Prime; sticky_enabled=\u00a0\u00bb0&Prime;]<\/p>\n<div class=\"page\" title=\"Page 1\">\n<div class=\"section\">\n<div class=\"layoutArea\">\n<div class=\"column\">\n<div class=\"page\" title=\"Page 1\">\n<div class=\"section\">\n<div class=\"layoutArea\">\n<div class=\"column\">\n<div class=\"page\" title=\"Page 1\">\n<div class=\"section\">\n<div class=\"layoutArea\">\n<div class=\"column\">\n<p><strong>Savoir-faire attendu<\/strong><br \/>\u2022 Avoir le sens du commerce et du service client<br \/>\u2022 Conna\u00eetre et respecter les r\u00e8gles d\u2019hygi\u00e8ne concernant la manipulation des produits alimentaires<br \/>\u2022 Conna\u00eetre et respecter les r\u00e8gles de stockage et de manutention des produits<br \/>\u2022 Conna\u00eetre et mettre en \u0153uvre les proc\u00e9dures d\u2019encaissement<br \/>\u2022 Savoir utiliser la caisse enregistreuse<br \/>\u2022 Savoir alerter sa hi\u00e9rarchie pour une demande d\u2019information sp\u00e9cifique de la part d\u2019un client<br \/>\u2022 Connaissance g\u00e9n\u00e9rale du fonctionnement de l\u2019entreprise<br \/>\u2022 Capacit\u00e9 de travailler en \u00e9quipe, disponibilit\u00e9<\/p>\n<p><strong>Savoir-\u00eatre attendu<\/strong><br \/>\u2022 Respecte les r\u00e8gles de fonctionnement de l\u2019entreprise<br \/>\u2022 Rigueur et adaptabilit\u00e9<br \/>\u2022 Respecte les r\u00e8gles relatives \u00e0 la s\u00e9curit\u00e9 des biens et des personnes.<br \/>\u2022 Capacit\u00e9 \u00e0 travailler en \u00e9quipe<\/p>\n<p><strong>Profil<\/strong><br \/>\u2022 CAP employ\u00e9 de commerce ou exp\u00e9rience acquise sur un poste similaire.<\/p>\n<\/div>\n<\/div>\n<\/div>\n<\/div>\n<\/div>\n<\/div>\n<\/div>\n<\/div>\n<\/div>\n<\/div>\n<\/div>\n<\/div>\n<p>[\/et_pb_text][\/et_pb_column][\/et_pb_row][et_pb_row _builder_version=\u00a0\u00bb4.6.1&Prime; _module_preset=\u00a0\u00bbdefault\u00a0\u00bb][et_pb_column type=\u00a0\u00bb4_4&Prime; _builder_version=\u00a0\u00bb4.6.1&Prime; _module_preset=\u00a0\u00bbdefault\u00a0\u00bb][et_pb_text _builder_version=\u00a0\u00bb4.6.1&Prime; _module_preset=\u00a0\u00bbdefault\u00a0\u00bb hover_enabled=\u00a0\u00bb0&Prime; sticky_enabled=\u00a0\u00bb0&Prime;]<\/p>\n<div class=\"page\" title=\"Page 1\">\n<div class=\"section\">\n<div class=\"layoutArea\">\n<div class=\"column\">\n<h3 style=\"text-align: center;\"><strong>Contrat \u00e0 dur\u00e9e ind\u00e9termin\u00e9e &#8211; Temps partiel &#8211; 30h00 et 26h00 &#8211; Lieu : poste \u00e0 Saint-Pierre<\/strong><\/h3>\n<p style=\"text-align: center;\">Adressez votre candidature<br \/>A l\u2019attention de : Carole AH-KANG \/ Direction des Ressources Humaines<br \/>Adresse : 10 avenue Th\u00e9odore DROUHET ZAC 2000 &#8211; 97 420 LE PORT<\/p>\n<p style=\"text-align: center;\"><span style=\"font-size: x-large;\"><strong>Email : recrutement.gd@caille.com<\/strong><\/span><\/p>\n<\/div>\n<\/div>\n<\/div>\n<\/div>\n<p>[\/et_pb_text][\/et_pb_column][\/et_pb_row][et_pb_row _builder_version=\u00a0\u00bb4.6.1&Prime; _module_preset=\u00a0\u00bbdefault\u00a0\u00bb][et_pb_column type=\u00a0\u00bb4_4&Prime; _builder_version=\u00a0\u00bb4.6.1&Prime; _module_preset=\u00a0\u00bbdefault\u00a0\u00bb][et_pb_button button_url=\u00a0\u00bb@ET-DC@eyJkeW5hbWljIjp0cnVlLCJjb250ZW50IjoicG9zdF9saW5rX3VybF9wYWdlIiwic2V0dGluZ3MiOnsicG9zdF9pZCI6IjExMTkifX0=@\u00a0\u00bb button_text=\u00a0\u00bbRETOUR AUX OFFRES\u00a0\u00bb _builder_version=\u00a0\u00bb4.6.1&Prime; _dynamic_attributes=\u00a0\u00bbbutton_url\u00a0\u00bb _module_preset=\u00a0\u00bbdefault\u00a0\u00bb custom_button=\u00a0\u00bbon\u00a0\u00bb button_text_color=\u00a0\u00bb#ffffff\u00a0\u00bb button_bg_color=\u00a0\u00bb#a4326b\u00a0\u00bb button_border_width=\u00a0\u00bb0px\u00a0\u00bb button_icon=\u00a0\u00bb%%19%%\u00a0\u00bb button_icon_placement=\u00a0\u00bbleft\u00a0\u00bb][\/et_pb_button][\/et_pb_column][\/et_pb_row][\/et_pb_section]<\/p>\n","protected":false},"excerpt":{"rendered":"<p>LEADER PRICE RECHERCHE DES CAISSIERS\/GONDOLIERS (H\/F) Le caissier\/gondolier contribue au d\u00e9veloppement de l\u2019activit\u00e9 commerciale du magasin en assurant la disponibilit\u00e9, la pr\u00e9sentation et la mise en rayon des articles, en facilitant la relation commerciale avec la client\u00e8le et en encaissant les ventes. FONCTION Contenu du poste Assurer la disponibilite\u0301, la rotation des stocks et la [&hellip;]<\/p>\n","protected":false},"author":15,"featured_media":0,"parent":0,"menu_order":0,"comment_status":"closed","ping_status":"closed","template":"","meta":{"_et_pb_use_builder":"on","_et_pb_old_content":"","_et_gb_content_width":""},"_links":{"self":[{"href":"https:\/\/groupecaille.com\/index.php\/wp-json\/wp\/v2\/pages\/6919"}],"collection":[{"href":"https:\/\/groupecaille.com\/index.php\/wp-json\/wp\/v2\/pages"}],"about":[{"href":"https:\/\/groupecaille.com\/index.php\/wp-json\/wp\/v2\/types\/page"}],"author":[{"embeddable":true,"href":"https:\/\/groupecaille.com\/index.php\/wp-json\/wp\/v2\/users\/15"}],"replies":[{"embeddable":true,"href":"https:\/\/groupecaille.com\/index.php\/wp-json\/wp\/v2\/comments?post=6919"}],"version-history":[{"count":2,"href":"https:\/\/groupecaille.com\/index.php\/wp-json\/wp\/v2\/pages\/6919\/revisions"}],"predecessor-version":[{"id":6925,"href":"https:\/\/groupecaille.com\/index.php\/wp-json\/wp\/v2\/pages\/6919\/revisions\/6925"}],"wp:attachment":[{"href":"https:\/\/groupecaille.com\/index.php\/wp-json\/wp\/v2\/media?parent=6919"}],"curies":[{"name":"wp","href":"https:\/\/api.w.org\/{rel}","templated":true}]}}