{"id":6268,"date":"2022-01-18T16:55:29","date_gmt":"2022-01-18T12:55:29","guid":{"rendered":"https:\/\/groupecaille.com\/?page_id=6268"},"modified":"2022-06-03T11:02:01","modified_gmt":"2022-06-03T07:02:01","slug":"6268-2","status":"publish","type":"page","link":"https:\/\/groupecaille.com\/index.php\/6268-2\/","title":{"rendered":"CHALLENGE R\u00c9USSI POUR PORSCHE"},"content":{"rendered":"<p>[et_pb_section fb_built=\u00a0\u00bb1&Prime; _builder_version=\u00a0\u00bb4.6.1&Prime; _module_preset=\u00a0\u00bbdefault\u00a0\u00bb custom_padding=\u00a0\u00bb0px|||||\u00a0\u00bb][et_pb_row _builder_version=\u00a0\u00bb4.6.1&Prime; _module_preset=\u00a0\u00bbdefault\u00a0\u00bb custom_padding=\u00a0\u00bb0px|||||\u00a0\u00bb][et_pb_column type=\u00a0\u00bb4_4&Prime; _builder_version=\u00a0\u00bb4.6.1&Prime; _module_preset=\u00a0\u00bbdefault\u00a0\u00bb][et_pb_text _builder_version=\u00a0\u00bb4.6.1&Prime; _module_preset=\u00a0\u00bbdefault\u00a0\u00bb header_font=\u00a0\u00bb|300|||||||\u00a0\u00bb header_text_color=\u00a0\u00bb#465763&Prime; header_font_size=\u00a0\u00bb51px\u00a0\u00bb min_height=\u00a0\u00bb50px\u00a0\u00bb]<\/p>\n<h1 class=\"p1\" style=\"text-align: center;\">CHALLENGE R\u00c9USSI POUR\u00a0<strong>PORSCHE<\/strong><\/h1>\n<p>[\/et_pb_text][\/et_pb_column][\/et_pb_row][et_pb_row _builder_version=\u00a0\u00bb4.6.1&Prime; _module_preset=\u00a0\u00bbdefault\u00a0\u00bb][et_pb_column type=\u00a0\u00bb4_4&Prime; _builder_version=\u00a0\u00bb4.6.1&Prime; _module_preset=\u00a0\u00bbdefault\u00a0\u00bb][et_pb_video src=\u00a0\u00bbhttps:\/\/groupecaille.com\/wp-content\/uploads\/2022\/01\/challenge-KART-PORSCHE-VID-20211202-WA0002.mp4&Prime; _builder_version=\u00a0\u00bb4.6.1&Prime; _module_preset=\u00a0\u00bbdefault\u00a0\u00bb][\/et_pb_video][\/et_pb_column][\/et_pb_row][et_pb_row _builder_version=\u00a0\u00bb4.6.1&Prime; _module_preset=\u00a0\u00bbdefault\u00a0\u00bb][et_pb_column type=\u00a0\u00bb4_4&Prime; _builder_version=\u00a0\u00bb4.6.1&Prime; _module_preset=\u00a0\u00bbdefault\u00a0\u00bb][et_pb_text _builder_version=\u00a0\u00bb4.6.1&Prime; _module_preset=\u00a0\u00bbdefault\u00a0\u00bb]<\/p>\n<p><strong>Dimanche 28 novembre la concession Porsche de Saint-Denis est transform\u00e9e en une piste de kart.<\/strong><\/p>\n<p>Les d\u00e9tenteurs d\u2019une carte grise de la marque allemande ont \u00e9t\u00e9 invit\u00e9s \u00e0 participer \u00e0 un challenge de kart au sein de la concession. 50 porchistes ont d\u00e9cid\u00e9 d\u2019enfiler le costume de pilote le temps d\u2019une journ\u00e9e. Casque et cagoule sur la t\u00eate, ils sont pr\u00eats \u00e0 sillonner le parcours de 800 m\u00e8tres ayant \u00e9t\u00e9 con\u00e7us sp\u00e9cialement pour cet \u00e9v\u00e8nement. Gr\u00e2ce aux collaborateurs des diff\u00e9rentes concessions\u00a0: DS, Opel, Peugeot, Porsche qui se sont mobilis\u00e9es 2 jours avant, les v\u00e9hicules du parc d\u2019occasion avait pu \u00eatre d\u00e9plac\u00e9s pour laisser place \u00e0 cette course\u00a0! Le Macan 3 ouvre la course et le d\u00e9part a sonn\u00e9. Une ligne droite de 60 m\u00e8tres permettait aux pilotes de prendre de la vitesse. Afin de garantir une s\u00e9curit\u00e9 optimale pour les coureurs et les 120 spectateurs, c\u2019est plus de 3600 pneus qui ont \u00e9t\u00e9 install\u00e9s pour encadrer le parcours. Durant toute la matin\u00e9e les pilotes pouvaient arpenter le parcours \u00e0 5 reprises. Un d\u00e9jeuner servi par Cap M\u00e9chant \u00e9tait propos\u00e9. Malgr\u00e9 la pluie, la finale affrontant les coureurs avec les meilleurs temps a pu se d\u00e9rouler sans encombre. Par contre, on a pu constater un \u00e9cart de presque 10 secondes entre le matin et l\u2019apr\u00e8s-midi, le gagnant a r\u00e9alis\u00e9 un temps de 36,02 secondes le matin et un peu de plus de 45 secondes lors de la finale (\u00e0 cause de la pluie).<\/p>\n<p>A l\u2019int\u00e9rieur de la concession les spectateurs pouvaient eux participer \u00e0 un challenge de kart sur le simulateur.<\/p>\n<p>Un kit martini, un bon d\u2019achat de 500\u20ac chez Carla Conta et un voyage pour 2 en Finlande avec essai sur piste ont \u00e9t\u00e9 mis en jeu.<\/p>\n<p>Nul doute que forte de son succ\u00e8s, cette manifestation sera r\u00e9it\u00e9r\u00e9e.<\/p>\n<p>[\/et_pb_text][\/et_pb_column][\/et_pb_row][\/et_pb_section]<\/p>\n","protected":false},"excerpt":{"rendered":"<p>CHALLENGE R\u00c9USSI POUR\u00a0PORSCHEDimanche 28 novembre la concession Porsche de Saint-Denis est transform\u00e9e en une piste de kart. Les d\u00e9tenteurs d\u2019une carte grise de la marque allemande ont \u00e9t\u00e9 invit\u00e9s \u00e0 participer \u00e0 un challenge de kart au sein de la concession. 50 porchistes ont d\u00e9cid\u00e9 d\u2019enfiler le costume de pilote le temps d\u2019une journ\u00e9e. Casque [&hellip;]<\/p>\n","protected":false},"author":15,"featured_media":0,"parent":0,"menu_order":0,"comment_status":"closed","ping_status":"closed","template":"","meta":{"_et_pb_use_builder":"on","_et_pb_old_content":"","_et_gb_content_width":""},"_links":{"self":[{"href":"https:\/\/groupecaille.com\/index.php\/wp-json\/wp\/v2\/pages\/6268"}],"collection":[{"href":"https:\/\/groupecaille.com\/index.php\/wp-json\/wp\/v2\/pages"}],"about":[{"href":"https:\/\/groupecaille.com\/index.php\/wp-json\/wp\/v2\/types\/page"}],"author":[{"embeddable":true,"href":"https:\/\/groupecaille.com\/index.php\/wp-json\/wp\/v2\/users\/15"}],"replies":[{"embeddable":true,"href":"https:\/\/groupecaille.com\/index.php\/wp-json\/wp\/v2\/comments?post=6268"}],"version-history":[{"count":4,"href":"https:\/\/groupecaille.com\/index.php\/wp-json\/wp\/v2\/pages\/6268\/revisions"}],"predecessor-version":[{"id":7166,"href":"https:\/\/groupecaille.com\/index.php\/wp-json\/wp\/v2\/pages\/6268\/revisions\/7166"}],"wp:attachment":[{"href":"https:\/\/groupecaille.com\/index.php\/wp-json\/wp\/v2\/media?parent=6268"}],"curies":[{"name":"wp","href":"https:\/\/api.w.org\/{rel}","templated":true}]}}