{"id":6089,"date":"2021-09-17T15:42:36","date_gmt":"2021-09-17T11:42:36","guid":{"rendered":"https:\/\/groupecaille.com\/?page_id=6089"},"modified":"2021-09-17T15:42:42","modified_gmt":"2021-09-17T11:42:42","slug":"leader-price-recrute-receptionnaire-h-f","status":"publish","type":"page","link":"https:\/\/groupecaille.com\/index.php\/leader-price-recrute-receptionnaire-h-f\/","title":{"rendered":"LEADER PRICE RECRUTE : RECEPTIONNAIRE (H\/F)"},"content":{"rendered":"<p>[et_pb_section fb_built=\u00a0\u00bb1&Prime; _builder_version=\u00a0\u00bb4.6.1&Prime; _module_preset=\u00a0\u00bbdefault\u00a0\u00bb][et_pb_row _builder_version=\u00a0\u00bb4.6.1&Prime; _module_preset=\u00a0\u00bbdefault\u00a0\u00bb background_color=\u00a0\u00bb#a4326b\u00a0\u00bb][et_pb_column type=\u00a0\u00bb4_4&Prime; _builder_version=\u00a0\u00bb4.6.1&Prime; _module_preset=\u00a0\u00bbdefault\u00a0\u00bb][et_pb_text _builder_version=\u00a0\u00bb4.6.1&Prime; _module_preset=\u00a0\u00bbdefault\u00a0\u00bb header_text_align=\u00a0\u00bbcenter\u00a0\u00bb header_text_color=\u00a0\u00bb#ffffff\u00a0\u00bb hover_enabled=\u00a0\u00bb0&Prime; sticky_enabled=\u00a0\u00bb0&Prime;]<\/p>\n<div class=\"page\" title=\"Page 1\">\n<div class=\"section\">\n<div class=\"layoutArea\">\n<div class=\"column\">\n<h1 style=\"text-align: center;\">LEADER PRICE\u00a0RECRUTE : RECEPTIONNAIRE (H\/F)<\/h1>\n<\/div>\n<\/div>\n<\/div>\n<\/div>\n<p>[\/et_pb_text][\/et_pb_column][\/et_pb_row][et_pb_row _builder_version=\u00a0\u00bb4.6.1&Prime; _module_preset=\u00a0\u00bbdefault\u00a0\u00bb][et_pb_column type=\u00a0\u00bb4_4&Prime; _builder_version=\u00a0\u00bb4.6.1&Prime; _module_preset=\u00a0\u00bbdefault\u00a0\u00bb][et_pb_text _builder_version=\u00a0\u00bb4.6.1&Prime; _module_preset=\u00a0\u00bbdefault\u00a0\u00bb hover_enabled=\u00a0\u00bb0&Prime; sticky_enabled=\u00a0\u00bb0&Prime;]<\/p>\n<p style=\"text-align: center;\">Plac\u00e9(e) sous la responsabilit\u00e9 du directeur de magasin, le\/la r\u00e9ceptionnaire garantit la bonne r\u00e9ception et le stockage des marchandises. \u00c0 ce titre, il\/elle assure un certain nombre de contr\u00f4les \u00e0 leur arriv\u00e9e. Ces contr\u00f4les peuvent \u00eatre qualitatifs et quantitatifs et doivent \u00eatre r\u00e9alis\u00e9s dans le respect de la r\u00e8glementation et des proc\u00e9dures en vigueur (bons de commande\/livraison, protocole chargement et d\u00e9chargement, hygi\u00e8ne et s\u00e9curit\u00e9). Il est en lien avec les transporteurs. Il ma\u00eetrise la conduite et l\u2019entretien des engins de manutention qu\u2019il utilise.<\/p>\n<p>[\/et_pb_text][\/et_pb_column][\/et_pb_row][et_pb_row column_structure=\u00a0\u00bb1_4,3_4&Prime; _builder_version=\u00a0\u00bb4.6.1&Prime; _module_preset=\u00a0\u00bbdefault\u00a0\u00bb][et_pb_column type=\u00a0\u00bb1_4&Prime; _builder_version=\u00a0\u00bb4.6.1&Prime; _module_preset=\u00a0\u00bbdefault\u00a0\u00bb][et_pb_text _builder_version=\u00a0\u00bb4.6.1&Prime; _module_preset=\u00a0\u00bbdefault\u00a0\u00bb text_font=\u00a0\u00bb|300||on|||||\u00a0\u00bb text_text_color=\u00a0\u00bb#ffffff\u00a0\u00bb header_text_color=\u00a0\u00bb#ffffff\u00a0\u00bb background_color=\u00a0\u00bb#6b6b6b\u00a0\u00bb text_orientation=\u00a0\u00bbcenter\u00a0\u00bb background_layout=\u00a0\u00bbdark\u00a0\u00bb module_alignment=\u00a0\u00bbcenter\u00a0\u00bb custom_padding=\u00a0\u00bb8px||0px||false|false\u00a0\u00bb]<\/p>\n<h3 style=\"text-align: center;\"><strong>FONCTION<\/strong><\/h3>\n<p>[\/et_pb_text][\/et_pb_column][et_pb_column type=\u00a0\u00bb3_4&Prime; _builder_version=\u00a0\u00bb4.6.1&Prime; _module_preset=\u00a0\u00bbdefault\u00a0\u00bb][et_pb_text _builder_version=\u00a0\u00bb4.6.1&Prime; _module_preset=\u00a0\u00bbdefault\u00a0\u00bb hover_enabled=\u00a0\u00bb0&Prime; sticky_enabled=\u00a0\u00bb0&Prime;]<\/p>\n<p class=\"p1\"><strong>Organiser la r\u00e9ception et le retour des marchandises<\/strong><\/p>\n<p class=\"p1\">\u2022 Organise l\u2019activit\u00e9 sur le quai de r\u00e9ception<\/p>\n<p class=\"p1\">\u2022 Veille au bon d\u00e9roulement et \u00e0 la s\u00e9curit\u00e9 des op\u00e9rations de d\u00e9chargement et chargement<\/p>\n<p class=\"p1\">\u2022 Identifie la nature de la r\u00e9ception aupr\u00e8s des livreurs<\/p>\n<p class=\"p1\">\u2022 Aide au d\u00e9chargement si n\u00e9cessaire<\/p>\n<p class=\"p1\">\u2022 Organise et v\u00e9rifie la conformit\u00e9 des retours en fonction du bon de retour<\/p>\n<p class=\"p1\"><strong>Contr\u00f4ler les marchandises livr\u00e9es<\/strong><\/p>\n<p class=\"p1\">\u2022 R\u00e9alise un contr\u00f4le de conformit\u00e9 des marchandises livr\u00e9es \u00e0 partir des documents de r\u00e9ception<\/p>\n<p class=\"p1\">et des bons de commande.<\/p>\n<p class=\"p1\">\u2022 R\u00e9alise un contr\u00f4le physique des marchandises (contr\u00f4le visuel, olfactif, tactile et de temp\u00e9rature)<\/p>\n<p class=\"p1\">\u2022 Ecarte les marchandises non conformes et assure leur retour<\/p>\n<p class=\"p1\"><strong>Assurer la gestion des flux de marchandises au sein de la r\u00e9serve<\/strong><\/p>\n<p class=\"p1\">\u2022 Entrepose la marchandise dans le respect des r\u00e8gles d\u2019hygi\u00e8ne et de s\u00e9curit\u00e9 en vigueur<\/p>\n<p class=\"p1\">\u2022 Met \u00e0 disposition des employ\u00e9s commerciaux les marchandises demand\u00e9es<\/p>\n<p class=\"p1\">\u2022 Organise et participe aux inventaires<\/p>\n<p>[\/et_pb_text][\/et_pb_column][\/et_pb_row][et_pb_row column_structure=\u00a0\u00bb1_4,3_4&Prime; _builder_version=\u00a0\u00bb4.6.1&Prime; _module_preset=\u00a0\u00bbdefault\u00a0\u00bb][et_pb_column type=\u00a0\u00bb1_4&Prime; _builder_version=\u00a0\u00bb4.6.1&Prime; _module_preset=\u00a0\u00bbdefault\u00a0\u00bb][et_pb_text _builder_version=\u00a0\u00bb4.6.1&Prime; _module_preset=\u00a0\u00bbdefault\u00a0\u00bb text_font=\u00a0\u00bb|300||on|||||\u00a0\u00bb text_text_color=\u00a0\u00bb#ffffff\u00a0\u00bb header_text_color=\u00a0\u00bb#ffffff\u00a0\u00bb background_color=\u00a0\u00bb#6b6b6b\u00a0\u00bb text_orientation=\u00a0\u00bbcenter\u00a0\u00bb background_layout=\u00a0\u00bbdark\u00a0\u00bb module_alignment=\u00a0\u00bbcenter\u00a0\u00bb custom_padding=\u00a0\u00bb8px||0px||false|false\u00a0\u00bb]<\/p>\n<h3 style=\"text-align: center;\"><strong>PROFIL<\/strong><\/h3>\n<p>[\/et_pb_text][\/et_pb_column][et_pb_column type=\u00a0\u00bb3_4&Prime; _builder_version=\u00a0\u00bb4.6.1&Prime; _module_preset=\u00a0\u00bbdefault\u00a0\u00bb][et_pb_text _builder_version=\u00a0\u00bb4.6.1&Prime; _module_preset=\u00a0\u00bbdefault\u00a0\u00bb hover_enabled=\u00a0\u00bb0&Prime; sticky_enabled=\u00a0\u00bb0&Prime;]<\/p>\n<p class=\"p1\"><strong>Savoir-faire attendu :<\/strong><\/p>\n<p class=\"p1\">\u2022 Connaissance g\u00e9n\u00e9rale du fonctionnement de l\u2019entreprise<\/p>\n<p class=\"p1\">\u2022 Conna\u00eetre et respecter les r\u00e8gles de stockage et de manutention des produits<\/p>\n<p class=\"p1\">\u2022 Respecter les r\u00e8gles de s\u00e9curit\u00e9, d\u2019hygi\u00e8ne et de pr\u00e9vention<\/p>\n<p class=\"p1\">\u2022 Utilisation d\u2019appareils de lecture optique de codes-barres (pistolet, flasheur, &#8230;)<\/p>\n<p class=\"p1\">\u2022 Techniques de comptage d\u2019inventaire<\/p>\n<p class=\"p1\">\u2022 Utilisation des appareils de manutention dans les conditions pr\u00e9vues par la r\u00e8glementation<\/p>\n<p class=\"p1\">\u2022 Capacit\u00e9 de travailler en \u00e9quipe, disponibilit\u00e9<\/p>\n<p class=\"p1\"><strong>Savoir-\u00eatre attendu :<\/strong><\/p>\n<p class=\"p1\">\u2022 Sens de l\u2019organisation et rigueur<\/p>\n<p class=\"p1\">\u2022 Respect des horaires et suivi du planning<\/p>\n<p class=\"p1\">\u2022 Savoir faire preuve de vigilance et de concentration<\/p>\n<p class=\"p1\">\u2022 Savoir anticiper sur des situations impr\u00e9vues et agir rapidement<\/p>\n<p class=\"p1\">\u2022 Capacit\u00e9 de travailler en \u00e9quipe, disponibilit\u00e9<\/p>\n<p class=\"p1\"><strong>Profil :<\/strong><\/p>\n<p class=\"p1\">\u2022 Niveau Bac &#8211; exp\u00e9rience sur un poste similaire serait appr\u00e9ci\u00e9<\/p>\n<p>[\/et_pb_text][\/et_pb_column][\/et_pb_row][et_pb_row _builder_version=\u00a0\u00bb4.6.1&Prime; _module_preset=\u00a0\u00bbdefault\u00a0\u00bb][et_pb_column type=\u00a0\u00bb4_4&Prime; _builder_version=\u00a0\u00bb4.6.1&Prime; _module_preset=\u00a0\u00bbdefault\u00a0\u00bb][et_pb_text _builder_version=\u00a0\u00bb4.6.1&Prime; _module_preset=\u00a0\u00bbdefault\u00a0\u00bb hover_enabled=\u00a0\u00bb0&Prime; sticky_enabled=\u00a0\u00bb0&Prime;]<\/p>\n<div class=\"page\" title=\"Page 1\">\n<div class=\"section\">\n<div class=\"layoutArea\">\n<div class=\"column\">\n<h3 style=\"text-align: center;\"><strong>Contrat \u00e0 dur\u00e9e ind\u00e9termin\u00e9e &#8211; Temps complet &#8211; Lieu : Leader Price Ermitage<\/strong><\/h3>\n<p><strong><\/strong><\/p>\n<p style=\"text-align: center;\">Pour toute candidature, merci d\u2019adresser un CV accompagn\u00e9 d\u2019une lettre de motivation manuscrite \u00e0 l\u2019attention de Direction des Ressources Humaines &#8211; Adresse : 10 avenue Th\u00e9odore DROUHET ZAC 2000 &#8211; 97 420 LE PORT<\/p>\n<p style=\"text-align: center;\"><strong>Email : recrutement.gd@caille.com <\/strong><\/p>\n<\/div>\n<\/div>\n<\/div>\n<\/div>\n<p>[\/et_pb_text][\/et_pb_column][\/et_pb_row][et_pb_row _builder_version=\u00a0\u00bb4.6.1&Prime; _module_preset=\u00a0\u00bbdefault\u00a0\u00bb][et_pb_column type=\u00a0\u00bb4_4&Prime; _builder_version=\u00a0\u00bb4.6.1&Prime; _module_preset=\u00a0\u00bbdefault\u00a0\u00bb][et_pb_button button_url=\u00a0\u00bb@ET-DC@eyJkeW5hbWljIjp0cnVlLCJjb250ZW50IjoicG9zdF9saW5rX3VybF9wYWdlIiwic2V0dGluZ3MiOnsicG9zdF9pZCI6IjExMTkifX0=@\u00a0\u00bb button_text=\u00a0\u00bbRETOUR AUX OFFRES\u00a0\u00bb _builder_version=\u00a0\u00bb4.6.1&Prime; _dynamic_attributes=\u00a0\u00bbbutton_url\u00a0\u00bb _module_preset=\u00a0\u00bbdefault\u00a0\u00bb custom_button=\u00a0\u00bbon\u00a0\u00bb button_text_color=\u00a0\u00bb#ffffff\u00a0\u00bb button_bg_color=\u00a0\u00bb#a4326b\u00a0\u00bb button_border_width=\u00a0\u00bb0px\u00a0\u00bb button_icon=\u00a0\u00bb%%19%%\u00a0\u00bb button_icon_placement=\u00a0\u00bbleft\u00a0\u00bb][\/et_pb_button][\/et_pb_column][\/et_pb_row][\/et_pb_section]<\/p>\n","protected":false},"excerpt":{"rendered":"<p>LEADER PRICE\u00a0RECRUTE : RECEPTIONNAIRE (H\/F) Plac\u00e9(e) sous la responsabilit\u00e9 du directeur de magasin, le\/la r\u00e9ceptionnaire garantit la bonne r\u00e9ception et le stockage des marchandises. \u00c0 ce titre, il\/elle assure un certain nombre de contr\u00f4les \u00e0 leur arriv\u00e9e. Ces contr\u00f4les peuvent \u00eatre qualitatifs et quantitatifs et doivent \u00eatre r\u00e9alis\u00e9s dans le respect de la r\u00e8glementation et [&hellip;]<\/p>\n","protected":false},"author":21,"featured_media":0,"parent":0,"menu_order":0,"comment_status":"closed","ping_status":"closed","template":"","meta":{"_et_pb_use_builder":"on","_et_pb_old_content":"","_et_gb_content_width":""},"_links":{"self":[{"href":"https:\/\/groupecaille.com\/index.php\/wp-json\/wp\/v2\/pages\/6089"}],"collection":[{"href":"https:\/\/groupecaille.com\/index.php\/wp-json\/wp\/v2\/pages"}],"about":[{"href":"https:\/\/groupecaille.com\/index.php\/wp-json\/wp\/v2\/types\/page"}],"author":[{"embeddable":true,"href":"https:\/\/groupecaille.com\/index.php\/wp-json\/wp\/v2\/users\/21"}],"replies":[{"embeddable":true,"href":"https:\/\/groupecaille.com\/index.php\/wp-json\/wp\/v2\/comments?post=6089"}],"version-history":[{"count":2,"href":"https:\/\/groupecaille.com\/index.php\/wp-json\/wp\/v2\/pages\/6089\/revisions"}],"predecessor-version":[{"id":6095,"href":"https:\/\/groupecaille.com\/index.php\/wp-json\/wp\/v2\/pages\/6089\/revisions\/6095"}],"wp:attachment":[{"href":"https:\/\/groupecaille.com\/index.php\/wp-json\/wp\/v2\/media?parent=6089"}],"curies":[{"name":"wp","href":"https:\/\/api.w.org\/{rel}","templated":true}]}}