{"id":5656,"date":"2021-06-03T14:52:27","date_gmt":"2021-06-03T10:52:27","guid":{"rendered":"https:\/\/groupecaille.com\/?page_id=5656"},"modified":"2021-06-03T15:04:43","modified_gmt":"2021-06-03T11:04:43","slug":"5656-2","status":"publish","type":"page","link":"https:\/\/groupecaille.com\/index.php\/5656-2\/","title":{"rendered":"UN MANAGER DE SECTEUR FRAIS (H\/F)"},"content":{"rendered":"\n[et_pb_section fb_built=\u00a0\u00bb1&Prime; _builder_version=\u00a0\u00bb4.6.1&Prime; _module_preset=\u00a0\u00bbdefault\u00a0\u00bb][et_pb_row _builder_version=\u00a0\u00bb4.6.1&Prime; _module_preset=\u00a0\u00bbdefault\u00a0\u00bb background_color=\u00a0\u00bb#a4326b\u00a0\u00bb][et_pb_column type=\u00a0\u00bb4_4&Prime; _builder_version=\u00a0\u00bb4.6.1&Prime; _module_preset=\u00a0\u00bbdefault\u00a0\u00bb][et_pb_text _builder_version=\u00a0\u00bb4.6.1&Prime; _module_preset=\u00a0\u00bbdefault\u00a0\u00bb header_text_align=\u00a0\u00bbcenter\u00a0\u00bb header_text_color=\u00a0\u00bb#ffffff\u00a0\u00bb hover_enabled=\u00a0\u00bb0&Prime; sticky_enabled=\u00a0\u00bb0&Prime;]<div class=\"page\" title=\"Page 1\">\n<div class=\"section\">\n<div class=\"layoutArea\">\n<div class=\"column\">\n<h1 style=\"text-align: center;\"><strong>UN MANAGER DE SECTEUR FRAIS (H\/F)<\/strong><\/h1>\n<\/div>\n<\/div>\n<\/div>\n<\/div>\n[\/et_pb_text][\/et_pb_column][\/et_pb_row][et_pb_row _builder_version=\u00a0\u00bb4.6.1&Prime; _module_preset=\u00a0\u00bbdefault\u00a0\u00bb][et_pb_column type=\u00a0\u00bb4_4&Prime; _builder_version=\u00a0\u00bb4.6.1&Prime; _module_preset=\u00a0\u00bbdefault\u00a0\u00bb][et_pb_text _builder_version=\u00a0\u00bb4.6.1&Prime; _module_preset=\u00a0\u00bbdefault\u00a0\u00bb hover_enabled=\u00a0\u00bb0&Prime; sticky_enabled=\u00a0\u00bb0&Prime;][\/et_pb_text][\/et_pb_column][\/et_pb_row][et_pb_row column_structure=\u00a0\u00bb1_4,3_4&Prime; _builder_version=\u00a0\u00bb4.6.1&Prime; _module_preset=\u00a0\u00bbdefault\u00a0\u00bb][et_pb_column type=\u00a0\u00bb1_4&Prime; _builder_version=\u00a0\u00bb4.6.1&Prime; _module_preset=\u00a0\u00bbdefault\u00a0\u00bb][et_pb_text _builder_version=\u00a0\u00bb4.6.1&Prime; _module_preset=\u00a0\u00bbdefault\u00a0\u00bb text_font=\u00a0\u00bb|300||on|||||\u00a0\u00bb text_text_color=\u00a0\u00bb#ffffff\u00a0\u00bb header_text_color=\u00a0\u00bb#ffffff\u00a0\u00bb background_color=\u00a0\u00bb#6b6b6b\u00a0\u00bb text_orientation=\u00a0\u00bbcenter\u00a0\u00bb background_layout=\u00a0\u00bbdark\u00a0\u00bb module_alignment=\u00a0\u00bbcenter\u00a0\u00bb custom_padding=\u00a0\u00bb8px||0px||false|false\u00a0\u00bb]<h3 style=\"text-align: center;\"><strong>FONCTION<\/strong><\/h3>[\/et_pb_text][\/et_pb_column][et_pb_column type=\u00a0\u00bb3_4&Prime; _builder_version=\u00a0\u00bb4.6.1&Prime; _module_preset=\u00a0\u00bbdefault\u00a0\u00bb][et_pb_text _builder_version=\u00a0\u00bb4.6.1&Prime; _module_preset=\u00a0\u00bbdefault\u00a0\u00bb hover_enabled=\u00a0\u00bb0&Prime; sticky_enabled=\u00a0\u00bb0&Prime;]<p><strong>Commer\u00e7ant(e) et manager dans l\u2019\u00e2me, vous avez le go\u00fbt du challenge. Vous aurez \u00e0 optimiser et \u00e0 d\u00e9velopper le C.A de votre secteur. Votre mission consistera \u00e0 :<\/strong><\/p>\n<p>\u2022 Assurer l\u2019exploitation et la gestion des produits de votre secteur dans le respect de la politique et de la l\u00e9gislation commerciale<\/p>\n<p>\u2022 Contr\u00f4ler la bonne tenue des rayons et de mettre en valeur les produits \u00e0 travers la r\u00e9alisation du merchandising<\/p>\n<p>\u2022 D\u2019organiser et contr\u00f4ler la mise en place des op\u00e9rations commerciales, anticiper les actions commerciales en fonction de la saisonnalit\u00e9 et le PAC, coordonner les changements d\u2019implantation<\/p>\n<p>\u2022 De fid\u00e9liser et d\u2019identifier les besoins des clients de votre secteur<\/p>\n<p>\u2022 Suivre, contr\u00f4ler et corriger quotidiennement les r\u00e9sultats d\u2019activit\u00e9s en initiant des plans d\u2019action correctifs ( CA, d\u00e9marque, etc.)<\/p>\n<p>\u2022 Contr\u00f4ler la pr\u00e9paration et la r\u00e9alisation des inventaires<\/p>\n<p>\u2022 Contr\u00f4ler le respect des flux marchandises (entr\u00e9es, sorties et avoirs)<\/p>\n<p>\u2022 Former et \u00e9valuer ses collaborateurs. Dans ce cadre, vous les responsabilisez, les motiver et les accompagner dans l\u2019objectif de les faire \u00e9voluer<\/p>\n<p>\u2022 Organiser le planning de travail de l\u2019\u00e9quipe<\/p>\n<p>\u2022 G\u00e9rer efficacement l\u2019information ascendante et descendante de son secteur<\/p>\n<p>\u2022 Vous devrez vous assurer quotidiennement d\u2019avoir un Secteur attractif et devrez en permanence optimiser la satisfaction du client en garantissant la bonne tenue de votre secteur en termes d\u2019implantation, de disponibilit\u00e9 des produits, de propret\u00e9 et d\u2019affichage des prix.<\/p>\n<p>\u2022 Votre r\u00f4le est \u00e9galement d\u2019assurer une gestion optimale des produits en termes de qualit\u00e9 et de quantit\u00e9 (gestion des commandes et du stock, contr\u00f4le des DLC et des DLV, lutte contre la d\u00e9marque inconnue&#8230;).<\/p>\n<p>\u2022 Vous serez force de proposition aupr\u00e8s du Directeur de magasin pour le d\u00e9veloppement de votre secteur.<\/p>\n<p>Poste \u00e9volutif selon profil<\/p>\n[\/et_pb_text][\/et_pb_column][\/et_pb_row][et_pb_row column_structure=\u00a0\u00bb1_4,3_4&Prime; _builder_version=\u00a0\u00bb4.6.1&Prime; _module_preset=\u00a0\u00bbdefault\u00a0\u00bb][et_pb_column type=\u00a0\u00bb1_4&Prime; _builder_version=\u00a0\u00bb4.6.1&Prime; _module_preset=\u00a0\u00bbdefault\u00a0\u00bb][et_pb_text _builder_version=\u00a0\u00bb4.6.1&Prime; _module_preset=\u00a0\u00bbdefault\u00a0\u00bb text_font=\u00a0\u00bb|300||on|||||\u00a0\u00bb text_text_color=\u00a0\u00bb#ffffff\u00a0\u00bb header_text_color=\u00a0\u00bb#ffffff\u00a0\u00bb background_color=\u00a0\u00bb#6b6b6b\u00a0\u00bb text_orientation=\u00a0\u00bbcenter\u00a0\u00bb background_layout=\u00a0\u00bbdark\u00a0\u00bb module_alignment=\u00a0\u00bbcenter\u00a0\u00bb custom_padding=\u00a0\u00bb8px||0px||false|false\u00a0\u00bb]<h3 style=\"text-align: center;\"><strong>PROFIL<\/strong><\/h3>[\/et_pb_text][\/et_pb_column][et_pb_column type=\u00a0\u00bb3_4&Prime; _builder_version=\u00a0\u00bb4.6.1&Prime; _module_preset=\u00a0\u00bbdefault\u00a0\u00bb][et_pb_text _builder_version=\u00a0\u00bb4.6.1&Prime; _module_preset=\u00a0\u00bbdefault\u00a0\u00bb hover_enabled=\u00a0\u00bb0&Prime; sticky_enabled=\u00a0\u00bb0&Prime;]<div class=\"page\" title=\"Page 1\">\n<div class=\"section\">\n<div class=\"layoutArea\">\n<div class=\"column\">\n<p><span><strong>Savoir-faire attendu :<\/strong> <\/span><\/p>\n<p><span>\u2022 Bonnes connaissances en gestion<br \/> \u2022 Bonne capacite\u0301 manage\u0301riale et relationnelle<br \/> \u2022 Mai\u0302trise des normes HACCP (hygie\u0300ne et se\u0301curite\u0301 alimentaire: chai\u0302ne du froid, DLC-DLUO&#8230;) \u2022 Mai\u0302trise des techniques de vente et de l\u2019outil informatique <\/span><\/p>\n<p><span><strong>Savoir-e\u0302tre attendu :<\/strong> <\/span><\/p>\n<p><span>\u2022 Une bonne aisance relationnelle et le gou\u0302t du client \u2022 Leader, exemplaire<br \/> \u2022 Autonome<br \/> \u2022 Fort sens de l\u2019organisation <br \/><\/span><span>\u2022 Fiabilite\u0301 et rigueur doivent e\u0302tre de mise<br \/> \u2022 Force de proposition et capacite\u0301 a\u0300 anticiper les besoins<br \/> \u2022 Gou\u0302t du travail d\u2019e\u0301quipe<br \/> \u2022 Tre\u0300s bonnes capacite\u0301s de travail et de re\u0301sistance au stress <\/span><\/p>\n<p><span><strong>Profil :<\/strong> <\/span><\/p>\n<p><span>\u2022 Formation DUT Commerce\/BTS MUC<br \/> \u2022 Expe\u0301rience souhaite\u0301e en distribution alimentaire <\/span><\/p>\n<\/div>\n<\/div>\n<\/div>\n<\/div>\n[\/et_pb_text][\/et_pb_column][\/et_pb_row][et_pb_row _builder_version=\u00a0\u00bb4.6.1&Prime; _module_preset=\u00a0\u00bbdefault\u00a0\u00bb][et_pb_column type=\u00a0\u00bb4_4&Prime; _builder_version=\u00a0\u00bb4.6.1&Prime; _module_preset=\u00a0\u00bbdefault\u00a0\u00bb][et_pb_text _builder_version=\u00a0\u00bb4.6.1&Prime; _module_preset=\u00a0\u00bbdefault\u00a0\u00bb hover_enabled=\u00a0\u00bb0&Prime; sticky_enabled=\u00a0\u00bb0&Prime;]<div class=\"page\" title=\"Page 1\">\n<div class=\"section\">\n<div class=\"layoutArea\">\n<div class=\"column\">\n<h3 style=\"text-align: center;\"><strong>Contrat \u00e0 dur\u00e9e ind\u00e9termin\u00e9e &#8211; Temps complet : 151,67 heures\/mois &#8211; Lieu : Secteur Ouest<\/strong><\/h3>\n<p><strong><\/strong><\/p>\n<p style=\"text-align: center;\"><strong>Pour toute candidature, merci d\u2019adresser un CV accompagn\u00e9 d\u2019une lettre de motivation manuscrite \u00e0 l\u2019attention de : Direction des Ressources Humaines &#8211; Adresse : 10 avenue Th\u00e9odore DROUHET ZAC 2000 &#8211; 97 420 LE PORT<\/strong><\/p>\n<p style=\"text-align: center;\"><strong>Email : recrutement.gd@caille.com<\/strong><\/p>\n<\/div>\n<\/div>\n<\/div>\n<\/div>\n[\/et_pb_text][\/et_pb_column][\/et_pb_row][et_pb_row _builder_version=\u00a0\u00bb4.6.1&Prime; _module_preset=\u00a0\u00bbdefault\u00a0\u00bb][et_pb_column type=\u00a0\u00bb4_4&Prime; _builder_version=\u00a0\u00bb4.6.1&Prime; _module_preset=\u00a0\u00bbdefault\u00a0\u00bb][et_pb_button button_url=\u00a0\u00bb@ET-DC@eyJkeW5hbWljIjp0cnVlLCJjb250ZW50IjoicG9zdF9saW5rX3VybF9wYWdlIiwic2V0dGluZ3MiOnsicG9zdF9pZCI6IjExMTkifX0=@\u00a0\u00bb button_text=\u00a0\u00bbRETOUR AUX OFFRES\u00a0\u00bb _builder_version=\u00a0\u00bb4.6.1&Prime; _dynamic_attributes=\u00a0\u00bbbutton_url\u00a0\u00bb _module_preset=\u00a0\u00bbdefault\u00a0\u00bb custom_button=\u00a0\u00bbon\u00a0\u00bb button_text_color=\u00a0\u00bb#ffffff\u00a0\u00bb button_bg_color=\u00a0\u00bb#a4326b\u00a0\u00bb button_border_width=\u00a0\u00bb0px\u00a0\u00bb button_icon=\u00a0\u00bb%%19%%\u00a0\u00bb button_icon_placement=\u00a0\u00bbleft\u00a0\u00bb][\/et_pb_button][\/et_pb_column][\/et_pb_row][\/et_pb_section]\n","protected":false},"excerpt":{"rendered":"<p>UN MANAGER DE SECTEUR FRAIS (H\/F) FONCTIONCommer\u00e7ant(e) et manager dans l\u2019\u00e2me, vous avez le go\u00fbt du challenge. Vous aurez \u00e0 optimiser et \u00e0 d\u00e9velopper le C.A de votre secteur. Votre mission consistera \u00e0 : \u2022 Assurer l\u2019exploitation et la gestion des produits de votre secteur dans le respect de la politique et de la l\u00e9gislation [&hellip;]<\/p>\n","protected":false},"author":15,"featured_media":0,"parent":0,"menu_order":0,"comment_status":"closed","ping_status":"closed","template":"","meta":{"_et_pb_use_builder":"on","_et_pb_old_content":"","_et_gb_content_width":""},"_links":{"self":[{"href":"https:\/\/groupecaille.com\/index.php\/wp-json\/wp\/v2\/pages\/5656"}],"collection":[{"href":"https:\/\/groupecaille.com\/index.php\/wp-json\/wp\/v2\/pages"}],"about":[{"href":"https:\/\/groupecaille.com\/index.php\/wp-json\/wp\/v2\/types\/page"}],"author":[{"embeddable":true,"href":"https:\/\/groupecaille.com\/index.php\/wp-json\/wp\/v2\/users\/15"}],"replies":[{"embeddable":true,"href":"https:\/\/groupecaille.com\/index.php\/wp-json\/wp\/v2\/comments?post=5656"}],"version-history":[{"count":4,"href":"https:\/\/groupecaille.com\/index.php\/wp-json\/wp\/v2\/pages\/5656\/revisions"}],"predecessor-version":[{"id":5677,"href":"https:\/\/groupecaille.com\/index.php\/wp-json\/wp\/v2\/pages\/5656\/revisions\/5677"}],"wp:attachment":[{"href":"https:\/\/groupecaille.com\/index.php\/wp-json\/wp\/v2\/media?parent=5656"}],"curies":[{"name":"wp","href":"https:\/\/api.w.org\/{rel}","templated":true}]}}