{"id":5509,"date":"2021-05-12T10:11:51","date_gmt":"2021-05-12T06:11:51","guid":{"rendered":"https:\/\/groupecaille.com\/?page_id=5509"},"modified":"2021-05-12T10:14:41","modified_gmt":"2021-05-12T06:14:41","slug":"le-groupe-caille-soutient-lelite-sportive-reunionnaise","status":"publish","type":"page","link":"https:\/\/groupecaille.com\/index.php\/le-groupe-caille-soutient-lelite-sportive-reunionnaise\/","title":{"rendered":"LE GROUPE CAILL\u00c9 SOUTIENT L&rsquo;\u00c9LITE SPORTIVE R\u00c9UNIONNAISE"},"content":{"rendered":"<p>[et_pb_section fb_built=\u00a0\u00bb1&Prime; _builder_version=\u00a0\u00bb4.6.1&Prime; _module_preset=\u00a0\u00bbdefault\u00a0\u00bb custom_padding=\u00a0\u00bb0px||0px|||\u00a0\u00bb][et_pb_row _builder_version=\u00a0\u00bb4.6.1&Prime; _module_preset=\u00a0\u00bbdefault\u00a0\u00bb background_enable_image=\u00a0\u00bboff\u00a0\u00bb background_size=\u00a0\u00bbcontain\u00a0\u00bb background_position=\u00a0\u00bbtop_center\u00a0\u00bb width=\u00a0\u00bb100%\u00a0\u00bb custom_margin=\u00a0\u00bb|auto|13px|auto||\u00a0\u00bb custom_padding=\u00a0\u00bb0px||0px|||\u00a0\u00bb][et_pb_column type=\u00a0\u00bb4_4&Prime; _builder_version=\u00a0\u00bb4.6.1&Prime; _module_preset=\u00a0\u00bbdefault\u00a0\u00bb][et_pb_image src=\u00a0\u00bbhttps:\/\/groupecaille.com\/wp-content\/uploads\/2020\/12\/actuv2.jpg\u00a0\u00bb title_text=\u00a0\u00bbactuv2&Prime; _builder_version=\u00a0\u00bb4.6.1&Prime; _module_preset=\u00a0\u00bbdefault\u00a0\u00bb][\/et_pb_image][\/et_pb_column][\/et_pb_row][\/et_pb_section][et_pb_section fb_built=\u00a0\u00bb1&Prime; _builder_version=\u00a0\u00bb4.6.1&Prime; _module_preset=\u00a0\u00bbdefault\u00a0\u00bb custom_padding=\u00a0\u00bb0px|||||\u00a0\u00bb][et_pb_row _builder_version=\u00a0\u00bb4.6.1&Prime; _module_preset=\u00a0\u00bbdefault\u00a0\u00bb][et_pb_column type=\u00a0\u00bb4_4&Prime; _builder_version=\u00a0\u00bb4.6.1&Prime; _module_preset=\u00a0\u00bbdefault\u00a0\u00bb][et_pb_text _builder_version=\u00a0\u00bb4.6.1&Prime; _module_preset=\u00a0\u00bbdefault\u00a0\u00bb text_font_size=\u00a0\u00bb100px\u00a0\u00bb header_font_size=\u00a0\u00bb35px\u00a0\u00bb text_orientation=\u00a0\u00bbcenter\u00a0\u00bb hover_enabled=\u00a0\u00bb0&Prime; sticky_enabled=\u00a0\u00bb0&Prime;]<\/p>\n<div class=\"page\" title=\"Page 6\">\n<div class=\"layoutArea\">\n<div class=\"column\">\n<h1 style=\"text-align: left;\">LE GROUPE CAILL\u00c9 <strong>SOUTIENT L&rsquo;\u00c9LITE SPORTIVE R\u00c9UNIONNAISE<\/strong><\/h1>\n<\/div>\n<\/div>\n<\/div>\n<p>[\/et_pb_text][\/et_pb_column][\/et_pb_row][et_pb_row _builder_version=\u00a0\u00bb4.6.1&Prime; _module_preset=\u00a0\u00bbdefault\u00a0\u00bb][et_pb_column _builder_version=\u00a0\u00bb4.6.1&Prime; _module_preset=\u00a0\u00bbdefault\u00a0\u00bb type=\u00a0\u00bb4_4&Prime;][et_pb_video src=\u00a0\u00bbhttps:\/\/groupecaille.com\/wp-content\/uploads\/2021\/05\/172534911_156598642935604_8939195375845258578_n.mp4&Prime; _builder_version=\u00a0\u00bb4.6.1&Prime; _module_preset=\u00a0\u00bbdefault\u00a0\u00bb title_text=\u00a0\u00bb172534911_156598642935604_8939195375845258578_n\u00a0\u00bb hover_enabled=\u00a0\u00bb0&Prime; sticky_enabled=\u00a0\u00bb0&Prime;][\/et_pb_video][et_pb_text _builder_version=\u00a0\u00bb4.6.1&Prime; _module_preset=\u00a0\u00bbdefault\u00a0\u00bb hover_enabled=\u00a0\u00bb0&Prime; sticky_enabled=\u00a0\u00bb0&Prime;]<\/p>\n<h4 style=\"text-align: center;\"><strong><em>Le Groupe Caill\u00e9 a sign\u00e9 un partenariat avec la double championne du monde de longboard, Alice Lemoigne, \u00e2g\u00e9e de 24 ans originaire de la R\u00e9union. Le Groupe apporte un soutien financier \u00e0 la championne dans son parcours sportif et a mis \u00e0 sa disposition une Peugeot 2008 \u00e9lectrique avec sa signature. <\/em><\/strong><\/h4>\n<p>[\/et_pb_text][\/et_pb_column][\/et_pb_row][et_pb_row column_structure=\u00a0\u00bb1_3,2_3&Prime; _builder_version=\u00a0\u00bb4.6.1&Prime; _module_preset=\u00a0\u00bbdefault\u00a0\u00bb][et_pb_column type=\u00a0\u00bb1_3&Prime; _builder_version=\u00a0\u00bb4.6.1&Prime; _module_preset=\u00a0\u00bbdefault\u00a0\u00bb][et_pb_image src=\u00a0\u00bbhttps:\/\/groupecaille.com\/wp-content\/uploads\/2021\/05\/SURF1.jpg\u00a0\u00bb title_text=\u00a0\u00bbSURF1&Prime; _builder_version=\u00a0\u00bb4.6.1&Prime; _module_preset=\u00a0\u00bbdefault\u00a0\u00bb hover_enabled=\u00a0\u00bb0&Prime; sticky_enabled=\u00a0\u00bb0&Prime;][\/et_pb_image][\/et_pb_column][et_pb_column type=\u00a0\u00bb2_3&Prime; _builder_version=\u00a0\u00bb4.6.1&Prime; _module_preset=\u00a0\u00bbdefault\u00a0\u00bb][et_pb_text _builder_version=\u00a0\u00bb4.6.1&Prime; _module_preset=\u00a0\u00bbdefault\u00a0\u00bb hover_enabled=\u00a0\u00bb0&Prime; sticky_enabled=\u00a0\u00bb0&Prime;]<\/p>\n<p>En F\u00e9vrier, une conf\u00e9rence de presse a eu lieu sur la plage des Brisants pour annoncer le partenariat entre la double championne du monde de longboard Alice Lemoigne et le Groupe Caill\u00e9. A cette occasion le Pr\u00e9sident Directeur G\u00e9n\u00e9ral du Groupe Fran\u00e7ois CAILLE et le Pr\u00e9sident du TCO Emmanuel SERAPHIN \u00e9taient pr\u00e9sents.<\/p>\n<p>La surfeuse a \u00e9t\u00e9 choisie de par ses valeurs intrins\u00e8ques qui corroborent avec celles du Groupe \u00e0 savoir\u00a0: le respect, la solidarit\u00e9 et le partage. Ce partenariat s\u2019inscrit dans la volont\u00e9 du Groupe de renforcer son soutien \u00e0 l\u2019excellence sportive r\u00e9unionnaise. Doit-on rappeler que depuis la fin des ann\u00e9es 80, le Groupe a cr\u00e9\u00e9 la Fondation \u00ab\u00a0Les Talents Caill\u00e9\u00a0\u00bb dont le but est d\u2019apporter un soutien financier et logistique aux sportifs \u00ab\u00a0made in R\u00e9union\u00a0\u00bb. Alice rejoint ainsi l\u2019\u00e9lite sportive\u00a0: Thierry LINCOU, Patrice CASIMIR et Anne-Ga\u00eblle HOARAU.<\/p>\n<p>[\/et_pb_text][\/et_pb_column][\/et_pb_row][et_pb_row _builder_version=\u00a0\u00bb4.6.1&Prime; _module_preset=\u00a0\u00bbdefault\u00a0\u00bb][et_pb_column type=\u00a0\u00bb4_4&Prime; _builder_version=\u00a0\u00bb4.6.1&Prime; _module_preset=\u00a0\u00bbdefault\u00a0\u00bb][et_pb_button button_url=\u00a0\u00bb@ET-DC@eyJkeW5hbWljIjp0cnVlLCJjb250ZW50IjoicG9zdF9saW5rX3VybF9wYWdlIiwic2V0dGluZ3MiOnsicG9zdF9pZCI6IjEyMjcifX0=@\u00a0\u00bb button_text=\u00a0\u00bbRETOUR AUX ACTUALIT\u00c9S\u00a0\u00bb button_alignment=\u00a0\u00bbleft\u00a0\u00bb _builder_version=\u00a0\u00bb4.6.1&Prime; _dynamic_attributes=\u00a0\u00bbbutton_url\u00a0\u00bb _module_preset=\u00a0\u00bbdefault\u00a0\u00bb custom_button=\u00a0\u00bbon\u00a0\u00bb button_text_size=\u00a0\u00bb15px\u00a0\u00bb button_text_color=\u00a0\u00bb#ffffff\u00a0\u00bb button_bg_color=\u00a0\u00bb#707070&Prime; button_border_color=\u00a0\u00bbrgba(0,0,0,0)\u00a0\u00bb button_border_radius=\u00a0\u00bb0px\u00a0\u00bb button_font=\u00a0\u00bb|700|||||||\u00a0\u00bb button_icon=\u00a0\u00bb%%2%%\u00a0\u00bb button_icon_placement=\u00a0\u00bbleft\u00a0\u00bb hover_enabled=\u00a0\u00bb0&Prime; sticky_enabled=\u00a0\u00bb0&Prime;][\/et_pb_button][\/et_pb_column][\/et_pb_row][\/et_pb_section]<\/p>\n","protected":false},"excerpt":{"rendered":"<p>LE GROUPE CAILL\u00c9 SOUTIENT L&rsquo;\u00c9LITE SPORTIVE R\u00c9UNIONNAISE Le Groupe Caill\u00e9 a sign\u00e9 un partenariat avec la double championne du monde de longboard, Alice Lemoigne, \u00e2g\u00e9e de 24 ans originaire de la R\u00e9union. Le Groupe apporte un soutien financier \u00e0 la championne dans son parcours sportif et a mis \u00e0 sa disposition une Peugeot 2008 \u00e9lectrique [&hellip;]<\/p>\n","protected":false},"author":15,"featured_media":0,"parent":0,"menu_order":0,"comment_status":"closed","ping_status":"closed","template":"","meta":{"_et_pb_use_builder":"on","_et_pb_old_content":"","_et_gb_content_width":""},"_links":{"self":[{"href":"https:\/\/groupecaille.com\/index.php\/wp-json\/wp\/v2\/pages\/5509"}],"collection":[{"href":"https:\/\/groupecaille.com\/index.php\/wp-json\/wp\/v2\/pages"}],"about":[{"href":"https:\/\/groupecaille.com\/index.php\/wp-json\/wp\/v2\/types\/page"}],"author":[{"embeddable":true,"href":"https:\/\/groupecaille.com\/index.php\/wp-json\/wp\/v2\/users\/15"}],"replies":[{"embeddable":true,"href":"https:\/\/groupecaille.com\/index.php\/wp-json\/wp\/v2\/comments?post=5509"}],"version-history":[{"count":3,"href":"https:\/\/groupecaille.com\/index.php\/wp-json\/wp\/v2\/pages\/5509\/revisions"}],"predecessor-version":[{"id":5530,"href":"https:\/\/groupecaille.com\/index.php\/wp-json\/wp\/v2\/pages\/5509\/revisions\/5530"}],"wp:attachment":[{"href":"https:\/\/groupecaille.com\/index.php\/wp-json\/wp\/v2\/media?parent=5509"}],"curies":[{"name":"wp","href":"https:\/\/api.w.org\/{rel}","templated":true}]}}