{"id":4677,"date":"2020-12-24T10:45:52","date_gmt":"2020-12-24T06:45:52","guid":{"rendered":"https:\/\/groupecaille.com\/?page_id=4677"},"modified":"2020-12-24T10:45:52","modified_gmt":"2020-12-24T06:45:52","slug":"mentions-legales","status":"publish","type":"page","link":"https:\/\/groupecaille.com\/index.php\/mentions-legales\/","title":{"rendered":"Mentions l\u00e9gales"},"content":{"rendered":"<p>[et_pb_section fb_built=\u00a0\u00bb1&Prime; _builder_version=\u00a0\u00bb4.6.1&Prime; _module_preset=\u00a0\u00bbdefault\u00a0\u00bb][et_pb_row _builder_version=\u00a0\u00bb4.6.1&Prime; _module_preset=\u00a0\u00bbdefault\u00a0\u00bb][et_pb_column _builder_version=\u00a0\u00bb4.6.1&Prime; _module_preset=\u00a0\u00bbdefault\u00a0\u00bb type=\u00a0\u00bb4_4&Prime;][et_pb_text _builder_version=\u00a0\u00bb4.6.1&Prime; _module_preset=\u00a0\u00bbdefault\u00a0\u00bb hover_enabled=\u00a0\u00bb0&Prime; sticky_enabled=\u00a0\u00bb0&Prime;]<\/p>\n<h3><strong>Ce site est la propri\u00e9t\u00e9 de :<\/strong><\/h3>\n<p>Groupe Caill\u00e9<br \/>12, avenue de la Victoire<br \/>97400 Saint Denis &#8211; La R\u00e9union<\/p>\n<p>Directeur de la publication : Jerome Navarret<\/p>\n<h3><strong><\/strong><\/h3>\n<h3><strong><\/strong><\/h3>\n<h3><strong><\/strong><\/h3>\n<h3><strong><\/strong><\/h3>\n<h3><strong>Propri\u00e9t\u00e9 intellectuelle :<\/strong><\/h3>\n<p>Tout le contenu du pr\u00e9sent site est la propri\u00e9t\u00e9 intellectuelle du Groupe Caill\u00e9 et des propri\u00e9taires respectifs. Toute copie ou reproduction du contenu est interdite.<\/p>\n<p>Le Groupe Caill\u00e9 se r\u00e9serve le droit de modifier sans pr\u00e9avis toute information accessible sur le pr\u00e9sent site. <br \/>Les photos sont non contractuelles.<\/p>\n<p>&nbsp;<\/p>\n<h3><strong>D\u00e9veloppement et h\u00e9bergement du site :<\/strong><\/h3>\n<p>BToC Solutions<br \/>12, avenue de la Victoire<br \/>97400 Saint Denis &#8211; La R\u00e9union<br \/>Email : contact@btoc.re<\/p>\n<p>&nbsp;<\/p>\n<p>[\/et_pb_text][\/et_pb_column][\/et_pb_row][\/et_pb_section]<\/p>\n","protected":false},"excerpt":{"rendered":"<p>Ce site est la propri\u00e9t\u00e9 de : Groupe Caill\u00e912, avenue de la Victoire97400 Saint Denis &#8211; La R\u00e9union Directeur de la publication : Jerome Navarret Propri\u00e9t\u00e9 intellectuelle : Tout le contenu du pr\u00e9sent site est la propri\u00e9t\u00e9 intellectuelle du Groupe Caill\u00e9 et des propri\u00e9taires respectifs. Toute copie ou reproduction du contenu est interdite. Le Groupe [&hellip;]<\/p>\n","protected":false},"author":15,"featured_media":0,"parent":0,"menu_order":0,"comment_status":"closed","ping_status":"closed","template":"","meta":{"_et_pb_use_builder":"on","_et_pb_old_content":"","_et_gb_content_width":""},"_links":{"self":[{"href":"https:\/\/groupecaille.com\/index.php\/wp-json\/wp\/v2\/pages\/4677"}],"collection":[{"href":"https:\/\/groupecaille.com\/index.php\/wp-json\/wp\/v2\/pages"}],"about":[{"href":"https:\/\/groupecaille.com\/index.php\/wp-json\/wp\/v2\/types\/page"}],"author":[{"embeddable":true,"href":"https:\/\/groupecaille.com\/index.php\/wp-json\/wp\/v2\/users\/15"}],"replies":[{"embeddable":true,"href":"https:\/\/groupecaille.com\/index.php\/wp-json\/wp\/v2\/comments?post=4677"}],"version-history":[{"count":2,"href":"https:\/\/groupecaille.com\/index.php\/wp-json\/wp\/v2\/pages\/4677\/revisions"}],"predecessor-version":[{"id":4686,"href":"https:\/\/groupecaille.com\/index.php\/wp-json\/wp\/v2\/pages\/4677\/revisions\/4686"}],"wp:attachment":[{"href":"https:\/\/groupecaille.com\/index.php\/wp-json\/wp\/v2\/media?parent=4677"}],"curies":[{"name":"wp","href":"https:\/\/api.w.org\/{rel}","templated":true}]}}